{"id":1297,"date":"2017-09-04T15:56:13","date_gmt":"2017-09-04T18:56:13","guid":{"rendered":"http:\/\/www.ebp.org.br\/ba\/?page_id=1297"},"modified":"2017-09-04T15:56:13","modified_gmt":"2017-09-04T18:56:13","slug":"biblioteca","status":"publish","type":"page","link":"https:\/\/ebp.org.br\/slo\/biblioteca\/","title":{"rendered":"Biblioteca"},"content":{"rendered":"<section class=\"wpb-content-wrapper\">[vc_row][vc_column][ewf-headline title=&#8221;Biblioteca&#8221; style=&#8221;ewf-headline-style-4&#8243;][vc_column_text]A Biblioteca n\u00e3o \u00e9 apenas um lugar de mantimento e classifica\u00e7\u00e3o dos livros, mas tamb\u00e9m de leitura, compra e distribui\u00e7\u00e3o de livros necess\u00e1rios no momento, atividades de debate sobre filmes de interesse e sobre assuntos candentes na cidade. Sustenta tr\u00eas Ateliers de Leitura; um sobre textos dos Escritos e Outros escritos de Lacan; outro de textos da obra de Freud e um terceiro sobre textos de Jacques-Alain Miller[\/vc_column_text][\/vc_column][\/vc_row]\n<\/section>","protected":false},"excerpt":{"rendered":"<p>[vc_row][vc_column][ewf-headline title=&#8221;Biblioteca&#8221; style=&#8221;ewf-headline-style-4&#8243;][vc_column_text]A Biblioteca n\u00e3o \u00e9 apenas um lugar de mantimento e classifica\u00e7\u00e3o dos livros, mas tamb\u00e9m de leitura, compra e distribui\u00e7\u00e3o de livros necess\u00e1rios no momento, atividades de debate sobre filmes de interesse e sobre assuntos candentes na cidade. Sustenta tr\u00eas Ateliers de Leitura; um sobre textos dos Escritos e Outros escritos de Lacan;&hellip;<\/p>\n","protected":false},"author":1,"featured_media":0,"parent":0,"menu_order":0,"comment_status":"closed","ping_status":"closed","template":"","meta":{"footnotes":""},"class_list":["post-1297","page","type-page","status-publish","hentry","entry","no-media"],"_links":{"self":[{"href":"https:\/\/ebp.org.br\/slo\/wp-json\/wp\/v2\/pages\/1297","targetHints":{"allow":["GET"]}}],"collection":[{"href":"https:\/\/ebp.org.br\/slo\/wp-json\/wp\/v2\/pages"}],"about":[{"href":"https:\/\/ebp.org.br\/slo\/wp-json\/wp\/v2\/types\/page"}],"author":[{"embeddable":true,"href":"https:\/\/ebp.org.br\/slo\/wp-json\/wp\/v2\/users\/1"}],"replies":[{"embeddable":true,"href":"https:\/\/ebp.org.br\/slo\/wp-json\/wp\/v2\/comments?post=1297"}],"version-history":[{"count":0,"href":"https:\/\/ebp.org.br\/slo\/wp-json\/wp\/v2\/pages\/1297\/revisions"}],"wp:attachment":[{"href":"https:\/\/ebp.org.br\/slo\/wp-json\/wp\/v2\/media?parent=1297"}],"curies":[{"name":"wp","href":"https:\/\/api.w.org\/{rel}","templated":true}]}}