{"id":12889,"date":"2024-03-28T10:54:35","date_gmt":"2024-03-28T13:54:35","guid":{"rendered":"https:\/\/ebp.org.br\/slo\/?page_id=12889"},"modified":"2024-10-14T06:48:46","modified_gmt":"2024-10-14T09:48:46","slug":"v-jornadas-ebp-secao-lo-corpo-m-e-m-o-r-i-a-comissoes-organizadoras","status":"publish","type":"page","link":"https:\/\/ebp.org.br\/slo\/v-jornadas-ebp-secao-lo-corpo-m-e-m-o-r-i-a\/v-jornadas-ebp-secao-lo-corpo-m-e-m-o-r-i-a-comissoes-organizadoras\/","title":{"rendered":"V Jornadas EBP Se\u00e7\u00e3o-LO \u2013 corpo-m-e-m-o-r-i-a  |  Comiss\u00f5es Organizadoras"},"content":{"rendered":"<section class=\"wpb-content-wrapper\">[vc_row][vc_column][vc_single_image image=&#8221;12868&#8243; alignment=&#8221;center&#8221;][\/vc_column][\/vc_row][vc_row][vc_column][vc_column_text]<img loading=\"lazy\" decoding=\"async\" class=\"alignnone size-full wp-image-12902\" src=\"https:\/\/ebp.org.br\/slo\/wp-content\/uploads\/2024\/04\/imagem005.png\" alt=\"\" width=\"359\" height=\"249\" srcset=\"https:\/\/ebp.org.br\/slo\/wp-content\/uploads\/2024\/04\/imagem005.png 359w, https:\/\/ebp.org.br\/slo\/wp-content\/uploads\/2024\/04\/imagem005-300x208.png 300w\" sizes=\"auto, (max-width: 359px) 100vw, 359px\" \/><\/p>\n<p>A Se\u00e7\u00e3o Leste-Oeste da Escola Brasileira de Psican\u00e1lise, compactada na tr\u00edade SLO, tem a particularidade de justapor e criar identidade entre lugares e pessoas originalmente dispostas em longas dist\u00e2ncias geogr\u00e1ficas.<\/p>\n<p>Bem sabemos, o pa\u00eds da psican\u00e1lise subverte a geografia oficial e suas fronteiras ao responder antes \u00e0 premissa da transfer\u00eancia de trabalho. Logo, os lugares e regi\u00f5es s\u00e3o fundados na preval\u00eancia da transfer\u00eancia, os marcadores que efetivamente orientam os habitantes dessa ins\u00f3lita na\u00e7\u00e3o.<\/p>\n<p>Lacan, ao propor uma Escola, invertia a preval\u00eancia de ent\u00e3o. Criou uma Escola para que a psican\u00e1lise pudesse ser sustentada, e n\u00e3o o contr\u00e1rio \u2013 verificado na ent\u00e3o Sociedade. Uma Escola cujo edif\u00edcio libidinal seria, ent\u00e3o, sustentado pelo que chamou de trabalhadores decididos. No que tange a realidade da nossa Se\u00e7\u00e3o, esse fator parece ser uma necessidade incontest\u00e1vel.<\/p>\n<p>Desse modo, as V Jornadas da SLO, longe de ser resultante de trabalho de consenso, responde antes a uma efetiva\u00e7\u00e3o da sobreposi\u00e7\u00e3o das dist\u00e2ncias geogr\u00e1ficas e a articula\u00e7\u00e3o criativa das diferen\u00e7as, orientadas pelo objetivo maior de dar sustenta\u00e7\u00e3o ao discurso da psican\u00e1lise lacaniana. Para tanto, muitos trabalhadores foram chamados ao canteiro de obras.<\/p>\n<p>Todo labor pede autoria.<\/p>\n<p>Eis aqui, ent\u00e3o, seus autores:<\/p>\n<p><span style=\"color: #993300;\"><strong>Dire\u00e7\u00e3o Geral da EBP-LO<\/strong><\/span><\/p>\n<ul>\n<li>Ruskaya Maia<\/li>\n<\/ul>\n<p><strong><span style=\"color: #993300;\">Coordena\u00e7\u00e3o Geral das V Jornadas da LO<\/span><\/strong><\/p>\n<ul>\n<li>Claudia Murta<\/li>\n<\/ul>\n<p><span style=\"color: #993300;\"><strong>Comiss\u00e3o Cient\u00edfica<\/strong><\/span><\/p>\n<ul>\n<li>Alberto Murta \u2013 <strong>Coordenador<\/strong><\/li>\n<li>Carla Serles<\/li>\n<li>F\u00e1bio Paes Barreto<\/li>\n<li>Ord\u00e1lia Alves Junqueira<\/li>\n<li>Ros\u00e2ngela Ribeiro<\/li>\n<li>T\u00e2nia Martins<\/li>\n<\/ul>\n<p><span style=\"color: #993300;\"><strong>Comiss\u00e3o de Acolhimento<\/strong><\/span><\/p>\n<ul>\n<li>Adriano Moreira \u2013 <strong>Coordenador<\/strong><\/li>\n<li>Gerson Abarca<\/li>\n<li>Glaucia Fa\u00e9<\/li>\n<li>Helen da Costa Guerra<\/li>\n<li>Nadja Martins<\/li>\n<li>Randra Gondouin<\/li>\n<\/ul>\n<p><span style=\"color: #993300;\"><strong>Comiss\u00e3o de Bibliografia<\/strong><\/span><\/p>\n<ul>\n<li>Adriana Gomes Pessoa \u2013 <strong>Coordenadora<\/strong><\/li>\n<li>Adriana Goring<\/li>\n<li>Ana Paula Fernandes Rezende<\/li>\n<li>Giovana B. B. Heineman<\/li>\n<\/ul>\n<p><span style=\"color: #993300;\"><strong>\u00a0<\/strong><strong>Comiss\u00e3o de Boletim<\/strong><\/span><\/p>\n<ul>\n<li>Ary Farias \u2013 <strong>Coordenador<\/strong><\/li>\n<li>Daiane O. Ribeiro Ruiz<\/li>\n<li>Giovana B. B. Heineman<\/li>\n<li>Isangela Lins<\/li>\n<li>Maria Clara Serles Farias<\/li>\n<li>Tiago Barbosa<\/li>\n<\/ul>\n<p><span style=\"color: #993300;\"><strong>Comiss\u00e3o de Cart\u00e9is Fulgurantes<\/strong><\/span><\/p>\n<ul>\n<li>Anna Rog\u00e9ria Oliveira<\/li>\n<li>Fernanda Fernandes<\/li>\n<li>Henrique Alves Lopes<\/li>\n<li>Jaqueline Coelho \u2013 <strong>Coordenadora<\/strong><\/li>\n<li>Wal\u00e9ria Maria da Paix\u00e3o Borges Vieira<\/li>\n<\/ul>\n<p><span style=\"color: #993300;\"><strong>Comiss\u00e3o Editorial<\/strong><\/span><\/p>\n<ul>\n<li>Claudia Murta \u2013 <strong>Coordenadora<\/strong><\/li>\n<li>Olenice Amorim<\/li>\n<\/ul>\n<p><span style=\"color: #993300;\"><strong>\u00a0<\/strong><strong>Comiss\u00e3o de Tradu\u00e7\u00e3o<\/strong><\/span><\/p>\n<ul>\n<li>Bartyra Ribeiro de Castro &#8211; <strong>Coordenadora<\/strong><\/li>\n<li>Juliana Bressanelli L\u00f3ra<\/li>\n<li>Ruskaya Maia<\/li>\n<\/ul>\n<p><span style=\"color: #993300;\"><strong>\u00a0<\/strong><strong>Comiss\u00e3o de Divulga\u00e7\u00e3o<\/strong><\/span><\/p>\n<ul>\n<li>Caroline Cabral Quixabeira<\/li>\n<li>C\u00edcero Dufrayer Chicon<\/li>\n<li>Claudia Murta \u2013 <strong>Coordenadora<\/strong><\/li>\n<li>Daiane O. Ribeiro Ruiz<\/li>\n<li>Fernando Reis<\/li>\n<li>Lucas Fraga Gomes<\/li>\n<li>Luisa Carvalho<\/li>\n<li>Olenice Amorim<\/li>\n<li>Rafaela Vieira de Oliveira Quixabeira<\/li>\n<li>Rafaella Cunha<\/li>\n<li>Ruskaya Maia<\/li>\n<li>Sizue Itho<\/li>\n<\/ul>\n<p><span style=\"color: #993300;\"><strong>Comiss\u00e3o de Divulga\u00e7\u00e3o Universit\u00e1ria<\/strong><\/span><\/p>\n<ul>\n<li><strong>\u00a0<\/strong>Anna Rog\u00e9ria Oliveira<\/li>\n<li>Denizye Aleksandra Zacharias \u2013 <strong>Coordenadora<\/strong><\/li>\n<li>F\u00e1bio Paes Barreto<\/li>\n<li>Janaina Brito<\/li>\n<li>Juliana Bressanelli L\u00f3ra<\/li>\n<li>Olenice Amorim<\/li>\n<\/ul>\n<p><span style=\"color: #993300;\"><strong>Comiss\u00e3o de Livraria<\/strong><\/span><\/p>\n<ul>\n<li>Fabiana Fratari<\/li>\n<li>H\u00edtala Gomes<\/li>\n<li>Let\u00edcia Rosa<\/li>\n<li>Melissa Fukuchi Sanches<\/li>\n<li>Paulo S\u00e9rgio Silva<\/li>\n<li>Randra Gondouin<\/li>\n<li>Simone Souza \u2013 <strong>Coordenadora<\/strong><\/li>\n<\/ul>\n<p><span style=\"color: #993300;\"><strong>Comiss\u00e3o de Infraestrutura F\u00edsica<\/strong><\/span><\/p>\n<ul>\n<li>Fernanda Alencar<\/li>\n<li>Fernanda Zimmer<\/li>\n<li>Juliana Passamani Romano<\/li>\n<li>Lucas Fraga Gomes<\/li>\n<li>Mariana Lombardi<\/li>\n<li>Renata Tavares Imperial \u2013 <strong>Coordenadora<\/strong><\/li>\n<\/ul>\n<p><span style=\"color: #993300;\"><strong>Comiss\u00e3o de Infraestrutura Virtual<\/strong><\/span><\/p>\n<ul>\n<li>Ana Paula Christino do Carmo<\/li>\n<li>Elisa Martins Uyttenhove \u2013 <strong>Coordenadora<\/strong><\/li>\n<li>Geanine Lucas Vieira<\/li>\n<li>Isangela Lins<\/li>\n<li>Jana\u00edna Rodrigues<\/li>\n<li>M\u00e1rcia Cristina de Campos<\/li>\n<li>Rafaela Vieira de Oliveira Quixabeira<\/li>\n<li>Rozilene Martins Victor<\/li>\n<li>Tha\u00eds Aguiar Gomes Cosmo<\/li>\n<li>Tiago Barbosa<\/li>\n<li>Waleria Maria da Paix\u00e3o Borges Vieira<\/li>\n<\/ul>\n<p><span style=\"color: #993300;\"><strong>\u00a0<\/strong><strong>Trabalho T\u00e9cnico<\/strong><\/span><\/p>\n<ul>\n<li>Bruno Senna &#8211; Designer Gr\u00e1fico<\/li>\n<li>Marcelo Macaue &#8211; Audiovisual<\/li>\n<\/ul>\n<p><strong>\u00a0<\/strong><strong style=\"color: #993300;\">Comiss\u00e3o de Arte e Cultura<\/strong><\/p>\n<ul>\n<li>Fernanda Marra<\/li>\n<li>Fanny Daniel<\/li>\n<li>Gerson Abarca<\/li>\n<li>Let\u00edcia Rosa<\/li>\n<li>Maria Eduarda Ramos<\/li>\n<li>Rodrigo Oliveira dos Santos<\/li>\n<li>T\u00e2nia Mara Alves Prates \u2013 <strong>Coordenadora<\/strong><\/li>\n<\/ul>\n<p><span style=\"color: #993300;\"><strong>Comiss\u00e3o de Tesouraria<\/strong><\/span><\/p>\n<ul>\n<li>Ceres R\u00fabio \u2013 Coordenadora<\/li>\n<li>Suraia Oliveira Veloso Carneiro<\/li>\n<li>Wal\u00e9ria Maria da Paix\u00e3o Borges Vieira<\/li>\n<\/ul>\n[\/vc_column_text][\/vc_column][\/vc_row]\n<\/section>","protected":false},"excerpt":{"rendered":"<p>[vc_row][vc_column][vc_single_image image=&#8221;12868&#8243; alignment=&#8221;center&#8221;][\/vc_column][\/vc_row][vc_row][vc_column][vc_column_text] A Se\u00e7\u00e3o Leste-Oeste da Escola Brasileira de Psican\u00e1lise, compactada na tr\u00edade SLO, tem a particularidade de justapor e criar identidade entre lugares e pessoas originalmente dispostas em longas dist\u00e2ncias geogr\u00e1ficas. Bem sabemos, o pa\u00eds da psican\u00e1lise subverte a geografia oficial e suas fronteiras ao responder antes \u00e0 premissa da transfer\u00eancia de trabalho.&hellip;<\/p>\n","protected":false},"author":1,"featured_media":0,"parent":12866,"menu_order":0,"comment_status":"closed","ping_status":"closed","template":"","meta":{"footnotes":""},"class_list":["post-12889","page","type-page","status-publish","hentry","entry","no-media"],"_links":{"self":[{"href":"https:\/\/ebp.org.br\/slo\/wp-json\/wp\/v2\/pages\/12889","targetHints":{"allow":["GET"]}}],"collection":[{"href":"https:\/\/ebp.org.br\/slo\/wp-json\/wp\/v2\/pages"}],"about":[{"href":"https:\/\/ebp.org.br\/slo\/wp-json\/wp\/v2\/types\/page"}],"author":[{"embeddable":true,"href":"https:\/\/ebp.org.br\/slo\/wp-json\/wp\/v2\/users\/1"}],"replies":[{"embeddable":true,"href":"https:\/\/ebp.org.br\/slo\/wp-json\/wp\/v2\/comments?post=12889"}],"version-history":[{"count":8,"href":"https:\/\/ebp.org.br\/slo\/wp-json\/wp\/v2\/pages\/12889\/revisions"}],"predecessor-version":[{"id":13507,"href":"https:\/\/ebp.org.br\/slo\/wp-json\/wp\/v2\/pages\/12889\/revisions\/13507"}],"up":[{"embeddable":true,"href":"https:\/\/ebp.org.br\/slo\/wp-json\/wp\/v2\/pages\/12866"}],"wp:attachment":[{"href":"https:\/\/ebp.org.br\/slo\/wp-json\/wp\/v2\/media?parent=12889"}],"curies":[{"name":"wp","href":"https:\/\/api.w.org\/{rel}","templated":true}]}}