{"id":12882,"date":"2024-03-28T10:48:59","date_gmt":"2024-03-28T13:48:59","guid":{"rendered":"https:\/\/ebp.org.br\/slo\/?page_id=12882"},"modified":"2024-09-02T07:18:08","modified_gmt":"2024-09-02T10:18:08","slug":"v-jornadas-ebp-secao-lo-corpo-m-e-m-o-r-i-a-acolhimento","status":"publish","type":"page","link":"https:\/\/ebp.org.br\/slo\/v-jornadas-ebp-secao-lo-corpo-m-e-m-o-r-i-a\/v-jornadas-ebp-secao-lo-corpo-m-e-m-o-r-i-a-acolhimento\/","title":{"rendered":"V Jornadas EBP Se\u00e7\u00e3o-LO \u2013 corpo-m-e-m-o-r-i-a  |   Acolhimento"},"content":{"rendered":"<section class=\"wpb-content-wrapper\">[vc_row][vc_column][vc_single_image image=&#8221;12868&#8243; alignment=&#8221;center&#8221;][\/vc_column][\/vc_row][vc_row][vc_column][vc_video link=&#8221;https:\/\/youtu.be\/KMycclZG76c?si=KvlIqqilqqfmnrZK&#8221;][\/vc_column][\/vc_row][vc_row][vc_column][vc_empty_space][vc_separator color=&#8221;mulled_wine&#8221;][vc_empty_space][\/vc_column][\/vc_row][vc_row][vc_column][vc_column_text]\n<h3><span style=\"color: #808000;\"><strong>COM OS CORPOS EM VIT\u00d3RIA<\/strong><\/span><\/h3>\n<h6><em>Adriano Moreira<br \/>\nCoordenador da Comiss\u00e3o de Acolhimento das V Jornadas da EBP-SLO<\/em><\/h6>\n<p><img loading=\"lazy\" decoding=\"async\" class=\"aligncenter wp-image-12997\" src=\"https:\/\/ebp.org.br\/slo\/wp-content\/uploads\/2024\/05\/mnemis001_003.png\" alt=\"\" width=\"500\" height=\"209\" srcset=\"https:\/\/ebp.org.br\/slo\/wp-content\/uploads\/2024\/05\/mnemis001_003.png 1600w, https:\/\/ebp.org.br\/slo\/wp-content\/uploads\/2024\/05\/mnemis001_003-300x126.png 300w, https:\/\/ebp.org.br\/slo\/wp-content\/uploads\/2024\/05\/mnemis001_003-1024x429.png 1024w, https:\/\/ebp.org.br\/slo\/wp-content\/uploads\/2024\/05\/mnemis001_003-768x322.png 768w, https:\/\/ebp.org.br\/slo\/wp-content\/uploads\/2024\/05\/mnemis001_003-1536x643.png 1536w\" sizes=\"auto, (max-width: 500px) 100vw, 500px\" \/><\/p>\n<p>Ao chegar em Vit\u00f3ria de avi\u00e3o j\u00e1 podemos ver a bela paisagem de uma ilha cercada por um lindo mar azul. Sendo a capital do Esp\u00edrito Santo, dela se parte para in\u00fameros pontos tur\u00edsticos no Estado, como o Mosteiro Zen Budista em Ibira\u00e7u, onde se encontra a est\u00e1tua do segundo maior Buda do mundo \u2013 ela \u00e9 maior que o Cristo no Rio de Janeiro \u2013 ou as montanhas de Pedra Azul, a chamada \u201cEuropa capixaba\u201d, ou ainda a charmosa Santa Tereza com seu lazer especialmente aconchegante, e isso s\u00f3 para citar algumas rotas tur\u00edsticas. Entretanto, nos concentremos em Vit\u00f3ria.<\/p>\n<p><img loading=\"lazy\" decoding=\"async\" class=\"aligncenter wp-image-12996\" src=\"https:\/\/ebp.org.br\/slo\/wp-content\/uploads\/2024\/05\/mnemis001_004.png\" alt=\"\" width=\"500\" height=\"209\" srcset=\"https:\/\/ebp.org.br\/slo\/wp-content\/uploads\/2024\/05\/mnemis001_004.png 525w, https:\/\/ebp.org.br\/slo\/wp-content\/uploads\/2024\/05\/mnemis001_004-300x125.png 300w\" sizes=\"auto, (max-width: 500px) 100vw, 500px\" \/><\/p>\n<p>A geografia de Vit\u00f3ria permite que se esteja em uma capital que, por sua pequena extens\u00e3o, se consegue ir rapidamente a v\u00e1rios pontos \u2013 seja no sofisticado bairro da Praia do Canto, com excelentes restaurantes, ou \u00e0 orla da Praia de Camburi, repleta de quiosques e com o famoso P\u00eder de Iemanj\u00e1, um lindo local para conhecer e tirar fotografias, ou o Centro de Vit\u00f3ria, com sua arquitetura centen\u00e1ria.<\/p>\n<p>\u00c9 preciso conhecer a Curva da Jurema, que passou por um processo de revitaliza\u00e7\u00e3o com a inaugura\u00e7\u00e3o de charmosos quiosques em um delicioso espa\u00e7o \u00e0 beira mar. Ali\u00e1s, as praias de Vit\u00f3ria s\u00e3o o ponto alto, desde a Guarderia \u2013 ponto badalado da cidade, at\u00e9 \u00e0 Ilha do Boi, com \u00e1guas tranquilas. Ao lado da praia da Curva da Jurema, temos o Shopping Vit\u00f3ria que \u00e9 considerado o shopping mais bem localizado da Am\u00e9rica Latina, por estar cercado pelo mar e ter uma vista para a Terceira Ponte, um dos cart\u00f5es postais de nossa cidade, e \u2013 tamb\u00e9m \u2013 para o lindo Convento da Penha.<\/p>\n<p><img loading=\"lazy\" decoding=\"async\" class=\"aligncenter wp-image-12995\" src=\"https:\/\/ebp.org.br\/slo\/wp-content\/uploads\/2024\/05\/mnemis001_005.png\" alt=\"\" width=\"500\" height=\"214\" srcset=\"https:\/\/ebp.org.br\/slo\/wp-content\/uploads\/2024\/05\/mnemis001_005.png 524w, https:\/\/ebp.org.br\/slo\/wp-content\/uploads\/2024\/05\/mnemis001_005-300x128.png 300w\" sizes=\"auto, (max-width: 500px) 100vw, 500px\" \/><\/p>\n<p>O Convento da Penha \u00e9 um lugar de visita\u00e7\u00e3o obrigat\u00f3rio, localizado na cidade de Vila Velha, \u00e9 de r\u00e1pido acesso pela Terceira Ponte, que permite ir de Vit\u00f3ria \u00e0 Vila Velha em poucos minutos. Sendo um dos santu\u00e1rios religiosos mais antigos do Brasil, constru\u00eddo no s\u00e9culo XVI em 1568, dele podemos ver uma paisagem \u00fanica da cidade de Vit\u00f3ria, como tamb\u00e9m de Vila Velha. Imperd\u00edvel!<\/p>\n<p>Quanto \u00e0 culin\u00e1ria, voc\u00eas n\u00e3o podem deixar de saborear a nossa famosa moqueca capixaba, um prato tradicional da culin\u00e1ria do Esp\u00edrito Santo. Com origem ind\u00edgena e um preparo original, aperfei\u00e7oado pelos espanh\u00f3is e portugueses, \u00e9 excelente para um almo\u00e7o especial seja na Praia de Camburi, na Enseada do Su\u00e1 ou na Ilha das Caieiras.<\/p>\n<p><img loading=\"lazy\" decoding=\"async\" class=\"aligncenter wp-image-12994\" src=\"https:\/\/ebp.org.br\/slo\/wp-content\/uploads\/2024\/05\/mnemis001_006.png\" alt=\"\" width=\"500\" height=\"229\" srcset=\"https:\/\/ebp.org.br\/slo\/wp-content\/uploads\/2024\/05\/mnemis001_006.png 698w, https:\/\/ebp.org.br\/slo\/wp-content\/uploads\/2024\/05\/mnemis001_006-300x138.png 300w\" sizes=\"auto, (max-width: 500px) 100vw, 500px\" \/><\/p>\n<p>A Ilha das Caieiras, al\u00e9m de ponto gastron\u00f4mico onde se pode tamb\u00e9m saborear outro prato tradicional do Esp\u00edrito Santo, que \u00e9 a torta capixaba, conta com um bel\u00edssimo p\u00f4r do sol.<\/p>\n<p>Muitos lugares convidativos? Isso \u00e9 s\u00f3 uma pequena amostra do que espera por voc\u00eas. N\u00f3s, da Comiss\u00e3o de Acolhimento, selecionaremos charmosos hot\u00e9is para hospedagem e estamos preparando um roteiro de lazer para deixar as V Jornadas ainda mais atrativas.<\/p>\n<p>Preparados para jogarem seus corpos em Vit\u00f3ria?[\/vc_column_text][\/vc_column][\/vc_row][vc_row][vc_column][vc_empty_space][vc_separator color=&#8221;mulled_wine&#8221;][vc_empty_space][\/vc_column][\/vc_row][vc_row][vc_column][vc_video link=&#8221;https:\/\/youtu.be\/DcZC-N4c9aE?si=E9mqZkS_ynaBvV5C&#8221;][\/vc_column][\/vc_row][vc_row][vc_column][vc_empty_space][vc_separator color=&#8221;mulled_wine&#8221;][vc_empty_space][\/vc_column][\/vc_row][vc_row][vc_column][vc_column_text]\n<h3><span style=\"color: #993300;\">RESTAURANTES<\/span><\/h3>\n<p>No intuito de tornar sua estada em Vit\u00f3ria inesquec\u00edvel, a Comiss\u00e3o de Acolhimento atrav\u00e9s de Nadja Martins elaborou uma cuidadosa rela\u00e7\u00e3o de restaurantes onde voc\u00ea poder\u00e1 realizar uma experi\u00eancia completa pela gastronomia capixaba. Confira!<\/p>\n<p><strong>Conhecida por sua boa comida e \u00f3timos lugares para se frequentar, a cidade oferece em seus diferentes bairros ao longo da orla, restaurantes e cafeterias deliciosos.<\/strong><\/p>\n<hr \/>\n<h3><strong>Em Jardim da Penha, no bairro onde acontecer\u00e1 nossas jornadas, temos:<\/strong><\/h3>\n<p><span style=\"color: #993300;\"><strong>RESTAURANTE SR. GIL<\/strong><\/span><\/p>\n<ul>\n<li>Aberto das 11h \u00e0s 23h.<\/li>\n<li>Pr\u00f3ximo a UFES e com seu simp\u00e1tico jardim, essa \u00e9 uma op\u00e7\u00e3o r\u00e1pida e bastante variada de almo\u00e7o self-service. No per\u00edodo da noite, oferece uma \u00f3tima carta de drinks e pratos \u00e0 la carte. Pre\u00e7o m\u00e9dio e um ambiente super apraz\u00edvel ao ar livre e varanda.<\/li>\n<li>Av. Saturnino Rangel Mauro 1003. Jardim da Penha\/Vit\u00f3ria-ES<\/li>\n<li><em>@srgil.oficial<\/em><\/li>\n<\/ul>\n<p><span style=\"color: #993300;\"><strong>KAFFA CAF\u00c9<\/strong><\/span><\/p>\n<ul>\n<li>Aberto das 9h \u00e0s 20h.<\/li>\n<li>Localizado em frente \u00e0 UFES, essa cafeteria completa \u00e9 uma boa op\u00e7\u00e3o para quem n\u00e3o quer perder tempo no almo\u00e7o e tamb\u00e9m para um caf\u00e9 da tarde. Oferece pratos executivos do dia que saem r\u00e1pido, bem elaborados e saborosos. Possui in\u00fameros tipos de caf\u00e9s com selos de qualidade nacional. Atendimento excelente!!<\/li>\n<li>Av. An\u00edsio Fernandes Coelho, 1850 \u2013 lojas 1, 2 e 3.<\/li>\n<li><em>@kaffacafeteria<\/em><\/li>\n<\/ul>\n<p><span style=\"color: #993300;\"><strong>\u00a0<\/strong><strong>RESTAURANTE CHICO BENTO<\/strong><\/span><\/p>\n<ul>\n<li>Aberto das 10h40 \u00e0s 14h30.<\/li>\n<li>Restaurante localizado pr\u00f3ximo a UFES, servindo boa comida por quilo. Buffet variado.<\/li>\n<li>Av. An\u00edsio Fernandes, 1540<strong>.<\/strong><\/li>\n<li><em>@chicobentojpenha<\/em><\/li>\n<\/ul>\n<p><span style=\"color: #993300;\"><strong>TERRAF\u00c9<\/strong><\/span><\/p>\n<ul>\n<li>Aberto das 9h \u00e0s 21h.<\/li>\n<li>Essa charmosa e movimentada cafeteria, fica localizada dentro do Shopping Jardins. Possui torrefa\u00e7\u00e3o pr\u00f3pria e apresenta aos apaixonados por caf\u00e9 os mais premiados e com altos selos de qualidade internacional. Oferece ainda, op\u00e7\u00f5es de caf\u00e9 da manh\u00e3, almo\u00e7o, lanche da tarde, jantar e sobremesas.<\/li>\n<li>Rua Carlos Eduardo Monteiro de Lemos, 262.<\/li>\n<li><em>@terrafecafeteria<\/em><\/li>\n<\/ul>\n<p><span style=\"color: #993300;\"><em>\u00a0<\/em><strong>DIVINO BOTEQUIM<\/strong><\/span><\/p>\n<ul>\n<li>Aberto das 18h \u00e0s 23h<\/li>\n<li>O Divino \u00e9 a op\u00e7\u00e3o ideal para o seu fim de tarde e in\u00edcio de noite. Bem frequentado, com ambiente animador, bebidas sempre impecavelmente geladas, por\u00e7\u00f5es tradicionais e gourmet saboros\u00edssimas.<\/li>\n<li>Eugenilio Ramos, 236.<\/li>\n<li><em>@divinobotequimes<\/em><\/li>\n<\/ul>\n<p><span style=\"color: #993300;\"><strong>CAKE POTE<\/strong><\/span><\/p>\n<ul>\n<li>Aberto das 12h \u00e0s 19h.<\/li>\n<li>Para quem quer uma doceria a Cake Pote \u00e9 o melhor point do doce em Jardim da Penha. Oferece ao p\u00fablico op\u00e7\u00f5es de bolos especiais e sobremesas como tortas geladas de variados sabores gourmet. Podendo acompanhar de um delicioso caf\u00e9 expresso ou V60.<\/li>\n<li>Ronaldo Scampini, 545<\/li>\n<li><em>@cakepoteecia<\/em><\/li>\n<\/ul>\n<hr \/>\n<h3><strong>Seguindo pelos bairros que cercam a nossa Universidade Federal temos a Praia do Canto onde encontraremos:<\/strong><\/h3>\n<p><span style=\"color: #993300;\"><strong>CANTO DO VINHO<\/strong><\/span><\/p>\n<ul>\n<li>Localizado na divisa entre os bairros de Jardim da Penha e Praia do Canto, esse restaurante com vista agrad\u00e1vel oferece pratos executivos do dia, \u00e0 la carte, risotos, carta de vinhos e \u00f3timo ambiente e atendimento.<\/li>\n<li>Aleixo Neto, 1702.<\/li>\n<li><em>@cantodovinho<\/em><\/li>\n<\/ul>\n<p><span style=\"color: #993300;\"><strong>MAHAI PRAIA DO CANTO<\/strong><\/span><\/p>\n<ul>\n<li>Aberto das 11h \u00e0s 23h.<\/li>\n<li>Excelente op\u00e7\u00e3o de saladas e comida saud\u00e1veis. Conta ainda, com variados tipos de risotos e drinks. Ambiente bem decorado e climatizado.<\/li>\n<li>Aleixo Neto, 577.<\/li>\n<li><em>@mahairestaurante<\/em><\/li>\n<\/ul>\n<hr \/>\n<h3><strong>No bairro Enseada do Su\u00e1, contamos com:<\/strong><\/h3>\n<p><span style=\"color: #993300;\"><strong>VICTORIA GRIL<\/strong><\/span><\/p>\n<ul>\n<li>Especializado em bons cortes de carnes nobres para churrasco, essa op\u00e7\u00e3o de restaurante conta com op\u00e7\u00f5es \u00e0 la carte variadas, self-service com buffet elegante, e sobremesas.<\/li>\n<li>Rua Dra, Odete Braga Furtado, 15.<\/li>\n<li><em>@grupovictoriagrill<\/em><\/li>\n<\/ul>\n<p><span style=\"color: #993300;\"><strong>CAMARADA CAMAR\u00c3O<\/strong><\/span><\/p>\n<ul>\n<li>Situado no principal shopping da cidade, oferece diversos pratos com os deliciosos frutos do mar em elegante ambiente, abre para almo\u00e7o, <em>happy hour<\/em> e jantar.<\/li>\n<li>Av. Am\u00e9rico Buaiz, 200.<\/li>\n<li><em>@camaradacamaraovitoria<\/em><\/li>\n<\/ul>\n<hr \/>\n<h3><strong>J\u00e1 no bairro de Jardim Camburi, temos:<\/strong><\/h3>\n<p><span style=\"color: #993300;\"><strong>ILHA DO CARANGUEJO<\/strong><\/span><\/p>\n<ul>\n<li>O popular, movimentado e animado restaurante oferece como atra\u00e7\u00e3o principal a famosa caranguejada capixaba, al\u00e9m de outros pratos e por\u00e7\u00f5es. Vale se aventurar a experimentar o famoso crust\u00e1ceo. Mais capixaba que isso, s\u00f3 a moqueca.<\/li>\n<li>Alcino Pereira Neto, 570.<\/li>\n<li><em>@ilhadocaranguejo<\/em><\/li>\n<\/ul>\n<hr \/>\n<h3><strong>No bairro Mata da Praia, ao lado de Jardim da Penha, temos:<\/strong><\/h3>\n<p><span style=\"color: #993300;\"><strong>LA DOLINA<\/strong><\/span><\/p>\n<ul>\n<li>O disputado restaurante argentino, localizado no miolo do bairro de Mata da Praia, oferece o que h\u00e1 de melhor do seu pa\u00eds de origem: empanadas, pratos t\u00edpicos e adaptados ao paladar brasileiro, drinks, vinhos e cervejas artesanais.<\/li>\n<li><em style=\"color: var(--wpex-text-2);\">Rosendo Serapi\u00e3o de Souza Filho, 696.<\/em><\/li>\n<li><em>@ladolina<\/em><\/li>\n<\/ul>\n<hr \/>\n<h3><strong>Um cap\u00edtulo especial deve ser reservado aos restaurantes que fazem as melhores <span style=\"color: #993300;\">moquecas capixabas<\/span>:<\/strong><\/h3>\n<p><span style=\"color: #993300;\"><strong>RESTAURANTE ATL\u00c2NTICA<\/strong><\/span><\/p>\n<ul>\n<li>Com ambiente amplo e praiano, o Atl\u00e2ntica oferece a tradicional moqueca capixaba bem temperada e muito bem servida. Al\u00e9m de outros pratos com camar\u00e3o, crust\u00e1ceos e frutos do mar.<\/li>\n<li>Av. Anis\u00edo Fernandes Coelho 21-Loja 1.<\/li>\n<li><em>@restauranteatlatica<\/em><\/li>\n<\/ul>\n<p><span style=\"color: #993300;\"><strong>PARTIDO ALTO<\/strong><\/span><\/p>\n<ul>\n<li>Localizado na principal avenida beira mar de Vit\u00f3ria, o nosso querido e tradicional Partido Alto oferece a deliciosa e sem igual moqueca capixaba. Al\u00e9m de petiscos, por\u00e7\u00f5es e demais pratos \u00e0 la carte. Atendimento excelente, pratos bem servidos e a maravilhosa brisa do mar da praia de Camburi.<\/li>\n<li>Carlos Eduardo Monteiro de Lemos, 20.<\/li>\n<li><em>@partidoaltorestaurante <\/em><\/li>\n<\/ul>\n<p><span style=\"color: #993300;\"><strong>RESTAURANTE PIR\u00c3O<\/strong><\/span><\/p>\n<ul>\n<li>Localizado no meio do burburinho do Tri\u00e2ngulo (intensa \u00e1rea comercial e gastron\u00f4mica do bairro Praia do Canto), o Pir\u00e3o \u00e9 um restaurante concorrido e muito saboroso em seus pratos. Principalmente a moqueca capixaba. F\u00e1cil de chegar, pr\u00f3ximo a praias, hot\u00e9is e com\u00e9rcio.<\/li>\n<li>Joaquim L\u00edrio, 753.<\/li>\n<li><em>@restaurantepirao<\/em><\/li>\n<\/ul>\n<p><span style=\"color: #993300;\"><strong>MAHO GASTROBAR<\/strong><\/span><\/p>\n<ul>\n<li>Aberto de 12 \u00e0s 22h, o Maho Gastrobar serve pratos par almo\u00e7o, <em>happy hour<\/em> e variada carta de drinks. Com decora\u00e7\u00e3o praiana, proporciona aos clientes \u00f3timo servi\u00e7o \u00e0 beira mar.<\/li>\n<li>Av. Dante Michelini, 1600.<\/li>\n<li><em>@mahogastrobar<\/em><\/li>\n<\/ul>\n[\/vc_column_text][vc_empty_space][vc_separator color=&#8221;mulled_wine&#8221;][vc_empty_space][\/vc_column][\/vc_row][vc_row][vc_column][vc_column_text]A Comiss\u00e3o de Acolhimento fez uma parceria com a ag\u00eancia de turismo <strong>VOARR<\/strong> para facilitar a viagem daqueles que atender\u00e3o \u00e0s V Jornadas de forma presencial e que, claro, queiram tamb\u00e9m aproveitar e conhecer a Ilha do Mel com muito conforto e facilidade.<\/p>\n<p>Ainda, a Comiss\u00e3o indica quatro hot\u00e9is pr\u00f3ximos ao evento e se coloca \u00e0 disposi\u00e7\u00e3o para oferecer informa\u00e7\u00f5es, bem como a ag\u00eancia <strong>VOARR<\/strong>. Conhe\u00e7a os pacotes oferecidos e fa\u00e7a sua cota\u00e7\u00e3o atrav\u00e9s do telefone\/whatsapp <strong>+55 (27) 99920-9898<\/strong> ou das p\u00e1ginas das redes sociais <strong>@voarr.com.br<\/strong>. Esperamos voc\u00eas![\/vc_column_text][\/vc_column][\/vc_row]\n<\/section>","protected":false},"excerpt":{"rendered":"<p>[vc_row][vc_column][vc_single_image image=&#8221;12868&#8243; alignment=&#8221;center&#8221;][\/vc_column][\/vc_row][vc_row][vc_column][vc_video link=&#8221;https:\/\/youtu.be\/KMycclZG76c?si=KvlIqqilqqfmnrZK&#8221;][\/vc_column][\/vc_row][vc_row][vc_column][vc_empty_space][vc_separator color=&#8221;mulled_wine&#8221;][vc_empty_space][\/vc_column][\/vc_row][vc_row][vc_column][vc_column_text] COM OS CORPOS EM VIT\u00d3RIA Adriano Moreira Coordenador da Comiss\u00e3o de Acolhimento das V Jornadas da EBP-SLO Ao chegar em Vit\u00f3ria de avi\u00e3o j\u00e1 podemos ver a bela paisagem de uma ilha cercada por um lindo mar azul. Sendo a capital do Esp\u00edrito Santo, dela se parte para in\u00fameros pontos&hellip;<\/p>\n","protected":false},"author":1,"featured_media":0,"parent":12866,"menu_order":0,"comment_status":"closed","ping_status":"closed","template":"","meta":{"footnotes":""},"class_list":["post-12882","page","type-page","status-publish","hentry","entry","no-media"],"_links":{"self":[{"href":"https:\/\/ebp.org.br\/slo\/wp-json\/wp\/v2\/pages\/12882","targetHints":{"allow":["GET"]}}],"collection":[{"href":"https:\/\/ebp.org.br\/slo\/wp-json\/wp\/v2\/pages"}],"about":[{"href":"https:\/\/ebp.org.br\/slo\/wp-json\/wp\/v2\/types\/page"}],"author":[{"embeddable":true,"href":"https:\/\/ebp.org.br\/slo\/wp-json\/wp\/v2\/users\/1"}],"replies":[{"embeddable":true,"href":"https:\/\/ebp.org.br\/slo\/wp-json\/wp\/v2\/comments?post=12882"}],"version-history":[{"count":12,"href":"https:\/\/ebp.org.br\/slo\/wp-json\/wp\/v2\/pages\/12882\/revisions"}],"predecessor-version":[{"id":13230,"href":"https:\/\/ebp.org.br\/slo\/wp-json\/wp\/v2\/pages\/12882\/revisions\/13230"}],"up":[{"embeddable":true,"href":"https:\/\/ebp.org.br\/slo\/wp-json\/wp\/v2\/pages\/12866"}],"wp:attachment":[{"href":"https:\/\/ebp.org.br\/slo\/wp-json\/wp\/v2\/media?parent=12882"}],"curies":[{"name":"wp","href":"https:\/\/api.w.org\/{rel}","templated":true}]}}