{"id":12880,"date":"2024-03-28T10:48:36","date_gmt":"2024-03-28T13:48:36","guid":{"rendered":"https:\/\/ebp.org.br\/slo\/?page_id=12880"},"modified":"2024-09-02T07:58:07","modified_gmt":"2024-09-02T10:58:07","slug":"v-jornadas-ebp-secao-lo-corpo-m-e-m-o-r-i-a-envio-de-trabalhos","status":"publish","type":"page","link":"https:\/\/ebp.org.br\/slo\/v-jornadas-ebp-secao-lo-corpo-m-e-m-o-r-i-a\/v-jornadas-ebp-secao-lo-corpo-m-e-m-o-r-i-a-envio-de-trabalhos\/","title":{"rendered":"V Jornadas EBP Se\u00e7\u00e3o-LO \u2013 corpo-m-e-m-o-r-i-a  |   Envio de Trabalhos"},"content":{"rendered":"<section class=\"wpb-content-wrapper\">[vc_row][vc_column][vc_single_image image=&#8221;12868&#8243; alignment=&#8221;center&#8221;][\/vc_column][\/vc_row][vc_row][vc_column][vc_column_text]Per\u00edodo: 01\/05 a 30\/06\/2024<\/p>\n<p>Crit\u00e9rios para o envio de trabalhos:<\/p>\n<p>Os textos devem ter, no m\u00e1ximo, 4500 caracteres (com espa\u00e7os) escritos em formato WORD, fonte Times New Roman, tamanho 12, justificado, espa\u00e7amento de 1,5 entre linhas.<\/p>\n<p>No cabe\u00e7alho deve constar: T\u00edtulo do trabalho, eixo em que o trabalho est\u00e1 inserido, nome completo e e-mail do autor.<\/p>\n<p>Os trabalhos n\u00e3o devem ser pautados em relatos de casos cl\u00ednicos, mas podem conter pequenas vinhetas desde que resguardem a identidade do paciente.<\/p>\n<p>As refer\u00eancias bibliogr\u00e1ficas citadas devem ser apresentadas da seguinte forma:<\/p>\n<p>Autor, T\u00edtulo do livro, \u201ct\u00edtulo do artigo ou cap\u00edtulo\u201d, local, editora, ano, p\u00e1gina.<\/p>\n<p>\u201cT\u00edtulo do artigo\u201d, p\u00e1gina (site) de onde foi retirado o texto ou artigo.<\/p>\n<p>Enviar para: <a href=\"mailto:jornadas.slo@gmail.com\"><strong>jornadas.slo@gmail.com<\/strong><\/a><\/p>\n<p>Colocar no assunto do e-mail: Sobrenome do autor, V Jornadas EBP SLO + eixo sobre o qual escolheu escrever.<\/p>\n<p>Para que o trabalho seja avaliado, a comprova\u00e7\u00e3o da inscri\u00e7\u00e3o nas V Jornadas da EBP SLO\u00a0\u00e9\u00a0necess\u00e1ria.[\/vc_column_text][\/vc_column][\/vc_row][vc_row][vc_column]<div class=\"vcex-video wpex-bg-black\" data-vcex-video-type=\"video_tag\"><div class=\"vcex-video-inner wpex-relative\"><video src=\"https:\/\/ebp.org.br\/slo\/wp-content\/uploads\/2024\/09\/envio_trabalhos.mp4\" class=\"wpex-w-100 wpex-aspect-16-9 wpex-align-middle wpex-object-cover wpex-w-100\" controls><\/video><\/div><\/div>[\/vc_column][\/vc_row]\n<\/section>","protected":false},"excerpt":{"rendered":"<p>[vc_row][vc_column][vc_single_image image=&#8221;12868&#8243; alignment=&#8221;center&#8221;][\/vc_column][\/vc_row][vc_row][vc_column][vc_column_text]Per\u00edodo: 01\/05 a 30\/06\/2024 Crit\u00e9rios para o envio de trabalhos: Os textos devem ter, no m\u00e1ximo, 4500 caracteres (com espa\u00e7os) escritos em formato WORD, fonte Times New Roman, tamanho 12, justificado, espa\u00e7amento de 1,5 entre linhas. No cabe\u00e7alho deve constar: T\u00edtulo do trabalho, eixo em que o trabalho est\u00e1 inserido, nome completo e&hellip;<\/p>\n","protected":false},"author":1,"featured_media":0,"parent":12866,"menu_order":0,"comment_status":"closed","ping_status":"closed","template":"","meta":{"footnotes":""},"class_list":["post-12880","page","type-page","status-publish","hentry","entry","no-media"],"_links":{"self":[{"href":"https:\/\/ebp.org.br\/slo\/wp-json\/wp\/v2\/pages\/12880","targetHints":{"allow":["GET"]}}],"collection":[{"href":"https:\/\/ebp.org.br\/slo\/wp-json\/wp\/v2\/pages"}],"about":[{"href":"https:\/\/ebp.org.br\/slo\/wp-json\/wp\/v2\/types\/page"}],"author":[{"embeddable":true,"href":"https:\/\/ebp.org.br\/slo\/wp-json\/wp\/v2\/users\/1"}],"replies":[{"embeddable":true,"href":"https:\/\/ebp.org.br\/slo\/wp-json\/wp\/v2\/comments?post=12880"}],"version-history":[{"count":6,"href":"https:\/\/ebp.org.br\/slo\/wp-json\/wp\/v2\/pages\/12880\/revisions"}],"predecessor-version":[{"id":13238,"href":"https:\/\/ebp.org.br\/slo\/wp-json\/wp\/v2\/pages\/12880\/revisions\/13238"}],"up":[{"embeddable":true,"href":"https:\/\/ebp.org.br\/slo\/wp-json\/wp\/v2\/pages\/12866"}],"wp:attachment":[{"href":"https:\/\/ebp.org.br\/slo\/wp-json\/wp\/v2\/media?parent=12880"}],"curies":[{"name":"wp","href":"https:\/\/api.w.org\/{rel}","templated":true}]}}