{"id":12876,"date":"2024-03-28T10:47:44","date_gmt":"2024-03-28T13:47:44","guid":{"rendered":"https:\/\/ebp.org.br\/slo\/?page_id=12876"},"modified":"2024-05-07T15:24:24","modified_gmt":"2024-05-07T18:24:24","slug":"v-jornadas-ebp-secao-lo-corpo-m-e-m-o-r-i-a-bibliografia","status":"publish","type":"page","link":"https:\/\/ebp.org.br\/slo\/v-jornadas-ebp-secao-lo-corpo-m-e-m-o-r-i-a\/v-jornadas-ebp-secao-lo-corpo-m-e-m-o-r-i-a-bibliografia\/","title":{"rendered":"V Jornadas EBP Se\u00e7\u00e3o-LO \u2013 corpo-m-e-m-o-r-i-a  |   Bibliografia"},"content":{"rendered":"<section class=\"wpb-content-wrapper\">[vc_row][vc_column][vc_single_image image=&#8221;12868&#8243; alignment=&#8221;center&#8221;][\/vc_column][\/vc_row][vc_row][vc_column][vc_column_text]\n<h3><span style=\"color: #808000;\"><strong>Refer\u00eancias bibliogr\u00e1ficas<\/strong><\/span><\/h3>\n<p><strong>\u00a0V Jornada da Se\u00e7\u00e3o SLO -EBP.2024<\/strong><\/p>\n<h3><span style=\"color: #808000;\"><strong>EIXO CL\u00cdNICA<\/strong><\/span><\/h3>\n<p>FREUD, S. (1893). Sobre o mecanismo ps\u00edquico dos fen\u00f4menos hist\u00e9ricos: comunica\u00e7\u00e3o preliminar. In:______. <strong>Obras completas de Sigmund Freud<\/strong>: Estudos sobre histeria, v. 2I. Rio de Janeiro: Imago, 1996.<\/p>\n<p>______. (1900). A Interpreta\u00e7\u00e3o dos Sonhos. In: ______. <strong>Obras completas de Sigmund Freud<\/strong>, v. 5. Rio de Janeiro: Imago, 1996. [cap. VII].<\/p>\n<p>______. (1920). Al\u00e9m do princ\u00edpio do prazer. In: ______.<strong> Obras Completas de Sigmund Freud<\/strong>. v.18. Rio de Janeiro: Imago, 1996.<\/p>\n<p>______. (1905). Fragmento da an\u00e1lise de um caso de histeria.<strong> In:<\/strong> <strong>Obras completas de Sigmund Freud<\/strong>, v. 2. Rio de Janeiro: Imago, 1996.<\/p>\n<p>______. (1914). Sobre o narcisismo: uma introdu\u00e7\u00e3o. In: ______. <strong>Obras completas de Sigmund Freud<\/strong>, v. 14. Rio de Janeiro: Imago, 1996.<\/p>\n<p>______. (1915). Os instintos e suas vicissitudes. In: ______. <strong>Obras completas de Sigmund\u00a0\u00a0 Freud<\/strong>. v.14. Rio de Janeiro: Imago, 1996.<\/p>\n<p>______. (1916-1917). Confer\u00eancias Introdut\u00f3rias sobre a psican\u00e1lise. In:______. <strong>Obras completas de Sigmund Freud<\/strong>, volume XVI. Rio de Janeiro: Imago, 1996. [Confer\u00eancia XVII (o sentido dos sintomas) e XXXIII (os caminhos da forma\u00e7\u00e3o dos sintomas)]\n<p>______. (1920). Al\u00e9m do princ\u00edpio do prazer. In: ______.<strong> Obras Completas de Sigmund Freud<\/strong>. v.18. Rio de Janeiro: Imago, 1996.<\/p>\n<p>______. (1925). Algumas consequ\u00eancias ps\u00edquicas da distin\u00e7\u00e3o anat\u00f4mica dos sexos. <strong>In:<\/strong> <strong>Obras completas de Sigmund Freud<\/strong>, v.19. Rio de Janeiro: Imago, 1996.<\/p>\n<p>______. (1950). Projeto pra uma psicologia cient\u00edfica .In: ______. <strong>Obras completas de<\/strong> <strong>Sigmund Freud<\/strong>. v.1 Rio de Janeiro: Imago, 1996. [Parte I]\n<p>______. (1950). Extratos dos documentos dirigidos a Fliess. Cartas de n\u00fameros 52. In: ______. <strong>Obras completas de Sigmund Freud<\/strong>, v. 2. Rio de Janeiro: Imago, 1996.<\/p>\n<p>______. (1950). Extratos dos documentos dirigidos a Fliess. Cartas de n\u00fameros 69. In: ______. <strong>Obras completas de Sigmund Freud<\/strong>, v. 2. Rio de Janeiro: Imago, 1996.<\/p>\n<p>LACAN, J. M. \u00a0<strong>O Semin\u00e1rio, Livro 2<\/strong><strong>: <\/strong>O eu na teoria de Freud e na t\u00e9cnica psicanal\u00edtica. Rio de Janeiro: Zahar, 2006. [aulas VI e VII]\n<p>______. O Est\u00e1dio do espelho como formador do eu. <strong>In: <\/strong>______.<strong> escritos.<\/strong>\u00a0Rio de Janeiro:\u00a0 Zahar, 1998. [p. 96-103]\n<p>______.<strong> O Semin\u00e1rio 11:\u00a0 <\/strong>Os quatro conceitos fundamentais em psican\u00e1lise. Rio de Janeiro: Zahar, 2008. [li\u00e7\u00f5es 3 , 5 e 6]\n<p>______.<strong> O Semin\u00e1rio, Livro XIV: <\/strong>La logica del fantasma. Buenos Aires: Paid\u00f3s. 2023. [cap. 16,18]\n<p>LACAN, J. <strong>O Semin\u00e1rio 19. &#8230; Ou pior<\/strong>. Rio de Janeiro: Zahar, 2006. [cap. VIII, IX, X, XVI]\n<p>______. <strong>O Semin\u00e1rio. Livro 20: <\/strong>Mais ainda. Rio de Janeiro:\u00a0 Zahar, 2005. [cap. I ,II, X, X]\n<p>______. <strong>O Semin\u00e1rio, Livro 23: <\/strong>O sinthoma. Rio de Janeiro:\u00a0 Zahar, 2007. [Parte III, VII ,VIII, IX]\n<p>______. <strong>El Ultim\u00edssimo Lacan<\/strong>. Buenos Aires: Paid\u00f3s, 2014. [cap. IV, VII, IX, XV]\n<p>______. Joyce, o Sintoma. In. _____. <strong>Outros escritos.<\/strong> Rio de Janeiro: Zahar, 2003. [p. 560-566]\n<p>___. A l\u00f3gica da fantasia. In: ______. <strong>Outros escritos.<\/strong> Rio de Janeiro: Zahar, 2003. [p 323 -328]\n<p>______.<strong>\u00a0 <\/strong>O Mal- entendido<strong>. <\/strong>In: ______. <strong>Op\u00e7\u00e3o lacaniana, n. 72<\/strong>. S\u00e3o Paulo: E\u00f3lia,2016.<\/p>\n<p>______. Confer\u00eancia em Genebra sobre o sintoma. In:______. O<strong>p\u00e7\u00e3o Lacaniana, n. 23<\/strong>. S\u00e3o Paulo: E\u00f3lia, 1998.<\/p>\n<p>______. <strong>A terceira.\u00a0 <\/strong>In:______. <strong>Op\u00e7\u00e3o lacaniana, n. 62<\/strong>. S\u00e3o Paulo: Eolia, 2011.<\/p>\n<p>MILLER, J. A. <strong>A terceira -Teoria de lalingua<\/strong>. Rio de Janeiro: Zahar, 2013.<\/p>\n<p>______. <strong>Todo el mundo es loco<\/strong>. Buenos Aires: Paid\u00f3s, 2020. [cap. XI, XIV, XV]\n<p>______. <strong>Perspectivas do Semin\u00e1rio 23 de Lacan: <\/strong>O sinthoma<strong>.<\/strong> Rio de Janeiro: Zahar, 2009.<\/p>\n<p>MILLER, Jacques-Alain. O inconsciente e o corpo falante. In:______.<strong> Scilicet<\/strong>: o corpo falante: sobre o inconsciente no s\u00e9culo XXI. S\u00e3o Paulo: <strong>Associa\u00e7\u00e3o Mundial de Psican\u00e1lise<\/strong>, v.13, 2016. [<strong>p. 19-32]<\/strong><\/p>\n<p>_____. Falar com seu corpo. In: ______. <strong>Op\u00e7\u00e3o lacaniana 66.<\/strong> <strong>\u00a0<\/strong>S\u00e3o Paulo: Eolia. 2013.<\/p>\n<p>______. Habeas Corpus.<strong>\u00a0 <\/strong>In:_____. <strong>Op\u00e7\u00e3o Lacaniana 73<\/strong>.\u00a0 S\u00e3o Paulo: Eolia. 2016.<\/p>\n<p>______. O real \u00e9 sem lei. In:______. <strong>Op\u00e7\u00e3o lacaniana 65.<\/strong> S\u00e3o Paulo: Eolia. \u00a02013.<\/p>\n<p>______. <strong>Punto cenit: <\/strong>pol\u00edtica, religi\u00f3n y el psican\u00e1lisis<strong>.<\/strong> Buenos Aires: Colecci\u00f3n Diva, 2012.<\/p>\n<p>______. <strong>Un\u00a0 esfuerzo de poesia<\/strong> .Buenos Aires : Paid\u00f3s, 2016.<\/p>\n<p>______. Biologia Lacaniana e acontecimento de corpo. In:______. <strong>Op\u00e7\u00e3o Lacaniana 41<\/strong>. S\u00e3o Paulo: Escola Brasileira de Psican\u00e1lise, 2004.<\/p>\n<p>______<strong>. Los divinos detalhes<\/strong>. Buenos Aires: Paid\u00f3s, 2010. [cap. X]\n<p>______. Intui\u00e7\u00f5es milanesas I. In: ______. <strong>Op\u00e7\u00e3o lacaniana online nova s\u00e9rie,<\/strong> v. 2, n. 5, p. 13, julho 2011. Dispon\u00edvel em: www.opcaolacaniana.com.br\/pdf\/numero_5\/Intui\u00e7\u00f5es_milanesas.pdf. Acesso em: 05 maio 2024.<\/p>\n<p>_____. A salva\u00e7\u00e3o pelos dejetos. In: _____. <strong>Perspectivas dos Escritos e Outros Escritos de Lacan.<\/strong> Rio de Janeiro: Jorge Zahar ,2011.<\/p>\n<p><span style=\"color: #808000;\"><strong>OUTROS AUTORES :<\/strong><\/span><\/p>\n<p>BASSOLS, \u00a0M. O trauma e seus mal- entendidos <strong>. <\/strong>In:______. <strong>Op\u00e7\u00e3o lacaniana 70.<\/strong> S\u00e3o Paulo: Eolia. 2015.<\/p>\n<p>______. Falar com o corpo, sem saber. <strong>Anais\u2026<\/strong>VI Enapol, 2021. Dispon\u00edvel em:\u00a0<a href=\"http:\/\/www.enapol.com\/pt\/template.php?file=Textos\/Hablar-con-el-cuerpo-sin-saberlo_Miquel-Bassols.html\">http:\/\/www.enapol.com\/pt\/template.php?file=Textos\/Hablar-con-el-cuerpo-sin-saberlo_Miquel-Bassols.html<\/a>. Acesso em: 05 maio 2024.<\/p>\n<p>______. A subst\u00e2ncia gozante<strong>.\u00a0 <\/strong>In: ______.<strong> Op\u00e7\u00e3o lacaniana 73.<\/strong> S\u00e3o Paulo: Eolia. 2016.<\/p>\n<p>______<strong> . <\/strong>Entrevista com Miguel Bassols . In:______.<strong> Correio 77.<\/strong>\u00a0 Escola Brasileira de Psican\u00e1lise. 2015.<\/p>\n<p>BARRETO, P. F<strong>. Foraclus\u00e3o e suas dores. A po\u00e9tica de uma cl\u00ednica<\/strong> (p 31 a 81) Scriptum. Belo Horizonte. 2022.<\/p>\n<p>BAYON, A. P. <strong>O autismo entre a l\u00edngua e a letra<\/strong>. Vit\u00f3ria: Candida. \u00a02024.<\/p>\n<p>BROUSSE , M. H. Corpos lacanianos Novidades contempor\u00e2neas. <strong>Op\u00e7\u00e3o Lacaniana on line<\/strong>, n.15, novembro 2014.<\/p>\n<p>______. Traces et marques. <strong>L\u00b4\u00c9cole da la Cause Freudiene,<\/strong> Paris, n.16, 2020.<\/p>\n<p>______. Las memorias y el olvido huellas e marcas.<strong> Enlaces,<\/strong> n.27, 2017.<\/p>\n<p>______. M. H. Corpos lacanianos Novidades contempor\u00e2neas. <strong>Op\u00e7\u00e3o Lacaniana on line<\/strong>, n.15, novembro 2014.<\/p>\n<p>______. Traces et marques. <strong>L\u00b4\u00c9cole da la Cause Freudiene,<\/strong> Paris, n.16, 2020.<\/p>\n<p>______. Las memorias y el olvido huellas e marcas.<strong> Enlaces,<\/strong> n.27, 2017.<\/p>\n<p>CENTRO DE INVESTIG\u00c1CION Y ESTUDOS CL\u00cdNICOS. <strong>Cuerpos en autopharlante.<\/strong> Argentina: Notas de Ninos. 2016.<\/p>\n<p>GROSTEIN, S.\u00a0 Entre o gozo feminino e o acontecimento de corpo. \u00a0In:______. <strong>O feminino que acontece no corpo<\/strong>. Belo Horizonte: Scriptum. 2012.<\/p>\n<p>RECALDE M. Corpo, significante e puls\u00e3o. <strong>Arquivos da biblioteca<\/strong>, Rio de Janeiro, n.12, p.65-83, janeiro 2016.<\/p>\n<p>______. Novo uso do sinthoma. <strong>Revista Latusa,<\/strong> Rio de Janeiro, n.19, 2014.<\/p>\n<p>_______. <strong>Escrita do caso cl\u00ednico, escrita do testemunho.<\/strong> In: ______. <strong>Correio 79.<\/strong> Escola Brasileira de Psican\u00e1lise. 2016.<\/p>\n<p>______. Cinco conclus\u00f5es para chegar a um final. <strong>Revista Arteira<\/strong>, n. 8, 2016.<\/p>\n<p>______. Prescindir del tipo clinico, a condici\u00f3n de servirse de \u00e9l. In: _____. MILLER, J.\u00a0 (org.). <strong>El saber delirante.<\/strong>\u00a0 Buenos Aires: Paid\u00f3s. 2005.<\/p>\n<p>SAGNA L. P. Os mal\u00a0 entendidos do trauma. <strong>Op\u00e7\u00e3o Lacaniana on line,<\/strong> n.16, 2015.<\/p>\n<hr \/>\n<h3><span style=\"color: #808000;\">\u00a0<\/span><strong><span style=\"color: #808000;\">EIXO ARTE\u00a0<\/span> <\/strong><\/h3>\n<p>FREUD, S. (1907). Del\u00edrios e sonhos na \u201cGradiva \u2018\u2019de Jensen. In: ______. <strong>Obras<\/strong> <strong>completas de Sigmund Freud<\/strong>. v. 9. Rio de Janeiro: Imago, 1996.<\/p>\n<p>______. (1910). Cinco Li\u00e7\u00f5es de Psican\u00e1lise. In:______ <strong>Obras completas de Sigmund Freud<\/strong>, v. 11. Rio de Janeiro: Imago, 1996.<\/p>\n<p>______. (1928). Dostoievski e o parric\u00eddio. In: ______. O<strong>bras completas de Sigmund Freud.<\/strong> v.11. Rio de Janeiro: Imago, 1996.<\/p>\n<p>______. (1930). O pr\u00eamio Goeth. In:______.<strong> Obras completas de Sigmund Freud<\/strong>. v. 21. Rio de Janeiro : Imago, 1996.<\/p>\n<p>LACAN, J.\u00a0 <strong>O semin\u00e1rio 7:<\/strong> A \u00e9tica da psican\u00e1lise. Rio de janeiro: Zahar.1988. [cap 4,5,7,8,9,18]\n<p>______. <strong>O Semin\u00e1rio 6<\/strong>: O desejo e sua interpreta\u00e7\u00e3o. Rio de janeiro: Zahar. 2016. [p. 255 a 363]\n<p>______.\u00a0 \u00a0Juventude de Gide ou a letra e o desejo. In: _____. <strong>Escritos.<\/strong> Rio de Janeiro: Zahar. 1998.<\/p>\n<p>______.\u00a0 <strong>Outros Escritos<\/strong>. Rio de Janeiro: Zahar. 2001. [Lituraterra (p.15-25) e O despertar da primavera (p. 557 a 559)]\n<p>MILLER, J.A. O inconsciente e o corpo falante.<strong> Scilicet: <\/strong>O corpo falante. Sobre o inconsciente no s\u00e9culo XXI. Rio de Janeiro: Escola Brasileira de Psican\u00e1lise, 2016.<\/p>\n<p>MILLER, J. A.; GLAZE A. <strong>Lacan<\/strong> <strong>Hispano . <\/strong>Olivos: Grama Ediciones, 2021.<\/p>\n<p><strong><span style=\"color: #808000;\">OUTROS AUTORES:<\/span> <\/strong><\/p>\n<p>ANTELO, M.; ROSA, M. Artes e Letras. In: ______. <strong>Correio 73.<\/strong> S\u00e3o Paulo: Escola Brasileira de Psican\u00e1lise.<strong>\u00a0 <\/strong>2013<strong>. <\/strong>[p 81 a 87]\n<p>BROUSSE M. H. O objeto de arte na \u00e9poca do fim do belo: do objeto ao abjeto. <strong>Op\u00e7\u00e3o Lacaniana<\/strong>, n.52, 2008.<\/p>\n<p>LAURENT, E. Pol\u00edticas do sintoma na arte na ci\u00eancia e na cl\u00ednica psicanal\u00edtica. In:______. <strong>Op\u00e7ao Lacaniana 61<\/strong>. S\u00e3o Paulo: Eolia. 2011.<strong>\u00a0\u00a0\u00a0\u00a0\u00a0\u00a0\u00a0\u00a0\u00a0\u00a0\u00a0\u00a0\u00a0\u00a0 <\/strong><\/p>\n<p>MARTINEZ, R. O mal- entendido\u00a0 do corpo e o Tr\u00eas pequenas mortes de Adriana Varej\u00e3o. In:______. <strong>Op\u00e7\u00e3o Lacaniana 72<\/strong>. S\u00e3o Paulo: Eolia. 2016.<strong>\u00a0\u00a0\u00a0\u00a0\u00a0\u00a0\u00a0\u00a0\u00a0\u00a0\u00a0\u00a0 <\/strong><\/p>\n<p>ESCUELA DE LA ORIENTACION LACANIANA. <strong>Revista Lacaniana de Psican\u00e1lise<\/strong>, n.30, Buenos Aires. 2021.<\/p>\n<p>OS PODERES DA PALAVRA. <strong>Os poderes da<\/strong> <strong>palavra<\/strong> . Rio de Janeiro. Zahar. 1996. [Gradiva lida por Freud (p.370) Juventude de Gide\u00a0 (p. 389)]\n<p>VALERIM, S. Arte \u2013 da fantasia ao real. <strong>Op\u00e7\u00e3o lacaniana on line<\/strong>, n.4, 2011.<\/p>\n<hr \/>\n<h3><strong><span style=\"color: #808000;\">EIXO NEUROCI\u00caNCIA<\/span> <\/strong><\/h3>\n<p>LACAN, J.\u00a0 Psican\u00e1lise e Medicina. In:_____.<strong> Interven\u00e7\u00f5es<\/strong>. Buenos Aires: Manancial. 1993.<\/p>\n<p>MILLER, J. A. <strong>O Outro que n\u00e3o existe e seus comit\u00eas de \u00e9tica<\/strong>. Buenos Aires: Paidos. 2005. [cap 1, 10,15,16]\n<p>______. <strong>O lugar e la\u00e7o<\/strong>. Buenos Aires: Paidos. 2013. [cap. XII]\n<p>______. <strong>Piezas Soltas<\/strong>. Buenos Aires: Paidos. 2013. [cap. 16]\n<p>______. <strong>Todo mundo \u00e9 louco<\/strong>. Buenos Aires: Paidos. 2020. [cap. 14]\n<p>______. <strong>Um esfuerzo de poesia<\/strong>.\u00a0 Buenos Aires: Paidos. 2016. [cap. 4, 9]\n<p><span style=\"color: #808000;\"><strong>OUTROS AUTORES<\/strong>:<\/span><\/p>\n<p>ANSERMET, F.; Magistretti , P. A. <strong>Cada cual su c\u00e9rebro: <\/strong>plasticidad neuronal e inconsciente. Espanha: Katz. 2006.<\/p>\n<p>ANSERMET, F. <strong>A cl\u00ednica da origem: <\/strong>A crian\u00e7a entre a medicina e a psican\u00e1lise<strong>.<\/strong> Rio de janeiro: Contra capa. 2019.<\/p>\n<p>______. <strong>T<\/strong>ra\u00e7o e objeto, entre neuroci\u00eancias e psican\u00e1lise. In:______. <strong>Op\u00e7\u00e3o Lacaniana 52<\/strong>. S\u00e3o Paulo: Eolia. 2010.<\/p>\n<p>BARROSO, S. F. <strong>Sobre a puls\u00e3o:<\/strong> corpo e gozo na psican\u00e1lise com crian\u00e7as. Almanaque online, Minas Gerais, n. 10, jun.\/jul. 2012.<\/p>\n<p>BASSOLS, M. Ci\u00eancia, fic\u00e7\u00e3o e feminiza\u00e7\u00e3o. In:______.\u00a0 <strong>A ordem simb\u00f3lica no s\u00e9culo XXI.<\/strong> Buenos Aires: Grama. 2012.<\/p>\n<p>CAMARGO, L. F.E. A busca da mem\u00f3ria : um ponto em comum entre biologia freudiana e neuroci\u00eancias. R<strong>ev.\u00a0 Helius Sobra<\/strong>l, v. 3, Jul.\/dez, 2020.<\/p>\n<p>CARBONEL\u00a0 N. <strong>Corpo da crian\u00e7a.<\/strong>\u00a0 S\u00e3o Paulo: Escola Brasileira de Psican\u00e1lise. 2016.<\/p>\n<p>DESSAL, G. O pensamento na era das pessoas que pensam com o c\u00e9rebro. In:_____. <strong>A ordem simb\u00f3lica no s\u00e9culo XXI<\/strong>. Buenos Aires. Grama. 2012.<\/p>\n<p>IANINI G.\u00a0 <strong>Freud no s\u00e9culo XXI : O que \u00e9 psican\u00e1lise<\/strong>?. Belo Horizonte: Autentica. 2024.<\/p>\n<p>LAURENT , E. <strong>Os \u00f3rg\u00e3os do corpo na perspectiva psicanal\u00edtica em<\/strong> <strong>textos\u00a0 on line<\/strong>. Nova Escola Lacaniana- M\u00e9xico, 2023.Dispon\u00edvel em: \u00a0\u00a0<a href=\"http:\/\/www.nel-mexico.org\/articulos\/seccion\/textosonline\/subseccion\/EL\">http:\/\/www.nel-mexico.org\/articulos\/seccion\/textosonline\/subseccion\/EL- cuerpo\/347\/Los-organos-del-cuerpo-en-la-perspectiva-psicoanal\u00edtica<\/a>. Acesso em: 06 maio 2024.<\/p>\n<p>______. Falar com seu corpo escabelo. <strong>RadioLacan<\/strong>. (pod cast), 202?. Dispon\u00edvel em: <a href=\"https:\/\/radiolacan.com\/pt\/channel\/6\">https:\/\/radiolacan.com\/pt\/channel\/6<\/a>. Acesso em: 05 maio 2024.<\/p>\n<p>______. <strong>A batalha do autismo: da cl\u00ednica \u00e0 pol\u00edtica.<\/strong> Rio de Janeiro: Zahar. 2014.<\/p>\n<p>________. <strong>Uso das neuroci\u00eancias pela psican\u00e1lise<\/strong>. Belo Horizonte: Curinga 36, 2021.<\/p>\n<p>MAIA A, M. (org.) . <strong>Autismo e psicose infantil: da cl\u00ednica \u00e0 pol\u00edtica e<\/strong> <strong>retorno.<\/strong> Escola Brasileira de Psican\u00e1lise. 2011.<strong>\u00a0\u00a0\u00a0\u00a0\u00a0\u00a0\u00a0\u00a0\u00a0\u00a0\u00a0\u00a0\u00a0\u00a0\u00a0\u00a0\u00a0\u00a0\u00a0\u00a0\u00a0\u00a0\u00a0\u00a0\u00a0\u00a0\u00a0\u00a0\u00a0 <\/strong><\/p>\n<hr \/>\n<h3><span style=\"color: #808000;\"><strong>\u00a0EIXO POL\u00cdTICA \u00a0<\/strong><\/span><\/h3>\n<p><strong>\u00a0<\/strong><strong>\u00a0<\/strong>LACAN, J. \u00a0<strong>A dire\u00e7\u00e3o do tratamento e os princ\u00edpios de seu poder<\/strong>. In Escritos. Rio de Janeiro: Zahar.1998.<\/p>\n<p>______. Proposi\u00e7\u00e3o de 9 de outubro de 1967 sobre o psicanalista da escola. In: <strong>Outros Escritos<\/strong>. Rio de Janeiro: Zahar.2001.<\/p>\n<p>_____. <strong>El Outro que no existe y sus comit\u00e9s de \u00e9tica (em colaboraci\u00f3n con \u00c9ric Laurent)<\/strong>. Buenos Aires: Paid\u00f3s, 2005.<\/p>\n<p>MILLER, J. A.\u00a0 Lacan e a Pol\u00edtica. In:______. <strong>Op\u00e7\u00e3o Lacaniana.n 40<\/strong>. S\u00e3o Paulo: Eolia. 2004.<\/p>\n<p>______. <strong>Piezas sueltas<\/strong>. Buenos Aires: Paid\u00f3s, 2013. [cap. III, IV]\n<p>______. <strong>Pol\u00edtica lacaniana<\/strong>. Buenos Aires: Colecci\u00f3n Diva, 2017.<\/p>\n<p>______. <strong>Pol\u00e9mica pol\u00edtica<\/strong>. Barcelona: EBA Libros, 2021.<\/p>\n<p>______. <strong>Um esfuerzo de poesia<\/strong>.\u00a0 Buenos Aires: Paidos. 2016. [cap. 10]\n<p>______. Intui\u00e7\u00f5es Milanesas II. In:______. <strong>Op\u00e7\u00e3o Lacaniana on line.n 5.<\/strong> 2011.<\/p>\n<p>_______. Quest\u00e3o da Escola\u00a0 Proposta sobre a garantia. In:______. <strong>Op\u00e7\u00e3o Lacaniana on line<\/strong>.\u00a0 n. 23. 2017.<\/p>\n<p><span style=\"color: #808000;\"><strong>OUTROS AUTORES<\/strong> :<\/span><\/p>\n<p>LAURENT , E. <strong>O analista cidad\u00e3o<\/strong>. Revista Curinga. Psican\u00e1lise e Sa\u00fade Mental .n 13. Escola Brasileira de Psican\u00e1lise. 2000<\/p>\n<p>______. O falasser pol\u00edtico. In:______. <strong>O avesso da biopol\u00edtica. Uma escrita para o gozo<\/strong>. Rio de Janeiro: Contra capa. 2017.<\/p>\n<p>______. <strong>Biopol\u00edtica das normas trans<\/strong>. In: ______. <strong>Correio 86<\/strong>. Escola Brasileira de Psican\u00e1lise. 2023.<\/p>\n<p>TENDLARZ , B. <strong>G\u00e9nero, corpo Y psicoan\u00e1lisis<\/strong>. Grama. 2020.<\/p>\n<hr \/>\n<h6><strong>Comiss\u00e3o de Bibliografia<\/strong>:<br \/>\nAdriana Gomes Pessoa &#8211; Vit\u00f3ria ES ( coordenadora)<br \/>\nAdriana Gonring \u2013 Vitoria ES<br \/>\nAna Paula Rezende \u2013 Goi\u00e2nia GO<br \/>\nGiovana Bessa Borges Heinemann &#8211; Goi\u00e2nia GO<\/h6>\n[\/vc_column_text][\/vc_column][\/vc_row]\n<\/section>","protected":false},"excerpt":{"rendered":"<p>[vc_row][vc_column][vc_single_image image=&#8221;12868&#8243; alignment=&#8221;center&#8221;][\/vc_column][\/vc_row][vc_row][vc_column][vc_column_text] Refer\u00eancias bibliogr\u00e1ficas \u00a0V Jornada da Se\u00e7\u00e3o SLO -EBP.2024 EIXO CL\u00cdNICA FREUD, S. (1893). Sobre o mecanismo ps\u00edquico dos fen\u00f4menos hist\u00e9ricos: comunica\u00e7\u00e3o preliminar. In:______. Obras completas de Sigmund Freud: Estudos sobre histeria, v. 2I. Rio de Janeiro: Imago, 1996. ______. (1900). A Interpreta\u00e7\u00e3o dos Sonhos. In: ______. Obras completas de Sigmund Freud, v.&hellip;<\/p>\n","protected":false},"author":1,"featured_media":0,"parent":12866,"menu_order":0,"comment_status":"closed","ping_status":"closed","template":"","meta":{"footnotes":""},"class_list":["post-12876","page","type-page","status-publish","hentry","entry","no-media"],"_links":{"self":[{"href":"https:\/\/ebp.org.br\/slo\/wp-json\/wp\/v2\/pages\/12876","targetHints":{"allow":["GET"]}}],"collection":[{"href":"https:\/\/ebp.org.br\/slo\/wp-json\/wp\/v2\/pages"}],"about":[{"href":"https:\/\/ebp.org.br\/slo\/wp-json\/wp\/v2\/types\/page"}],"author":[{"embeddable":true,"href":"https:\/\/ebp.org.br\/slo\/wp-json\/wp\/v2\/users\/1"}],"replies":[{"embeddable":true,"href":"https:\/\/ebp.org.br\/slo\/wp-json\/wp\/v2\/comments?post=12876"}],"version-history":[{"count":2,"href":"https:\/\/ebp.org.br\/slo\/wp-json\/wp\/v2\/pages\/12876\/revisions"}],"predecessor-version":[{"id":13014,"href":"https:\/\/ebp.org.br\/slo\/wp-json\/wp\/v2\/pages\/12876\/revisions\/13014"}],"up":[{"embeddable":true,"href":"https:\/\/ebp.org.br\/slo\/wp-json\/wp\/v2\/pages\/12866"}],"wp:attachment":[{"href":"https:\/\/ebp.org.br\/slo\/wp-json\/wp\/v2\/media?parent=12876"}],"curies":[{"name":"wp","href":"https:\/\/api.w.org\/{rel}","templated":true}]}}