{"id":12870,"date":"2024-03-28T10:45:46","date_gmt":"2024-03-28T13:45:46","guid":{"rendered":"https:\/\/ebp.org.br\/slo\/?page_id=12870"},"modified":"2024-09-02T06:40:53","modified_gmt":"2024-09-02T09:40:53","slug":"v-jornadas-ebp-secao-lo-corpo-m-e-m-o-r-i-a-apresentacao","status":"publish","type":"page","link":"https:\/\/ebp.org.br\/slo\/v-jornadas-ebp-secao-lo-corpo-m-e-m-o-r-i-a\/v-jornadas-ebp-secao-lo-corpo-m-e-m-o-r-i-a-apresentacao\/","title":{"rendered":"V Jornadas EBP Se\u00e7\u00e3o-LO \u2013 corpo-m-e-m-o-r-i-a  |  Apresenta\u00e7\u00e3o"},"content":{"rendered":"<section class=\"wpb-content-wrapper\">[vc_row][vc_column][vc_single_image image=&#8221;12868&#8243; alignment=&#8221;center&#8221;][\/vc_column][\/vc_row][vc_row][vc_column][vc_column_text]<img loading=\"lazy\" decoding=\"async\" class=\"size-medium wp-image-12899 alignleft\" src=\"https:\/\/ebp.org.br\/slo\/wp-content\/uploads\/2024\/04\/imagem002-212x300.png\" alt=\"\" width=\"212\" height=\"300\" srcset=\"https:\/\/ebp.org.br\/slo\/wp-content\/uploads\/2024\/04\/imagem002-212x300.png 212w, https:\/\/ebp.org.br\/slo\/wp-content\/uploads\/2024\/04\/imagem002.png 338w\" sizes=\"auto, (max-width: 212px) 100vw, 212px\" \/>A Escola Brasileira de Psican\u00e1lise \u2013 Escola do Campo Freudiano (EBP-ECF) possui sete Se\u00e7\u00f5es que \u2013 distribu\u00eddas por v\u00e1rios Estados do Brasil \u2013 abrangem frequentadores interessados na Psican\u00e1lise. Na Se\u00e7\u00e3o Leste-Oeste n\u00e3o \u00e9 diferente. Suas atividades s\u00e3o realizadas de forma h\u00edbrida, pois sua geografia compreende Esp\u00edrito Santo, Goi\u00e1s, Mato Grosso do Sul e Distrito Federal.<\/p>\n<p>Formada por Membros da EBP, Membros da Se\u00e7\u00e3o, Participantes da Nova Pol\u00edtica da Juventude, Correspondentes, Cartelizantes e demais interessados nos temas que s\u00e3o propostos nas nossas Atividades de Diretoria, Conselho, Biblioteca e Cart\u00e9is, a SLO n\u00e3o renuncia ao rigor nem ao conceito fundamental da Psican\u00e1lise: a transfer\u00eancia.<\/p>\n<p>As V Jornadas da SLO, sob o tema \u201cCORPO, M-E-M-\u00d3-R-I-A\u201d tem como objetivo ampliar o debate sobre \u201ccorpo, tra\u00e7o, mem\u00f3ria\u201d, nos dias 20 e 21 de setembro de 2024, em Vit\u00f3ria, ES. Sintam-se convidados ao trabalho e ao exerc\u00edcio de transmiss\u00e3o da Psican\u00e1lise![\/vc_column_text][\/vc_column][\/vc_row][vc_row][vc_column][vc_video link=&#8221;https:\/\/youtu.be\/mEtQWm7Cs9g?si=reIdtmuPnv4gfyCO&#8221;][\/vc_column][\/vc_row]\n<\/section>","protected":false},"excerpt":{"rendered":"<p>[vc_row][vc_column][vc_single_image image=&#8221;12868&#8243; alignment=&#8221;center&#8221;][\/vc_column][\/vc_row][vc_row][vc_column][vc_column_text]A Escola Brasileira de Psican\u00e1lise \u2013 Escola do Campo Freudiano (EBP-ECF) possui sete Se\u00e7\u00f5es que \u2013 distribu\u00eddas por v\u00e1rios Estados do Brasil \u2013 abrangem frequentadores interessados na Psican\u00e1lise. Na Se\u00e7\u00e3o Leste-Oeste n\u00e3o \u00e9 diferente. Suas atividades s\u00e3o realizadas de forma h\u00edbrida, pois sua geografia compreende Esp\u00edrito Santo, Goi\u00e1s, Mato Grosso do Sul e&hellip;<\/p>\n","protected":false},"author":1,"featured_media":0,"parent":12866,"menu_order":0,"comment_status":"closed","ping_status":"closed","template":"","meta":{"footnotes":""},"class_list":["post-12870","page","type-page","status-publish","hentry","entry","no-media"],"_links":{"self":[{"href":"https:\/\/ebp.org.br\/slo\/wp-json\/wp\/v2\/pages\/12870","targetHints":{"allow":["GET"]}}],"collection":[{"href":"https:\/\/ebp.org.br\/slo\/wp-json\/wp\/v2\/pages"}],"about":[{"href":"https:\/\/ebp.org.br\/slo\/wp-json\/wp\/v2\/types\/page"}],"author":[{"embeddable":true,"href":"https:\/\/ebp.org.br\/slo\/wp-json\/wp\/v2\/users\/1"}],"replies":[{"embeddable":true,"href":"https:\/\/ebp.org.br\/slo\/wp-json\/wp\/v2\/comments?post=12870"}],"version-history":[{"count":8,"href":"https:\/\/ebp.org.br\/slo\/wp-json\/wp\/v2\/pages\/12870\/revisions"}],"predecessor-version":[{"id":13219,"href":"https:\/\/ebp.org.br\/slo\/wp-json\/wp\/v2\/pages\/12870\/revisions\/13219"}],"up":[{"embeddable":true,"href":"https:\/\/ebp.org.br\/slo\/wp-json\/wp\/v2\/pages\/12866"}],"wp:attachment":[{"href":"https:\/\/ebp.org.br\/slo\/wp-json\/wp\/v2\/media?parent=12870"}],"curies":[{"name":"wp","href":"https:\/\/api.w.org\/{rel}","templated":true}]}}