{"id":12622,"date":"2023-05-09T15:36:25","date_gmt":"2023-05-09T18:36:25","guid":{"rendered":"https:\/\/www.ebp.org.br\/slo\/?page_id=12622"},"modified":"2023-05-09T15:36:25","modified_gmt":"2023-05-09T18:36:25","slug":"comissoes-organizadoras","status":"publish","type":"page","link":"https:\/\/ebp.org.br\/slo\/jornadas\/iv-jornadas-ebp-secao-lo-que-loucura-e-essa\/comissoes-organizadoras\/","title":{"rendered":"Comiss\u00f5es Organizadoras"},"content":{"rendered":"<section class=\"wpb-content-wrapper\">[vc_row][vc_column][vc_single_image image=&#8221;12602&#8243; img_size=&#8221;full&#8221;][\/vc_column][\/vc_row][vc_row][vc_column][eikra-vc-text-title title=&#8221;Comiss\u00f5es Organizadoras&#8221;][\/eikra-vc-text-title][\/vc_column][\/vc_row][vc_row][vc_column][vc_column_text]<strong>Coordena\u00e7\u00e3o Geral<\/strong><\/p>\n<ul>\n<li>Giovanna Quaglia\u2013EBP\/AMP<\/li>\n<\/ul>\n<hr \/>\n<p><strong>Comiss\u00e3o Cient\u00edfica<\/strong><\/p>\n<ul>\n<li>Alberto Murta (EBP\/ AMP) &#8211; Coordenador<\/li>\n<li>Ary Farias (EBP\/ AMP)<\/li>\n<li>Denizye Zacharias (EBP\/AMP)<\/li>\n<li>Giovanna Quaglia (EBP\/AMP)<\/li>\n<\/ul>\n<hr \/>\n<p><strong>\u00a0<\/strong><strong>Comiss\u00e3o de Tesouraria<\/strong><\/p>\n<ul>\n<li>Ros\u00e2ngela Ribeiro (EBP\/AMP) &#8211; Coordenadora<\/li>\n<li>Leticia Rosa<\/li>\n<\/ul>\n<hr \/>\n<p><strong>Comiss\u00e3o de Bibliografia <\/strong><\/p>\n<ul>\n<li>T\u00e2nia Prates (Aderente SLO) &#8211; Coordenadora<\/li>\n<li>Adriana Gomes Pessoa (Aderente SLO)<\/li>\n<li>Giovana Bessa Borges Heinemann<\/li>\n<li>Helen da Costa Guerra<\/li>\n<li>Romeu Maia<\/li>\n<\/ul>\n<p><strong>Comiss\u00e3o de Livraria<\/strong><\/p>\n<ul>\n<li>Anna Rog\u00e9ria Oliveira &#8211; Coordenadora<\/li>\n<li>Ivana Peixoto Bueno Corva<\/li>\n<li>Regina Cheli Prati<\/li>\n<li>Fabiana Engel Fratari<\/li>\n<\/ul>\n<hr \/>\n<p><strong>Comiss\u00e3o de Tradu\u00e7\u00e3o<\/strong><\/p>\n<ul>\n<li>Bartyra Ribeiro de Castro (EBP\/AMP) &#8211; Coordenadora<\/li>\n<li>Claudia Pereira do Carmo Murta (EBP\/AMP)<\/li>\n<li>Luis Francisco E. Camargo (EBP\/AMP)<\/li>\n<\/ul>\n<hr \/>\n<p><strong>Comiss\u00e3o de Comunica\u00e7\u00e3o<\/strong><\/p>\n<ul>\n<li>Jaqueline Coelho (EBP\/AMP) &#8211; Coordenadora<\/li>\n<\/ul>\n<p style=\"padding-left: 40px;\">Subcomiss\u00e3o de Boletim: Juliana Bressanelli L\u00f3ra &#8211; Coordenadora<\/p>\n<ul>\n<li style=\"list-style-type: none;\">\n<ul>\n<li>Cristina Alves Barbosa Santos<\/li>\n<li>Gize de Bessa Catarineli<\/li>\n<li>Paulo S\u00e9rgio da Silva (Aderente SLO)<\/li>\n<li>Renata Tavares Imperial<\/li>\n<li>Rozilene Martins Victor<\/li>\n<\/ul>\n<\/li>\n<\/ul>\n<p style=\"padding-left: 40px;\"><strong>\u00a0<\/strong>Subcomiss\u00e3o de M\u00eddias: Ricardo Rezende &#8211; Coordenador<\/p>\n<ul>\n<li style=\"list-style-type: none;\">\n<ul>\n<li>Adriano Moreira<\/li>\n<li>Juliana Borges Naves<\/li>\n<li>Let\u00edcia Rosa<\/li>\n<li>Tiago Barbosa<\/li>\n<li>Victor Caetano Pereira Rocha<\/li>\n<\/ul>\n<\/li>\n<\/ul>\n<p style=\"padding-left: 40px;\">Subcomiss\u00e3o de Divulga\u00e7\u00e3o: Ana Paula Fernandes Rezende &#8211; Coordenadora<\/p>\n<ul>\n<li style=\"list-style-type: none;\">\n<ul>\n<li>Ceres L\u00eada R\u00fabio<\/li>\n<li>Fernanda de F\u00e1tima Fernandes<\/li>\n<li>Francklin Lino Martins<\/li>\n<li>Luana Santos Silva<\/li>\n<li>Lucas Fraga Gomes<\/li>\n<li>M\u00e1rio Batista da Silva Neto<\/li>\n<li>Paula Ferreira C\u00e2ndida<\/li>\n<\/ul>\n<\/li>\n<\/ul>\n<hr \/>\n<p><strong>Comiss\u00e3o de Infraestrutura \u00a0<\/strong><\/p>\n<ul>\n<li>Tiago Barbosa &#8211; Coordenador<\/li>\n<\/ul>\n<p style=\"padding-left: 40px;\">Subcomiss\u00e3o de acolhimento: Luciana Pedron &#8211; Coordenadora<\/p>\n<ul>\n<li style=\"list-style-type: none;\">\n<ul>\n<li>Aparecida Andrade<\/li>\n<li>Daniel Rancan<\/li>\n<li>Geanine Vieira<\/li>\n<li>Juliana Prado<\/li>\n<li>Maila Rocha<\/li>\n<li>Melissa Fukuchi<\/li>\n<li>Rozilene Martins Victor<\/li>\n<\/ul>\n<\/li>\n<\/ul>\n<p style=\"padding-left: 40px;\">Subcomiss\u00e3o de suporte <em>On line<\/em>: Gabriel Caixeta &#8211; Coordenador<\/p>\n<ul>\n<li style=\"list-style-type: none;\">\n<ul>\n<li>Isangela Lins Almeida<\/li>\n<li>Leonora Arruda Florencio Gon\u00e7alves<\/li>\n<li>M\u00e1rio Batista da Silva<\/li>\n<li>Rafaela Vieira de Oliveira Quixabeira<\/li>\n<li>Rafaella Cunha Paulino Silva Pfrimer<\/li>\n<li>Randra Machado Gondouin<\/li>\n<\/ul>\n<\/li>\n<\/ul>\n<p><strong>Assessoria de Design e Web:<\/strong><\/p>\n<ul>\n<li>Bruno Senna<\/li>\n<\/ul>\n[\/vc_column_text][\/vc_column][\/vc_row]\n<\/section>","protected":false},"excerpt":{"rendered":"<p>[vc_row][vc_column][vc_single_image image=&#8221;12602&#8243; img_size=&#8221;full&#8221;][\/vc_column][\/vc_row][vc_row][vc_column][eikra-vc-text-title title=&#8221;Comiss\u00f5es Organizadoras&#8221;][\/eikra-vc-text-title][\/vc_column][\/vc_row][vc_row][vc_column][vc_column_text]Coordena\u00e7\u00e3o Geral Giovanna Quaglia\u2013EBP\/AMP Comiss\u00e3o Cient\u00edfica Alberto Murta (EBP\/ AMP) &#8211; Coordenador Ary Farias (EBP\/ AMP) Denizye Zacharias (EBP\/AMP) Giovanna Quaglia (EBP\/AMP) \u00a0Comiss\u00e3o de Tesouraria Ros\u00e2ngela Ribeiro (EBP\/AMP) &#8211; Coordenadora Leticia Rosa Comiss\u00e3o de Bibliografia T\u00e2nia Prates (Aderente SLO) &#8211; Coordenadora Adriana Gomes Pessoa (Aderente SLO) Giovana Bessa Borges Heinemann Helen&hellip;<\/p>\n","protected":false},"author":1,"featured_media":0,"parent":12601,"menu_order":0,"comment_status":"closed","ping_status":"closed","template":"","meta":{"footnotes":""},"class_list":["post-12622","page","type-page","status-publish","hentry","entry","no-media"],"_links":{"self":[{"href":"https:\/\/ebp.org.br\/slo\/wp-json\/wp\/v2\/pages\/12622","targetHints":{"allow":["GET"]}}],"collection":[{"href":"https:\/\/ebp.org.br\/slo\/wp-json\/wp\/v2\/pages"}],"about":[{"href":"https:\/\/ebp.org.br\/slo\/wp-json\/wp\/v2\/types\/page"}],"author":[{"embeddable":true,"href":"https:\/\/ebp.org.br\/slo\/wp-json\/wp\/v2\/users\/1"}],"replies":[{"embeddable":true,"href":"https:\/\/ebp.org.br\/slo\/wp-json\/wp\/v2\/comments?post=12622"}],"version-history":[{"count":0,"href":"https:\/\/ebp.org.br\/slo\/wp-json\/wp\/v2\/pages\/12622\/revisions"}],"up":[{"embeddable":true,"href":"https:\/\/ebp.org.br\/slo\/wp-json\/wp\/v2\/pages\/12601"}],"wp:attachment":[{"href":"https:\/\/ebp.org.br\/slo\/wp-json\/wp\/v2\/media?parent=12622"}],"curies":[{"name":"wp","href":"https:\/\/api.w.org\/{rel}","templated":true}]}}