{"id":12618,"date":"2023-05-09T15:35:37","date_gmt":"2023-05-09T18:35:37","guid":{"rendered":"https:\/\/www.ebp.org.br\/slo\/?page_id=12618"},"modified":"2023-05-09T15:35:37","modified_gmt":"2023-05-09T18:35:37","slug":"inscricoes","status":"publish","type":"page","link":"https:\/\/ebp.org.br\/slo\/jornadas\/iv-jornadas-ebp-secao-lo-que-loucura-e-essa\/inscricoes\/","title":{"rendered":"Inscri\u00e7\u00f5es"},"content":{"rendered":"<section class=\"wpb-content-wrapper\">[vc_row][vc_column][vc_single_image image=&#8221;12602&#8243; img_size=&#8221;full&#8221;][\/vc_column][\/vc_row][vc_row][vc_column][eikra-vc-text-title title=&#8221;Inscri\u00e7\u00f5es Abertas!&#8221;][\/eikra-vc-text-title][vc_column_text]<span style=\"color: #993300;\"><strong>* Consulte no site do Sympla as op\u00e7\u00f5es de parcelamento.<\/strong><\/span>[\/vc_column_text][vc_row_inner][vc_column_inner width=&#8221;1\/3&#8243; css=&#8221;.vc_custom_1685014270255{margin-right: 10px !important;margin-left: 10px !important;border-top-width: 10px !important;border-right-width: 10px !important;border-bottom-width: 10px !important;border-left-width: 10px !important;padding-right: 0px !important;padding-left: 0px !important;background-color: #e8e8e8 !important;border-left-color: #ffffff !important;border-left-style: s\u00f3lido !important;border-right-color: #ffffff !important;border-right-style: s\u00f3lido !important;border-top-color: #ffffff !important;border-top-style: s\u00f3lido !important;border-bottom-color: #ffffff !important;border-bottom-style: s\u00f3lido !important;border-radius: 15px !important;}&#8221;][vc_column_text]\n<p style=\"text-align: center;\"><strong>Membros<\/strong><\/p>\n<h3 style=\"text-align: center;\"><span style=\"color: #0000ff;\">R$250,00<\/span><\/h3>\n[\/vc_column_text][vc_btn title=&#8221;Fa\u00e7a sua Inscri\u00e7\u00e3o&#8221; color=&#8221;peacoc&#8221; align=&#8221;center&#8221; link=&#8221;url:https%3A%2F%2Fwww.sympla.com.br%2Fiv-jornadas-ebp-secao-leste-oeste__1991416&#8243;][\/vc_column_inner][vc_column_inner width=&#8221;1\/3&#8243; css=&#8221;.vc_custom_1685014325372{margin-right: 10px !important;margin-left: 10px !important;border-top-width: 10px !important;border-right-width: 10px !important;border-bottom-width: 10px !important;border-left-width: 10px !important;padding-right: 0px !important;padding-left: 0px !important;background-color: #e8e8e8 !important;border-left-color: #ffffff !important;border-left-style: s\u00f3lido !important;border-right-color: #ffffff !important;border-right-style: s\u00f3lido !important;border-top-color: #ffffff !important;border-top-style: s\u00f3lido !important;border-bottom-color: #ffffff !important;border-bottom-style: s\u00f3lido !important;border-radius: 15px !important;}&#8221;][vc_column_text]\n<p style=\"text-align: center;\"><strong>Aderentes e Profissionais<\/strong><\/p>\n<h3 style=\"text-align: center;\"><span style=\"color: #0000ff;\">R$210,00<\/span><\/h3>\n[\/vc_column_text][vc_btn title=&#8221;Fa\u00e7a sua Inscri\u00e7\u00e3o&#8221; color=&#8221;peacoc&#8221; align=&#8221;center&#8221; link=&#8221;url:https%3A%2F%2Fwww.sympla.com.br%2Fiv-jornadas-ebp-secao-leste-oeste__1991416&#8243;][\/vc_column_inner][vc_column_inner width=&#8221;1\/3&#8243; css=&#8221;.vc_custom_1685014284549{margin-right: 10px !important;margin-left: 10px !important;border-top-width: 10px !important;border-right-width: 10px !important;border-bottom-width: 10px !important;border-left-width: 10px !important;padding-right: 0px !important;padding-left: 0px !important;background-color: #e8e8e8 !important;border-left-color: #ffffff !important;border-left-style: s\u00f3lido !important;border-right-color: #ffffff !important;border-right-style: s\u00f3lido !important;border-top-color: #ffffff !important;border-top-style: s\u00f3lido !important;border-bottom-color: #ffffff !important;border-bottom-style: s\u00f3lido !important;border-radius: 15px !important;}&#8221;][vc_column_text]\n<p style=\"text-align: center;\"><strong>Estudantes de gradua\u00e7\u00e3o* e alunos do curso anual do IPLO: Inicia\u00e7\u00e3o \u00e0 teoria psicanal\u00edtica &#8211; conceitos fundamentais*<\/strong><\/p>\n<h3 style=\"text-align: center;\"><span style=\"color: #0000ff;\">R$180,00<\/span><\/h3>\n[\/vc_column_text][vc_btn title=&#8221;Fa\u00e7a sua Inscri\u00e7\u00e3o&#8221; color=&#8221;peacoc&#8221; align=&#8221;center&#8221; link=&#8221;url:https%3A%2F%2Fwww.sympla.com.br%2Fiv-jornadas-ebp-secao-leste-oeste__1991416&#8243;][\/vc_column_inner][\/vc_row_inner][vc_row_inner][vc_column_inner width=&#8221;1\/3&#8243; css=&#8221;.vc_custom_1685013728064{margin-top: 10px !important;margin-right: 10px !important;margin-bottom: 10px !important;margin-left: 10px !important;}&#8221;][\/vc_column_inner][vc_column_inner width=&#8221;1\/3&#8243;][\/vc_column_inner][vc_column_inner width=&#8221;1\/3&#8243;][vc_column_text]\n<h6 style=\"text-align: center;\">*mediante envio de comprovante de matr\u00edcula para o e-mail: <a href=\"mailto:ivjornadas.slo@gmail.com\">ivjornadas.slo@gmail.com<\/a>.<\/h6>\n[\/vc_column_text][\/vc_column_inner][\/vc_row_inner][\/vc_column][\/vc_row]\n<\/section>","protected":false},"excerpt":{"rendered":"<p>[vc_row][vc_column][vc_single_image image=&#8221;12602&#8243; img_size=&#8221;full&#8221;][\/vc_column][\/vc_row][vc_row][vc_column][eikra-vc-text-title title=&#8221;Inscri\u00e7\u00f5es Abertas!&#8221;][\/eikra-vc-text-title][vc_column_text]* Consulte no site do Sympla as op\u00e7\u00f5es de parcelamento.[\/vc_column_text][vc_row_inner][vc_column_inner width=&#8221;1\/3&#8243; css=&#8221;.vc_custom_1685014270255{margin-right: 10px !important;margin-left: 10px !important;border-top-width: 10px !important;border-right-width: 10px !important;border-bottom-width: 10px !important;border-left-width: 10px !important;padding-right: 0px !important;padding-left: 0px !important;background-color: #e8e8e8 !important;border-left-color: #ffffff !important;border-left-style: s\u00f3lido !important;border-right-color: #ffffff !important;border-right-style: s\u00f3lido !important;border-top-color: #ffffff !important;border-top-style: s\u00f3lido !important;border-bottom-color: #ffffff !important;border-bottom-style: s\u00f3lido !important;border-radius: 15px !important;}&#8221;][vc_column_text] Membros R$250,00 [\/vc_column_text][vc_btn&hellip;<\/p>\n","protected":false},"author":1,"featured_media":0,"parent":12601,"menu_order":0,"comment_status":"closed","ping_status":"closed","template":"","meta":{"footnotes":""},"class_list":["post-12618","page","type-page","status-publish","hentry","entry","no-media"],"_links":{"self":[{"href":"https:\/\/ebp.org.br\/slo\/wp-json\/wp\/v2\/pages\/12618","targetHints":{"allow":["GET"]}}],"collection":[{"href":"https:\/\/ebp.org.br\/slo\/wp-json\/wp\/v2\/pages"}],"about":[{"href":"https:\/\/ebp.org.br\/slo\/wp-json\/wp\/v2\/types\/page"}],"author":[{"embeddable":true,"href":"https:\/\/ebp.org.br\/slo\/wp-json\/wp\/v2\/users\/1"}],"replies":[{"embeddable":true,"href":"https:\/\/ebp.org.br\/slo\/wp-json\/wp\/v2\/comments?post=12618"}],"version-history":[{"count":0,"href":"https:\/\/ebp.org.br\/slo\/wp-json\/wp\/v2\/pages\/12618\/revisions"}],"up":[{"embeddable":true,"href":"https:\/\/ebp.org.br\/slo\/wp-json\/wp\/v2\/pages\/12601"}],"wp:attachment":[{"href":"https:\/\/ebp.org.br\/slo\/wp-json\/wp\/v2\/media?parent=12618"}],"curies":[{"name":"wp","href":"https:\/\/api.w.org\/{rel}","templated":true}]}}