{"id":12616,"date":"2023-05-09T15:35:16","date_gmt":"2023-05-09T18:35:16","guid":{"rendered":"https:\/\/www.ebp.org.br\/slo\/?page_id=12616"},"modified":"2023-05-09T15:35:16","modified_gmt":"2023-05-09T18:35:16","slug":"envio-de-trabalhos","status":"publish","type":"page","link":"https:\/\/ebp.org.br\/slo\/jornadas\/iv-jornadas-ebp-secao-lo-que-loucura-e-essa\/envio-de-trabalhos\/","title":{"rendered":"Envio de trabalhos"},"content":{"rendered":"<section class=\"wpb-content-wrapper\">[vc_row][vc_column][vc_single_image image=&#8221;12602&#8243; img_size=&#8221;full&#8221;][\/vc_column][\/vc_row][vc_row][vc_column][eikra-vc-text-title title=&#8221;Envio de trabalhos&#8221;][\/eikra-vc-text-title][\/vc_column][\/vc_row][vc_row][vc_column][vc_column_text]<strong><em>\u00a0<\/em><\/strong><strong>Os trabalhos devem ser enviados at\u00e9 30\/07\/2023 <\/strong><\/p>\n<ul>\n<li>Os textos devem ter, no m\u00e1ximo, 4500 caracteres (com espa\u00e7os) escritos em formato WORD, fonte Times New Roman, tamanho 12, justificado, espa\u00e7amento de 1,5 entre linhas.<\/li>\n<li>No cabe\u00e7alho deve constar: T\u00edtulo do trabalho, eixo em que o trabalho est\u00e1 inserido, nome completo e e-mail do autor.<\/li>\n<li>Os trabalhos n\u00e3o devem ser pautados em relatos de casos cl\u00ednicos, mas podem conter pequenas vinhetas desde que resguardem a identidade do paciente.<\/li>\n<li>As refer\u00eancias bibliogr\u00e1ficas citadas devem ser apresentadas da seguinte forma:\n<ul>\n<li>Autor, T\u00edtulo do livro, \u201ct\u00edtulo do artigo ou cap\u00edtulo\u201d, local, editora, ano, p\u00e1gina.<\/li>\n<li>\u201cT\u00edtulo do artigo\u201d, p\u00e1gina (site) de onde foi retirado o texto ou artigo.<\/li>\n<\/ul>\n<\/li>\n<li>Enviar para: <strong>jornadasebplo@gmail.com <\/strong><\/li>\n<li>Colocar no assunto do e-mail: Sobrenome do autor, seguido de IV Jornadas e eixo sobre o qual escolheu escrever.<\/li>\n<\/ul>\n<p><strong>Para que o trabalho seja avaliado \u00e9 necess\u00e1rio que o(a) autor(a) esteja inscrito (a) nas IV Jornadas.\u00a0 <\/strong>[\/vc_column_text][\/vc_column][\/vc_row]\n<\/section>","protected":false},"excerpt":{"rendered":"<p>[vc_row][vc_column][vc_single_image image=&#8221;12602&#8243; img_size=&#8221;full&#8221;][\/vc_column][\/vc_row][vc_row][vc_column][eikra-vc-text-title title=&#8221;Envio de trabalhos&#8221;][\/eikra-vc-text-title][\/vc_column][\/vc_row][vc_row][vc_column][vc_column_text]\u00a0Os trabalhos devem ser enviados at\u00e9 30\/07\/2023 Os textos devem ter, no m\u00e1ximo, 4500 caracteres (com espa\u00e7os) escritos em formato WORD, fonte Times New Roman, tamanho 12, justificado, espa\u00e7amento de 1,5 entre linhas. No cabe\u00e7alho deve constar: T\u00edtulo do trabalho, eixo em que o trabalho est\u00e1 inserido, nome completo e&hellip;<\/p>\n","protected":false},"author":1,"featured_media":0,"parent":12601,"menu_order":0,"comment_status":"closed","ping_status":"closed","template":"","meta":{"footnotes":""},"class_list":["post-12616","page","type-page","status-publish","hentry","entry","no-media"],"_links":{"self":[{"href":"https:\/\/ebp.org.br\/slo\/wp-json\/wp\/v2\/pages\/12616","targetHints":{"allow":["GET"]}}],"collection":[{"href":"https:\/\/ebp.org.br\/slo\/wp-json\/wp\/v2\/pages"}],"about":[{"href":"https:\/\/ebp.org.br\/slo\/wp-json\/wp\/v2\/types\/page"}],"author":[{"embeddable":true,"href":"https:\/\/ebp.org.br\/slo\/wp-json\/wp\/v2\/users\/1"}],"replies":[{"embeddable":true,"href":"https:\/\/ebp.org.br\/slo\/wp-json\/wp\/v2\/comments?post=12616"}],"version-history":[{"count":0,"href":"https:\/\/ebp.org.br\/slo\/wp-json\/wp\/v2\/pages\/12616\/revisions"}],"up":[{"embeddable":true,"href":"https:\/\/ebp.org.br\/slo\/wp-json\/wp\/v2\/pages\/12601"}],"wp:attachment":[{"href":"https:\/\/ebp.org.br\/slo\/wp-json\/wp\/v2\/media?parent=12616"}],"curies":[{"name":"wp","href":"https:\/\/api.w.org\/{rel}","templated":true}]}}