{"id":12614,"date":"2023-05-09T15:34:54","date_gmt":"2023-05-09T18:34:54","guid":{"rendered":"https:\/\/www.ebp.org.br\/slo\/?page_id=12614"},"modified":"2023-05-09T15:34:54","modified_gmt":"2023-05-09T18:34:54","slug":"bibliografia","status":"publish","type":"page","link":"https:\/\/ebp.org.br\/slo\/jornadas\/iv-jornadas-ebp-secao-lo-que-loucura-e-essa\/bibliografia\/","title":{"rendered":"Bibliografia"},"content":{"rendered":"<section class=\"wpb-content-wrapper\">[vc_row][vc_column][vc_single_image image=&#8221;12602&#8243; img_size=&#8221;full&#8221;][\/vc_column][\/vc_row][vc_row][vc_column][eikra-vc-text-title title=&#8221;Bibliografia&#8221;][\/eikra-vc-text-title][\/vc_column][\/vc_row][vc_row][vc_column][vc_column_text]<strong>FREUD:<\/strong><\/p>\n<p>FREUD, S. O infamiliar. In:<strong> Obras incompletas de Sigmund Freud<\/strong>. Belo Horizonte: Aut\u00eantica, 2019.<\/p>\n<p>___. Cultura, sociedade e religi\u00e3o. O mal estar na cultura e outros escritos. In: <strong>Obras incompletas de Sigmund Freud<\/strong>. Belo Horizonte: Aut\u00eantica, 2021.<\/p>\n<p>___. Fundamentos da cl\u00ednica Psicanal\u00edtica: In. <strong>Obras incompletas de Sigmund Freud<\/strong>. Belo Horizonte: Aut\u00eantica, 2021.<\/p>\n<p>___. Arte, literatura e os artistas. In: <strong>Obras incompletas de Sigmund Freud<\/strong>. Belo Horizonte: Aut\u00eantica, 2021.<\/p>\n<p>___. Psicopatologia da vida cotidiana. Sobre esquecimentos, lapsos verbais, a\u00e7\u00f5es equivocadas, supersti\u00e7\u00f5es e erros. In: <strong>Obras incompletas de Sigmund Freud<\/strong>. Belo Horizonte: Aut\u00eantica, 2023.<\/p>\n<p>___. Inibi\u00e7\u00e3o, sintoma e ang\u00fastia, O futuro de uma ilus\u00e3o e outros textos. In: <strong>Obras Completas<\/strong>, v. 17. S\u00e3o Paulo: Companhia das letras, 2014.<\/p>\n<p>___. Formula\u00e7\u00f5es sobre os dois princ\u00edpios do funcionamento ps\u00edquico. In <strong>Obras Completas<\/strong>, v. 10. S\u00e3o Paulo: Companhia das letras, 2010.<\/p>\n<hr \/>\n<p><strong>LACAN:<\/strong><\/p>\n<p>LACAN, J. M. <strong>O Semin\u00e1rio. Livro 1. Os escritos t\u00e9cnicos de Freud.<\/strong> Rio de Janeiro: Zahar, 1985.<\/p>\n<p>___. <strong>O Semin\u00e1rio. Livro 10. A ang\u00fastia. <\/strong>Rio de Janeiro: Zahar, 2005.<\/p>\n<p>___. <strong>O Semin\u00e1rio. Livro 11. Os quatro conceitos fundamentais da psican\u00e1lise.<\/strong> Rio de Janeiro: Zahar, 1988.<\/p>\n<p>___. <strong>O Semin\u00e1rio. Livro 14. A l\u00f3gica da fantasia<\/strong>. In\u00e9dito.<\/p>\n<p>___. <strong>O Semin\u00e1rio. Livro 17. O avesso da Psican\u00e1lise.<\/strong> Rio de Janeiro: Zahar, 1992.<\/p>\n<p>___. <strong>O Semin\u00e1rio. Livro 20. Mais Ainda.<\/strong> Rio de Janeiro: Zahar, 1985.<\/p>\n<p>___.<strong> O Semin\u00e1rio. Livro 23. O Sinthoma.<\/strong> Rio de Janeiro: Zahar, 2007.<\/p>\n<p>___. A psican\u00e1lise e seu ensino. In: <strong>Escritos.<\/strong> Rio de Janeiro: Zahar, 1998.<\/p>\n<p>___. Ato de funda\u00e7\u00e3o. In: <strong>Outros escritos.<\/strong> Rio de Janeiro: Zahar, 2003.<\/p>\n<p>___. Proposi\u00e7\u00e3o de 9 de outubro de 1967 sobre o psicanalista da Escola. In: <strong>Outros escritos.<\/strong> Rio de Janeiro: Zahar, 2003.<\/p>\n<p>___. Nota sobre a crian\u00e7a. In: <strong>Outros escritos.<\/strong> Rio de Janeiro: Zahar, 2003.<\/p>\n<p>___. Televis\u00e3o. In: <strong>Outros escritos.<\/strong> Rio de Janeiro: Zahar, 2003.<\/p>\n<p>___. Alocu\u00e7\u00e3o sobre o ensino. In: <strong>Outros escritos.<\/strong> Rio de Janeiro: Zahar, 2003.<\/p>\n<p>___. Pref\u00e1cio \u00e0 edi\u00e7\u00e3o inglesa do Semin\u00e1rio 11. In: <strong>Outros escritos.<\/strong> Rio de Janeiro: Zahar, 2003.<\/p>\n<p>___. O triunfo da religi\u00e3o. Rio de Janeiro: Zahar, 2005.<\/p>\n<p>___. <strong>Meu ensino<\/strong>. Rio de Janeiro: Zahar, 2006.<\/p>\n<p>___. <strong>Estou falando com as paredes<\/strong>. Rio de Janeiro: Zahar, 2011.<\/p>\n<p>___. Transfer\u00eancia para Saint Denis? Lacan a favor de Vincennes! In: <strong>Correio \u2013 Revista da Escola Brasileira de Psican\u00e1lise<\/strong>, S\u00e3o Paulo: EBP, 2010\/ 1978, p. 31.<\/p>\n<p>___. A terceira. In: <strong>Op\u00e7\u00e3o lacaniana<\/strong>, n. 62, S\u00e3o Paulo: Eolia, 2011.<\/p>\n<hr \/>\n<p><strong>MILLER:<\/strong><\/p>\n<p>MILLER, J.-A. <strong>A psicose ordin\u00e1ria. A conven\u00e7\u00e3o de Antibes.<\/strong> Belo Horizonte: Scriptum, 2012.<\/p>\n<p>___. <strong>Todo el mundo es loco.<\/strong> Buenos Aires: Paid\u00f3s, 2020.<\/p>\n<p>___. <strong>Perspectivas do Semin\u00e1rio 23 de Lacan: O sinthoma.<\/strong> Rio de Janeiro: Zahar, 2009.<\/p>\n<p>___. <strong>El lugar y el lazo.<\/strong> Buenos Aires: Paid\u00f3s, 2013.<\/p>\n<p>___. <strong>El Outro que no existe y sus comit\u00e9s de \u00e9tica (em colaboraci\u00f3n con \u00c9ric Laurent)<\/strong>. Buenos Aires: Paid\u00f3s, 2005<\/p>\n<p>___. <strong>Los signos del goce<\/strong>. Buenos Aires: Paid\u00f3s, 1998.<\/p>\n<p>___. <strong>Piezas sueltas<\/strong>. Buenos Aires: Paid\u00f3s, 2013.<\/p>\n<p>___. <strong>Pol\u00edtica lacaniana<\/strong>. Buenos Aires: Colecci\u00f3n Diva, 2017.<\/p>\n<p>___. <strong>Pol\u00e9mica pol\u00edtica<\/strong>. Barcelona: EBA Libros, 2021.<\/p>\n<p>___. <strong>Punto cenit: pol\u00edtica, religi\u00f3n y el psican\u00e1lisis.<\/strong> Buenos Aires: Colecci\u00f3n Diva, 2012.<\/p>\n<p>___. Intui\u00e7\u00f5es milanesas I. In. <em><strong>Op\u00e7\u00e3o lacaniana online nova s\u00e9rie<\/strong><\/em><strong><em>, <\/em><\/strong>Ano 2, n. 5, julho 2011, p. 13. ISSN 2177-2673 (<a href=\"about:blank\">www.opcaolacaniana.com.br\/pdf\/numero_5\/Intui\u00e7\u00f5es_milanesas.pdf<\/a>).<\/p>\n<p>___. Intui\u00e7\u00f5es milanesas II. In. <strong>Op\u00e7\u00e3o Lacaniana online nova s\u00e9rie. <\/strong>Ano 2, n. 6, novembro 2011. ISSN 2177-2673.<\/p>\n<p>___. A salva\u00e7\u00e3o pelos dejetos. In. <strong>Mental: Clinique et pragmatique de la desinsertion en psychanalyse<\/strong>, n. 24. Clamecy, avril, 2010. Dispon\u00edvel em: <a href=\"about:blank\">http:\/\/www.ebp.org.br\/enapol\/09\/pt\/textos_online\/jam.pdf<\/a>.<\/p>\n<p>___. y OTROS. <strong>Los inclassificables de la cl\u00ednica psicanal\u00edtica.<\/strong> Buenos Aires: Paid\u00f3s, 1999.<\/p>\n<p>___. Efeito do retorno \u00e0 psicose ordin\u00e1ria. <strong>Op\u00e7\u00e3o Lacaniana on line nova s\u00e9rie<\/strong>, ano 1, n. 3, 2010. Dispon\u00edvel em: <a href=\"about:blank\">http:\/\/www.opcaolacaniana.com.br\/pdf\/numero_3\/efeito_do_retorno_psicose_ordinaria.pdf<\/a>.<\/p>\n<p>___. Todo mundo \u00e9 louco &#8211; AMP 2024. In: <strong>Op\u00e7\u00e3o lacaniana<\/strong>, n. 85, S\u00e3o Paulo: Eolia, 2022.<\/p>\n<p>___. Campo Freudiano, ano zero. In: <strong>Op\u00e7\u00e3o lacaniana<\/strong>, n. 78, S\u00e3o Paulo: Eolia, 2018.<\/p>\n<p>___. Heresia e ortodoxia. In: <strong>Op\u00e7\u00e3o lacaniana<\/strong>, n. 78, S\u00e3o Paulo: Eolia, 2018.<\/p>\n<p>___. Ponto de Basta. In: <strong>Op\u00e7\u00e3o lacaniana<\/strong>, n. 79, S\u00e3o Paulo: Eolia, 2018.<\/p>\n<p>___.; LACAN, J. <strong>Terceira\/Teoria de lal\u00edngua<\/strong>. Rio de Janeiro: Zahar, 2023.<\/p>\n<hr \/>\n<p><strong>GUY BRIOLE<\/strong><\/p>\n<p>BRIOLE, G. Amarra\u00e7\u00f5es. In: <strong>Um real para o s\u00e9culo XXI<\/strong>. Belo Horizonte: Scriptum, 2014.<\/p>\n<p>___. (Coordinaci\u00f3n). <strong>C\u00f3mo orientarse em la cl\u00ednica<\/strong>. Buenos Aires: Grama, 2019.<\/p>\n<p>___. Desvelamentos. In: <strong>A ordem simb\u00f3lica no s\u00e9culo XXI<\/strong>. Rio de Janeiro: AMP Subversos, 2013.<\/p>\n<p>___. Essa cicatriz, aqui. In: <strong>Op\u00e7\u00e3o lacaniana<\/strong>, n. 61, S\u00e3o Paulo: Eolia, 2011.<\/p>\n<p>___. Aggiornamento. In: <strong>Op\u00e7\u00e3o lacaniana<\/strong>, n. 73, S\u00e3o Paulo: Eolia, 2017.<\/p>\n<p>&nbsp;<\/p>\n<h6>***Optamos por colocar como Bibliografia b\u00e1sica os textos de Freud, Lacan, Miller e Guy Briole. Os textos de outros autores ser\u00e3o colocados na Bibliografia complementar.<\/h6>\n<hr \/>\n<p><strong>BIBLIOGRAFIA COMPLEMENTAR PARA AS IV JORNADAS DA EBP LO<\/strong><\/p>\n<ol>\n<li>ALBERTI, C.; ALVARENGA, E. (Org.) <strong>Ser m\u00e3e \u2013 mulheres psicanalistas falam da maternidade.<\/strong> Belo Horizonte: EBP, 2015.<\/li>\n<li>ALVARENGA, E. <strong>Entre o gozo e o desejo: uma leitura do Semin\u00e1rio A Ang\u00fastia de Jacques Lacan.<\/strong> Belo Horizonte: Scriptum, 2022.<\/li>\n<li>ANSERMET, F. <strong>Cl\u00ednica da origem: a crian\u00e7a entre a medicina e a psican\u00e1lise.<\/strong> Rio de Janeiro: Contra Capa, 2013.<\/li>\n<li><strong>Scilicet: As psicoses ordin\u00e1rias e as outras &#8211; sob transfer\u00eancia.<\/strong> S\u00e3o Paulo: Escola Brasileira de Psican\u00e1lise, 2018.\n<ol start=\"2011\">\n<li><strong>Scilicet: A ordem simb\u00f3lica no s\u00e9culo XXI.<\/strong> Belo Horizonte: Scriptum, 2011.<\/li>\n<\/ol>\n<\/li>\n<li>BARRETO, F. P. <strong>Foraclus\u00e3o e suas dores: a po\u00e9tica de uma cl\u00ednica.<\/strong> Belo Horizonte: Scriptum, 2022.<\/li>\n<li>BARROS, R. R. <strong>Compuls\u00f5es e obsess\u00f5es &#8211; Uma neurose de futuro.<\/strong> Rio de Janeiro: Civiliza\u00e7\u00e3o Brasileira, 2012.<\/li>\n<li>BATISTA, M. C. D.; LAIA, S. (Org.) <strong>Todo mundo delira.<\/strong> Belo Horizonte: Scriptum, 2010.<\/li>\n<li>BATTISTA, G.; NEGRO, M. (Org.) <strong>Incidencias cl\u00ednicas de la carencia paterna. \u00bfC\u00f3mo se analiza hoy?<\/strong> Buenos Aires: Grama, 2019.<\/li>\n<li>BLASCO, A. (Org.) <strong>La sexualidade en el siglo XXI: la elecci\u00f3n del sexo.<\/strong> Buenos Aires: Grama, 2019.<\/li>\n<li>BRIOLE, G. <strong>La feminizaci\u00f3n del mundo: mania, melancolia y goce triste en el siglo XXI.<\/strong> C\u00f3rdoba: Babel, 2013.\n<ul>\n<li>O discurso sombrio. In: <strong>Op\u00e7\u00e3o lacaniana<\/strong>, n. 85, S\u00e3o Paulo: Eolia, 2022.<\/li>\n<li>Passar para o sinthoma. In: <strong>Op\u00e7\u00e3o lacaniana<\/strong>, n. 63, S\u00e3o Paulo: Eolia, 2012.<\/li>\n<li>Guerra. In: <strong>Op\u00e7\u00e3o lacaniana<\/strong>, n. 60, S\u00e3o Paulo: Eolia, 2011.<\/li>\n<\/ul>\n<\/li>\n<li>BRISSET, F. O.; SANTIAGO, A. L.; MILLER, J. (Org.) <strong>Crian\u00e7as falam! E t\u00eam o que dizer. Experi\u00eancias do CIEN no Brasil.<\/strong> Belo Horizonte: Scriptum, 2013.<\/li>\n<li>BRODSKY, G. <strong>Loucuras discretas: um semin\u00e1rio sobre as chamadas psicoses ordin\u00e1rias.<\/strong> Belo Horizonte: Scriptum, 2011.<\/li>\n<li>BROUSSE, M.-H. <strong>Mulheres e discursos.<\/strong> Rio de Janeiro: Contra Capa, 2019.\n<ol start=\"2018\">\n<li><strong>O inconsciente \u00e9 a pol\u00edtica.<\/strong> S\u00e3o Paulo: Escola Brasileira de Psican\u00e1lise, 2018.<\/li>\n<\/ol>\n<\/li>\n<li>CAMPOS, S. <strong>Investiga\u00e7\u00f5es lacanianas sobre as psicoses: volume 2: as psicoses ordin\u00e1rias.<\/strong> Belo Horizonte: Topol\u00f3gica, 2022.\n<ol start=\"2022\">\n<li><strong>Investiga\u00e7\u00f5es lacanianas sobre as psicoses: volume 1: as psicoses extraordin\u00e1rias.<\/strong> Belo Horizonte: Topol\u00f3gica, 2022.<\/li>\n<\/ol>\n<\/li>\n<li>COCCOZ, V. <strong>Nuevas formas del malestar en la cultura.<\/strong> Buenos Aires: Grama, 2021.<\/li>\n<li>COHEN, R. H. P. <strong>Psicanalistas e Educadores \u2013 Tecendo la\u00e7os.<\/strong> Rio de Janeiro: Wak, 2009.<\/li>\n<li>GALLO, H. <strong>Por qu\u00e9 se suicida un adolescente: passaje al acto, urgencia y acto.<\/strong> Olivos: Grama, 2021.<\/li>\n<li>GLAZE, A. BRISSET, F, O. B. MONTEIRO, M. E. D. (Org. ). <strong>A sa\u00fade para todos, n\u00e3o sem a loucura de cada um: perspectivas da psican\u00e1lise.<\/strong> Rio de Janeiro: Wak, 2011.<\/li>\n<li>HARARI, A. <strong>Fundamentos da pr\u00e1tica lacaniana: risco e corpo<\/strong>. Belo Horizonte: Relic\u00e1rio, 2018.<\/li>\n<li>KAUFMANNER, H. <strong>Lacan e a solu\u00e7\u00e3o elegante na psicose.<\/strong> Belo Horizonte: Relic\u00e1rio, 2023.<\/li>\n<li>LACAD\u00c9E, P. <strong>O despertar e o ex\u00edlio \u2013 ensinamentos psicanal\u00edticos da mais delicada das transi\u00e7\u00f5es, a adolesc\u00eancia.<\/strong> Rio de Janeiro: Contra Capa, 2011.<\/li>\n<li>LAIA, S. <strong>Os escritos fora de si \u2013 Joyce, Lacan e a loucura.<\/strong> Belo Horizonte: Aut\u00eantica, 2001.<\/li>\n<li>LAURENT, D. A psican\u00e1lise e seu sintoma expl\u00edcito. In: <strong>Op\u00e7\u00e3o lacaniana<\/strong>, n. 79, S\u00e3o Paulo: Eolia, 2018.<\/li>\n<li>LAURENT, E. <strong>El sentimiento delirante de la vida<\/strong>. Buenos Aires: Colecci\u00f3n Diva, 2017.\n<ul>\n<li><strong>O avesso da biopol\u00edtica. Uma escrita para o gozo.<\/strong> Rio de Janeiro: Contra Capa, 2016.<\/li>\n<li><strong>A batalha do autismo: da cl\u00ednica \u00e0 pol\u00edtica.<\/strong> Rio de Janeiro: Zahar, 2014.<\/li>\n<li><strong>Psican\u00e1lisis y salud mental.<\/strong> Buenos Aires: Tres Haches, 2014.<\/li>\n<li><strong>Loucuras, sintomas e fantasias na vida cotidiana.<\/strong> Belo Horizonte: Scriptum, 2011.<\/li>\n<li><strong>El goce sin rostro.<\/strong> Buenos Aires: Tres Haches, 2010.<\/li>\n<li><strong>A cl\u00ednica anal\u00edtica hoje: o sintoma e o la\u00e7o social.<\/strong> Buenos Aires: Grama, 2009.<\/li>\n<li><strong>A sociedade do sintoma.<\/strong> Rio de Janeiro: Contra Capa, 2007.<\/li>\n<li>Para al\u00e9m do falo, a desordem do ilimitado. In: <strong>Op\u00e7\u00e3o lacaniana<\/strong>, n. 84, S\u00e3o Paulo: Eolia, 2022.<\/li>\n<li>Disrup\u00e7\u00e3o do gozo nas loucuras sob transfer\u00eancia. In: <strong>Op\u00e7\u00e3o lacaniana<\/strong>, n. 79, S\u00e3o Paulo: Eolia, 2018.<\/li>\n<li>___ y otros. <strong>Cuerpos que buscan escrituras.<\/strong> Buenos Aires: Paid\u00f3s, 2014.<\/li>\n<\/ul>\n<\/li>\n<li>MACHADO, O. M. R.; DEREZENSKY, E. (Org.) <strong>A viol\u00eancia: sintoma social da \u00e9poca.<\/strong> Belo Horizonte: Scriptum, 2013.<\/li>\n<li>MACHADO, O.; RIBEIRO, V. L. A. (Org.). <strong>Um real para o s\u00e9culo XXI.<\/strong> Belo Horizonte: Scriptum, 2014.<\/li>\n<li>MILLER, J.-A. <strong>El amor en las psicosis<\/strong>. Buenos Aires: Paid\u00f3s, 2008.\n<ul>\n<li>(et al). <strong>Embrollos del cuerpo.<\/strong> Buenos Aires: Paid\u00f3s, 2021.<\/li>\n<li>(et al). <strong>El saber delirante<\/strong>. Buenos Aires: Paid\u00f3s, 2009.<\/li>\n<li>A crian\u00e7a entre a mulher e a m\u00e3e, In: <strong>Op\u00e7\u00e3o lacaniana<\/strong>, n. 21, S\u00e3o Paulo: Eolia, 1998.<\/li>\n<li>A pol\u00eamica pol\u00edtica. Conversa\u00e7\u00e3o com Jacques-Alain Miller. In: <strong>Op\u00e7\u00e3o lacaniana<\/strong>, n. 83, S\u00e3o Paulo: Eolia, 2021.<\/li>\n<li>O div\u00e3. S\u00e9culo XXI. Amanh\u00e3 a mundializa\u00e7\u00e3o dos div\u00e3s? Em dire\u00e7\u00e3o ao corpo port\u00e1til. In: <strong>Op\u00e7\u00e3o lacaniana<\/strong>, n. 84, S\u00e3o Paulo: Eolia, 2022.<\/li>\n<\/ul>\n<\/li>\n<li>REGNAULT, F. <strong>El arte seg\u00fan Lacan.<\/strong> Barcelona: Eolia, 1995.<\/li>\n<li>SANTIAGO, A. L.; MEZ\u00caNCIO, M. (Org.) <strong>A psican\u00e1lise do hiperativo e do desatento com Lacan.<\/strong> Belo Horizonte: Scriptum, 2013.mk\n<ol start=\"2017\">\n<li>(et al.).<strong>Mais al\u00e9m do g\u00eanero: o corpo adolescente e seus sintomas.<\/strong> Belo Horizonte: Scriptum, 2017.<\/li>\n<\/ol>\n<\/li>\n<li>SANTIAGO, J.A escola e a captura do sujeito pelo mestre. In: <strong>Op\u00e7\u00e3o lacaniana<\/strong>, n. 79, S\u00e3o Paulo: Eolia, 2018.<\/li>\n<li>SILVA, R. F. <strong>A supervis\u00e3o (controle) na forma\u00e7\u00e3o do psicanalista.<\/strong> Belo Horizonte: Relic\u00e1rio, 2019.<\/li>\n<li>SINATRA, E. Olivos: Grama, 2020.<\/li>\n<li>SOLANO-SUAREZ, E. <strong>Cl\u00ednica lacaniana<\/strong>. Buenos Aires: Tres Haches, 2003.<\/li>\n<li>SORIO, N. <strong>La inexistencia del Nombre del Padre.<\/strong> Buenos Aires: Del Bucle, 2020.\n<ul>\n<li><strong>Psicoan\u00e1lisis de la anorexia y la bulimia.<\/strong> Buenos Aires: Del Bucle, 2016.<\/li>\n<li><strong>Inibici\u00f3n, s\u00edntoma y angustia<\/strong>. Buenos Aires: Del Bucle, 2010.<\/li>\n<li><strong>\u00bfNi neurosis ni psicosis? <\/strong>Buenos Aires: Del Bucle, 2015.<\/li>\n<li><strong>Cl\u00ednica da sexua\u00e7\u00e3o \u2013 Inibi\u00e7\u00e3o, Sintoma e Ang\u00fastia: uma cl\u00ednica nodal da neurose.<\/strong> Salvador: Escola Brasileira de Psican\u00e1lise, 2013.<\/li>\n<li>O sil\u00eancio do inconsciente. In: <strong>Revista FAPOL ONLINE &#8211; Lacan XXI<\/strong>, 2020.<\/li>\n<\/ul>\n<\/li>\n<li>TEIXEIRA, A.; CALDAS, H. (Org.) <strong>Psicopatologia lacaniana I: Semiologia.<\/strong> Belo Horizonte: Aut\u00eantica, 2017.\n<ol start=\"2020\">\n<li>TEIXEIRA, A.; CALDAS, H. (Org.) <strong>Psicopatologia lacaniana II: Nosologia.<\/strong> Belo Horizonte: Aut\u00eantica, 2020.<\/li>\n<\/ol>\n<\/li>\n<li>VERAS, M. <strong>A loucura entre n\u00f3s: uma experi\u00eancia lacaniana no pa\u00eds da Sa\u00fade Mental. <\/strong>Salvador: Aldeia Bahia Brasil; PetroBahia; Fazcultura, 2010.\n<ol start=\"2018\">\n<li><strong>Selfie: logo existo.<\/strong> Salvador: Currupio, 2018.<\/li>\n<\/ol>\n<\/li>\n<li>VIEIRA, M. A. <strong>A paix\u00e3o.<\/strong> Rio de Janeiro: Zahar, 2018.\n<ul>\n<li><strong>Restos: uma introdu\u00e7\u00e3o lacaniana ao objeto da psican\u00e1lise. <\/strong>Rio de Janeiro: Contra Capa, 2008.<\/li>\n<li>___; BARROS, R. R. <strong>\u00d3dio, segrega\u00e7\u00e3o e gozo.<\/strong> Rio de Janeiro: Subversos, 2012.<\/li>\n<li>___;BARROS, R.R. <strong>M\u00e3es.<\/strong> Rio de Janeiro: Subversos, 2012.<\/li>\n<\/ul>\n<\/li>\n<\/ol>\n<hr \/>\n<p><strong>Comiss\u00e3o de Bibliografia<\/strong><\/p>\n<ul>\n<li>T\u00e2nia Prates (Aderente SLO) \u2013 Coordenadora<\/li>\n<li>Adriana Gomes Pessoa (Aderente SLO)<\/li>\n<li>Giovana Bessa Borges Heinemann<\/li>\n<li>Helen da Costa Guerra<\/li>\n<li>Romeu Maia<\/li>\n<\/ul>\n[\/vc_column_text][\/vc_column][\/vc_row]\n<\/section>","protected":false},"excerpt":{"rendered":"<p>[vc_row][vc_column][vc_single_image image=&#8221;12602&#8243; img_size=&#8221;full&#8221;][\/vc_column][\/vc_row][vc_row][vc_column][eikra-vc-text-title title=&#8221;Bibliografia&#8221;][\/eikra-vc-text-title][\/vc_column][\/vc_row][vc_row][vc_column][vc_column_text]FREUD: FREUD, S. O infamiliar. In: Obras incompletas de Sigmund Freud. Belo Horizonte: Aut\u00eantica, 2019. ___. Cultura, sociedade e religi\u00e3o. O mal estar na cultura e outros escritos. In: Obras incompletas de Sigmund Freud. Belo Horizonte: Aut\u00eantica, 2021. ___. Fundamentos da cl\u00ednica Psicanal\u00edtica: In. Obras incompletas de Sigmund Freud. Belo Horizonte: Aut\u00eantica,&hellip;<\/p>\n","protected":false},"author":1,"featured_media":0,"parent":12601,"menu_order":0,"comment_status":"closed","ping_status":"closed","template":"","meta":{"footnotes":""},"class_list":["post-12614","page","type-page","status-publish","hentry","entry","no-media"],"_links":{"self":[{"href":"https:\/\/ebp.org.br\/slo\/wp-json\/wp\/v2\/pages\/12614","targetHints":{"allow":["GET"]}}],"collection":[{"href":"https:\/\/ebp.org.br\/slo\/wp-json\/wp\/v2\/pages"}],"about":[{"href":"https:\/\/ebp.org.br\/slo\/wp-json\/wp\/v2\/types\/page"}],"author":[{"embeddable":true,"href":"https:\/\/ebp.org.br\/slo\/wp-json\/wp\/v2\/users\/1"}],"replies":[{"embeddable":true,"href":"https:\/\/ebp.org.br\/slo\/wp-json\/wp\/v2\/comments?post=12614"}],"version-history":[{"count":0,"href":"https:\/\/ebp.org.br\/slo\/wp-json\/wp\/v2\/pages\/12614\/revisions"}],"up":[{"embeddable":true,"href":"https:\/\/ebp.org.br\/slo\/wp-json\/wp\/v2\/pages\/12601"}],"wp:attachment":[{"href":"https:\/\/ebp.org.br\/slo\/wp-json\/wp\/v2\/media?parent=12614"}],"curies":[{"name":"wp","href":"https:\/\/api.w.org\/{rel}","templated":true}]}}