{"id":12596,"date":"2023-03-24T06:01:02","date_gmt":"2023-03-24T09:01:02","guid":{"rendered":"https:\/\/www.ebp.org.br\/slo\/?page_id=12596"},"modified":"2026-03-06T15:03:52","modified_gmt":"2026-03-06T18:03:52","slug":"atividade-da-diretoria","status":"publish","type":"page","link":"https:\/\/ebp.org.br\/slo\/ensino\/atividade-da-diretoria\/","title":{"rendered":"Atividade da Diretoria"},"content":{"rendered":"<section class=\"wpb-content-wrapper\">[vc_row][vc_column][vc_column_text]\n<h3><span style=\"color: #993300;\"><strong>2026<\/strong><\/span><\/h3>\n[\/vc_column_text][\/vc_column][\/vc_row][vc_row][vc_column width=&#8221;2\/3&#8243;][vc_column_text]<strong><span style=\"color: #993300;\">ATIVIDADE DE ABERTURA<\/span><\/strong><\/p>\n<h3><span style=\"color: #993300;\">O QUE CONV\u00c9M AO QUE N\u00c3O EXISTE<\/span><\/h3>\n<p>APRESENTA: <strong>Fl\u00e1via C\u00eara <\/strong>(EBP\/AMP)<\/p>\n<p>CONVERSA: <strong>Carla Serles <\/strong>(EBP\/AMP)<\/p>\n<p>COORDENA: <strong>Jaqueline Coelho<\/strong> (EBP\/AMP)<\/p>\n<hr \/>\n<p>03 de mar\u00e7o<br \/>\n\u00e0s 20h30 (Bras\u00edlia)[\/vc_column_text][\/vc_column][vc_column width=&#8221;1\/3&#8243;][vc_single_image image=&#8221;14016&#8243;][\/vc_column][\/vc_row][vc_row][vc_column][vc_empty_space]<div class=\"vcex-module vcex-divider vcex-divider-solid vcex-divider-center wpex-mx-auto wpex-block wpex-h-0 wpex-border-b wpex-border-solid wpex-border-main\" style=\"border-bottom-width:4px;border-color:var(--wpex-accent);\"><\/div>[vc_empty_space][\/vc_column][\/vc_row][vc_row][vc_column][vc_column_text]\n<h3><span style=\"color: #993300;\"><strong>2025<\/strong><\/span><\/h3>\n[\/vc_column_text][\/vc_column][\/vc_row][vc_row][vc_column width=&#8221;2\/3&#8243;][vc_column_text]\n<h3><span style=\"color: #993300;\">N\u00e3o h\u00e1 rela\u00e7\u00e3o sexual: mist\u00e9rio dos seres falantes<\/span><\/h3>\n<p>Coordena:<br \/>\n<strong>Geraldo Alberto Murta<\/strong><br \/>\nAME &#8211; EBP\/AMP<\/p>\n<p>Apresentam:<br \/>\n<strong>T\u00e2nia Prates (Aderente)<\/strong><br \/>\nComiss\u00e3o Biblioteca<br \/>\nCita\u00e7\u00f5es em Lacan &#8211; rumo ao congresso AMP<\/p>\n<p><strong>Virg\u00ednia Carvalho (EBP\/AMP)<\/strong><br \/>\nComent\u00e1rio do caso cl\u00ednico Fernando<\/p>\n<p>09 de dezembro de 2025<br \/>\n\u00e0s 20h30 (Bras\u00edlia)[\/vc_column_text][\/vc_column][vc_column width=&#8221;1\/3&#8243;][vc_single_image image=&#8221;14008&#8243;][\/vc_column][\/vc_row][vc_row][vc_column][vc_empty_space]<div class=\"vcex-module vcex-divider vcex-divider-solid vcex-divider-center wpex-mx-auto wpex-block wpex-h-0 wpex-border-b wpex-border-solid wpex-border-main\" style=\"border-color:var(--wpex-accent);\"><\/div>[vc_empty_space][\/vc_column][\/vc_row][vc_row][vc_column width=&#8221;2\/3&#8243;][vc_column_text]\n<h3><span style=\"color: #993300;\">Desejo do analista, <\/span><span style=\"color: #993300;\">supervis\u00e3o lacaniana<\/span><\/h3>\n<p><span style=\"font-size: 13px;\">CONVIDADA:<\/span><br \/>\n<strong>Maria do Carmo Dias Batista<\/strong><br \/>\n<span style=\"font-size: 13px;\">AME- EBP\/AMP<\/span><\/p>\n<p><span style=\"font-size: 13px;\">COORDENADOR:<\/span><br \/>\n<strong>Geraldo Alberto Murta<\/strong><br \/>\n<span style=\"font-size: 13px;\">AME-EBP\/AMP &#8211; Diretor Geral da Se\u00e7\u00e3o Leste-Oeste<\/span><\/p>\n<p><span style=\"font-size: 13px;\">Comenta:<\/span><br \/>\n<strong>Ord\u00e1lia A. Junqueira<\/strong><br \/>\n<span style=\"font-size: 13px;\">EBP\/AMP &#8211; Membro do conselho da se\u00e7\u00e3o Leste Oeste<\/span><\/p>\n<p><strong>02 de setembro, de 2025<\/strong><br \/>\n\u00e0s 20h30 (Bras\u00edlia)[\/vc_column_text][\/vc_column][vc_column width=&#8221;1\/3&#8243;][vc_single_image image=&#8221;13897&#8243;][\/vc_column][\/vc_row][vc_row][vc_column][vc_empty_space]<div class=\"vcex-module vcex-divider vcex-divider-solid vcex-divider-center wpex-mx-auto wpex-block wpex-h-0 wpex-border-b wpex-border-solid wpex-border-main\" style=\"border-color:var(--wpex-accent);\"><\/div>[vc_empty_space][\/vc_column][\/vc_row][vc_row][vc_column width=&#8221;2\/3&#8243;][vc_column_text]\n<h3><span style=\"color: #800000;\">Atividade Diretoria <\/span><br \/>\n<span style=\"color: #800000;\">Gest\u00e3o 2025\/ 2027<\/span><\/h3>\n<p>Diretor Geral : Geraldo Alberto Murta<br \/>\nPrimeiro Semestre -2025<\/p>\n<p><strong>A experi\u00eancia por um fio:Notas e interroga\u00e7\u00f5es sobre estar \u201cem linha.\u201d<\/strong>[\/vc_column_text][\/vc_column][vc_column width=&#8221;1\/3&#8243;][vc_single_image image=&#8221;13835&#8243;][\/vc_column][\/vc_row][vc_row][vc_column][vc_empty_space]<div class=\"vcex-module vcex-divider vcex-divider-solid vcex-divider-center wpex-mx-auto wpex-block wpex-h-0 wpex-border-b wpex-border-solid wpex-border-main\" style=\"border-color:var(--wpex-accent);\"><\/div>[vc_empty_space][\/vc_column][\/vc_row][vc_row][vc_column width=&#8221;1\/3&#8243;][vc_column_text]\n<h3>Psican\u00e1lise \u00e0 \u00c9poca<br \/>\n<span style=\"color: #993300;\">&#8220;O Triunfo da Religi\u00e3o&#8221;<\/span><\/h3>\n<p><span style=\"color: #993300;\">Coment\u00e1rios:<\/span><\/p>\n<ul>\n<li>Ary Farias (EBP\/AMP)<\/li>\n<li>Bartyra Ribeiro de Castro (EBP\/AMP)<\/li>\n<\/ul>\n<p><span style=\"color: #993300;\">Coordena\u00e7\u00e3o\/Debate:<\/span><\/p>\n<ul>\n<li>R\u00f4mulo Ferreira da Silva (EBP\/AMP)<\/li>\n<\/ul>\n[\/vc_column_text][\/vc_column][vc_column width=&#8221;1\/3&#8243;][vc_video link=&#8221;https:\/\/youtu.be\/1tntudCmPDE&#8221;][\/vc_column][vc_column width=&#8221;1\/3&#8243;][vc_single_image image=&#8221;916&#8243;][\/vc_column][\/vc_row]\n<\/section>","protected":false},"excerpt":{"rendered":"<p>[vc_row][vc_column][vc_column_text] 2026 [\/vc_column_text][\/vc_column][\/vc_row][vc_row][vc_column width=&#8221;2\/3&#8243;][vc_column_text]ATIVIDADE DE ABERTURA O QUE CONV\u00c9M AO QUE N\u00c3O EXISTE APRESENTA: Fl\u00e1via C\u00eara (EBP\/AMP) CONVERSA: Carla Serles (EBP\/AMP) COORDENA: Jaqueline Coelho (EBP\/AMP) 03 de mar\u00e7o \u00e0s 20h30 (Bras\u00edlia)[\/vc_column_text][\/vc_column][vc_column width=&#8221;1\/3&#8243;][vc_single_image image=&#8221;14016&#8243;][\/vc_column][\/vc_row][vc_row][vc_column][vc_empty_space][vc_empty_space][\/vc_column][\/vc_row][vc_row][vc_column][vc_column_text] 2025 [\/vc_column_text][\/vc_column][\/vc_row][vc_row][vc_column width=&#8221;2\/3&#8243;][vc_column_text] N\u00e3o h\u00e1 rela\u00e7\u00e3o sexual: mist\u00e9rio dos seres falantes Coordena: Geraldo Alberto Murta AME &#8211; EBP\/AMP Apresentam: T\u00e2nia Prates (Aderente)&hellip;<\/p>\n","protected":false},"author":1,"featured_media":0,"parent":1353,"menu_order":0,"comment_status":"closed","ping_status":"closed","template":"","meta":{"footnotes":""},"class_list":["post-12596","page","type-page","status-publish","hentry","entry","no-media"],"_links":{"self":[{"href":"https:\/\/ebp.org.br\/slo\/wp-json\/wp\/v2\/pages\/12596","targetHints":{"allow":["GET"]}}],"collection":[{"href":"https:\/\/ebp.org.br\/slo\/wp-json\/wp\/v2\/pages"}],"about":[{"href":"https:\/\/ebp.org.br\/slo\/wp-json\/wp\/v2\/types\/page"}],"author":[{"embeddable":true,"href":"https:\/\/ebp.org.br\/slo\/wp-json\/wp\/v2\/users\/1"}],"replies":[{"embeddable":true,"href":"https:\/\/ebp.org.br\/slo\/wp-json\/wp\/v2\/comments?post=12596"}],"version-history":[{"count":8,"href":"https:\/\/ebp.org.br\/slo\/wp-json\/wp\/v2\/pages\/12596\/revisions"}],"predecessor-version":[{"id":14017,"href":"https:\/\/ebp.org.br\/slo\/wp-json\/wp\/v2\/pages\/12596\/revisions\/14017"}],"up":[{"embeddable":true,"href":"https:\/\/ebp.org.br\/slo\/wp-json\/wp\/v2\/pages\/1353"}],"wp:attachment":[{"href":"https:\/\/ebp.org.br\/slo\/wp-json\/wp\/v2\/media?parent=12596"}],"curies":[{"name":"wp","href":"https:\/\/api.w.org\/{rel}","templated":true}]}}