{"id":12569,"date":"2022-09-15T07:51:36","date_gmt":"2022-09-15T10:51:36","guid":{"rendered":"https:\/\/www.ebp.org.br\/slo\/?page_id=12569"},"modified":"2022-09-15T07:51:36","modified_gmt":"2022-09-15T10:51:36","slug":"programa","status":"publish","type":"page","link":"https:\/\/ebp.org.br\/slo\/jornadas\/iii-jornadas-ebp-secao-lo-o-misterio-da-sexuacao\/programa\/","title":{"rendered":"Programa"},"content":{"rendered":"<section class=\"wpb-content-wrapper\">[vc_row][vc_column width=&#8221;2\/3&#8243;][vc_column_text]\n<h3><span style=\"color: #0000ff;\">Dia 23 de setembro \u2013 sexta-feira<\/span><\/h3>\n<p><strong>ALIAN\u00c7A FRANCESA (presencial e virtual)<\/strong><\/p>\n<p><strong>15h30 \u2013 ABERTURA<\/strong><\/p>\n<p><strong>Das 16h \u00e0s 17h30 \u2013 1\u00aa CONFER\u00caNCIA \u2013 LIGIA GORINI (AME da ECF\/AMP)<\/strong><br \/>\nCoordena\u00e7\u00e3o \u2013 Ary Farias<\/p>\n<p><strong>Das 17h30 \u00e0s 19h \u2013 PLEN\u00c1RIA 1<\/strong><br \/>\nCoordena\u00e7\u00e3o \u2013 Elisa Alvarenga<\/p>\n<ul>\n<li>Luis Francisco Camargo \u2013 A solu\u00e7\u00e3o assint\u00f3tica da sexua\u00e7\u00e3o<\/li>\n<li>Renata Tavares Imperial \u2013 Female transformation: o mist\u00e9rio do gozo feminino<\/li>\n<\/ul>\n<h3><span style=\"color: #0000ff;\">Dia 24 de setembro \u2013 s\u00e1bado (Manh\u00e3)<\/span><\/h3>\n<p>N\u00c3O HAVER\u00c1 ATIVIDADE PRESENCIAL<\/p>\n<p><strong>08h30 \u2013 acesso aos zooms<\/strong><br \/>\n(os links ser\u00e3o enviados aos inscritos, \u00e0s v\u00e9speras das Jornadas)<\/p>\n<p><strong>Das 09h \u00e0s 12h \u2013 MESAS SIMULT\u00c2NEAS<\/strong><\/p>\n<p><strong>MESA 1 &#8211; Das 09h \u00e0s 10h &#8211; <\/strong><strong>INF\u00c2NCIA: CL\u00cdNICA E RELATO<\/strong><br \/>\nCoordena\u00e7\u00e3o \u2013 Ruskaya Maia<\/p>\n<ul>\n<li>Cl\u00e1udia Murta \u2013 Brincadeiras sexuais infantis<\/li>\n<li>H\u00edtala Gomes \u2013 Crian\u00e7as em an\u00e1lise: o lugar da crian\u00e7a no tratamento psicanal\u00edtico<\/li>\n<\/ul>\n<p><strong>MESA 2 \u2013 Das 09h \u00e0s 10h &#8211; <\/strong><strong>DA FOBIA \u00c0 PROCRASTINA\u00c7\u00c3O<\/strong><br \/>\nCoordena\u00e7\u00e3o \u2013 Paulo S\u00e9rgio Silva<\/p>\n<ul>\n<li>Lucas Fraga Gomes \u2013 Compreender n\u00e3o \u00e9 saber: procrastina\u00e7\u00e3o, s\u00edndrome do impostor e Outro sexo<\/li>\n<li>Tania Regina Anchite Martins \u2013 Mist\u00e9rio ou traumatismo?<\/li>\n<\/ul>\n<p><strong>MESA 3 \u2013 Das 09h \u00e0s 10h &#8211; <\/strong><strong>UM SABER FAZER COM O GOZO SINTHOM\u00c1TICO<\/strong><br \/>\nCoordena\u00e7\u00e3o \u2013 Ordalia Junqueira<\/p>\n<ul>\n<li>Janayna Ara\u00fajo \u2013 No rastro do del\u00edrio: o que quer dizer o mental?<\/li>\n<li>Renato Carlos Vieira \u2013 A crian\u00e7a do olho<\/li>\n<\/ul>\n<p><strong>MESA 4 \u2013 Das 10h \u00e0s 11h &#8211; <\/strong><strong>MODOS DE GOZO NAS PARCERIAS<\/strong><br \/>\nCoordena\u00e7\u00e3o \u2013 Juliana Bressanelli<\/p>\n<ul>\n<li>Simone Souza Vieira \u2013 Mist\u00e9rio do analisante<\/li>\n<li>Rodrigo Oliveira dos Santos \u2013 O gozo f\u00e1lico e o gozo feminino enquanto ex-sistentes<\/li>\n<\/ul>\n<p><strong>MESA 5 \u2013 Das 10h \u00e0s 11h &#8211; <\/strong><strong>O EVENTO SEXUAL NA CONSTRU\u00c7\u00c3O DE UM CORPO<\/strong><br \/>\nCoordena\u00e7\u00e3o &#8211; F\u00e1bio Paes Barreto<\/p>\n<ul>\n<li>Fabiana Fratari \u2013 O corpo roubado na psicose<\/li>\n<li>M\u00e1rio\u00a0Batista Neto \u2013 Um sexo sem a regula\u00e7\u00e3o f\u00e1lica<\/li>\n<\/ul>\n<p><strong>MESA 6 \u2013 Das 10h \u00e0s 11h &#8211; <\/strong><strong>A PSICOSE ORDIN\u00c1RIA E O SEXO<\/strong><br \/>\nCoordena\u00e7\u00e3o \u2013 Tania Mara Alves Prates<\/p>\n<ul>\n<li>Juliana Prado \u2013 O hor-sexe como \u00edndice de leitura da psicose<\/li>\n<li>Henrique\u00a0 Alves Lopes \u2013 A forclus\u00e3o e seus destinos: no amor e no sexo<\/li>\n<\/ul>\n<p><strong>MESA 7 \u2013 Das 11h \u00e0s 12h &#8211; <\/strong><strong>A SEXUA\u00c7\u00c3O X A SUSTENTA\u00c7\u00c3O DE UM CORPO PELA PARCERIA SEXUAL<\/strong><br \/>\nCoordena\u00e7\u00e3o \u2013 Wal\u00e9ria Paix\u00e3o<\/p>\n<ul>\n<li>Denizye Zacharias \u2013 Um abismo radical<\/li>\n<li>Regina Cheli Pratti \u2013 O dif\u00edcil lugar do sexo nas psicoses<\/li>\n<\/ul>\n<p><strong>MESA 8 \u2013 Das 11h \u00e0s 12h &#8211; <\/strong><strong>O GOZO FEMININO BEM DITO<\/strong><br \/>\nCoordena\u00e7\u00e3o \u2013 Carla Serles<\/p>\n<ul>\n<li>Ceres R\u00fabio &#8211; Sexua\u00e7\u00e3o e o gozo feminino na mulher<\/li>\n<li>Delza Eloy de Santana Gon\u00e7alves &#8211; Bem dizer o feminino: do que ex-siste no corpo<\/li>\n<\/ul>\n<p><strong>MESA 9 \u2013 Das 11h \u00e0s 12h &#8211; <\/strong><strong>OS IMPASSES DA SEXUA\u00c7\u00c3O<\/strong><br \/>\nCoordena\u00e7\u00e3o &#8211; Giovanna Quaglia<\/p>\n<ul>\n<li>Adriana Gomes Pessoa &#8211; Semblantes e o N\u00e3o-toda<\/li>\n<li>Luciana da Silva Pedron &#8211; A adolesc\u00eancia e os impasses na elei\u00e7\u00e3o do sexo: o que eu invento para aquilo que eu n\u00e3o posso dizer?<\/li>\n<\/ul>\n<h3><span style=\"color: #0000ff;\">Dia 24 de setembro \u2013 s\u00e1bado (TARDE)<\/span><\/h3>\n<p><strong>ALIAN\u00c7A FRANCESA (presencial e virtual)<\/strong><\/p>\n<p><strong>Das 14h \u00e0s 15h30 \u2013 PLEN\u00c1RIA 2<\/strong><br \/>\nCoordena\u00e7\u00e3o \u2013 Romulo Ferreira da Silva<\/p>\n<ul>\n<li>Jaqueline Coelho \u2013 Com que roupa?<\/li>\n<li>Cristiano Pimenta \u2013 A sexua\u00e7\u00e3o feminina e o gozo alucinat\u00f3rio<\/li>\n<\/ul>\n<p><strong>Das 15h30 \u00e0s 17h00 \u2013 2\u00aa CONFER\u00caNCIA \u2013 LIGIA GORINI (AME da ECF\/AMP)<\/strong><br \/>\nCoordena\u00e7\u00e3o \u2013 Ary Farias<\/p>\n<p><strong>Das 17h00 \u00e0s 18h00 \u2013 MESA SOBRE O PASSE \u2013 S\u00c9RGIO DE MATTOS<\/strong><br \/>\nCoordena\u00e7\u00e3o Bartyra Ribeiro de Castro<\/p>\n<p><strong>18h15 \u2013 ENCERRAMENTO<\/strong><br \/>\nCoquetel de confraterniza\u00e7\u00e3o[\/vc_column_text][\/vc_column][vc_column width=&#8221;1\/3&#8243;][vc_single_image image=&#8221;12570&#8243; img_size=&#8221;full&#8221; alignment=&#8221;center&#8221;][vc_btn title=&#8221;Download PDF&#8221; color=&#8221;blue&#8221; size=&#8221;sm&#8221; align=&#8221;center&#8221; link=&#8221;url:https%3A%2F%2Fwww.ebp.org.br%2Fslo%2Fwp-content%2Fuploads%2F2022%2F09%2FIII-Jornada-Slo-PROGRAMA.pdf&#8221;][\/vc_column][\/vc_row]\n<\/section>","protected":false},"excerpt":{"rendered":"<p>[vc_row][vc_column width=&#8221;2\/3&#8243;][vc_column_text] Dia 23 de setembro \u2013 sexta-feira ALIAN\u00c7A FRANCESA (presencial e virtual) 15h30 \u2013 ABERTURA Das 16h \u00e0s 17h30 \u2013 1\u00aa CONFER\u00caNCIA \u2013 LIGIA GORINI (AME da ECF\/AMP) Coordena\u00e7\u00e3o \u2013 Ary Farias Das 17h30 \u00e0s 19h \u2013 PLEN\u00c1RIA 1 Coordena\u00e7\u00e3o \u2013 Elisa Alvarenga Luis Francisco Camargo \u2013 A solu\u00e7\u00e3o assint\u00f3tica da sexua\u00e7\u00e3o Renata Tavares&hellip;<\/p>\n","protected":false},"author":1,"featured_media":0,"parent":11933,"menu_order":0,"comment_status":"closed","ping_status":"closed","template":"","meta":{"footnotes":""},"class_list":["post-12569","page","type-page","status-publish","hentry","entry","no-media"],"_links":{"self":[{"href":"https:\/\/ebp.org.br\/slo\/wp-json\/wp\/v2\/pages\/12569","targetHints":{"allow":["GET"]}}],"collection":[{"href":"https:\/\/ebp.org.br\/slo\/wp-json\/wp\/v2\/pages"}],"about":[{"href":"https:\/\/ebp.org.br\/slo\/wp-json\/wp\/v2\/types\/page"}],"author":[{"embeddable":true,"href":"https:\/\/ebp.org.br\/slo\/wp-json\/wp\/v2\/users\/1"}],"replies":[{"embeddable":true,"href":"https:\/\/ebp.org.br\/slo\/wp-json\/wp\/v2\/comments?post=12569"}],"version-history":[{"count":0,"href":"https:\/\/ebp.org.br\/slo\/wp-json\/wp\/v2\/pages\/12569\/revisions"}],"up":[{"embeddable":true,"href":"https:\/\/ebp.org.br\/slo\/wp-json\/wp\/v2\/pages\/11933"}],"wp:attachment":[{"href":"https:\/\/ebp.org.br\/slo\/wp-json\/wp\/v2\/media?parent=12569"}],"curies":[{"name":"wp","href":"https:\/\/api.w.org\/{rel}","templated":true}]}}