{"id":11933,"date":"2022-03-15T18:17:42","date_gmt":"2022-03-15T21:17:42","guid":{"rendered":"https:\/\/www.ebp.org.br\/slo\/?page_id=11933"},"modified":"2022-03-15T18:17:42","modified_gmt":"2022-03-15T21:17:42","slug":"iii-jornadas-ebp-secao-lo-o-misterio-da-sexuacao","status":"publish","type":"page","link":"https:\/\/ebp.org.br\/slo\/jornadas\/iii-jornadas-ebp-secao-lo-o-misterio-da-sexuacao\/","title":{"rendered":"III Jornadas EBP Se\u00e7\u00e3o-LO &#8211; O Mist\u00e9rio da Sexua\u00e7\u00e3o"},"content":{"rendered":"<section class=\"wpb-content-wrapper\">[vc_row][vc_column][eikra-vc-text-title style=&#8221;style2&#8243; title=&#8221;III Jornadas EBP Se\u00e7\u00e3o Leste-Oeste&#8221;]O Mist\u00e9rio da Sexua\u00e7\u00e3o[\/eikra-vc-text-title][\/vc_column][\/vc_row][vc_row][vc_column width=&#8221;2\/3&#8243;][vc_single_image image=&#8221;11934&#8243; img_size=&#8221;large&#8221; alignment=&#8221;center&#8221; onclick=&#8221;link_image&#8221;][\/vc_column][vc_column width=&#8221;1\/3&#8243;][vc_column_text]<span style=\"color: #003366;\"><strong>Expediente III JORNADAS EBP-LO<\/strong><\/span><\/p>\n<ul>\n<li>Data: 23 e 24 de setembro de 2022<\/li>\n<li>Local: Alian\u00e7a Francesa \u2013 Bras\u00edlia-DF<\/li>\n<li>Modo: H\u00edbrido \u2013 presencial e remoto<\/li>\n<li>Coordena\u00e7\u00e3o Geral: Bartyra Ribeiro de Castro<\/li>\n<li>Convidada: L\u00edgia Gorini (ECF)<\/li>\n<li>Comiss\u00e3o Cient\u00edfica: CARTEL composto por Bartyra Ribeiro de Castro, Elisa Alvarenga, L\u00edgia Gorini (Mais Um), R\u00f4mulo Ferreira da Silva, Cristiano Pimenta e Ary Farias.<\/li>\n<\/ul>\n[\/vc_column_text][\/vc_column][\/vc_row]\n<\/section>","protected":false},"excerpt":{"rendered":"<p>[vc_row][vc_column][eikra-vc-text-title style=&#8221;style2&#8243; title=&#8221;III Jornadas EBP Se\u00e7\u00e3o Leste-Oeste&#8221;]O Mist\u00e9rio da Sexua\u00e7\u00e3o[\/eikra-vc-text-title][\/vc_column][\/vc_row][vc_row][vc_column width=&#8221;2\/3&#8243;][vc_single_image image=&#8221;11934&#8243; img_size=&#8221;large&#8221; alignment=&#8221;center&#8221; onclick=&#8221;link_image&#8221;][\/vc_column][vc_column width=&#8221;1\/3&#8243;][vc_column_text]Expediente III JORNADAS EBP-LO Data: 23 e 24 de setembro de 2022 Local: Alian\u00e7a Francesa \u2013 Bras\u00edlia-DF Modo: H\u00edbrido \u2013 presencial e remoto Coordena\u00e7\u00e3o Geral: Bartyra Ribeiro de Castro Convidada: L\u00edgia Gorini (ECF) Comiss\u00e3o Cient\u00edfica: CARTEL composto por Bartyra Ribeiro&hellip;<\/p>\n","protected":false},"author":1,"featured_media":0,"parent":11376,"menu_order":0,"comment_status":"closed","ping_status":"closed","template":"","meta":{"footnotes":""},"class_list":["post-11933","page","type-page","status-publish","hentry","entry","no-media"],"_links":{"self":[{"href":"https:\/\/ebp.org.br\/slo\/wp-json\/wp\/v2\/pages\/11933","targetHints":{"allow":["GET"]}}],"collection":[{"href":"https:\/\/ebp.org.br\/slo\/wp-json\/wp\/v2\/pages"}],"about":[{"href":"https:\/\/ebp.org.br\/slo\/wp-json\/wp\/v2\/types\/page"}],"author":[{"embeddable":true,"href":"https:\/\/ebp.org.br\/slo\/wp-json\/wp\/v2\/users\/1"}],"replies":[{"embeddable":true,"href":"https:\/\/ebp.org.br\/slo\/wp-json\/wp\/v2\/comments?post=11933"}],"version-history":[{"count":0,"href":"https:\/\/ebp.org.br\/slo\/wp-json\/wp\/v2\/pages\/11933\/revisions"}],"up":[{"embeddable":true,"href":"https:\/\/ebp.org.br\/slo\/wp-json\/wp\/v2\/pages\/11376"}],"wp:attachment":[{"href":"https:\/\/ebp.org.br\/slo\/wp-json\/wp\/v2\/media?parent=11933"}],"curies":[{"name":"wp","href":"https:\/\/api.w.org\/{rel}","templated":true}]}}