{"id":1188,"date":"2017-07-20T17:50:25","date_gmt":"2017-07-20T20:50:25","guid":{"rendered":"http:\/\/www.ebp.org.br\/ba\/?page_id=1188"},"modified":"2025-06-04T08:34:56","modified_gmt":"2025-06-04T11:34:56","slug":"carteis","status":"publish","type":"page","link":"https:\/\/ebp.org.br\/slo\/carteis\/","title":{"rendered":"Cart\u00e9is"},"content":{"rendered":"<section class=\"wpb-content-wrapper\">[vc_row][vc_column][vc_column_text]\n<h3><span style=\"color: #993300;\">Comiss\u00e3o<\/span><\/h3>\n<ul>\n<li>Anna Rog\u00e9ria Nascimento de Oliveira<\/li>\n<li>Lu\u00edsa Carvalho Miranda<\/li>\n<li>Rafaela Oliveira Quixabeira<\/li>\n<li>T\u00e2nia Regina Anchite Martins (coordenadora)<\/li>\n<\/ul>\n[\/vc_column_text][\/vc_column][\/vc_row][vc_row][vc_column][vc_empty_space]<div class=\"vcex-module vcex-divider vcex-divider-solid vcex-divider-center wpex-mx-auto wpex-block wpex-h-0 wpex-border-b wpex-border-solid wpex-border-main\" style=\"border-color:var(--wpex-accent);\"><\/div>[vc_empty_space][\/vc_column][\/vc_row][vc_row][vc_column width=&#8221;5\/6&#8243;][vc_column_text]\n<h3><span style=\"color: #993300;\">Bi\u00eanio 2023 &#8211; 2025<\/span><\/h3>\n[\/vc_column_text][vc_column_text]<strong>Relat\u00f3rio da Diretoria de Cart\u00e9is<\/strong><br \/>\nAbril de 2023 a mar\u00e7o de 2025<\/p>\n<p><strong>Claudia Murta<\/strong><br \/>\n<em>Diretora de cart\u00e9is da EBP-SLO, bi\u00eanio 2023-2025.<\/em>[\/vc_column_text][\/vc_column][vc_column width=&#8221;1\/6&#8243;][vc_single_image image=&#8221;13797&#8243;][vc_empty_space]<a href=\"https:\/\/ebp.org.br\/slo\/wp-content\/uploads\/2025\/06\/RELATORIO-CARTEIS-E-INTERCAMBIO.pdf\" class=\"vcex-button theme-button inline\"><span class=\"vcex-button-inner theme-button-inner\">Download PDF<\/span><\/a> [\/vc_column][\/vc_row]\n<\/section>","protected":false},"excerpt":{"rendered":"<p>[vc_row][vc_column][vc_column_text] Comiss\u00e3o Anna Rog\u00e9ria Nascimento de Oliveira Lu\u00edsa Carvalho Miranda Rafaela Oliveira Quixabeira T\u00e2nia Regina Anchite Martins (coordenadora) [\/vc_column_text][\/vc_column][\/vc_row][vc_row][vc_column][vc_empty_space][vc_empty_space][\/vc_column][\/vc_row][vc_row][vc_column width=&#8221;5\/6&#8243;][vc_column_text] Bi\u00eanio 2023 &#8211; 2025 [\/vc_column_text][vc_column_text]Relat\u00f3rio da Diretoria de Cart\u00e9is Abril de 2023 a mar\u00e7o de 2025 Claudia Murta Diretora de cart\u00e9is da EBP-SLO, bi\u00eanio 2023-2025.[\/vc_column_text][\/vc_column][vc_column width=&#8221;1\/6&#8243;][vc_single_image image=&#8221;13797&#8243;][vc_empty_space][\/vc_column][\/vc_row]<\/p>\n","protected":false},"author":1,"featured_media":0,"parent":0,"menu_order":0,"comment_status":"closed","ping_status":"closed","template":"","meta":{"footnotes":""},"class_list":["post-1188","page","type-page","status-publish","hentry","entry","no-media"],"_links":{"self":[{"href":"https:\/\/ebp.org.br\/slo\/wp-json\/wp\/v2\/pages\/1188","targetHints":{"allow":["GET"]}}],"collection":[{"href":"https:\/\/ebp.org.br\/slo\/wp-json\/wp\/v2\/pages"}],"about":[{"href":"https:\/\/ebp.org.br\/slo\/wp-json\/wp\/v2\/types\/page"}],"author":[{"embeddable":true,"href":"https:\/\/ebp.org.br\/slo\/wp-json\/wp\/v2\/users\/1"}],"replies":[{"embeddable":true,"href":"https:\/\/ebp.org.br\/slo\/wp-json\/wp\/v2\/comments?post=1188"}],"version-history":[{"count":5,"href":"https:\/\/ebp.org.br\/slo\/wp-json\/wp\/v2\/pages\/1188\/revisions"}],"predecessor-version":[{"id":13801,"href":"https:\/\/ebp.org.br\/slo\/wp-json\/wp\/v2\/pages\/1188\/revisions\/13801"}],"wp:attachment":[{"href":"https:\/\/ebp.org.br\/slo\/wp-json\/wp\/v2\/media?parent=1188"}],"curies":[{"name":"wp","href":"https:\/\/api.w.org\/{rel}","templated":true}]}}