{"id":1182,"date":"2017-07-20T17:47:34","date_gmt":"2017-07-20T20:47:34","guid":{"rendered":"http:\/\/www.ebp.org.br\/ba\/?page_id=1182"},"modified":"2025-05-12T14:21:20","modified_gmt":"2025-05-12T17:21:20","slug":"quem-somos","status":"publish","type":"page","link":"https:\/\/ebp.org.br\/slo\/secao-leste-oeste\/quem-somos\/","title":{"rendered":"Quem Somos"},"content":{"rendered":"<section class=\"wpb-content-wrapper\">[vc_row][vc_column][vc_column_text]A EBP Leste-Oeste \u00e9 uma das sete se\u00e7\u00f5es da\u00a0<strong>ESCOLA BRASILEIRA DE PSICAN\u00c1LISE <\/strong><strong>fundada por Jacques-Alain Miller em 1995, consolidando o enorme trabalho de \u201cIniciativa Escola\u201d no Brasil. Ela \u00e9 uma das Escolas <\/strong>da\u00a0<a href=\"http:\/\/www.wapol.org\/pt\/Template.asp\">Associa\u00e7\u00e3o Mundial de Psican\u00e1lise \u2013 AMP<\/a> e se inscreve <strong>\u201c<\/strong>no movimento de reconquista do Campo Freudiano lan\u00e7ado por Jacques Lacan no dia 21 de junho de 1964, ao fundar sua Escola\u201d.<\/p>\n<p>A Se\u00e7\u00e3o Leste-Oeste \u00e9 constitu\u00edda por membros e aderentes que habitam e praticam a psican\u00e1lise de Orienta\u00e7\u00e3o Lacaniana nos estados do Mato Grosso do Sul, Goi\u00e1s, Esp\u00edrito Santo e no Distrito Federal, a partir da proposta do Conselho da EBP de criar uma nova geografia.<\/p>\n<p>Bras\u00edlia foi o local escolhido para abrigar a sede dessa proposta.<\/p>\n<p>Comprometida em manter viva a descoberta de Freud a partir do ensino de Lacan, a Se\u00e7\u00e3o Leste-Oeste preconiza a forma\u00e7\u00e3o permanente do psicanalista atrav\u00e9s de suas atividades de ter\u00e7a-feira transmitidas on line, viam zoom, e abertas a todos que se interessem em participar. Tamb\u00e9m nas sedes que comp\u00f5em a se\u00e7\u00e3o oferecem atividades locais, como semin\u00e1rios e encontros de cart\u00e9is.<\/p>\n<p>A biblioteca da se\u00e7\u00e3o fornece o acesso \u00e0s refer\u00eancias psicanal\u00edticas b\u00e1sicas, al\u00e9m de promover atividades que envolvem a discuss\u00e3o da psican\u00e1lise com outros campos do saber.<\/p>\n<p>Com a revista <u>Sabi\u00e1<\/u> mantemos atualizada nossa pol\u00edtica de publica\u00e7\u00e3o, com artigos de membros da EBP e da AMP, em torno de temas sempre candentes e atuais, semeando os significantes da Orienta\u00e7\u00e3o Lacaniana Brasil afora!<\/p>\n<p>O Um dessa Se\u00e7\u00e3o se norteia pelos princ\u00edpios psicanal\u00edticos e se sustenta do desejo decidido de seus membros, n\u00e3o sem o m\u00faltiplo dos costumes, dos sotaques e dos estilos de cada regi\u00e3o!<\/p>\n<p>A EBP Leste-Oeste se organiza em duas inst\u00e2ncias: Diretoria e Conselho Deliberativo.<\/p>\n<hr \/>\n<h3><span style=\"color: #993300;\">DIRETORIA &#8211; 2025\/2027<\/span><\/h3>\n<ul>\n<li>Diretor Geral: <strong>Geraldo Alberto Murta<\/strong><\/li>\n<li>Diretora de secretaria \/tesoureira: <strong>Jaqueline Moreira Coelho<\/strong><\/li>\n<li>Diretora de cart\u00e9is : <strong>T\u00e2nia A. Martins<\/strong><\/li>\n<li>Diretora de biblioteca ;<strong> Adriana H.Pessoa<\/strong><\/li>\n<\/ul>\n<hr \/>\n<h3><span style=\"color: #993300;\">CONSELHO DELIBERATIVO<\/span><\/h3>\n<ul>\n<li>Cristiano Alves Pimenta ( Presidente)<\/li>\n<li>Fabio Paes Barreto<\/li>\n<li>Giovanna Quaglia( secret\u00e1ria)<\/li>\n<li>Ordalia Alves Junqueira<\/li>\n<li>Renato Carlos Vieira<\/li>\n<li>Rosangela Maria Ribeiro<\/li>\n<\/ul>\n<hr \/>\n<h3><span style=\"color: #993300;\">CONSELHO FISCAL<\/span><\/h3>\n<ul>\n<li>Isangela Lins Almeida<\/li>\n<li>Waleria M.P.Borges Vieira<\/li>\n<li>T\u00e2nia M.Alves Prates<\/li>\n<\/ul>\n<hr \/>\n<p><strong>Secret\u00e1ria: <\/strong>Gerlane de Melo Ferreira<\/p>\n<hr \/>\n<h3><span style=\"color: #993300;\">Comiss\u00f5es :<\/span><\/h3>\n<p><strong><span style=\"color: #993300;\">Comissao de divulga\u00e7\u00e3o de redes :<\/span><\/strong><\/p>\n<ul>\n<li>Caroline Quixabeira ( coordenadora)<\/li>\n<li>C\u00edcero Chicon<\/li>\n<li>Daiane Ribeiro Cruz<\/li>\n<li>H \u00edtala Gomes<\/li>\n<li>Isangela Lins Almeida<\/li>\n<li>Melissa Fukuchi Sanches<\/li>\n<li>Randra Gondouin<\/li>\n<\/ul>\n<p><strong><span style=\"color: #993300;\">Comiss\u00e3o de Infraestrutura e Redes :<\/span><\/strong><\/p>\n<ul>\n<li>Gabriel Caixeta ( coordenador)<\/li>\n<li><strong>Bras\u00edlia (DF)<\/strong>\n<ul>\n<li>Ang\u00e9lica Santini<\/li>\n<li>Luciana Pedron<\/li>\n<li>Rozilene Martins<\/li>\n<li>Thiago Barbosa<\/li>\n<\/ul>\n<\/li>\n<li><strong>Campo Grande ( MS)<\/strong>\n<ul>\n<li>Gleice Taciana<\/li>\n<li>Katiuscia Kentschev<\/li>\n<li>Kamila S. da Costa<\/li>\n<li>Luana Santos Silva<\/li>\n<li>Regina Cheli<\/li>\n<li>Yana J\u00falia Lisaandretti<\/li>\n<\/ul>\n<\/li>\n<li><strong>Goi\u00e2nia ( GO)<\/strong>\n<ul>\n<li>Carlos Barros<\/li>\n<li>Delza Eloy<\/li>\n<li>Henrique Lopes<\/li>\n<li>Rafaela O.Quixabeira<\/li>\n<\/ul>\n<\/li>\n<li><strong>Vit\u00f3ria ( ES)<\/strong>\n<ul>\n<li>Ana Carolina Faustini<\/li>\n<li>Livia Bicalho<\/li>\n<li>Lyria Serafim<\/li>\n<li>Marco Vila\u00e7a<\/li>\n<li>Renata T.Imperial<\/li>\n<li>Tha\u00eds Aguiar<\/li>\n<li>Stephanie Boechat<\/li>\n<\/ul>\n<\/li>\n<\/ul>\n[\/vc_column_text][\/vc_column][\/vc_row]\n<\/section>","protected":false},"excerpt":{"rendered":"<p>[vc_row][vc_column][vc_column_text]A EBP Leste-Oeste \u00e9 uma das sete se\u00e7\u00f5es da\u00a0ESCOLA BRASILEIRA DE PSICAN\u00c1LISE fundada por Jacques-Alain Miller em 1995, consolidando o enorme trabalho de \u201cIniciativa Escola\u201d no Brasil. Ela \u00e9 uma das Escolas da\u00a0Associa\u00e7\u00e3o Mundial de Psican\u00e1lise \u2013 AMP e se inscreve \u201cno movimento de reconquista do Campo Freudiano lan\u00e7ado por Jacques Lacan no dia 21&hellip;<\/p>\n","protected":false},"author":1,"featured_media":0,"parent":10806,"menu_order":0,"comment_status":"closed","ping_status":"closed","template":"","meta":{"footnotes":""},"class_list":["post-1182","page","type-page","status-publish","hentry","entry","no-media"],"_links":{"self":[{"href":"https:\/\/ebp.org.br\/slo\/wp-json\/wp\/v2\/pages\/1182","targetHints":{"allow":["GET"]}}],"collection":[{"href":"https:\/\/ebp.org.br\/slo\/wp-json\/wp\/v2\/pages"}],"about":[{"href":"https:\/\/ebp.org.br\/slo\/wp-json\/wp\/v2\/types\/page"}],"author":[{"embeddable":true,"href":"https:\/\/ebp.org.br\/slo\/wp-json\/wp\/v2\/users\/1"}],"replies":[{"embeddable":true,"href":"https:\/\/ebp.org.br\/slo\/wp-json\/wp\/v2\/comments?post=1182"}],"version-history":[{"count":5,"href":"https:\/\/ebp.org.br\/slo\/wp-json\/wp\/v2\/pages\/1182\/revisions"}],"predecessor-version":[{"id":13762,"href":"https:\/\/ebp.org.br\/slo\/wp-json\/wp\/v2\/pages\/1182\/revisions\/13762"}],"up":[{"embeddable":true,"href":"https:\/\/ebp.org.br\/slo\/wp-json\/wp\/v2\/pages\/10806"}],"wp:attachment":[{"href":"https:\/\/ebp.org.br\/slo\/wp-json\/wp\/v2\/media?parent=1182"}],"curies":[{"name":"wp","href":"https:\/\/api.w.org\/{rel}","templated":true}]}}