{"id":11710,"date":"2021-07-29T15:44:30","date_gmt":"2021-07-29T18:44:30","guid":{"rendered":"https:\/\/www.ebp.org.br\/slo\/?page_id=11710"},"modified":"2021-07-29T15:44:30","modified_gmt":"2021-07-29T18:44:30","slug":"comenta-islo","status":"publish","type":"page","link":"https:\/\/ebp.org.br\/slo\/jornadas\/ii-jornadas-ebp-secao-lo-amor-no-tempo-das-coleras\/comenta-islo\/","title":{"rendered":"\u201cComenta, Isl\u00f4\u201d"},"content":{"rendered":"<section class=\"wpb-content-wrapper\">[vc_row][vc_column][eikra-vc-text-title style=&#8221;style2&#8243; title=&#8221;\u201cComenta, Isl\u00f4\u201d&#8221;][\/eikra-vc-text-title][vc_column_text]<em>Comenta, Isl\u00f4<\/em>! \u00e9 uma s\u00e9rie dentro das estrat\u00e9gias de divulga\u00e7\u00e3o das II Jornadas da EBP-LO que convida os componentes da comiss\u00e3o cient\u00edfica, todos membros da Se\u00e7\u00e3o, a abordarem assuntos de seu interesse associados ao tema d\u2019O amor no tempo das c\u00f3leras. Ao estilo de cada um, eles responderam a esse chamado \u00e0 elabora\u00e7\u00e3o nos brindando com um material interessante e bastante plural.<br \/>\nNosso aceno agora se dirige a voc\u00ea: <em>Vem conferir!<\/em>[\/vc_column_text][\/vc_column][\/vc_row][vc_row][vc_column width=&#8221;1\/3&#8243;][vc_video link=&#8221;https:\/\/youtu.be\/1up2X4SmKww&#8221; align=&#8221;center&#8221;][\/vc_column][vc_column width=&#8221;1\/3&#8243;][vc_video link=&#8221;https:\/\/youtu.be\/R2HfeJ5yTRI&#8221; align=&#8221;center&#8221;][\/vc_column][vc_column width=&#8221;1\/3&#8243;][vc_video link=&#8221;https:\/\/youtu.be\/l-8_QayMaxw&#8221; align=&#8221;center&#8221;][\/vc_column][\/vc_row][vc_row][vc_column width=&#8221;1\/3&#8243;][vc_video link=&#8221;https:\/\/youtu.be\/NLoa1aJnomI&#8221; align=&#8221;center&#8221;][\/vc_column][vc_column width=&#8221;1\/3&#8243;][\/vc_column][vc_column width=&#8221;1\/3&#8243;][\/vc_column][\/vc_row]\n<\/section>","protected":false},"excerpt":{"rendered":"<p>[vc_row][vc_column][eikra-vc-text-title style=&#8221;style2&#8243; title=&#8221;\u201cComenta, Isl\u00f4\u201d&#8221;][\/eikra-vc-text-title][vc_column_text]Comenta, Isl\u00f4! \u00e9 uma s\u00e9rie dentro das estrat\u00e9gias de divulga\u00e7\u00e3o das II Jornadas da EBP-LO que convida os componentes da comiss\u00e3o cient\u00edfica, todos membros da Se\u00e7\u00e3o, a abordarem assuntos de seu interesse associados ao tema d\u2019O amor no tempo das c\u00f3leras. Ao estilo de cada um, eles responderam a esse chamado \u00e0&hellip;<\/p>\n","protected":false},"author":1,"featured_media":0,"parent":11373,"menu_order":0,"comment_status":"closed","ping_status":"closed","template":"","meta":{"footnotes":""},"class_list":["post-11710","page","type-page","status-publish","hentry","entry","no-media"],"_links":{"self":[{"href":"https:\/\/ebp.org.br\/slo\/wp-json\/wp\/v2\/pages\/11710","targetHints":{"allow":["GET"]}}],"collection":[{"href":"https:\/\/ebp.org.br\/slo\/wp-json\/wp\/v2\/pages"}],"about":[{"href":"https:\/\/ebp.org.br\/slo\/wp-json\/wp\/v2\/types\/page"}],"author":[{"embeddable":true,"href":"https:\/\/ebp.org.br\/slo\/wp-json\/wp\/v2\/users\/1"}],"replies":[{"embeddable":true,"href":"https:\/\/ebp.org.br\/slo\/wp-json\/wp\/v2\/comments?post=11710"}],"version-history":[{"count":0,"href":"https:\/\/ebp.org.br\/slo\/wp-json\/wp\/v2\/pages\/11710\/revisions"}],"up":[{"embeddable":true,"href":"https:\/\/ebp.org.br\/slo\/wp-json\/wp\/v2\/pages\/11373"}],"wp:attachment":[{"href":"https:\/\/ebp.org.br\/slo\/wp-json\/wp\/v2\/media?parent=11710"}],"curies":[{"name":"wp","href":"https:\/\/api.w.org\/{rel}","templated":true}]}}