{"id":11451,"date":"2021-05-09T18:10:31","date_gmt":"2021-05-09T21:10:31","guid":{"rendered":"https:\/\/www.ebp.org.br\/slo\/?page_id=11451"},"modified":"2021-05-09T18:10:31","modified_gmt":"2021-05-09T21:10:31","slug":"referencias-bibliograficas","status":"publish","type":"page","link":"https:\/\/ebp.org.br\/slo\/jornadas\/ii-jornadas-ebp-secao-lo-amor-no-tempo-das-coleras\/referencias-bibliograficas\/","title":{"rendered":"Refer\u00eancias Bibliogr\u00e1ficas"},"content":{"rendered":"<section class=\"wpb-content-wrapper\">[vc_row][vc_column][eikra-vc-text-title style=&#8221;style2&#8243; title=&#8221;Refer\u00eancias Bibliogr\u00e1ficas&#8221;][\/eikra-vc-text-title][vc_column_text]\n<blockquote>\n<h6 style=\"text-align: right;\"><em><strong>\u00a0\u201cSempre imaginei o para\u00edso como uma grande biblioteca.\u201d\u00a0 <\/strong><\/em><\/h6>\n<h6 style=\"text-align: right;\"><em><strong>Jorge Luis Borges<\/strong><\/em><\/h6>\n<\/blockquote>\n<p><img loading=\"lazy\" decoding=\"async\" class=\"alignright wp-image-11452\" src=\"https:\/\/www.ebp.org.br\/slo\/wp-content\/uploads\/2021\/05\/amurados_001_005.jpg\" alt=\"\" width=\"500\" height=\"333\" \/>Se \u00e9 verdade que para escrever um livro se necessita ler meia biblioteca, a bibliografia organizada pela comiss\u00e3o cient\u00edfica indica o caminho. Preparada para abarcar o \u00e2mbito indicado pelos eixos tem\u00e1ticos, ela ser\u00e1 constantemente ampliada para acompanhar a atualidade dos temas em quest\u00e3o. Fique atento! E, caso lhe ocorra alguma sugest\u00e3o de bibliografia para enriquecer o nosso trabalho, envie para o e-mail <a href=\"mailto:tramartins@gmail.com\">tramartins@gmail.com<\/a>.<\/p>\n<hr \/>\n<p>ANSERMET, Fran\u00e7ois. Eleger o pr\u00f3prio sexo. Op\u00e7\u00e3o Lacaniana On-line nova s\u00e9rie. Ano 9, n\u00fameros 25 e 26, mar\u00e7o\/julho de 2018. Dispon\u00edvel em: http:\/\/www.opcaolacaniana.com.br\/. Acesso em: 30 jul. 2018.<\/p>\n<p>BALIBAR, \u00c9tienne; WALLERSTEIN, Immanuel. Race, nation, classe. Lesidentit\u00e9sambigu\u00ebs. Paris: \u00c9ditions La D\u00e9couverte, 2018.<\/p>\n<p>BROUSSE, Marie H\u00e9l\u00e8ne. As identidades, uma pol\u00edtica, a identifica\u00e7\u00e3o, um processo, e a identidade, um sintoma. Op\u00e7\u00e3o Lacaniana On-line nova s\u00e9rie. Ano 9, n\u00fameros 25 e 26, mar\u00e7o\/julho de 2018. Dispon\u00edvel em: http:\/\/www.opcaolacaniana.com.br\/. Acesso em: 30 jul. 2018.<\/p>\n<p>BROUSSE, Marie-H\u00e9l\u00e8ne. O inconsciente \u00e9 a pol\u00edtica: semin\u00e1rio internacional. S\u00e3o Paulo: Escola Brasileira de Psican\u00e1lise &#8211; SP, 2003.<\/p>\n<p>BUTLER, Judith. A vida ps\u00edquica do poder: teorias da sujei\u00e7\u00e3o. Belo Horizonte: Aut\u00eantica Editora, 2017.<\/p>\n<p>BUTLER, Judith. Problemas de g\u00eanero: feminismo e subvers\u00e3o da identidade. Rio de Janeiro: Civiliza\u00e7\u00e3o Brasileira, 2003.<\/p>\n<p>BUTLER, Judith. Proibi\u00e7\u00e3o, psican\u00e1lise e a produ\u00e7\u00e3o da matriz heterossexual. In.<\/p>\n<p>CALMON, A. e KAUFMANNER, H. Os meios da psican\u00e1lise. In. Correio, Revista da Escola Brasileira de Psican\u00e1lise. S\u00e3o Paulo: EBP, N.84<\/p>\n<p>FREUD, Sigmund. . Sobre a tend\u00eancia universal \u00e0 deprecia\u00e7\u00e3o na esfera do amor. (Contribui\u00e7\u00f5es a Psicologia do amor II). In. Edi\u00e7\u00e3o standard brasileira das obras psicol\u00f3gicas completas de Sigmund Freud (Vol. XI). Rio de Janeiro: Imago. 1980<\/p>\n<p>FREUD, Sigmund. A din\u00e2mica da transfer\u00eancia. In. Edi\u00e7\u00e3o standard brasileira das obras psicol\u00f3gicas completas de Sigmund Freud (Vol. XII). Rio de Janeiro: Imago.1980<\/p>\n<p>FREUD, Sigmund. Confer\u00eancia XXVII. Transfer\u00eancia. In. Edi\u00e7\u00e3o standard brasileira das obras psicol\u00f3gicas completas de Sigmund Freud (Vol. XVI). Rio de Janeiro: Imago.1980.<\/p>\n<p>FREUD, Sigmund. Confer\u00eancia XXVIII. Terapia anal\u00edtica. In. Edi\u00e7\u00e3o standard brasileira das obras psicol\u00f3gicas completas de Sigmund Freud (Vol. XVI). Rio de Janeiro: Imago.1980.<\/p>\n<p>FREUD, Sigmund. (1980). Observa\u00e7\u00f5es sobre o amor transferencial. In. Edi\u00e7\u00e3o standard brasileira das obras psicol\u00f3gicas completas de Sigmund Freud (Vol. XII). Rio de Janeiro: Imago (Texto originalmente publicado em 1915).<\/p>\n<p>FREUD, Sigmund. Um tipo especial de escolha pelos homens. Contribui\u00e7\u00f5es a Psicologia do amor II). In. Edi\u00e7\u00e3o standard brasileira das obras psicol\u00f3gicas completas de Sigmund Freud (Vol. XI). Rio de Janeiro: Imago. 1980<\/p>\n<p>FREUD, Sigmund. Amor, sexualidade, feminilidade. Belo Horizonte: Aut\u00eantica, 2020.<\/p>\n<p>FREUD, Sigmund. As puls\u00f5es e seus destinos. Belo Horizonte: Aut\u00eantica Editora, 2013<\/p>\n<p>FREUD, Sigmund. Sobre as teorias sexuais infantis. In. FREUD, Sigmund. O del\u00edrio e os sonhos na Gradiva, an\u00e1lise de uma fobia de um garoto de cinco anos e outros textos (1906-1909). S\u00e3o Paulo: Companhia das Letras, 2015.<\/p>\n<p>FREUD, Sigmund. Totem e Tabu. In. FREUD, Sigmund. Obras completas, v. 11. Totem e tabu, Contribui\u00e7\u00e3o \u00e0 hist\u00f3ria do movimento psicanal\u00edtico e outros textos. S\u00e3o Paulo: Companhia das Letras, 2012. E-book, 310 p. ISBN 978-85-8086-433-5.<\/p>\n<p>FREUD, Sigmund. Tr\u00eas ensaios sobre a teoria da sexualidade. In. FREUD, Sigmund. Obras Completas, volume 6: tr\u00eas ensaios sobre a teoria da sexualidade, An\u00e1lise fragment\u00e1ria de uma histeria (\u201cO caso Dora\u201d) e Outros textos. S\u00e3o Paulo: Companhia das Letras, 2016, pp. 13-154.<\/p>\n<p>GOROSTIZA, LEORNADO. As tenta\u00e7\u00f5es da transfer\u00eancia. Dispon\u00edvel em: http:\/\/www.isepol.com\/asephallus\/numero_01\/artigo_01port_edicao01.htm<\/p>\n<p>GOROSTIZA, LEORNADO. Anfibolog\u00edas de lo real.\u00a0 Dispon\u00edvel em: http:\/\/www.congresamp2014.com\/es\/template.php?file=Textos\/Anfibologias-de-lo-real_Leonardo-Gorostiza.html<\/p>\n<p>GOULD, Stephen Jay. A falsa medida do homem. S\u00e3o Paulo: Martins Fontes, 1991.<\/p>\n<p>LACAN, Jacques. (1960-1961). Semin\u00e1rio, livro 8. A transfer\u00eancia. Rio de Janeiro: Jorge Zahar Editor. 1992.<\/p>\n<p>LACAN, Jacques. (1962-1963). Semin\u00e1rio, livro 10. A ang\u00fastia. Rio de Janeiro: Jorge Zahar Editor. 2005.<\/p>\n<p>LACAN, Jacques. (1964). O Semin\u00e1rio, livro 11: os quatro conceitos fundamentais da psican\u00e1lise. Aulas X, XI e XII. Rio de Janeiro: Jorge Zahar Editor. 1998<\/p>\n<p>LACAN, Jacques. Proposi\u00e7\u00e3o de 9 de outubro de 1967 sobre o psicanalista da Escola. In. Outros Escritos. Rio de Janeiro: Jorge Zahar Editor. 2003.<\/p>\n<p>LACAN, Jacques. O engano do sujeito suposto saber. In. Outros Escritos. Rio de Janeiro: Jorge Zahar Editor. 2003.<\/p>\n<p>LACAN, Jacques. Televis\u00e3o V. In. Outros Escritos. Rio de Janeiro: Jorge Zahar Editor. 2003.<\/p>\n<p>LACAN Jacques. (1972-1973) O Semin\u00e1rio, livro 20, Mais, ainda. Aula I, &#8220;Do gozo&#8221; pp. 9-23, aula II, &#8220;A Jakobson&#8221;, pp. 24-37, aula VI, &#8220;Deus e o gozo d\u00b4A\/ Mulher&#8221;, pp 87-104, aula VIII, &#8220;O saber e a verdade&#8221;, pp. 121-141 , aula X, &#8220;Rodinhas de barbante&#8221;, pp. 160-186, aula XI, &#8220;O Rato no labirinto&#8221;pp. 187-201. Rio de Janeiro: Jorge Zahar Editora, 1985.<\/p>\n<p>LACAN, Jacques. (1975-1976).\u00a0 Semin\u00e1rio, livro 23. O sinthome. Rio de Janeiro: Jorge Zahar Editor. Aula 5. Joyce est\u00e1 louco? . 2007.<\/p>\n<p>LACAN, Jacques. Semin\u00e1rio XXIV. L\u2019 Insu que sait de l\u2019une-bevues\u2019aile a mourre.\u00a0 Clase 11 de enero de 1977. Clase 10 de mayo de 1977. In\u00e9dito.<\/p>\n<p>Lacan, Jacques. Semin\u00e1rio XXV. Momento de concluir. Aula 15 de novembro de 1977. Aula 10 de janeiro de 1978. In\u00e9dito.<\/p>\n<p>LACAN, Jacques. A significa\u00e7\u00e3o do falo. In. Escritos. Rio de Janeiro: Jorge Zahar, Ed, 1998, pp. 692-703.<\/p>\n<p>LACAN, Jacques. De uma fun\u00e7\u00e3o para n\u00e3o se escrever. O semin\u00e1rio, livro 18: de um discurso que n\u00e3o fosse semblante. Rio de Janeiro: Jorge Zahar Editor, 2009, pp. 89-104.<\/p>\n<p>LACAN, Jacques. Do mito forjado por Freud. In.O semin\u00e1rio, livro 18: de um discurso que n\u00e3o fosse semblante. Rio de Janeiro: JZE, 2009, pp. 152-168.<\/p>\n<p>LACAN, Jacques. O aturdito. In. Outros escritos. Rio de Janeiro: Jorge Zahar Ed., 2003, pp. 448-497.<\/p>\n<p>LACAN, Jacques. O homem e a mulher e a l\u00f3gica. In. O semin\u00e1rio, livro 18: de um discurso que n\u00e3o fosse semblante. Rio de Janeiro: Jorge Zahar, 2009, pp. 120-134.<\/p>\n<p>LACAN, Jacques. O semin\u00e1rio, livro 16: de um Outro ao outro. Rio de Janeiro: Jorge Zahar, 2008.<\/p>\n<p>LACAN, Jacques. O semin\u00e1rio, livro 17: o avesso da psican\u00e1lise. Rio de Janeiro: Jorge Zahar, 1992.<\/p>\n<p>LACAN, Jacques. O semin\u00e1rio, livro 19. Rio de Janeiro: Jorge Zahar, 2012.<\/p>\n<p>LACAN, Jacques. Radiofonia. In. Outros Escritos. Rio de Janeiro: Jorge Zahar Ed., 2003, 400-447.<\/p>\n<p>LACAN, Jacques. Televis\u00e3o. In. Outros Escritos. Rio de Janeiro: Jorge Zahar, 2003, pp. 508-543.<\/p>\n<p>LACAN, Jacques. Um homem e uma mulher e a psican\u00e1lise. In. O semin\u00e1rio, livro 18: de um discurso que n\u00e3o fosse semblante. Rio de Janeiro: Jorge Zahar Editor, 2009, pp. 135-151.<\/p>\n<p>LAURENT, \u00c9ric. Genre et jouissance. In. FANJWAKS, Fabian; LEGUIL, Clotilde (Org.). Subversion lacanienne des th\u00e9ories du genre. Paris: \u00c9ditionsMich\u00e8le, 2015, pp. 145-162.<\/p>\n<p>LAURENT, \u00c9ric. O traumatismo do final da pol\u00edtica das identidades. Op\u00e7\u00e3o Lacaniana On-line nova s\u00e9rie. Ano 9, n\u00fameros 25 e 26, mar\u00e7o\/julho de 2018. Dispon\u00edvel em: <a href=\"http:\/\/www.opcaolacaniana.com.br\/\">http:\/\/www.opcaolacaniana.com.br\/<\/a> \u00a0Acesso em: em 30 jul. 2018.<\/p>\n<p>LEGUIL, Clotilde. O ser e o g\u00eanero: homem\/mulher depois de Lacan. Belo Horizonte: EBP Editora, 2016.<\/p>\n<p>MAC\u00caDO, Luc\u00edola Freitas. O que \u00e9 o que \u00e9? Lacan XXI: Revista FAPOL Online, v.2, 2018. Dispon\u00edvel em: <a href=\"http:\/\/www.lacan21.com\/sitio\/2018\/10\/22\/o-que-e-o-que-e\/?lang=pt-br\">http:\/\/www.lacan21.com\/sitio\/2018\/10\/22\/o-que-e-o-que-e\/?lang=pt-br<\/a> \u00a0Acesso em: em 30\/01\/2020.<\/p>\n<p>Miller, Jacques-Alain. Casamento homossexual: esquecer a natureza <a href=\"http:\/\/www.opcaolacaniana.com.br\/pdf\/numero_10\/Casamento_homossexual.pdf\">http:\/\/www.opcaolacaniana.com.br\/pdf\/numero_10\/Casamento_homossexual.pdf<\/a> Acesso em: 28 jan. 2020.<\/p>\n<p>MILLER, Jacques-Alain. El inconsciente es pol\u00edtico. In. Orientaci\u00f3n Lacaniana. Revista Lacaniana de Psicoan\u00e1lisis. N\u00ba 1. Buenos Aires: EOL, ago. 2003, p. 9-19.<\/p>\n<p>MILLER, Jacques-Alain. Gays em an\u00e1lise. In. Op\u00e7\u00e3o Lacaniana. S\u00e3o Paulo, n. 47, dez 2006, p.15-22.<\/p>\n<p>MILLER, Jacques-Alain. Intui\u00e7\u00f5es milanesas I. In. Op\u00e7\u00e3o lacaniana on-line nova s\u00e9rie. Ano 2, n\u00ba 5, julho de 2011. Dispon\u00edvel em: <a href=\"http:\/\/www.opcaolacaniana.com.br\/pdf\/numero_5\/Intui%C3%A7%C3%B5es_milanesas.pdf\">http:\/\/www.opcaolacaniana.com.br\/pdf\/numero_5\/Intui%C3%A7%C3%B5es_milanesas.pdf<\/a> \u00a0Acesso em: 23 abr. 2021.<\/p>\n<p>MILLER, Jacques-Alain. Lacan e a pol\u00edtica. Op\u00e7\u00e3o Lacaniana, N\u00ba 40. S\u00e3o Paulo: E\u00f3lia, p. 7-20, ago. 2004.<\/p>\n<p>MILLER, Jacques-Alain. O t\u00famulo do homem de esquerda. Correio: Revista da Escola Brasileira de Psican\u00e1lise. N\u00ba 42. S\u00e3o Paulo: EBP, abr. 2003, p. 2-8.<\/p>\n<p>MILLER, Jacques-Alain. Pol\u00edtica Lacaniana: Semin\u00e1rio. Buenos Aires. EDIGRAF\/Diva, 1999.<\/p>\n<p>MILLER, Jacques-Alain. Psicoanalisis y pol\u00edtica. Buenos Aires: Grama, 2004.<\/p>\n<p>MILLER, Jacques-Alain. Racismo e extimidade. Derivas Anal\u00edticas. Revista Digital de Psican\u00e1lise e Cultura da Escola Brasileira de Psican\u00e1lise de Minas Gerais. N\u00ba 4. Belo Horizonte: EBP-MG, maio de 2016. Dispon\u00edvel em: <a href=\"http:\/\/www.revistaderivasanaliticas.com.br\/\">http:\/\/www.revistaderivasanaliticas.com.br\/<\/a> \u00a0Acesso em: 5 jun. 2019.<\/p>\n<p>MILLER, Jacques-Alain. Semin\u00e1rio sobre pol\u00edtica de la transferencia: la transferencia negativa. Barcelona: ECFB, 1999.<\/p>\n<p>MILLER, Jacques-Alain. Uma partilha sexual. Op\u00e7\u00e3o Lacaniana On-line nova s\u00e9rie. Ano 7, N\u00ba 20, julho de 2016. Dispon\u00edvel em: <a href=\"http:\/\/www.opcaolacaniana.com.br\/pdf\/numero_20\/Uma_partilha_sexual.pdf\">http:\/\/www.opcaolacaniana.com.br\/pdf\/numero_20\/Uma_partilha_sexual.pdf<\/a> \u00a0Acesso em: 28 jan. 2020.<\/p>\n<p>NASCIMENTO, Abdias. O genoc\u00eddio do negro brasileiro: processo de um racismo mascarado. S\u00e3o Paulo: Perspectiva, 2017.<\/p>\n<p>NAVEAU, Pierre. O que do encontro se escreve. Belo Horizonte: EBP Editora; 2017.<\/p>\n<p>PLAT\u00c3O, O banquete. S\u00e3o Paulo: Nova Cultural,1987.<\/p>\n<p>RIVIERE, Joan. A feminilidade como m\u00e1scara. Psyche. n\u00ba 16, S\u00e3o Paulo, jul.-dez. de 2005, p. 13-24.<\/p>\n<p>RUBIN, Gayle. O tr\u00e1fico de mulheres. In. Pol\u00edticas do sexo. S\u00e3o Paulo: UBU Editora, 2017.<\/p>\n<p>SALIH, Sara. Judith Butler e a teoria queer. Belo Horizonte: Aut\u00eantica, 2017.<\/p>\n<p>SCILICET. As psicoses ordin\u00e1rias e as outras, sob transfer\u00eancia. S\u00e3o Paulo: Escola Brasileira de Psican\u00e1lise, 2018.<\/p>\n<p>SEDGWICK, Eve Kosofsky. A epistemologia do arm\u00e1rio. Cadernos Pagu. N\u00ba 28, jan.-jun. de 2007, p. 19-54.<\/p>\n<p>SKRIABINE, Pierre. Do sintoma ao sinthoma. Agente. Revista de Psican\u00e1lise. N\u00b0 8. Bahia: Escola Brasileira de Psican\u00e1lise, abril de 2003. Dispon\u00edvel em: <a href=\"http:\/\/www.institutopsicanalisebahia.com.br\/agente\/download\/agente008_seminario003.pdf\">http:\/\/www.institutopsicanalisebahia.com.br\/agente\/download\/agente008_seminario003.pdf<\/a> \u00a0Acesso em: 16 de mar\u00e7o de 2014.<\/p>\n<p>SOUSA, Neusa Santos. Tornar-se negro: as vicissitudes da identidade do negro brasileiro em ascens\u00e3o social. Rio de Janeiro: Edi\u00e7\u00f5es Graal, 1983.<\/p>\n<p>STEVENS, Alexandre. Amor. Em: Op\u00e7\u00e3o lacaniana. Revista Brasileira Internacional de Psican\u00e1lise.N.50. S\u00e3o Paulo: Edi\u00e7\u00f5es Eolia. 2007.<\/p>\n<p>STOLLER, Robert. Sex andGender: OntheDevelopmentofMasculinityandFemininity. London: Hogarth Press, 1968.[\/vc_column_text][\/vc_column][\/vc_row]\n<\/section>","protected":false},"excerpt":{"rendered":"<p>[vc_row][vc_column][eikra-vc-text-title style=&#8221;style2&#8243; title=&#8221;Refer\u00eancias Bibliogr\u00e1ficas&#8221;][\/eikra-vc-text-title][vc_column_text] \u00a0\u201cSempre imaginei o para\u00edso como uma grande biblioteca.\u201d\u00a0 Jorge Luis Borges Se \u00e9 verdade que para escrever um livro se necessita ler meia biblioteca, a bibliografia organizada pela comiss\u00e3o cient\u00edfica indica o caminho. Preparada para abarcar o \u00e2mbito indicado pelos eixos tem\u00e1ticos, ela ser\u00e1 constantemente ampliada para acompanhar a atualidade dos&hellip;<\/p>\n","protected":false},"author":1,"featured_media":0,"parent":11373,"menu_order":0,"comment_status":"closed","ping_status":"closed","template":"","meta":{"footnotes":""},"class_list":["post-11451","page","type-page","status-publish","hentry","entry","no-media"],"_links":{"self":[{"href":"https:\/\/ebp.org.br\/slo\/wp-json\/wp\/v2\/pages\/11451","targetHints":{"allow":["GET"]}}],"collection":[{"href":"https:\/\/ebp.org.br\/slo\/wp-json\/wp\/v2\/pages"}],"about":[{"href":"https:\/\/ebp.org.br\/slo\/wp-json\/wp\/v2\/types\/page"}],"author":[{"embeddable":true,"href":"https:\/\/ebp.org.br\/slo\/wp-json\/wp\/v2\/users\/1"}],"replies":[{"embeddable":true,"href":"https:\/\/ebp.org.br\/slo\/wp-json\/wp\/v2\/comments?post=11451"}],"version-history":[{"count":0,"href":"https:\/\/ebp.org.br\/slo\/wp-json\/wp\/v2\/pages\/11451\/revisions"}],"up":[{"embeddable":true,"href":"https:\/\/ebp.org.br\/slo\/wp-json\/wp\/v2\/pages\/11373"}],"wp:attachment":[{"href":"https:\/\/ebp.org.br\/slo\/wp-json\/wp\/v2\/media?parent=11451"}],"curies":[{"name":"wp","href":"https:\/\/api.w.org\/{rel}","templated":true}]}}