{"id":11394,"date":"2021-04-14T07:04:47","date_gmt":"2021-04-14T10:04:47","guid":{"rendered":"https:\/\/www.ebp.org.br\/slo\/?page_id=11394"},"modified":"2021-04-14T07:04:47","modified_gmt":"2021-04-14T10:04:47","slug":"submissao-de-trabalhos","status":"publish","type":"page","link":"https:\/\/ebp.org.br\/slo\/jornadas\/ii-jornadas-ebp-secao-lo-amor-no-tempo-das-coleras\/submissao-de-trabalhos\/","title":{"rendered":"Submiss\u00e3o de trabalhos"},"content":{"rendered":"<section class=\"wpb-content-wrapper\">[vc_row][vc_column][eikra-vc-text-title style=&#8221;style2&#8243; title=&#8221;Submiss\u00e3o de trabalhos&#8221;][\/eikra-vc-text-title][vc_column_text]<img loading=\"lazy\" decoding=\"async\" class=\"alignright wp-image-11665 size-medium\" src=\"https:\/\/www.ebp.org.br\/slo\/wp-content\/uploads\/2021\/07\/boletim_004_006-300x218.png\" alt=\"\" width=\"300\" height=\"218\" \/><\/p>\n<p><span style=\"color: #993300;\"><strong>A comiss\u00e3o cient\u00edfica avisa que o PRAZO para a entrega dos trabalhos foi PRORROGADO para o dia 25\/07!<\/strong><\/span><\/p>\n<p>Algumas coordenadas quanto \u00e0 sua formata\u00e7\u00e3o dever\u00e3o ser observadas:<\/p>\n<ul>\n<li>Os textos dever\u00e3o ter no m\u00e1ximo 6000 caracteres, incluindo os espa\u00e7os, apresentados em Times New Roman 12 com espa\u00e7amento entrelinhas de 1,5.<\/li>\n<li>Os autores dever\u00e3o colocar no cabe\u00e7alho do texto seu nome,\u00a0 o eixo e sua rela\u00e7\u00e3o com a SLO \/EBP.<\/li>\n<li>As cita\u00e7\u00f5es devem ser formatadas seguindo as normas da ABNT.<\/li>\n<li>As refer\u00eancias devem aparecer no final do texto.<\/li>\n<li>Os trabalhos devem ser enviados para os seguintes emails: <a href=\"mailto:tramartins@gmail.com\">tramartins@gmail.com<\/a> e <a href=\"mailto:ruskaya.maia@gmail.com\">ruskaya.maia@gmail.com<\/a><\/li>\n<\/ul>\n<p>Confira os eixos tem\u00e1ticos em: <a href=\"https:\/\/www.ebp.org.br\/slo\/index.php\/jornadas\/ii-jornadas-ebp-secao-lo-amor-no-tempo-das-coleras\/eixos-tematicos\/\">https:\/\/www.ebp.org.br\/slo\/index.php\/jornadas\/ii-jornadas-ebp-secao-lo-amor-no-tempo-das-coleras\/eixos-tematicos\/<\/a>[\/vc_column_text][\/vc_column][\/vc_row]\n<\/section>","protected":false},"excerpt":{"rendered":"<p>[vc_row][vc_column][eikra-vc-text-title style=&#8221;style2&#8243; title=&#8221;Submiss\u00e3o de trabalhos&#8221;][\/eikra-vc-text-title][vc_column_text] A comiss\u00e3o cient\u00edfica avisa que o PRAZO para a entrega dos trabalhos foi PRORROGADO para o dia 25\/07! Algumas coordenadas quanto \u00e0 sua formata\u00e7\u00e3o dever\u00e3o ser observadas: Os textos dever\u00e3o ter no m\u00e1ximo 6000 caracteres, incluindo os espa\u00e7os, apresentados em Times New Roman 12 com espa\u00e7amento entrelinhas de 1,5. Os&hellip;<\/p>\n","protected":false},"author":1,"featured_media":0,"parent":11373,"menu_order":0,"comment_status":"closed","ping_status":"closed","template":"","meta":{"footnotes":""},"class_list":["post-11394","page","type-page","status-publish","hentry","entry","no-media"],"_links":{"self":[{"href":"https:\/\/ebp.org.br\/slo\/wp-json\/wp\/v2\/pages\/11394","targetHints":{"allow":["GET"]}}],"collection":[{"href":"https:\/\/ebp.org.br\/slo\/wp-json\/wp\/v2\/pages"}],"about":[{"href":"https:\/\/ebp.org.br\/slo\/wp-json\/wp\/v2\/types\/page"}],"author":[{"embeddable":true,"href":"https:\/\/ebp.org.br\/slo\/wp-json\/wp\/v2\/users\/1"}],"replies":[{"embeddable":true,"href":"https:\/\/ebp.org.br\/slo\/wp-json\/wp\/v2\/comments?post=11394"}],"version-history":[{"count":0,"href":"https:\/\/ebp.org.br\/slo\/wp-json\/wp\/v2\/pages\/11394\/revisions"}],"up":[{"embeddable":true,"href":"https:\/\/ebp.org.br\/slo\/wp-json\/wp\/v2\/pages\/11373"}],"wp:attachment":[{"href":"https:\/\/ebp.org.br\/slo\/wp-json\/wp\/v2\/media?parent=11394"}],"curies":[{"name":"wp","href":"https:\/\/api.w.org\/{rel}","templated":true}]}}