{"id":11382,"date":"2021-04-14T06:59:16","date_gmt":"2021-04-14T09:59:16","guid":{"rendered":"https:\/\/www.ebp.org.br\/slo\/?page_id=11382"},"modified":"2021-04-14T06:59:16","modified_gmt":"2021-04-14T09:59:16","slug":"inscricoes","status":"publish","type":"page","link":"https:\/\/ebp.org.br\/slo\/jornadas\/ii-jornadas-ebp-secao-lo-amor-no-tempo-das-coleras\/inscricoes\/","title":{"rendered":"Inscri\u00e7\u00f5es"},"content":{"rendered":"<section class=\"wpb-content-wrapper\">[vc_row][vc_column width=&#8221;1\/2&#8243;][eikra-vc-text-title style=&#8221;style2&#8243; title=&#8221;Inscri\u00e7\u00f5es&#8221;][\/eikra-vc-text-title][vc_column_text]\u201cOlha: o amor pulou o muro<br \/>\no amor subiu na \u00e1rvore<br \/>\nem tempo de se estrepar<br \/>\nPronto, o amor se estrepou.<br \/>\nDaqui estou vendo o sangue<br \/>\nque escorre do corpo andr\u00f3gino.<br \/>\nEssa ferida, meu bem,<br \/>\n\u00e0s vezes n\u00e3o sara nunca,<br \/>\n\u00e0s vezes sara amanh\u00e3\u201d.<\/p>\n<h6>(Carlos Drummond de Andrade, O amor bate na aorta)<\/h6>\n<hr \/>\n<p><span style=\"color: #993300;\"><strong>Valores de inscri\u00e7\u00e3o:<\/strong><\/span><\/p>\n<ul>\n<li>Membros EBP: R$ 160,00<\/li>\n<li>Profissionais: R$ 130,00<\/li>\n<li>Estudantes de gradua\u00e7\u00e3o: 75,00<\/li>\n<\/ul>\n<p><span style=\"color: #993300;\"><strong>IMPORTANTE: o prazo para as inscri\u00e7\u00f5es \u00e9 at\u00e9 o dia 13\/09\/2021!!!<\/strong><\/span><\/p>\n<p>Fique atento ao passo a passo para se inscrever:<\/p>\n<ul>\n<li><strong><em>Passo 1:<\/em><\/strong>\n<ul>\n<li>Fa\u00e7a um PIX do valor referente \u00e0 sua categoria utilizando a seguinte chave: <span style=\"color: #993300;\">secao_leste_oeste@ebp.org.br<\/span><\/li>\n<li>Na descri\u00e7\u00e3o (ou mensagem) informe os seguintes dados: Poupan\u00e7a 6090-9 Inscri\u00e7\u00e3o e o Nome do inscrito.<\/li>\n<\/ul>\n<\/li>\n<li><strong><em>\u00a0<\/em><\/strong><strong><em>Passo 2:<\/em><\/strong>\n<ul>\n<li>Envie o comprovante do PIX para os seguintes e-mails: <a href=\"mailto:carlaserles@icloud.com\">carlaserles@icloud.com<\/a> e <a href=\"mailto:ruskaya.maia@gmail.com\">ruskaya.maia@gmail.com<\/a><\/li>\n<li>Obs: a inscri\u00e7\u00e3o s\u00f3 ser\u00e1 efetivada pela comiss\u00e3o via comprovante.<\/li>\n<\/ul>\n<\/li>\n<li><strong><em>Passo 3:<\/em><\/strong>\n<ul>\n<li>Voc\u00ea receber\u00e1 em at\u00e9 7 dias a confirma\u00e7\u00e3o de pagamento atrav\u00e9s do e-mail enviado.<\/li>\n<li>ATEN\u00c7\u00c3O: para garantir a participa\u00e7\u00e3o em todas as atividades, recomenda-se fazer a inscri\u00e7\u00e3o com anteced\u00eancia, uma vez que a confirma\u00e7\u00e3o est\u00e1 sujeita \u00e0 verifica\u00e7\u00e3o do valor depositado, o que pode levar alguns dias.<\/li>\n<\/ul>\n<\/li>\n<li><strong><em>\u00a0<\/em><\/strong><strong><em>Passo 4:<\/em><\/strong>\n<ul>\n<li>As atividades acontecer\u00e3o sempre pela plataforma Zoom. No dia de cada atividade, voc\u00ea receber\u00e1 um link por e-mail. Este \u00e9 individual e intransfer\u00edvel.<\/li>\n<li>Ao acessar o link, \u00e9 importante identificar-se com o nome completo para ser aceito pelo anfitri\u00e3o.<\/li>\n<li>Recomenda-se instalar e configurar o Zoom para evitar atrasos no dia.<\/li>\n<\/ul>\n<\/li>\n<\/ul>\n<p>Boas Jornadas![\/vc_column_text][\/vc_column][vc_column width=&#8221;1\/2&#8243;][vc_column_text]<img loading=\"lazy\" decoding=\"async\" class=\"alignright size-full wp-image-11658\" src=\"https:\/\/www.ebp.org.br\/slo\/wp-content\/uploads\/2021\/07\/imagem_inscricao.png\" alt=\"\" width=\"480\" height=\"720\" \/>[\/vc_column_text][\/vc_column][\/vc_row]\n<\/section>","protected":false},"excerpt":{"rendered":"<p>[vc_row][vc_column width=&#8221;1\/2&#8243;][eikra-vc-text-title style=&#8221;style2&#8243; title=&#8221;Inscri\u00e7\u00f5es&#8221;][\/eikra-vc-text-title][vc_column_text]\u201cOlha: o amor pulou o muro o amor subiu na \u00e1rvore em tempo de se estrepar Pronto, o amor se estrepou. Daqui estou vendo o sangue que escorre do corpo andr\u00f3gino. Essa ferida, meu bem, \u00e0s vezes n\u00e3o sara nunca, \u00e0s vezes sara amanh\u00e3\u201d. (Carlos Drummond de Andrade, O amor bate na&hellip;<\/p>\n","protected":false},"author":1,"featured_media":0,"parent":11373,"menu_order":0,"comment_status":"closed","ping_status":"closed","template":"","meta":{"footnotes":""},"class_list":["post-11382","page","type-page","status-publish","hentry","entry","no-media"],"_links":{"self":[{"href":"https:\/\/ebp.org.br\/slo\/wp-json\/wp\/v2\/pages\/11382","targetHints":{"allow":["GET"]}}],"collection":[{"href":"https:\/\/ebp.org.br\/slo\/wp-json\/wp\/v2\/pages"}],"about":[{"href":"https:\/\/ebp.org.br\/slo\/wp-json\/wp\/v2\/types\/page"}],"author":[{"embeddable":true,"href":"https:\/\/ebp.org.br\/slo\/wp-json\/wp\/v2\/users\/1"}],"replies":[{"embeddable":true,"href":"https:\/\/ebp.org.br\/slo\/wp-json\/wp\/v2\/comments?post=11382"}],"version-history":[{"count":0,"href":"https:\/\/ebp.org.br\/slo\/wp-json\/wp\/v2\/pages\/11382\/revisions"}],"up":[{"embeddable":true,"href":"https:\/\/ebp.org.br\/slo\/wp-json\/wp\/v2\/pages\/11373"}],"wp:attachment":[{"href":"https:\/\/ebp.org.br\/slo\/wp-json\/wp\/v2\/media?parent=11382"}],"curies":[{"name":"wp","href":"https:\/\/api.w.org\/{rel}","templated":true}]}}