{"id":11378,"date":"2021-04-14T06:57:52","date_gmt":"2021-04-14T09:57:52","guid":{"rendered":"https:\/\/www.ebp.org.br\/slo\/?page_id=11378"},"modified":"2021-04-14T06:57:52","modified_gmt":"2021-04-14T09:57:52","slug":"comissoes","status":"publish","type":"page","link":"https:\/\/ebp.org.br\/slo\/jornadas\/ii-jornadas-ebp-secao-lo-amor-no-tempo-das-coleras\/comissoes\/","title":{"rendered":"Comiss\u00f5es"},"content":{"rendered":"<section class=\"wpb-content-wrapper\">[vc_row][vc_column][eikra-vc-text-title style=&#8221;style2&#8243; title=&#8221;Organiza\u00e7\u00e3o&#8221;][\/eikra-vc-text-title][vc_column_text]<img loading=\"lazy\" decoding=\"async\" class=\"alignright wp-image-11446\" src=\"https:\/\/www.ebp.org.br\/slo\/wp-content\/uploads\/2021\/05\/amurados_001_007.jpg\" alt=\"\" width=\"500\" height=\"315\" \/>\u201cN\u00e3o preciso de uma lista numerosa, mas de trabalhadores decididos, como sou desde j\u00e1\u201d, disse Lacan em seu ato de funda\u00e7\u00e3o da Escola Francesa de Psican\u00e1lise. Desde ent\u00e3o, esse sintagma acompanha e orienta os analistas lacanianos, um a um, a p\u00f4r se si, a deixar sua libra de carne na sustenta\u00e7\u00e3o de uma transfer\u00eancia de trabalho. Nomeamos aqui as comiss\u00f5es que, em equipes decididas, tornaram-se companheiros na prepara\u00e7\u00e3o das II Jornadas.<\/p>\n<p><strong>Cient\u00edfica<\/strong>:<\/p>\n<ul>\n<li>T\u00e2nia Regina Anchite Martins <a href=\"mailto:tramartins@gmail.com\">tramartins@gmail.com<\/a> (Coordenadora)<\/li>\n<li>Cl\u00e1udia Murta<\/li>\n<li>Cristiano Pimenta<\/li>\n<li>Denizy\u00ea Zacharias<\/li>\n<li>Lu\u00eds Francisco Esp\u00edndola<\/li>\n<\/ul>\n<hr \/>\n<p><strong>Tesouraria<\/strong>:<\/p>\n<ul>\n<li>Carla Serles <a href=\"mailto:carlaserles@icloud.com\">carlaserles@icloud.com<\/a> (Coordenadora)<\/li>\n<li>Helen Guerra<\/li>\n<li>Vanessa Port\u00e3o<\/li>\n<\/ul>\n<hr \/>\n<p><strong>Boletim<\/strong>:<\/p>\n<ul>\n<li>Adriana Pessoa <a href=\"mailto:gpessoa@gpessoa.com.br\">gpessoa@gpessoa.com.br<\/a>\u00a0 (Coordenadora)<\/li>\n<li>Andr\u00e9 Luiz Pacheco da Silva<\/li>\n<li>Regina Cheli Prati<\/li>\n<li>Ros\u00e2ngela Ribeiro<\/li>\n<li>Simone Vieira<\/li>\n<li>Vitor Caetano Pereira Rocha<\/li>\n<li>Wal\u00e9ria Paix\u00e3o<\/li>\n<\/ul>\n<hr \/>\n<p><strong>Divulga\u00e7\u00e3o<\/strong>:<\/p>\n<ul>\n<li>Jaqueline Moreira Coelho \u00a0<a href=\"mailto:jaquemoreira@hotmail.com\">jaquemoreira@hotmail.com<\/a> (Coordenadora)<\/li>\n<li>Adriano Moreira<\/li>\n<li>Cristina Alves<\/li>\n<li>Gabriel Caixeta<\/li>\n<li>Geanine Vieira<\/li>\n<li>Gl\u00e1ucia Fa\u00e9<\/li>\n<li>Is\u00e2ngela Lins<\/li>\n<li>Maila Rocha<\/li>\n<\/ul>\n<hr \/>\n<p><strong>Livraria<\/strong>:<\/p>\n<ul>\n<li>Adriana Gonring <a href=\"mailto:adrianagonring@gmail.com\">adrianagonring@gmail.com<\/a> (Coordenadora)<\/li>\n<li>Ana Paula F. Rezende<\/li>\n<li>Giovana B. B. Heinemann<\/li>\n<li>Gize Bessa<\/li>\n<li>Olenice Amorim Gon\u00e7alves<\/li>\n<\/ul>\n<hr \/>\n<p><strong>Tradu\u00e7\u00e3o<\/strong>:<\/p>\n<ul>\n<li>Bartyra Ribeiro de Castro \u00a0<a href=\"mailto:bartyrardecastro@gmail.com\">bartyrardecastro@gmail.com<\/a> (Coordenadora)<\/li>\n<li>Ruskaya Maia<\/li>\n<\/ul>\n<hr \/>\n<p><strong>Infra<\/strong>&#8211;<strong>estrutura<\/strong>:<\/p>\n<ul>\n<li>Giovanna Quaglia \u00a0<a href=\"mailto:giovannaquagliar@gmail.com\">giovannaquagliar@gmail.com<\/a> (Coordenadora)<\/li>\n<li>Amanda Soares de Vargas<\/li>\n<li>Ben\u00ed Rosa Lino Filho<\/li>\n<li>Camila Elkadi Diniz<\/li>\n<li>Gabriela Malvezzi do Amaral<\/li>\n<li>Luciana da Silva Pedron<\/li>\n<li>Olenice Amorim Gon\u00e7alves<\/li>\n<li>Tiago Barbosa<\/li>\n<li>Consultor: Bruno Senna<\/li>\n<\/ul>\n<hr \/>\n<p><strong>Assessoria t\u00e9cnica:<\/strong> Bruno Senna, Comiss\u00e3o <em>ad hoc<\/em> Redes[\/vc_column_text][\/vc_column][\/vc_row]\n<\/section>","protected":false},"excerpt":{"rendered":"<p>[vc_row][vc_column][eikra-vc-text-title style=&#8221;style2&#8243; title=&#8221;Organiza\u00e7\u00e3o&#8221;][\/eikra-vc-text-title][vc_column_text]\u201cN\u00e3o preciso de uma lista numerosa, mas de trabalhadores decididos, como sou desde j\u00e1\u201d, disse Lacan em seu ato de funda\u00e7\u00e3o da Escola Francesa de Psican\u00e1lise. Desde ent\u00e3o, esse sintagma acompanha e orienta os analistas lacanianos, um a um, a p\u00f4r se si, a deixar sua libra de carne na sustenta\u00e7\u00e3o de uma&hellip;<\/p>\n","protected":false},"author":1,"featured_media":0,"parent":11373,"menu_order":0,"comment_status":"closed","ping_status":"closed","template":"","meta":{"footnotes":""},"class_list":["post-11378","page","type-page","status-publish","hentry","entry","no-media"],"_links":{"self":[{"href":"https:\/\/ebp.org.br\/slo\/wp-json\/wp\/v2\/pages\/11378","targetHints":{"allow":["GET"]}}],"collection":[{"href":"https:\/\/ebp.org.br\/slo\/wp-json\/wp\/v2\/pages"}],"about":[{"href":"https:\/\/ebp.org.br\/slo\/wp-json\/wp\/v2\/types\/page"}],"author":[{"embeddable":true,"href":"https:\/\/ebp.org.br\/slo\/wp-json\/wp\/v2\/users\/1"}],"replies":[{"embeddable":true,"href":"https:\/\/ebp.org.br\/slo\/wp-json\/wp\/v2\/comments?post=11378"}],"version-history":[{"count":0,"href":"https:\/\/ebp.org.br\/slo\/wp-json\/wp\/v2\/pages\/11378\/revisions"}],"up":[{"embeddable":true,"href":"https:\/\/ebp.org.br\/slo\/wp-json\/wp\/v2\/pages\/11373"}],"wp:attachment":[{"href":"https:\/\/ebp.org.br\/slo\/wp-json\/wp\/v2\/media?parent=11378"}],"curies":[{"name":"wp","href":"https:\/\/api.w.org\/{rel}","templated":true}]}}