{"id":11376,"date":"2021-04-14T06:36:49","date_gmt":"2021-04-14T09:36:49","guid":{"rendered":"https:\/\/www.ebp.org.br\/slo\/?page_id=11376"},"modified":"2025-04-01T15:39:24","modified_gmt":"2025-04-01T18:39:24","slug":"jornadas","status":"publish","type":"page","link":"https:\/\/ebp.org.br\/slo\/jornadas\/","title":{"rendered":"Jornadas"},"content":{"rendered":"<ul>\n<li><a class=\"row-title\" href=\"https:\/\/ebp.org.br\/slo\/v-jornadas-ebp-secao-lo-corpo-m-e-m-o-r-i-a\/\" aria-label=\"\u201cV Jornadas EBP Se\u00e7\u00e3o-LO \u2013 corpo-m-e-m-o-r-i-a\u201d (Editar)\">V Jornadas EBP Se\u00e7\u00e3o-LO \u2013 corpo-m-e-m-o-r-i-a<\/a><\/li>\n<li><a class=\"row-title\" href=\"https:\/\/ebp.org.br\/slo\/jornadas\/iv-jornadas-ebp-secao-lo-que-loucura-e-essa\/\" aria-label=\"\u201cIV Jornadas EBP Se\u00e7\u00e3o-LO \u2013 Que loucura \u00e9 essa?\u201d (Editar)\">IV Jornadas EBP Se\u00e7\u00e3o-LO \u2013 Que loucura \u00e9 essa?<\/a><\/li>\n<li><a class=\"row-title\" href=\"https:\/\/ebp.org.br\/slo\/jornadas\/iii-jornadas-ebp-secao-lo-o-misterio-da-sexuacao\/\" aria-label=\"\u201cIII Jornadas EBP Se\u00e7\u00e3o-LO \u2013 O Mist\u00e9rio da Sexua\u00e7\u00e3o\u201d (Editar)\">III Jornadas EBP Se\u00e7\u00e3o-LO \u2013 O Mist\u00e9rio da Sexua\u00e7\u00e3o<\/a><\/li>\n<li><a class=\"row-title\" href=\"https:\/\/ebp.org.br\/slo\/jornadas\/ii-jornadas-ebp-secao-lo-amor-no-tempo-das-coleras\/\" aria-label=\"\u201cII Jornadas EBP Se\u00e7\u00e3o-LO \u2013 O amor no tempo das c\u00f3leras\u201d (Editar)\">II Jornadas EBP Se\u00e7\u00e3o-LO \u2013 O amor no tempo das c\u00f3leras<\/a><\/li>\n<li><a class=\"row-title\" href=\"https:\/\/ebp.org.br\/slo\/jornadas\/jornadas-da-slof\/\" aria-label=\"\u201cI JORNADAS da SLO(f)\u201d (Editar)\">I JORNADAS da SLO(f)<\/a><\/li>\n<\/ul>\n","protected":false},"excerpt":{"rendered":"<p>V Jornadas EBP Se\u00e7\u00e3o-LO \u2013 corpo-m-e-m-o-r-i-a IV Jornadas EBP Se\u00e7\u00e3o-LO \u2013 Que loucura \u00e9 essa? III Jornadas EBP Se\u00e7\u00e3o-LO \u2013 O Mist\u00e9rio da Sexua\u00e7\u00e3o II Jornadas EBP Se\u00e7\u00e3o-LO \u2013 O amor no tempo das c\u00f3leras I JORNADAS da SLO(f)<\/p>\n","protected":false},"author":1,"featured_media":0,"parent":0,"menu_order":0,"comment_status":"closed","ping_status":"closed","template":"","meta":{"footnotes":""},"class_list":["post-11376","page","type-page","status-publish","hentry","entry","no-media"],"_links":{"self":[{"href":"https:\/\/ebp.org.br\/slo\/wp-json\/wp\/v2\/pages\/11376","targetHints":{"allow":["GET"]}}],"collection":[{"href":"https:\/\/ebp.org.br\/slo\/wp-json\/wp\/v2\/pages"}],"about":[{"href":"https:\/\/ebp.org.br\/slo\/wp-json\/wp\/v2\/types\/page"}],"author":[{"embeddable":true,"href":"https:\/\/ebp.org.br\/slo\/wp-json\/wp\/v2\/users\/1"}],"replies":[{"embeddable":true,"href":"https:\/\/ebp.org.br\/slo\/wp-json\/wp\/v2\/comments?post=11376"}],"version-history":[{"count":3,"href":"https:\/\/ebp.org.br\/slo\/wp-json\/wp\/v2\/pages\/11376\/revisions"}],"predecessor-version":[{"id":13555,"href":"https:\/\/ebp.org.br\/slo\/wp-json\/wp\/v2\/pages\/11376\/revisions\/13555"}],"wp:attachment":[{"href":"https:\/\/ebp.org.br\/slo\/wp-json\/wp\/v2\/media?parent=11376"}],"curies":[{"name":"wp","href":"https:\/\/api.w.org\/{rel}","templated":true}]}}