{"id":10806,"date":"2020-02-21T09:54:15","date_gmt":"2020-02-21T12:54:15","guid":{"rendered":"http:\/\/www.ebp.org.br\/slo\/?page_id=10806"},"modified":"2020-02-21T09:54:15","modified_gmt":"2020-02-21T12:54:15","slug":"secao-leste-oeste","status":"publish","type":"page","link":"https:\/\/ebp.org.br\/slo\/secao-leste-oeste\/","title":{"rendered":"Se\u00e7\u00e3o Leste-Oeste"},"content":{"rendered":"<section class=\"wpb-content-wrapper\">[vc_row][vc_column][eikra-vc-text-title style=&#8221;style2&#8243; title=&#8221;Quem Somos&#8221;][\/eikra-vc-text-title][\/vc_column][\/vc_row][vc_row][vc_column][vc_column_text]A <a href=\"http:\/\/www.ebp.org.br\">Escola Brasileira de Psican\u00e1lise<\/a> foi fundada por Jacques-Alain Miller em 1995, consolidando o enorme trabalho de \u201cIniciativa Escola\u201d no Brasil. Nesse momento, as Se\u00e7\u00f5es da EBP passaram efetivamente ao movimento constante e desafiador em dire\u00e7\u00e3o ao Um da Escola.<\/p>\n<p>Nos locais nos quais n\u00e3o havia condi\u00e7\u00f5es para que uma Se\u00e7\u00e3o fosse instaurada, a EBP criou iniciativas que foram chamadas de Delega\u00e7\u00f5es. O trabalho nessas localidades foi prof\u00edcuo durante todos esses anos, por\u00e9m, as exig\u00eancias estruturais b\u00e1sicas, tais como, o n\u00famero m\u00ednimo de membros da EBP\/AMP para compor uma Diretoria e um Conselho, levando-se em conta a l\u00f3gica da permuta\u00e7\u00e3o a cada dois anos, n\u00e3o se efetivou.<\/p>\n<p>Sendo assim, a Escola prop\u00f4s, depois de refletir bastante sobre o tema, reunir o trabalho j\u00e1 consolidado no Mato Grosso do Sul, Esp\u00edrito Santo e Goi\u00e1s, para criar uma nova Se\u00e7\u00e3o, unindo os esfor\u00e7os dos membros que praticam e ensinam nesses locais.<\/p>\n<p>Bras\u00edlia foi o local escolhido para abrigar a sede dessa proposta.<\/p>\n<p>A EBP j\u00e1 demonstrou que a geopol\u00edtica \u00e9 importante para que a psican\u00e1lise possa se sustentar e se manter viva. No pa\u00eds da psican\u00e1lise podemos contar com as diferen\u00e7as dos costumes, dos sotaques e dos estilos de cada regi\u00e3o. O Um dessa Se\u00e7\u00e3o surgir\u00e1 do desejo decidido de seus membros.<\/p>\n<p>Os princ\u00edpios psicanal\u00edticos nortear\u00e3o as inven\u00e7\u00f5es da SLO frente ao desafio de nossas diferen\u00e7as!<\/p>\n<p>Al\u00e9m das atividades das ter\u00e7as-feiras, que ocorrer\u00e3o via internet em cada uma das localidades, Semin\u00e1rios propostos por seus membros ter\u00e3o seu lugar garantido.<\/p>\n<p>Os Cart\u00e9is, c\u00e9lulas da Escola, poder\u00e3o proporcionar atividades locais para que o trabalho seja orientado segundo o interesse de cada um de seus participantes. O interc\u00e2mbio com outras \u00e1reas do conhecimento poder\u00e1 tamb\u00e9m ser alavancado.<\/p>\n<p>A Biblioteca da SLO fornecer\u00e1 o acesso \u00e0s refer\u00eancias psicanal\u00edticas b\u00e1sicas, al\u00e9m de promover atividades que envolvem a discuss\u00e3o da psican\u00e1lise com outros campos do saber.<\/p>\n<p>Certamente, uma publica\u00e7\u00e3o surgir\u00e1 em decorr\u00eancia desse trabalho.<\/p>\n<h6 style=\"text-align: right;\">\u00a0R\u00f4mulo Ferreira da Silva \u2013 Diretor Geral da SLOf<\/h6>\n<hr \/>\n<p>A EBP-LO \u00e9 parte da EBP. \u00c9 a Se\u00e7\u00e3o Leste-Oeste da Escola Brasileira de Psican\u00e1lise, a qual conta ainda com as Se\u00e7\u00f5es S\u00e3o Paulo, Rio de Janeiro, Minas Gerais, Bahia, Santa Catarina e Pernambuco.<\/p>\n<p>A EBP-LO tem sua estrutura administrativa e respectivos cargos assim distribu\u00eddos:<\/p>\n<p>&nbsp;<\/p>\n<h3><span style=\"color: #993300;\">DIRETORIA<\/span><\/h3>\n<ul>\n<li>Diretor Geral: R\u00f4mulo Ferreira da Silva<\/li>\n<li>Diretora Secret\u00e1ria-Tesoureira: Ord\u00e1lia Alves Junqueira<\/li>\n<li>Diretor de Interc\u00e2mbio e Cart\u00e9is: Ary Farias<\/li>\n<li>Diretora de Biblioteca: Bartyra Ribeiro de Castro<\/li>\n<\/ul>\n<hr \/>\n<h3><span style=\"color: #993300;\">CONSELHO DELIBERATIVO<\/span><\/h3>\n<ul>\n<li>Elisa Alvarenga (Presidente)<\/li>\n<li>Renato Carlos Vieira (Secret\u00e1rio)<\/li>\n<li>Cristiano Alves Pimenta<\/li>\n<li>F\u00e1bio Paes Barreto<\/li>\n<li>Tania Regina Anchite Martins<\/li>\n<li>Geraldo Alberto Viana Murta.<\/li>\n<\/ul>\n<hr \/>\n<h3><span style=\"color: #993300;\">CONSELHO FISCAL<\/span><\/h3>\n<ul>\n<li>Carla Serles<\/li>\n<li>Claudia Pereira do Carmo Murta<\/li>\n<li>Ruskaya Rodrigues Maia<\/li>\n<\/ul>\n<hr \/>\n<h3><span style=\"color: #993300;\">COMISS\u00c3O DE REDES SOCIAIS\u00a0<\/span><\/h3>\n<ul>\n<li>Amanda Vargas (Campo Grande &#8211; MS)<\/li>\n<li>Cristina Alves Barbosa (Goi\u00e2nia &#8211; GO)<\/li>\n<li>Gabriela Malvezzi do Amaral (S\u00e3o Paulo &#8211; SP) &#8211; Coordenadora<\/li>\n<li>Lucas Fraga Gomes (Vit\u00f3ria &#8211; ES)<\/li>\n<li>Ord\u00e1lia Alves Junqueira (DF e Goi\u00e2nia &#8211; GO)<\/li>\n<\/ul>\n<p>A Comiss\u00e3o de Redes Sociais, comiss\u00e3o\u00a0<em>ad hoc<\/em>, tem como fun\u00e7\u00e3o criar rede para al\u00e9m da internet, de manter relacionamento entre pessoas que compartilham do trabalho da SLO.<\/p>\n<p>Al\u00e9m de possibilitar as Atividades das ter\u00e7as-feiras que ocorrer\u00e3o on-line, a Comiss\u00e3o se encarregar\u00e1 das postagens no Facebook e\/ou Instagram.[\/vc_column_text][\/vc_column][\/vc_row]\n<\/section>","protected":false},"excerpt":{"rendered":"<p>[vc_row][vc_column][eikra-vc-text-title style=&#8221;style2&#8243; title=&#8221;Quem Somos&#8221;][\/eikra-vc-text-title][\/vc_column][\/vc_row][vc_row][vc_column][vc_column_text]A Escola Brasileira de Psican\u00e1lise foi fundada por Jacques-Alain Miller em 1995, consolidando o enorme trabalho de \u201cIniciativa Escola\u201d no Brasil. Nesse momento, as Se\u00e7\u00f5es da EBP passaram efetivamente ao movimento constante e desafiador em dire\u00e7\u00e3o ao Um da Escola. Nos locais nos quais n\u00e3o havia condi\u00e7\u00f5es para que uma Se\u00e7\u00e3o fosse&hellip;<\/p>\n","protected":false},"author":1,"featured_media":0,"parent":0,"menu_order":0,"comment_status":"closed","ping_status":"closed","template":"","meta":{"footnotes":""},"class_list":["post-10806","page","type-page","status-publish","hentry","entry","no-media"],"_links":{"self":[{"href":"https:\/\/ebp.org.br\/slo\/wp-json\/wp\/v2\/pages\/10806","targetHints":{"allow":["GET"]}}],"collection":[{"href":"https:\/\/ebp.org.br\/slo\/wp-json\/wp\/v2\/pages"}],"about":[{"href":"https:\/\/ebp.org.br\/slo\/wp-json\/wp\/v2\/types\/page"}],"author":[{"embeddable":true,"href":"https:\/\/ebp.org.br\/slo\/wp-json\/wp\/v2\/users\/1"}],"replies":[{"embeddable":true,"href":"https:\/\/ebp.org.br\/slo\/wp-json\/wp\/v2\/comments?post=10806"}],"version-history":[{"count":0,"href":"https:\/\/ebp.org.br\/slo\/wp-json\/wp\/v2\/pages\/10806\/revisions"}],"wp:attachment":[{"href":"https:\/\/ebp.org.br\/slo\/wp-json\/wp\/v2\/media?parent=10806"}],"curies":[{"name":"wp","href":"https:\/\/api.w.org\/{rel}","templated":true}]}}