{"id":6708,"date":"2025-02-26T08:39:32","date_gmt":"2025-02-26T11:39:32","guid":{"rendered":"https:\/\/ebp.org.br\/rj\/?page_id=6708"},"modified":"2025-08-04T06:17:59","modified_gmt":"2025-08-04T09:17:59","slug":"seminario-de-orientacao-lacaniana-bienio-2025-2027","status":"publish","type":"page","link":"https:\/\/ebp.org.br\/rj\/ensino\/seminarios-4\/seminario-de-orientacao-lacaniana-bienio-2025-2027\/","title":{"rendered":"Semin\u00e1rio de Orienta\u00e7\u00e3o Lacaniana &#8211; Bi\u00eanio 2025-2027"},"content":{"rendered":"<section class=\"wpb-content-wrapper\">[vc_row][vc_column width=&#8221;2\/3&#8243;][vc_column_text]\n<h3 style=\"font-weight: 400;\"><span style=\"color: #993300;\">Semin\u00e1rio de Orienta\u00e7\u00e3o Lacaniana<\/span><\/h3>\n<p style=\"font-weight: 400;\"><em>Coord. Romildo do R\u00eago Barros<\/em><\/p>\n<p style=\"font-weight: 400;\"><strong>Uma Orienta\u00e7\u00e3o para o\u00a0Real<\/strong><\/p>\n<p style=\"font-weight: 400;\">Uma maneira de entender a express\u00e3o &#8220;orienta\u00e7\u00e3o lacaniana&#8221;, t\u00e3o nossa, \u00e9 procurar seguir Lacan na busca de como se haver com o real. Neste sentido, trata-se n\u00e3o somente de seguir Lacan, orientar-se por seu ensino, mas tamb\u00e9m seguir o que ele seguiu, orientar-se por aquilo que ele pr\u00f3prio tomou como orienta\u00e7\u00e3o. Tomou como seu sintoma, segundo seus pr\u00f3prios termos.<\/p>\n<p style=\"font-weight: 400;\">O Semin\u00e1rio de Orienta\u00e7\u00e3o Lacaniana, proposto pelo Conselho da Se\u00e7\u00e3o Rio da EBP, pretende, neste ano de 2025, tirar consequ\u00eancias cl\u00ednicas do \u00faltimo ensino de Lacan. Ou seja, ler a orienta\u00e7\u00e3o lacaniana como orienta\u00e7\u00e3o\u00a0para\u00a0o\u00a0real.<\/p>\n<p style=\"font-weight: 400;\">Datas previstas:<br \/>\n07\/04<br \/>\n05\/05<br \/>\n02\/06<br \/>\n04\/08<br \/>\n06\/10<br \/>\n01\/12[\/vc_column_text][\/vc_column][vc_column width=&#8221;1\/3&#8243;][vc_empty_space]<a href=\"https:\/\/us02web.zoom.us\/j\/86932221489?pwd=CsCarG0wkwzvhPscjbtftiaSoesbbx.1\" class=\"vcex-button theme-button red inline\"><span class=\"vcex-button-inner theme-button-inner\">LINK ZOOM<\/span><\/a> [vc_column_text]<strong>ID da reuni\u00e3o:<\/strong> 869 3222 1489<br \/>\n<strong>Senha:<\/strong> 292692[\/vc_column_text][\/vc_column][\/vc_row]\n<\/section>","protected":false},"excerpt":{"rendered":"<p>[vc_row][vc_column width=&#8221;2\/3&#8243;][vc_column_text] Semin\u00e1rio de Orienta\u00e7\u00e3o Lacaniana Coord. Romildo do R\u00eago Barros Uma Orienta\u00e7\u00e3o para o\u00a0Real Uma maneira de entender a express\u00e3o &#8220;orienta\u00e7\u00e3o lacaniana&#8221;, t\u00e3o nossa, \u00e9 procurar seguir Lacan na busca de como se haver com o real. Neste sentido, trata-se n\u00e3o somente de seguir Lacan, orientar-se por seu ensino, mas tamb\u00e9m seguir o que&hellip;<\/p>\n","protected":false},"author":1,"featured_media":0,"parent":1585,"menu_order":0,"comment_status":"closed","ping_status":"closed","template":"","meta":{"footnotes":""},"class_list":["post-6708","page","type-page","status-publish","hentry","entry","no-media"],"_links":{"self":[{"href":"https:\/\/ebp.org.br\/rj\/wp-json\/wp\/v2\/pages\/6708","targetHints":{"allow":["GET"]}}],"collection":[{"href":"https:\/\/ebp.org.br\/rj\/wp-json\/wp\/v2\/pages"}],"about":[{"href":"https:\/\/ebp.org.br\/rj\/wp-json\/wp\/v2\/types\/page"}],"author":[{"embeddable":true,"href":"https:\/\/ebp.org.br\/rj\/wp-json\/wp\/v2\/users\/1"}],"replies":[{"embeddable":true,"href":"https:\/\/ebp.org.br\/rj\/wp-json\/wp\/v2\/comments?post=6708"}],"version-history":[{"count":7,"href":"https:\/\/ebp.org.br\/rj\/wp-json\/wp\/v2\/pages\/6708\/revisions"}],"predecessor-version":[{"id":6792,"href":"https:\/\/ebp.org.br\/rj\/wp-json\/wp\/v2\/pages\/6708\/revisions\/6792"}],"up":[{"embeddable":true,"href":"https:\/\/ebp.org.br\/rj\/wp-json\/wp\/v2\/pages\/1585"}],"wp:attachment":[{"href":"https:\/\/ebp.org.br\/rj\/wp-json\/wp\/v2\/media?parent=6708"}],"curies":[{"name":"wp","href":"https:\/\/api.w.org\/{rel}","templated":true}]}}