{"id":6706,"date":"2025-02-26T08:37:38","date_gmt":"2025-02-26T11:37:38","guid":{"rendered":"https:\/\/ebp.org.br\/rj\/?page_id=6706"},"modified":"2025-08-04T06:19:51","modified_gmt":"2025-08-04T09:19:51","slug":"seminario-a-politica-da-psicanalise-bienio-2025-2027","status":"publish","type":"page","link":"https:\/\/ebp.org.br\/rj\/ensino\/seminarios-4\/seminario-a-politica-da-psicanalise-bienio-2025-2027\/","title":{"rendered":"Semin\u00e1rio A Pol\u00edtica da Psican\u00e1lise &#8211; Bi\u00eanio 2025-2027"},"content":{"rendered":"<section class=\"wpb-content-wrapper\">[vc_row][vc_column width=&#8221;2\/3&#8243;][vc_column_text]\n<h3 style=\"font-weight: 400;\"><span style=\"color: #993300;\">Semin\u00e1rio Pol\u00edtica da Psican\u00e1lise<\/span><\/h3>\n<p style=\"font-weight: 400;\"><em>Coord. Ana Tereza Groisman\u00a0<\/em>e<em>\u00a0Maricia Ciscato<\/em><\/p>\n<p><strong>Fantasias<\/strong><\/p>\n<p style=\"font-weight: 400;\">Ao longo do ano, vamos pensar sobre o que \u00e9 a pol\u00edtica da psican\u00e1lise \u00e0 luz dos desafios cl\u00ednicos e quest\u00f5es da \u00e9poca. Pin\u00e7amos, de Lacan, a ideia de que n\u00e3o h\u00e1 \u201coutra entrada para o sujeito no real sen\u00e3o a fantasia\u201d<a href=\"https:\/\/us20.admin.mailchimp.com\/campaigns\/preview-content-html?id=18247696#_ftn1\" name=\"_ftnref1\"><sup>1<\/sup><\/a>\u00a0e, com ela, nos desdobramos a pensar se haveria altera\u00e7\u00f5es nas constitui\u00e7\u00f5es das fantasias particulares em cada era. Essa dobra inicial nos levou a um percurso instigante de pesquisa ao qual convidamos todos a contribu\u00edrem. Nosso desejo \u00e9 que se instaure neste semin\u00e1rio um ambiente de pesquisa coletiva. Para tanto, nos serviremos de uma bibliografia m\u00ednima, de alguns filmes e trechos da literatura contempor\u00e2nea.<\/p>\n<p style=\"font-weight: 400;\">Contamos com o engajamento de todos!<\/p>\n<p style=\"font-weight: 400;\"><strong>Bibliografia inicial:<\/strong><br \/>\nLacan, J. A l\u00f3gica da fantasia (1966). In: Outros Escritos. Jorge Zahar Editor. (P. 323-328)<br \/>\nMiller, J.-A. Del sintoma al fantasma. Y retorno (1982). Paid\u00f3s. (Cap\u00edtulos 5 e 6).<br \/>\nNaparstek, F. (org). El fantasma, a\u00fan (2018). Grama ediciones. (Livro todo)<br \/>\nHorne, B. e Gurgel, I. O campo uniano (2022. Editora Ares. (Cap\u00edtulo 22)<\/p>\n<p style=\"font-weight: 400;\"><strong>Reservem as datas!<\/strong><br \/>\n31\/03\/2025<br \/>\n19\/05\/2025<br \/>\n16\/06\/2025<br \/>\n25\/08\/2025<br \/>\n22\/09\/2025<br \/>\n20\/10\/2025<br \/>\n24\/11\/2025<\/p>\n<p style=\"font-weight: 400;\"><strong>Modalidade:<\/strong><\/p>\n<p style=\"font-weight: 400;\">Presencial (<strong>Aten\u00e7\u00e3o<\/strong>: para quem n\u00e3o puder estar presencialmente ser\u00e1 disponibilizada a possibilidade de assistir o semin\u00e1rio de modo on-line com participa\u00e7\u00e3o via chat).<\/p>\n<p style=\"font-weight: 400;\"><a href=\"https:\/\/us20.admin.mailchimp.com\/campaigns\/preview-content-html?id=18247696#_ftnref1\" name=\"_ftn1\"><sup>1<\/sup><\/a>Lacan, J. A l\u00f3gica da fantasia (1966). In: Outros Escritos. Jorge Zahar Editor. p.326.<\/p>\n[\/vc_column_text][\/vc_column][vc_column width=&#8221;1\/3&#8243;][vc_empty_space]<a href=\"https:\/\/us02web.zoom.us\/j\/87165869473?pwd=4aV27bTufbzNo2ZY8aGowuv27ZOgA3.1\" class=\"vcex-button theme-button red inline\"><span class=\"vcex-button-inner theme-button-inner\">LINK ZOOM<\/span><\/a> [vc_column_text]<strong>ID da reuni\u00e3o:<\/strong> 871 6586 9473<br \/>\n<strong>Senha:<\/strong> 231370[\/vc_column_text][\/vc_column][\/vc_row]\n<\/section>","protected":false},"excerpt":{"rendered":"<p>[vc_row][vc_column width=&#8221;2\/3&#8243;][vc_column_text] Semin\u00e1rio Pol\u00edtica da Psican\u00e1lise Coord. Ana Tereza Groisman\u00a0e\u00a0Maricia Ciscato Fantasias Ao longo do ano, vamos pensar sobre o que \u00e9 a pol\u00edtica da psican\u00e1lise \u00e0 luz dos desafios cl\u00ednicos e quest\u00f5es da \u00e9poca. Pin\u00e7amos, de Lacan, a ideia de que n\u00e3o h\u00e1 \u201coutra entrada para o sujeito no real sen\u00e3o a fantasia\u201d1\u00a0e, com&hellip;<\/p>\n","protected":false},"author":1,"featured_media":0,"parent":1585,"menu_order":0,"comment_status":"closed","ping_status":"closed","template":"","meta":{"footnotes":""},"class_list":["post-6706","page","type-page","status-publish","hentry","entry","no-media"],"_links":{"self":[{"href":"https:\/\/ebp.org.br\/rj\/wp-json\/wp\/v2\/pages\/6706","targetHints":{"allow":["GET"]}}],"collection":[{"href":"https:\/\/ebp.org.br\/rj\/wp-json\/wp\/v2\/pages"}],"about":[{"href":"https:\/\/ebp.org.br\/rj\/wp-json\/wp\/v2\/types\/page"}],"author":[{"embeddable":true,"href":"https:\/\/ebp.org.br\/rj\/wp-json\/wp\/v2\/users\/1"}],"replies":[{"embeddable":true,"href":"https:\/\/ebp.org.br\/rj\/wp-json\/wp\/v2\/comments?post=6706"}],"version-history":[{"count":4,"href":"https:\/\/ebp.org.br\/rj\/wp-json\/wp\/v2\/pages\/6706\/revisions"}],"predecessor-version":[{"id":6796,"href":"https:\/\/ebp.org.br\/rj\/wp-json\/wp\/v2\/pages\/6706\/revisions\/6796"}],"up":[{"embeddable":true,"href":"https:\/\/ebp.org.br\/rj\/wp-json\/wp\/v2\/pages\/1585"}],"wp:attachment":[{"href":"https:\/\/ebp.org.br\/rj\/wp-json\/wp\/v2\/media?parent=6706"}],"curies":[{"name":"wp","href":"https:\/\/api.w.org\/{rel}","templated":true}]}}