{"id":6494,"date":"2024-04-17T07:33:37","date_gmt":"2024-04-17T10:33:37","guid":{"rendered":"https:\/\/ebp.org.br\/rj\/?page_id=6494"},"modified":"2025-03-12T15:45:23","modified_gmt":"2025-03-12T18:45:23","slug":"seminario-de-orientacao-lacaniana-bienio-2023-2025","status":"publish","type":"page","link":"https:\/\/ebp.org.br\/rj\/ensino\/seminarios-4\/seminario-de-orientacao-lacaniana-bienio-2023-2025\/","title":{"rendered":"Semin\u00e1rio de Orienta\u00e7\u00e3o Lacaniana &#8211; Bi\u00eanio 2023-2025"},"content":{"rendered":"<section class=\"wpb-content-wrapper\">[vc_row][vc_column][vc_column_text]\n<h2><span style=\"color: #993300;\">2025<\/span><\/h2>\n<div class=\"gmail_default\"><span style=\"font-family: verdana, sans-serif;\"><b>Coordena\u00e7\u00e3o: Romildo do Rego barros\u00a0<\/b><b>e Conselho da Se\u00e7\u00e3o Rio da EBP<\/b><\/span><\/div>\n<div class=\"gmail_default\"><b><u><span style=\"font-family: verdana, sans-serif;\">\u00a0<\/span><\/u><\/b><\/div>\n<div class=\"gmail_default\">\n<p dir=\"ltr\">Uma maneira de entender a express\u00e3o &#8220;orienta\u00e7\u00e3o lacaniana&#8221;, t\u00e3o nossa, \u00e9 procurar seguir Lacan na busca de como se haver com o real. Neste sentido, trata-se n\u00e3o somente de seguir Lacan, orientar-se por seu ensino, mas tamb\u00e9m seguir o que ele seguiu, orientar-se por aquilo que ele pr\u00f3prio tomou como orienta\u00e7\u00e3o. Tomou como seu sintoma, segundo seus pr\u00f3prios termos.<\/p>\n<p dir=\"ltr\">O Semin\u00e1rio de Orienta\u00e7\u00e3o Lacaniana, proposto pelo Conselho da Se\u00e7\u00e3o Rio da EBP, pretende, neste ano de 2025, tirar consequ\u00eancias cl\u00ednicas do \u00faltimo ensino de Lacan. Ou seja, ler a orienta\u00e7\u00e3o lacaniana como orienta\u00e7\u00e3o para o real.<\/p>\n<p dir=\"ltr\"><strong>Datas:<\/strong><\/p>\n<ul>\n<li dir=\"ltr\">07\/04<\/li>\n<li dir=\"ltr\">05\/05<\/li>\n<li dir=\"ltr\">02\/06<\/li>\n<li dir=\"ltr\">04\/08<\/li>\n<li dir=\"ltr\">06\/10<\/li>\n<li dir=\"ltr\">01\/12<\/li>\n<\/ul>\n<p dir=\"ltr\"><strong>Modalidade presencial e por link do zoom<\/strong><\/p>\n<\/div>\n[\/vc_column_text][vc_empty_space][vc_separator color=&#8221;juicy_pink&#8221; border_width=&#8221;3&#8243;][vc_empty_space][vc_column_text]\n<h2><span style=\"color: #993300;\">2024<\/span><\/h2>\n<h3><strong>Fazer Escola: entre forma\u00e7\u00e3o e transforma\u00e7\u00e3o<\/strong><\/h3>\n<p>O Conselho da EBP-Se\u00e7\u00e3o Rio, convida a todos para o encontro de encerramento do SOL dedicado ao tema Fazer Escola. Neste dia, cada conselheira trar\u00e1 suas considera\u00e7\u00f5es sobre o trabalho que fizemos ao longo de 2023. Recomendamos a leitura pr\u00e9via dos textos em anexo para que a conversa circule entre todos os presentes na atividade.<\/p>\n<p>Contamos com a sua presen\u00e7a!<br \/>\nConselho da EBP-Se\u00e7\u00e3o Rio[\/vc_column_text][vc_empty_space][vc_separator color=&#8221;juicy_pink&#8221; border_width=&#8221;3&#8243;][vc_empty_space][vc_column_text]\n<h2><span style=\"color: #993300;\">2023<\/span><\/h2>\n<h3><strong>\u201cO que \u00e9 ser membro de Escola?\u201d<\/strong><\/h3>\n<p>O conselho da EBP \u2013 Se\u00e7\u00e3o Rio, convida a todos para a s\u00e9rie de encontros do Semin\u00e1rio de Orienta\u00e7\u00e3o Lacaniana que faremos no segundo semestre de 2023.<\/p>\n<p>Em cada encontro, dois colegas ser\u00e3o convidados a conversar conosco animados pela quest\u00e3o: \u201cO que \u00e9 ser membro de Escola?\u201d<\/p>\n<p>No primeiro encontro, Marcus Andr\u00e9 Vieira e Romildo do Rego Barros, instigados pela leitura da Proposi\u00e7\u00e3o de 09 de Outubro de 1967 sobre o psicanalista da Escola, de Lacan, iniciar\u00e3o a conversa provocados por algumas perguntas formuladas pelo Conselho da EBP \u2013 Se\u00e7\u00e3o Rio.<\/p>\n<p>Para participar do encontro, sugerimos a leitura pr\u00e9via do texto em anexo.<\/p>\n<p>Quem n\u00e3o puder participar presencialmente, poder\u00e1 assistir pela plataforma Zoom e precisa se inscrever no link abaixo.<\/p>\n<p>Contamos com a presen\u00e7a de todos!<\/p>\n<p>Conselho da EBP-Se\u00e7\u00e3o Rio[\/vc_column_text][\/vc_column][\/vc_row]\n<\/section>","protected":false},"excerpt":{"rendered":"<p>[vc_row][vc_column][vc_column_text] 2025 Coordena\u00e7\u00e3o: Romildo do Rego barros\u00a0e Conselho da Se\u00e7\u00e3o Rio da EBP \u00a0 Uma maneira de entender a express\u00e3o &#8220;orienta\u00e7\u00e3o lacaniana&#8221;, t\u00e3o nossa, \u00e9 procurar seguir Lacan na busca de como se haver com o real. Neste sentido, trata-se n\u00e3o somente de seguir Lacan, orientar-se por seu ensino, mas tamb\u00e9m seguir o que ele&hellip;<\/p>\n","protected":false},"author":1,"featured_media":0,"parent":1585,"menu_order":0,"comment_status":"closed","ping_status":"closed","template":"","meta":{"footnotes":""},"class_list":["post-6494","page","type-page","status-publish","hentry","entry","no-media"],"_links":{"self":[{"href":"https:\/\/ebp.org.br\/rj\/wp-json\/wp\/v2\/pages\/6494","targetHints":{"allow":["GET"]}}],"collection":[{"href":"https:\/\/ebp.org.br\/rj\/wp-json\/wp\/v2\/pages"}],"about":[{"href":"https:\/\/ebp.org.br\/rj\/wp-json\/wp\/v2\/types\/page"}],"author":[{"embeddable":true,"href":"https:\/\/ebp.org.br\/rj\/wp-json\/wp\/v2\/users\/1"}],"replies":[{"embeddable":true,"href":"https:\/\/ebp.org.br\/rj\/wp-json\/wp\/v2\/comments?post=6494"}],"version-history":[{"count":4,"href":"https:\/\/ebp.org.br\/rj\/wp-json\/wp\/v2\/pages\/6494\/revisions"}],"predecessor-version":[{"id":6722,"href":"https:\/\/ebp.org.br\/rj\/wp-json\/wp\/v2\/pages\/6494\/revisions\/6722"}],"up":[{"embeddable":true,"href":"https:\/\/ebp.org.br\/rj\/wp-json\/wp\/v2\/pages\/1585"}],"wp:attachment":[{"href":"https:\/\/ebp.org.br\/rj\/wp-json\/wp\/v2\/media?parent=6494"}],"curies":[{"name":"wp","href":"https:\/\/api.w.org\/{rel}","templated":true}]}}