{"id":6027,"date":"2023-04-12T07:30:10","date_gmt":"2023-04-12T10:30:10","guid":{"rendered":"https:\/\/ebp.org.br\/rj\/?page_id=4312"},"modified":"2025-03-12T15:47:11","modified_gmt":"2025-03-12T18:47:11","slug":"seminario-clinico-bienio-2023-2025","status":"publish","type":"page","link":"https:\/\/ebp.org.br\/rj\/ensino\/seminarios-4\/seminario-clinico-bienio-2023-2025\/","title":{"rendered":"Semin\u00e1rio Cl\u00ednico &#8211; Bi\u00eanio 2023-2025"},"content":{"rendered":"<section class=\"wpb-content-wrapper\">[vc_row][vc_column][vc_column_text]\n<h2><span style=\"color: #993300;\">2025<\/span><\/h2>\n[\/vc_column_text][vc_column_text]\n<p class=\"gmail_default\"><b>Coordena\u00e7\u00e3o: Marcus Andr\u00e9 Vieira<\/b><\/p>\n<p class=\"gmail_default\"><span style=\"font-family: verdana, sans-serif;\">Datas:<b><u><\/u><\/b><\/span><\/p>\n<ul>\n<li><span style=\"font-family: verdana, sans-serif;\">14<span class=\"gmail_default\">\/<\/span>04 <\/span><\/li>\n<li><span style=\"font-family: verdana, sans-serif;\">12<span class=\"gmail_default\">\/<\/span>05 <\/span><\/li>\n<li><span style=\"font-family: verdana, sans-serif;\">09<span class=\"gmail_default\">\/<\/span>06 <\/span><\/li>\n<li><span style=\"font-family: verdana, sans-serif;\">11<span class=\"gmail_default\">\/<\/span>08 <\/span><\/li>\n<li><span style=\"font-family: verdana, sans-serif;\">15<span class=\"gmail_default\">\/<\/span>09<\/span><\/li>\n<li><span style=\"font-family: verdana, sans-serif;\">13<span class=\"gmail_default\">\/<\/span>10<\/span><\/li>\n<li><span style=\"font-family: verdana, sans-serif;\">17<span class=\"gmail_default\">\/<\/span>11<\/span><\/li>\n<li><span style=\"font-family: verdana, sans-serif;\">08<span class=\"gmail_default\">\/<\/span>12<\/span><\/li>\n<\/ul>\n[\/vc_column_text][vc_empty_space][vc_separator color=&#8221;juicy_pink&#8221;][vc_empty_space][vc_column_text]\n<h2><span style=\"color: #993300;\">2024<\/span><\/h2>\n[\/vc_column_text][vc_column_text]\n<h3><strong><span style=\"color: #993300;\">SEMIN\u00c1RIO CL\u00cdNICO<\/span> <\/strong><\/h3>\n<ul>\n<li>Coordena\u00e7\u00e3o: Ang\u00e9lica Bastos e Maria do Ros\u00e1rio Collier do R\u00eago Barros<\/li>\n<\/ul>\n<p><strong>\u201cFazer existir o inconsciente\u201d<\/strong><\/p>\n<p>Em 2024, o Semin\u00e1rio Cl\u00ednico dar\u00e1 continuidade ao tema \u201cFazer existir o inconsciente\u201d. Al\u00e9m das coordenadoras Ang\u00e9lica Bastos e Maria do Ros\u00e1rio Collier do R\u00eago Barros, participam atualmente do cartel do Semin\u00e1rio Gl\u00f3ria Maron, Francisca Menta e Thereza De Felice. No primeiro encontro do ano, contaremos com a apresenta\u00e7\u00e3o de Thereza De Felice, que nos diz: \u201cno texto \u2018A palavra que fere\u2019 (2010), J. A. Miller trabalha a proposta de que a interpreta\u00e7\u00e3o cria o inconsciente. A partir do caso cl\u00ednico escolhido, vamos destacar momentos de aproxima\u00e7\u00e3o \u00e0 inexist\u00eancia da rela\u00e7\u00e3o sexual, em meio \u00e0 repeti\u00e7\u00e3o de alguns significantes em an\u00e1lise, bem como os poss\u00edveis efeitos, a\u00ed, de uma interpreta\u00e7\u00e3o\u201d.<\/p>\n<ul>\n<li>Local: rua Capistrano de Abreu 14<\/li>\n<li>Hor\u00e1rio: 20h<\/li>\n<li>Formato presencial &#8211; Inscri\u00e7\u00e3o obrigat\u00f3ria<\/li>\n<\/ul>\n[\/vc_column_text][vc_empty_space][vc_separator color=&#8221;juicy_pink&#8221;][vc_empty_space][vc_column_text]\n<h2><span style=\"color: #993300;\">2023<\/span><\/h2>\n[\/vc_column_text][vc_column_text]\n<h3><strong><span style=\"color: #993300;\">SEMIN\u00c1RIO CL\u00cdNICO<\/span> <\/strong><\/h3>\n<ul>\n<li>Coordena\u00e7\u00e3o: Ang\u00e9lica Bastos e Maria do Ros\u00e1rio Collier do R\u00eago Barros<\/li>\n<\/ul>\n<p><strong>\u201cFazer existir o inconsciente\u201d<\/strong><\/p>\n<p>Fazer existir o inconsciente \u00e9 o tema do Semin\u00e1rio Cl\u00ednico da Se\u00e7\u00e3o Rio da EBP para 2023. A psican\u00e1lise depende do real e a aposta do psicanalista no inconsciente \u00e9 indissoci\u00e1vel do real da civiliza\u00e7\u00e3o no s\u00e9culo XXI. A introdu\u00e7\u00e3o da dimens\u00e3o do inconsciente concerne \u00e0 pr\u00e1tica da psican\u00e1lise e aos dispositivos de escuta nas institui\u00e7\u00f5es e na cidade. Como fazer existir o inconsciente a partir do real? Buscaremos circunscrever como a opera\u00e7\u00e3o anal\u00edtica pode dar lugar ao inconsciente transferencial e ao inconsciente real. Essa quest\u00e3o guiar\u00e1 nosso encaminhamento na discuss\u00e3o das an\u00e1lises que se iniciam, daquelas que duram e das que se encerram.<\/p>\n<p>Em nosso primeiro encontro do Semin\u00e1rio Cl\u00ednico de 2023, dia 10 de abril \u00e0s 20:00 h., vamos apresentar o que motivou nossa escolha do tema \u201cFazer existir o inconsciente\u201d. Trataremos de algumas refer\u00eancias te\u00f3ricas que v\u00e3o nos orientar na leitura dos casos cl\u00ednicos que ser\u00e3o trazidos para nossa conversa e que nos servir\u00e3o para interrogar nossa cl\u00ednica num clima de pesquisa que conv\u00e9m \u00e0 pr\u00e1tica da psican\u00e1lise. Escolhemos a modalidade presencial, contando com a participa\u00e7\u00e3o ativa de voc\u00eas nos encontros que ocorrer\u00e3o em nossa sede da Se\u00e7\u00e3o Rio.<\/p>\n<p>O Semin\u00e1rio Cl\u00ednico conta com um cartel, constitu\u00eddo por Sandra Viola, Ana Claudia Jord\u00e3o e Felipe Viana que se reunir\u00e3o \u00e0s coordenadoras Maria do Ros\u00e1rio Collier do R\u00eago Barros e Ang\u00e9lica Bastos.<\/p>\n<ul>\n<li>Local: rua Capistrano de Abreu 14<\/li>\n<li>Datas: 10\/04, 15\/05 e 12\/06<\/li>\n<li>Hor\u00e1rio: 20h<\/li>\n<li>Formato presencial &#8211; Inscri\u00e7\u00e3o obrigat\u00f3ria<\/li>\n<\/ul>\n[\/vc_column_text][\/vc_column][\/vc_row]\n<\/section>","protected":false},"excerpt":{"rendered":"<p>[vc_row][vc_column][vc_column_text] 2025 [\/vc_column_text][vc_column_text] Coordena\u00e7\u00e3o: Marcus Andr\u00e9 Vieira Datas: 14\/04 12\/05 09\/06 11\/08 15\/09 13\/10 17\/11 08\/12 [\/vc_column_text][vc_empty_space][vc_separator color=&#8221;juicy_pink&#8221;][vc_empty_space][vc_column_text] 2024 [\/vc_column_text][vc_column_text] SEMIN\u00c1RIO CL\u00cdNICO Coordena\u00e7\u00e3o: Ang\u00e9lica Bastos e Maria do Ros\u00e1rio Collier do R\u00eago Barros \u201cFazer existir o inconsciente\u201d Em 2024, o Semin\u00e1rio Cl\u00ednico dar\u00e1 continuidade ao tema \u201cFazer existir o inconsciente\u201d. Al\u00e9m das coordenadoras Ang\u00e9lica Bastos&hellip;<\/p>\n","protected":false},"author":1,"featured_media":0,"parent":1585,"menu_order":0,"comment_status":"closed","ping_status":"closed","template":"","meta":{"footnotes":""},"class_list":["post-6027","page","type-page","status-publish","hentry","entry","no-media"],"_links":{"self":[{"href":"https:\/\/ebp.org.br\/rj\/wp-json\/wp\/v2\/pages\/6027","targetHints":{"allow":["GET"]}}],"collection":[{"href":"https:\/\/ebp.org.br\/rj\/wp-json\/wp\/v2\/pages"}],"about":[{"href":"https:\/\/ebp.org.br\/rj\/wp-json\/wp\/v2\/types\/page"}],"author":[{"embeddable":true,"href":"https:\/\/ebp.org.br\/rj\/wp-json\/wp\/v2\/users\/1"}],"replies":[{"embeddable":true,"href":"https:\/\/ebp.org.br\/rj\/wp-json\/wp\/v2\/comments?post=6027"}],"version-history":[{"count":5,"href":"https:\/\/ebp.org.br\/rj\/wp-json\/wp\/v2\/pages\/6027\/revisions"}],"predecessor-version":[{"id":6723,"href":"https:\/\/ebp.org.br\/rj\/wp-json\/wp\/v2\/pages\/6027\/revisions\/6723"}],"up":[{"embeddable":true,"href":"https:\/\/ebp.org.br\/rj\/wp-json\/wp\/v2\/pages\/1585"}],"wp:attachment":[{"href":"https:\/\/ebp.org.br\/rj\/wp-json\/wp\/v2\/media?parent=6027"}],"curies":[{"name":"wp","href":"https:\/\/api.w.org\/{rel}","templated":true}]}}