{"id":6026,"date":"2023-04-12T07:17:06","date_gmt":"2023-04-12T10:17:06","guid":{"rendered":"https:\/\/ebp.org.br\/rj\/?page_id=4303"},"modified":"2025-03-12T15:44:16","modified_gmt":"2025-03-12T18:44:16","slug":"seminario-a-politica-da-psicanalise-bienio-2023-2025","status":"publish","type":"page","link":"https:\/\/ebp.org.br\/rj\/ensino\/seminarios-4\/seminario-a-politica-da-psicanalise-bienio-2023-2025\/","title":{"rendered":"Semin\u00e1rio A Pol\u00edtica da Psican\u00e1lise &#8211; Bi\u00eanio 2023-2025"},"content":{"rendered":"<section class=\"wpb-content-wrapper\">[vc_row][vc_column][vc_column_text]\n<h2><span style=\"color: #993300;\">2025<\/span><\/h2>\n[\/vc_column_text][vc_column_text]\n<h6 class=\"gmail_default\"><b><span style=\"font-family: verdana, sans-serif;\">Coordena\u00e7\u00e3o: Ana Tereza Groisman e Maricia Ciscato<\/span><\/b><\/h6>\n<h3 class=\"gmail_default\"><span style=\"font-family: verdana, sans-serif;\"><span id=\"m_-3596044801708351653gmail-docs-internal-guid-4f35dfe3-7fff-091b-c13d-71a9f88da730\">Fantasias<\/span><b><\/b><\/span><\/h3>\n<div class=\"gmail_default\"><span style=\"color: var(--wpex-text-2);\">Ao longo do ano, vamos pensar sobre o que \u00e9 a pol\u00edtica da psican\u00e1lise \u00e0 luz dos desafios cl\u00ednicos e quest\u00f5es da \u00e9poca. Pin\u00e7amos, de Lacan, a ideia de que n\u00e3o h\u00e1 \u201coutra entrada para o sujeito no real sen\u00e3o a fantasia\u201d e, com ela, nos desdobramos a pensar se haveriam altera\u00e7\u00f5es nas constitui\u00e7\u00f5es das fantasias particulares em cada era. Essa dobra inicial nos levou a um percurso instigante de pesquisa ao qual convidamos todos a contribu\u00edrem. Nosso desejo \u00e9 que se instaure neste semin\u00e1rio um ambiente de pesquisa coletiva. Para tanto, nos serviremos de uma bibliografia m\u00ednima, de alguns filmes e trechos da literatura contempor\u00e2nea.<\/span><\/div>\n<div class=\"gmail_default\">\n<p dir=\"ltr\">Contamos com o engajamento de todos!<\/p>\n<hr \/>\n<p dir=\"ltr\"><strong>Reservem as datas!<\/strong><\/p>\n<ul>\n<li dir=\"ltr\">31\/03\/2025<\/li>\n<li dir=\"ltr\">19\/05\/2025<\/li>\n<li dir=\"ltr\">16\/06\/2025<\/li>\n<li dir=\"ltr\">25\/08\/2025<\/li>\n<li dir=\"ltr\">22\/09\/2025<\/li>\n<li dir=\"ltr\">20\/10\/2025<\/li>\n<li dir=\"ltr\">24\/11\/2025<\/li>\n<\/ul>\n<p dir=\"ltr\"><strong>Modalidade<\/strong>: <span style=\"font-family: verdana, sans-serif; color: var(--wpex-text-2);\">Presencial (Aten\u00e7\u00e3o: para quem n\u00e3o puder estar presencialmente ser\u00e1 disponibilizada a possibilidade de assistir o semin\u00e1rio de modo on-line via zoom, com participa\u00e7\u00e3o via chat).<\/span><\/p>\n<\/div>\n<div>\n<hr \/>\n<h6 dir=\"ltr\"><span style=\"font-size: 13px;\">Bibliografia inicial:<br \/>\n<\/span><span style=\"font-size: 13px;\">Lacan, J. A l\u00f3gica da fantasia (1966). In: Outros Escritos. Jorge Zahar Editor. (P. 323-328)<br \/>\n<\/span><span style=\"font-size: 13px;\">Miller, J.-A. Del sintoma al fantasma. Y retorno (1982). Paid\u00f3s. (Cap\u00edtulos 5 e 6).<br \/>\n<\/span><span style=\"font-size: 13px;\">Naparstek, F. (org). El fantasma, a\u00fan (2018). Grama ediciones. (Livro todo)<br \/>\n<\/span><span style=\"font-size: 13px;\">Horne, B. e Gurgel, I. O campo uniano (2022. Editora Ares. (Cap\u00edtulo 22)<\/span><\/h6>\n<\/div>\n[\/vc_column_text][vc_empty_space][vc_separator color=&#8221;juicy_pink&#8221;][vc_empty_space][vc_column_text]\n<h2><span style=\"color: #993300;\">2024<\/span><\/h2>\n[\/vc_column_text][vc_column_text]\n<h3><strong><span style=\"color: #993300;\">Semin\u00e1rio A Pol\u00edtica da Psican\u00e1lise<\/span><\/strong><\/h3>\n<ul>\n<li>Coordena\u00e7\u00e3o: Cristina Duba e Paulo Vidal<\/li>\n<\/ul>\n<p><strong>Negacionismos e Psican\u00e1lise II<\/strong><\/p>\n<p>Para os psicanalistas se imp\u00f5e a tarefa de distinguir a fun\u00e7\u00e3o da nega\u00e7\u00e3o, tal como formulada por Freud, na constitui\u00e7\u00e3o do eu e da realidade dos negacionismos hist\u00f3ricos contempor\u00e2neos proliferadores de vers\u00f5es desenfreadas de verdades. Iniciamos essa pr\u00e1tica de reflex\u00e3o neste Semin\u00e1rio \u201cA Pol\u00edtica da Psican\u00e1lise\u201d em 2023 e, com este panorama de fundo, teremos a oportunidade agora de ouvir Romildo do R\u00eago Barros, AME da EBP\/AMP, com suas valiosas considera\u00e7\u00f5es sobre essa quest\u00e3o tao fundamental para a sobreviv\u00eancia da pr\u00e1tica da psican\u00e1lise nos tempos que correm.<\/p>\n<ul>\n<li>Local: sede da EBP RIO &#8211; Capistrano de Abreu, 14 &#8211; botafogo<\/li>\n<li>Hor\u00e1rio: 20h<\/li>\n<li>Formato h\u00edbrido: Presencial e online<\/li>\n<li>Inscri\u00e7\u00e3o obrigat\u00f3ria<\/li>\n<\/ul>\n[\/vc_column_text][vc_empty_space][vc_separator color=&#8221;juicy_pink&#8221;][vc_empty_space][vc_column_text]\n<h2><span style=\"color: #993300;\">2023<\/span><\/h2>\n[\/vc_column_text][vc_column_text]\n<h3><span style=\"color: #993300;\">Semin\u00e1rio A Pol\u00edtica da Psican\u00e1lise<\/span><\/h3>\n<ul>\n<li>Coordena\u00e7\u00e3o: Cristina Duba e Paulo Vidal<\/li>\n<\/ul>\n<p><strong>A Psican\u00e1lise e a Religi\u00e3o<\/strong><\/p>\n<blockquote><p>Freud a Pfister: Viena, IX., Bergasse 19, 25.11.1928<br \/>\n\u201cN\u00e3o sei se o senhor adivinhou a liga\u00e7\u00e3o secreta entre a An\u00e1lise laica e a Ilus\u00e3o. Na primeira quero proteger a an\u00e1lise dos m\u00e9dicos, na segunda, dos sacerdotes. Quero entreg\u00e1-la a uma categoria que ainda n\u00e3o existe, uma categoria de cuidadores de alma seculares, que n\u00e3o necessitam ser m\u00e9dicos e n\u00e3o podem ser sacerdotes.<br \/>\nCordialmente, seu velho Freud\u201d<\/p><\/blockquote>\n<p>Ou a religi\u00e3o ou a psican\u00e1lise? Em vez desse modo alternativo alienante, pretendemos nesse semin\u00e1rio aproximar ambas para melhor produzir suas diferen\u00e7as. Em vista disso, convidamos, para o primeiro semin\u00e1rio de Pol\u00edtica da Psican\u00e1lise, Bruno Pinto de Albuquerque, que dedicou sua pesquisa de mestrado precisamente ao \u201cdesencontro entre psican\u00e1lise e religi\u00e3o\u201d, \u201c\u00e0 amig\u00e1vel controv\u00e9rsia\u201d que percorre a longa correspond\u00eancia (1909\/1938) entre Freud e o pastor Pfister.<\/p>\n<ul>\n<li>Local: sede da EBP RIO &#8211; Capistrano de Abreu, 14 &#8211; botafogo<\/li>\n<li>\u00a0Datas: 17\/04, 22\/05 e 26\/06<\/li>\n<li>Hor\u00e1rio: 20h<\/li>\n<li>Formato h\u00edbrido: Presencial e online<\/li>\n<li>Inscri\u00e7\u00e3o obrigat\u00f3ria<\/li>\n<\/ul>\n[\/vc_column_text][\/vc_column][\/vc_row]\n<\/section>","protected":false},"excerpt":{"rendered":"<p>[vc_row][vc_column][vc_column_text] 2025 [\/vc_column_text][vc_column_text] Coordena\u00e7\u00e3o: Ana Tereza Groisman e Maricia Ciscato Fantasias Ao longo do ano, vamos pensar sobre o que \u00e9 a pol\u00edtica da psican\u00e1lise \u00e0 luz dos desafios cl\u00ednicos e quest\u00f5es da \u00e9poca. Pin\u00e7amos, de Lacan, a ideia de que n\u00e3o h\u00e1 \u201coutra entrada para o sujeito no real sen\u00e3o a fantasia\u201d e, com&hellip;<\/p>\n","protected":false},"author":1,"featured_media":0,"parent":1585,"menu_order":0,"comment_status":"closed","ping_status":"closed","template":"","meta":{"footnotes":""},"class_list":["post-6026","page","type-page","status-publish","hentry","entry","no-media"],"_links":{"self":[{"href":"https:\/\/ebp.org.br\/rj\/wp-json\/wp\/v2\/pages\/6026","targetHints":{"allow":["GET"]}}],"collection":[{"href":"https:\/\/ebp.org.br\/rj\/wp-json\/wp\/v2\/pages"}],"about":[{"href":"https:\/\/ebp.org.br\/rj\/wp-json\/wp\/v2\/types\/page"}],"author":[{"embeddable":true,"href":"https:\/\/ebp.org.br\/rj\/wp-json\/wp\/v2\/users\/1"}],"replies":[{"embeddable":true,"href":"https:\/\/ebp.org.br\/rj\/wp-json\/wp\/v2\/comments?post=6026"}],"version-history":[{"count":8,"href":"https:\/\/ebp.org.br\/rj\/wp-json\/wp\/v2\/pages\/6026\/revisions"}],"predecessor-version":[{"id":6721,"href":"https:\/\/ebp.org.br\/rj\/wp-json\/wp\/v2\/pages\/6026\/revisions\/6721"}],"up":[{"embeddable":true,"href":"https:\/\/ebp.org.br\/rj\/wp-json\/wp\/v2\/pages\/1585"}],"wp:attachment":[{"href":"https:\/\/ebp.org.br\/rj\/wp-json\/wp\/v2\/media?parent=6026"}],"curies":[{"name":"wp","href":"https:\/\/api.w.org\/{rel}","templated":true}]}}