{"id":6025,"date":"2022-03-03T10:10:27","date_gmt":"2022-03-03T13:10:27","guid":{"rendered":"https:\/\/ebp.org.br\/rj\/?page_id=4062"},"modified":"2024-08-07T10:30:23","modified_gmt":"2024-08-07T13:30:23","slug":"seminario-de-psicanalise-e-politica","status":"publish","type":"page","link":"https:\/\/ebp.org.br\/rj\/ensino\/seminarios-4\/seminario-de-psicanalise-e-politica\/","title":{"rendered":"Semin\u00e1rio A Pol\u00edtica da Psican\u00e1lise &#8211; Bi\u00eanio 2021-2023"},"content":{"rendered":"<section class=\"wpb-content-wrapper\">[vc_row][vc_column width=&#8221;2\/3&#8243;][vc_column_text]\n<h2><span style=\"color: #993300;\">2023<\/span><\/h2>\n[\/vc_column_text][vc_column_text]\n<h3><span style=\"color: #993300;\">Semin\u00e1rio A Pol\u00edtica da Psican\u00e1lise<\/span><\/h3>\n<ul>\n<li>Coordena\u00e7\u00e3o: Cristina Duba e Paulo Vidal<\/li>\n<li>Local: sede da ebprio: capistrano de abreu, 14 &#8211; botafogo<\/li>\n<li>Formato h\u00edbrido: Presencial e online<\/li>\n<li>Inscri\u00e7\u00e3o obrigat\u00f3ria<\/li>\n<\/ul>\n<p><strong>Negacionismos e Psican\u00e1lise<\/strong><\/p>\n<p>Para os psicanalistas, antes de tudo, se imp\u00f5e a tarefa de distinguir a fun\u00e7\u00e3o da nega\u00e7\u00e3o, tal como formulada por Freud, na constitui\u00e7\u00e3o do eu e da realidade dos negacionismos hist\u00f3ricos contempor\u00e2neos proliferadores de vers\u00f5es desenfreadas de verdades.<\/p>\n<p>Vivemos ainda os efeitos na carne e na alma desses acontecimentos recentes em nosso pa\u00eds e dos quais ainda temos muito a elaborar. Com esse esp\u00edrito e nessa dire\u00e7\u00e3o, teremos o prazer e a honra de ouvir e conversar com o professor Michel Gherman, professor do departamento de sociologia, coordenador do N\u00facleo Interdisciplinar de Estudos Judaicos e professor do Programa de P\u00f3s-Gradua\u00e7\u00e3o em Hist\u00f3ria Social da UFRJ e coordenador acad\u00eamico do Instituto Brasil-Israel.<\/p>\n<h6>Bibliografia: \u201cGherman, Michel. O n\u00e3o judeu judeu: A tentativa de coloniza\u00e7\u00e3o do juda\u00edsmo pelo bolsonarismo. S\u00e3o Paulo: F\u00f3sforo, 2022\u201d<\/h6>\n[\/vc_column_text][\/vc_column][vc_column width=&#8221;1\/3&#8243;][vc_single_image image=&#8221;4609&#8243;][\/vc_column][\/vc_row][vc_row][vc_column][vc_separator color=&#8221;juicy_pink&#8221; border_width=&#8221;2&#8243;][\/vc_column][\/vc_row][vc_row][vc_column][vc_column_text]\n<h2><span style=\"color: #993300;\">2022<\/span><\/h2>\n[\/vc_column_text][vc_column_text]\n<h3><span style=\"color: #993300;\">Semin\u00e1rio A Pol\u00edtica da Psican\u00e1lise<\/span><\/h3>\n<ul>\n<li>Coordena\u00e7\u00e3o: Marcus Andr\u00e9 Vieira e Renata Mendon\u00e7a<\/li>\n<li><img loading=\"lazy\" decoding=\"async\" class=\"size-medium wp-image-4058 alignright\" src=\"https:\/\/ebp.org.br\/rj\/wp-content\/uploads\/2022\/03\/mini_psicanalise_politica-204x300.png\" alt=\"\" width=\"204\" height=\"300\" \/>Segundas-feiras \u00e0s 20h.<br \/>\nDias\u00a021\/03, 18\/04, 30\/05, 27\/06, 15\/08, 26\/09, 31\/10.<\/li>\n<\/ul>\n<p>Esta \u00e9 uma inscri\u00e7\u00e3o ANUAL para o Semin\u00e1rio Psican\u00e1lise e Pol\u00edtica.<\/p>\n<p>Inscri\u00e7\u00f5es: <a href=\"https:\/\/mailchi.mp\/ebp\/seminrio-psicanlise-e-poltica\">https:\/\/mailchi.mp\/ebp\/seminrio-psicanlise-e-poltica<\/a><\/p>\n<p>A atividade acontecer\u00e1 de forma h\u00edbrida: ser\u00e1 transmitida via Zoom e presencialmente na Se\u00e7\u00e3o Rio.<\/p>\n<p>O link do Zoom ser\u00e1 enviado por e-mail no dia da atividade.<\/p>\n<p>EBP Se\u00e7\u00e3o Rio:<\/p>\n<p>Haver\u00e1 30 lugares para quem desejar assistir ao Semin\u00e1rio no modo presencial.<br \/>\n\u00c9 necess\u00e1rio entrar na lista pelo e-mail: inscricaopresencialebprio@gmail.com<\/p>\n<p>IMPORTANTE:<\/p>\n<p>Espa\u00e7o sujeito \u00e0 lota\u00e7\u00e3o.[\/vc_column_text][\/vc_column][\/vc_row]\n<\/section>","protected":false},"excerpt":{"rendered":"<p>[vc_row][vc_column width=&#8221;2\/3&#8243;][vc_column_text] 2023 [\/vc_column_text][vc_column_text] Semin\u00e1rio A Pol\u00edtica da Psican\u00e1lise Coordena\u00e7\u00e3o: Cristina Duba e Paulo Vidal Local: sede da ebprio: capistrano de abreu, 14 &#8211; botafogo Formato h\u00edbrido: Presencial e online Inscri\u00e7\u00e3o obrigat\u00f3ria Negacionismos e Psican\u00e1lise Para os psicanalistas, antes de tudo, se imp\u00f5e a tarefa de distinguir a fun\u00e7\u00e3o da nega\u00e7\u00e3o, tal como formulada por&hellip;<\/p>\n","protected":false},"author":1,"featured_media":0,"parent":1585,"menu_order":0,"comment_status":"closed","ping_status":"closed","template":"","meta":{"footnotes":""},"class_list":["post-6025","page","type-page","status-publish","hentry","entry","no-media"],"_links":{"self":[{"href":"https:\/\/ebp.org.br\/rj\/wp-json\/wp\/v2\/pages\/6025","targetHints":{"allow":["GET"]}}],"collection":[{"href":"https:\/\/ebp.org.br\/rj\/wp-json\/wp\/v2\/pages"}],"about":[{"href":"https:\/\/ebp.org.br\/rj\/wp-json\/wp\/v2\/types\/page"}],"author":[{"embeddable":true,"href":"https:\/\/ebp.org.br\/rj\/wp-json\/wp\/v2\/users\/1"}],"replies":[{"embeddable":true,"href":"https:\/\/ebp.org.br\/rj\/wp-json\/wp\/v2\/comments?post=6025"}],"version-history":[{"count":5,"href":"https:\/\/ebp.org.br\/rj\/wp-json\/wp\/v2\/pages\/6025\/revisions"}],"predecessor-version":[{"id":6645,"href":"https:\/\/ebp.org.br\/rj\/wp-json\/wp\/v2\/pages\/6025\/revisions\/6645"}],"up":[{"embeddable":true,"href":"https:\/\/ebp.org.br\/rj\/wp-json\/wp\/v2\/pages\/1585"}],"wp:attachment":[{"href":"https:\/\/ebp.org.br\/rj\/wp-json\/wp\/v2\/media?parent=6025"}],"curies":[{"name":"wp","href":"https:\/\/api.w.org\/{rel}","templated":true}]}}