{"id":6023,"date":"2021-11-16T07:22:28","date_gmt":"2021-11-16T10:22:28","guid":{"rendered":"https:\/\/ebp.org.br\/rj\/?page_id=4003"},"modified":"2024-04-17T07:58:13","modified_gmt":"2024-04-17T10:58:13","slug":"informacoes","status":"publish","type":"page","link":"https:\/\/ebp.org.br\/rj\/biblioteca\/informacoes\/","title":{"rendered":"Informa\u00e7\u00f5es"},"content":{"rendered":"<section class=\"wpb-content-wrapper\">[vc_row][vc_column][vc_column_text]\n<h3><span style=\"color: #993300;\">Informa\u00e7\u00f5es<\/span><\/h3>\n[\/vc_column_text][\/vc_column][\/vc_row][vc_row][vc_column][vc_column_text]\n<div><strong>Bibliotec\u00e1ria:<\/strong> J\u00e9ssica<\/div>\n<div>\n<div><strong>Endere\u00e7o:<\/strong> Rua Capistrano de Abreu, 14 &#8211; Botafogo RJ\u00a0 CEP; 22271-000<\/div>\n<\/div>\n<div><strong>Funcionamento:<\/strong> de segunda a quinta feira de 15:00h \u00e0s 21:00h | Sexta feira de 10:00h \u00e0s 16:00h<\/div>\n<div>\n<div><strong>Contato:<\/strong> (021) 2539-2721<\/div>\n<div><strong>Email:<\/strong>\u00a0<a href=\"mailto:biblioteca@ebprio.com.br\" target=\"_blank\" rel=\"nofollow noopener\" shape=\"rect\">biblioteca@ebprio.com.<wbr \/>br<\/a><\/div>\n<\/div>\n[\/vc_column_text][\/vc_column][\/vc_row]\n<\/section>","protected":false},"excerpt":{"rendered":"<p>[vc_row][vc_column][vc_column_text] Informa\u00e7\u00f5es [\/vc_column_text][\/vc_column][\/vc_row][vc_row][vc_column][vc_column_text] Bibliotec\u00e1ria: J\u00e9ssica Endere\u00e7o: Rua Capistrano de Abreu, 14 &#8211; Botafogo RJ\u00a0 CEP; 22271-000 Funcionamento: de segunda a quinta feira de 15:00h \u00e0s 21:00h | Sexta feira de 10:00h \u00e0s 16:00h Contato: (021) 2539-2721 Email:\u00a0biblioteca@ebprio.com.br [\/vc_column_text][\/vc_column][\/vc_row]<\/p>\n","protected":false},"author":1,"featured_media":0,"parent":1569,"menu_order":0,"comment_status":"closed","ping_status":"closed","template":"","meta":{"footnotes":""},"class_list":["post-6023","page","type-page","status-publish","hentry","entry","no-media"],"_links":{"self":[{"href":"https:\/\/ebp.org.br\/rj\/wp-json\/wp\/v2\/pages\/6023","targetHints":{"allow":["GET"]}}],"collection":[{"href":"https:\/\/ebp.org.br\/rj\/wp-json\/wp\/v2\/pages"}],"about":[{"href":"https:\/\/ebp.org.br\/rj\/wp-json\/wp\/v2\/types\/page"}],"author":[{"embeddable":true,"href":"https:\/\/ebp.org.br\/rj\/wp-json\/wp\/v2\/users\/1"}],"replies":[{"embeddable":true,"href":"https:\/\/ebp.org.br\/rj\/wp-json\/wp\/v2\/comments?post=6023"}],"version-history":[{"count":1,"href":"https:\/\/ebp.org.br\/rj\/wp-json\/wp\/v2\/pages\/6023\/revisions"}],"predecessor-version":[{"id":6506,"href":"https:\/\/ebp.org.br\/rj\/wp-json\/wp\/v2\/pages\/6023\/revisions\/6506"}],"up":[{"embeddable":true,"href":"https:\/\/ebp.org.br\/rj\/wp-json\/wp\/v2\/pages\/1569"}],"wp:attachment":[{"href":"https:\/\/ebp.org.br\/rj\/wp-json\/wp\/v2\/media?parent=6023"}],"curies":[{"name":"wp","href":"https:\/\/api.w.org\/{rel}","templated":true}]}}