{"id":6022,"date":"2021-08-26T09:53:58","date_gmt":"2021-08-26T12:53:58","guid":{"rendered":"https:\/\/ebp.org.br\/rj\/?page_id=3947"},"modified":"2021-08-26T09:53:58","modified_gmt":"2021-08-26T12:53:58","slug":"memorias-da-secao-rio","status":"publish","type":"page","link":"https:\/\/ebp.org.br\/rj\/biblioteca\/memorias-da-secao-rio\/","title":{"rendered":"Mem\u00f3rias da Se\u00e7\u00e3o  Rio"},"content":{"rendered":"<section class=\"wpb-content-wrapper\">[vc_row][vc_column][eikra-vc-text-title style=&#8221;style2&#8243; title=&#8221;Mem\u00f3rias da Se\u00e7\u00e3o Rio&#8221;][\/eikra-vc-text-title][\/vc_column][\/vc_row][vc_row][vc_column width=&#8221;1\/3&#8243;][vc_video link=&#8221;https:\/\/youtu.be\/HmZ7U7aNCHg&#8221; align=&#8221;center&#8221;][vc_column_text]\n<h6 style=\"text-align: center;\"><strong>Entrevista com Mirta Zbrun (EBP-AMP, EOL)<br \/>\n<\/strong>Por Viviane de Lamare e Maria Cristina Antonio Jeronimo \u2013 integrantes da Comissa\u0303o da Diretoria da Biblioteca da EBP Sec\u0327a\u0303o Rio de Janeiro<br \/>\nEdic\u0327a\u0303o de vi\u0301deo: Maria Cristina Antonio Jeronimo<\/h6>\n[\/vc_column_text][\/vc_column][vc_column width=&#8221;1\/3&#8243;][vc_video link=&#8221;https:\/\/youtu.be\/VW6EzzeDIVk&#8221; align=&#8221;center&#8221;][vc_column_text]\n<h6 style=\"text-align: center;\"><strong>Entrevista com Lenita Bentes (EBP-AMP)<\/strong><br \/>\nPor Viviane de Lamare e Maria Cristina Antonio Jeronimo \u2013 integrantes da Comissa\u0303o da Diretoria da Biblioteca da EBP Sec\u0327a\u0303o Rio de Janeiro<br \/>\nEdic\u0327a\u0303o de vi\u0301deo: Maria Cristina Antonio Jeronimo<\/h6>\n[\/vc_column_text][\/vc_column][vc_column width=&#8221;1\/3&#8243;][vc_video link=&#8221;https:\/\/youtu.be\/g3Np28VvCjo&#8221; align=&#8221;center&#8221;][vc_column_text]\n<h6 style=\"text-align: center;\"><strong>Entrevista com Maria do Rosa\u0301rio Collier do Re\u0302go Barros (EBP-AMP, AME)<br \/>\n<\/strong>Por Clarisse Boechat \u2013 integrante da Comissa\u0303o da Diretoria da Biblioteca da EBP Sec\u0327a\u0303o Rio de Janeiro<br \/>\nEdic\u0327a\u0303o de vi\u0301deo: Isabel Barata Adler \u2013 integrante da Comissa\u0303o da Diretoria da Biblioteca da EBP Sec\u0327a\u0303o Rio de Janeiro<\/h6>\n[\/vc_column_text][\/vc_column][\/vc_row][vc_row][vc_column width=&#8221;1\/3&#8243;][vc_video link=&#8221;https:\/\/youtu.be\/llRqSG8UdYE&#8221; align=&#8221;center&#8221;][vc_column_text]\n<h6 class=\"gmail_default\" style=\"text-align: center;\">Entrevista com Maria Elisa Delacave Monteiro (EBP-AMP)<br \/>\nPor Ruth\u00a0Helena Pinto Cohen Diretora da Se\u00e7\u00e3o Rio (EBP-AMP)<br \/>\nEdi\u00e7\u00e3o de v\u00eddeo: Felipe Pinheiro integrante da Comiss\u00e3o da Diretoria da Biblioteca da EBP Se\u00e7\u00e3o Rio de Janeiro<\/h6>\n[\/vc_column_text][\/vc_column][vc_column width=&#8221;1\/3&#8243;][vc_video link=&#8221;https:\/\/youtu.be\/dEd_V9HlJiE&#8221; align=&#8221;center&#8221;][vc_column_text]\n<h6 class=\"gmail_default\" style=\"text-align: center;\">Entrevista com Romildo do R\u00eago Barros (EBP-AMP\/ AME)<br \/>\nPor\u00a0Maria Elisa Delacave Monteiro (EBP-AMP)<br \/>\nEdi\u00e7\u00e3o de v\u00eddeo: Felipe Pinheiro integrante da Comiss\u00e3o da Diretoria da Biblioteca da EBP Se\u00e7\u00e3o Rio de Janeiro<\/h6>\n[\/vc_column_text][\/vc_column][vc_column width=&#8221;1\/3&#8243;][vc_video link=&#8221;https:\/\/youtu.be\/5pscAoSUykQ&#8221; align=&#8221;center&#8221;][vc_column_text]\n<h6 class=\"gmail_default\" style=\"text-align: center;\">Entrevista com Heloisa Caldas\u00a0(EBP-AMP\/ AME)<br \/>\nPor Ana Beatriz Freire (EBP-AMP) e Por Ana Beatriz Freire (EBP\/AMP) e Cristina Duba (membro EBP\/AMP)<br \/>\nEdi\u00e7\u00e3o de v\u00eddeo: Felipe Pinheiro integrante da Comiss\u00e3o da Diretoria da Biblioteca da EBP Se\u00e7\u00e3o Rio de Janeiro<\/h6>\n[\/vc_column_text][\/vc_column][\/vc_row]\n<\/section>","protected":false},"excerpt":{"rendered":"<p>[vc_row][vc_column][eikra-vc-text-title style=&#8221;style2&#8243; title=&#8221;Mem\u00f3rias da Se\u00e7\u00e3o Rio&#8221;][\/eikra-vc-text-title][\/vc_column][\/vc_row][vc_row][vc_column width=&#8221;1\/3&#8243;][vc_video link=&#8221;https:\/\/youtu.be\/HmZ7U7aNCHg&#8221; align=&#8221;center&#8221;][vc_column_text] Entrevista com Mirta Zbrun (EBP-AMP, EOL) Por Viviane de Lamare e Maria Cristina Antonio Jeronimo \u2013 integrantes da Comissa\u0303o da Diretoria da Biblioteca da EBP Sec\u0327a\u0303o Rio de Janeiro Edic\u0327a\u0303o de vi\u0301deo: Maria Cristina Antonio Jeronimo [\/vc_column_text][\/vc_column][vc_column width=&#8221;1\/3&#8243;][vc_video link=&#8221;https:\/\/youtu.be\/VW6EzzeDIVk&#8221; align=&#8221;center&#8221;][vc_column_text] Entrevista com Lenita Bentes (EBP-AMP) Por&hellip;<\/p>\n","protected":false},"author":1,"featured_media":0,"parent":1569,"menu_order":0,"comment_status":"closed","ping_status":"closed","template":"","meta":{"footnotes":""},"class_list":["post-6022","page","type-page","status-publish","hentry","entry","no-media"],"_links":{"self":[{"href":"https:\/\/ebp.org.br\/rj\/wp-json\/wp\/v2\/pages\/6022","targetHints":{"allow":["GET"]}}],"collection":[{"href":"https:\/\/ebp.org.br\/rj\/wp-json\/wp\/v2\/pages"}],"about":[{"href":"https:\/\/ebp.org.br\/rj\/wp-json\/wp\/v2\/types\/page"}],"author":[{"embeddable":true,"href":"https:\/\/ebp.org.br\/rj\/wp-json\/wp\/v2\/users\/1"}],"replies":[{"embeddable":true,"href":"https:\/\/ebp.org.br\/rj\/wp-json\/wp\/v2\/comments?post=6022"}],"version-history":[{"count":0,"href":"https:\/\/ebp.org.br\/rj\/wp-json\/wp\/v2\/pages\/6022\/revisions"}],"up":[{"embeddable":true,"href":"https:\/\/ebp.org.br\/rj\/wp-json\/wp\/v2\/pages\/1569"}],"wp:attachment":[{"href":"https:\/\/ebp.org.br\/rj\/wp-json\/wp\/v2\/media?parent=6022"}],"curies":[{"name":"wp","href":"https:\/\/api.w.org\/{rel}","templated":true}]}}