{"id":6020,"date":"2021-04-19T09:05:07","date_gmt":"2021-04-19T12:05:07","guid":{"rendered":"https:\/\/ebp.org.br\/rj\/?page_id=3778"},"modified":"2023-09-22T08:18:36","modified_gmt":"2023-09-22T11:18:36","slug":"seminario-clinico","status":"publish","type":"page","link":"https:\/\/ebp.org.br\/rj\/ensino\/seminarios-4\/seminario-clinico\/","title":{"rendered":"Semin\u00e1rio Cl\u00ednico &#8211; Bi\u00eanio 2021-2023"},"content":{"rendered":"<section class=\"wpb-content-wrapper\">[vc_row][vc_column width=&#8221;2\/3&#8243;][vc_column_text]\n<h2><span style=\"color: #993300;\">2023<\/span><\/h2>\n[\/vc_column_text][vc_column_text]\n<h3><strong><span style=\"color: #993300;\">SEMIN\u00c1RIO CL\u00cdNICO<\/span> <\/strong><\/h3>\n<h4><span style=\"color: #993300;\">\u201cFazer existir o inconsciente\u201d<\/span><\/h4>\n<h6>Ang\u00e9lica Bastos e Maria do Ros\u00e1rio Colier do Rego Barros<\/h6>\n<h3><\/h3>\n<p>Fazer existir o inconsciente \u00e9 o tema do Semin\u00e1rio Cl\u00ednico da Se\u00e7\u00e3o Rio da EBP para 2023. A psican\u00e1lise depende do real e a aposta do psicanalista no inconsciente \u00e9 indissoci\u00e1vel do real da civiliza\u00e7\u00e3o no s\u00e9culo XXI. A introdu\u00e7\u00e3o da dimens\u00e3o do inconsciente concerne \u00e0 pr\u00e1tica da psican\u00e1lise e aos dispositivos de escuta nas institui\u00e7\u00f5es e na cidade. Como fazer existir o inconsciente a partir do real? Buscaremos circunscrever como a opera\u00e7\u00e3o anal\u00edtica pode dar lugar ao inconsciente transferencial e ao inconsciente real. Essa quest\u00e3o guiar\u00e1 nosso encaminhamento na discuss\u00e3o das an\u00e1lises que se iniciam, daquelas que duram e das que se encerram.[\/vc_column_text][\/vc_column][vc_column width=&#8221;1\/3&#8243;][vc_single_image image=&#8221;4604&#8243;][\/vc_column][\/vc_row][vc_row][vc_column][vc_separator color=&#8221;juicy_pink&#8221; border_width=&#8221;3&#8243;][\/vc_column][\/vc_row][vc_row][vc_column][vc_column_text]\n<h2><span style=\"color: #993300;\">2022<\/span><\/h2>\n[\/vc_column_text][vc_column_text]\n<h3><strong><span style=\"color: #993300;\">SEMIN\u00c1RIO CL\u00cdNICO<\/span> <\/strong><\/h3>\n<h4><span style=\"color: #993300;\">O analista e sua pr\u00e1tica<\/span><\/h4>\n<h6>Marcia A. Zucchi e Maria Silvia Garcia Fernandez Hanna<br \/>\nCoordenadoras do Semin\u00e1rio Cl\u00ednico<\/h6>\n<p>Inscri\u00e7\u00f5es: <a href=\"https:\/\/mailchi.mp\/ebp\/seminrio-clnico\">https:\/\/mailchi.mp\/ebp\/seminrio-clnico<\/a><\/p>\n<h3><strong><span style=\"color: #993300;\"><img loading=\"lazy\" decoding=\"async\" class=\"alignright wp-image-4049 size-medium\" src=\"https:\/\/ebp.org.br\/rj\/wp-content\/uploads\/2022\/02\/03-MARCO-Seminario-Clinico_Prancheta-1-copia-2-copy-1-300x300.jpg\" alt=\"\" width=\"300\" height=\"300\" \/><\/span><\/strong><\/h3>\n<p>Ao longo de 2022 faremos seis encontros durante os quais manteremos acesa a pergunta sobre o lugar do desejo do analista e sua incid\u00eancia na experi\u00eancia nos dias de hoje. Nossa pr\u00e1tica muda? O que j\u00e1 podemos dizer sobre essas mudan\u00e7as?<\/p>\n<p>Os dois primeiros encontros retomar\u00e3o dois dispositivos: a supervis\u00e3o e, no segundo encontro, a Apresenta\u00e7\u00e3o de pacientes.<\/p>\n<p>Os outros quatro encontros ser\u00e3o em torno de casos cl\u00ednicos publicados, a partir dos quais destacaremos o in\u00edcio do tratamento, o tempo l\u00f3gico, entre outros.<\/p>\n<p>Contaremos com alguns colegas da Se\u00e7\u00e3o Rio e outras Se\u00e7\u00f5es para enriquecer o debate.<\/p>\n<p>Esperamos voc\u00eas.<\/p>\n<p>Datas: 04 e 11 de abril[\/vc_column_text][\/vc_column][\/vc_row][vc_row][vc_column][vc_separator color=&#8221;juicy_pink&#8221; border_width=&#8221;3&#8243;][\/vc_column][\/vc_row][vc_row][vc_column][vc_column_text]\n<h2><span style=\"color: #993300;\">2021<\/span><\/h2>\n[\/vc_column_text][vc_column_text]\n<h3><strong><span style=\"color: #993300;\">SEMIN\u00c1RIO CL\u00cdNICO<\/span> <\/strong><\/h3>\n<h6><strong>Coordena\u00e7\u00e3o:<\/strong> <em>Marcia Zucchi e Maria Silvia G. F. Hanna<\/em><\/h6>\n<figure id=\"attachment_3703\" aria-describedby=\"caption-attachment-3703\" style=\"width: 234px\" class=\"wp-caption alignright\"><img loading=\"lazy\" decoding=\"async\" class=\"wp-image-3703 size-medium\" src=\"https:\/\/ebp.org.br\/rj\/wp-content\/uploads\/2021\/04\/Seminario-Clinico-Imagem-Ugo-rondidone-Primitive-Glasgow-2012-ugorondinone.com-Imagem_-Seminario-do-Passe-234x300.jpeg\" alt=\"Imagem: Ugo Rondinone, Primitive, Glasgow, 2012.\" width=\"234\" height=\"300\" \/><figcaption id=\"caption-attachment-3703\" class=\"wp-caption-text\">Imagem: Ugo Rondinone, Primitive, Glasgow, 2012.<\/figcaption><\/figure>\n<p>\u00c9 com alegria e entusiasmo que assumimos a coordena\u00e7\u00e3o do Semin\u00e1rio Cl\u00ednico de 2021.<\/p>\n<p>Propomos o tema do amor, em sua vertente transferencial, a partir do qual teceremos conex\u00f5es com o desejo do analista, a interpreta\u00e7\u00e3o e o manejo da transfer\u00eancia, interrogando o que h\u00e1 de novo nesse campo e como o analista responde na atualidade.<\/p>\n<p>Para o primeiro semestre escolhemos dois casos comentados por J. Lacan no semin\u00e1rio 10 e no 11.<\/p>\n<p>O caso de L\u00facia Tower presente no Semin\u00e1rio livro 10 possibilitar\u00e1 elaborar sobre a fun\u00e7\u00e3o do desejo do analista, como instrumento na passagem do gozo ao desejo.<\/p>\n<p>O caso Unic\u00f3rnio de Serge Leclaire encontrado no Semin\u00e1rio livro 11 traz outros aspectos importantes, dentre os quais destacamos a interpreta\u00e7\u00e3o e o fora de sentido, no contexto da formaliza\u00e7\u00e3o das opera\u00e7\u00f5es de aliena\u00e7\u00e3o e separa\u00e7\u00e3o.<\/p>\n<p>Cada caso ser\u00e1 lido e discutido previamente por um cartel que participar\u00e1 do semin\u00e1rio apresentando os pontos que foram se destacando.<\/p>\n<p>O cartel que se dedicar\u00e1 ao Caso de Lucia Tower est\u00e1 constitu\u00eddo por: Ana Beatriz Freire, Ana Tereza de Faria Groisman, Maria Correa e Vania Gomes.<\/p>\n<p>O cartel que se ocupar\u00e1 do caso do Sonho do Unic\u00f3rnio de S. Leclaire est\u00e1 constitu\u00eddo por: \u00c1ngela Bernardes, Dinah Kleve, Isabel Bog\u00e9a e Rachel Amin.<\/p>\n<p>Contamos com a presen\u00e7a de todos aqueles que queiram nos acompanhar neste percurso.<\/p>\n<ul>\n<li><strong>Datas:<\/strong> 19\/04; 21\/06; 16\/08; 18\/10<\/li>\n<li><strong>Hora:<\/strong> 20h<\/li>\n<\/ul>\n<hr \/>\n<h6><strong>Bibliografia:<\/strong><\/h6>\n<h6>Lacan, J. A mulher, mais verdadeira e mais real (cap\u00edtulo XIV). Coisa de Macho (cap\u00edtulo XV). In: Semin\u00e1rio livro 10., Rio de Janeiro, Jorge Zahar Ed. Ano 2005.<br \/>\nLacan, J. DA interpreta\u00e7\u00e3o \u00e0 transfer\u00eancia. In: Semin\u00e1rio livro 11, Rio de Janeiro, Jorge Zahar Ed. Ano 1990.<br \/>\nLeclaire, S. O sonho do Unic\u00f3rnio. In: Psicanalisar. Rio de Janeiro. Perspectiva. 2019.<br \/>\nTower, L\u00facia E. Contratransfer\u00eancia. In: Acheronta 19.<br \/>\nPdf. www.acheronta.org\/index.htm<\/h6>\n[\/vc_column_text][\/vc_column][\/vc_row]\n<\/section>","protected":false},"excerpt":{"rendered":"<p>[vc_row][vc_column width=&#8221;2\/3&#8243;][vc_column_text] 2023 [\/vc_column_text][vc_column_text] SEMIN\u00c1RIO CL\u00cdNICO \u201cFazer existir o inconsciente\u201d Ang\u00e9lica Bastos e Maria do Ros\u00e1rio Colier do Rego Barros Fazer existir o inconsciente \u00e9 o tema do Semin\u00e1rio Cl\u00ednico da Se\u00e7\u00e3o Rio da EBP para 2023. A psican\u00e1lise depende do real e a aposta do psicanalista no inconsciente \u00e9 indissoci\u00e1vel do real da civiliza\u00e7\u00e3o&hellip;<\/p>\n","protected":false},"author":1,"featured_media":0,"parent":1585,"menu_order":0,"comment_status":"closed","ping_status":"closed","template":"","meta":{"footnotes":""},"class_list":["post-6020","page","type-page","status-publish","hentry","entry","no-media"],"_links":{"self":[{"href":"https:\/\/ebp.org.br\/rj\/wp-json\/wp\/v2\/pages\/6020","targetHints":{"allow":["GET"]}}],"collection":[{"href":"https:\/\/ebp.org.br\/rj\/wp-json\/wp\/v2\/pages"}],"about":[{"href":"https:\/\/ebp.org.br\/rj\/wp-json\/wp\/v2\/types\/page"}],"author":[{"embeddable":true,"href":"https:\/\/ebp.org.br\/rj\/wp-json\/wp\/v2\/users\/1"}],"replies":[{"embeddable":true,"href":"https:\/\/ebp.org.br\/rj\/wp-json\/wp\/v2\/comments?post=6020"}],"version-history":[{"count":1,"href":"https:\/\/ebp.org.br\/rj\/wp-json\/wp\/v2\/pages\/6020\/revisions"}],"predecessor-version":[{"id":6378,"href":"https:\/\/ebp.org.br\/rj\/wp-json\/wp\/v2\/pages\/6020\/revisions\/6378"}],"up":[{"embeddable":true,"href":"https:\/\/ebp.org.br\/rj\/wp-json\/wp\/v2\/pages\/1585"}],"wp:attachment":[{"href":"https:\/\/ebp.org.br\/rj\/wp-json\/wp\/v2\/media?parent=6020"}],"curies":[{"name":"wp","href":"https:\/\/api.w.org\/{rel}","templated":true}]}}