{"id":6007,"date":"2020-10-06T14:22:17","date_gmt":"2020-10-06T17:22:17","guid":{"rendered":"https:\/\/ebp.org.br\/rj\/?page_id=2953"},"modified":"2020-10-06T14:22:17","modified_gmt":"2020-10-06T17:22:17","slug":"roda-de-conversa-exilios-estrutura-e-contingencia","status":"publish","type":"page","link":"https:\/\/ebp.org.br\/rj\/eventos\/eventos\/xxvii-jornadas-exilios-programa\/roda-de-conversa-exilios-estrutura-e-contingencia\/","title":{"rendered":"Roda de conversa &#8220;Ex\u00edlios: estrutura e conting\u00eancia&#8221;"},"content":{"rendered":"<h6>14\/11, \u00e0s 9h<\/h6>\n<h3><strong>Roda de conversa &#8220;Ex\u00edlios: estrutura e conting\u00eancia&#8221;<\/strong><\/h3>\n<h6>Cartel composto por: Angela Maria Batista, Elisa Monteiro, Elza Marques Lisboa de Freitas, Heloisa Caldas, Lenita Bentes, Marcia Zucchi (mais um) e Sandra Viola<\/h6>\n<p>O cartel vem estudando a quest\u00e3o do Ex\u00edlio sintom\u00e1tico dos falantes e as possibilidades de respostas da psican\u00e1lise a esses sintomas na atualidade. Tomamos como refer\u00eancia o curso de Miller, <em>Esfor\u00e7o de Poesia<\/em>, em sua rigorosa pesquisa sobre as rela\u00e7\u00f5es entre psican\u00e1lise, religi\u00e3o e pol\u00edtica, em torno do conceito de pai em Freud, e suas releituras por Lacan. Da proibi\u00e7\u00e3o do gozo ao direito ao gozo, o imposs\u00edvel passa a ser a b\u00fassola dos analistas. Como manej\u00e1-la quando o mestre contempor\u00e2neo tenta fazer vigorar o imperativo de gozo na civiliza\u00e7\u00e3o e na cl\u00ednica do n\u00e3o todo? Conjuga-se a isso um retorno conservador do pai, pela via da religi\u00e3o, dos costumes e da pol\u00edtica. O cartel vem se debru\u00e7ando sobre a posi\u00e7\u00e3o do analista face aos efeitos desses retornos. Pretendemos abordar desde as quest\u00f5es relativas ao ex\u00edlio das identifica\u00e7\u00f5es segregativas, as compuls\u00f5es e adi\u00e7\u00f5es contempor\u00e2neas, at\u00e9 as sa\u00eddas que os sujeitos v\u00eam construindo face \u00e0s amea\u00e7as subjetivas, consequ\u00eancias do\u00a0v\u00edrus\u00a0e da pol\u00edtica atual que nos rege.<\/p>\n","protected":false},"excerpt":{"rendered":"<p>14\/11, \u00e0s 9h Roda de conversa &#8220;Ex\u00edlios: estrutura e conting\u00eancia&#8221; Cartel composto por: Angela Maria Batista, Elisa Monteiro, Elza Marques Lisboa de Freitas, Heloisa Caldas, Lenita Bentes, Marcia Zucchi (mais um) e Sandra Viola O cartel vem estudando a quest\u00e3o do Ex\u00edlio sintom\u00e1tico dos falantes e as possibilidades de respostas da psican\u00e1lise a esses sintomas&hellip;<\/p>\n","protected":false},"author":1,"featured_media":0,"parent":5997,"menu_order":0,"comment_status":"closed","ping_status":"closed","template":"","meta":{"footnotes":""},"class_list":["post-6007","page","type-page","status-publish","hentry","entry","no-media"],"_links":{"self":[{"href":"https:\/\/ebp.org.br\/rj\/wp-json\/wp\/v2\/pages\/6007","targetHints":{"allow":["GET"]}}],"collection":[{"href":"https:\/\/ebp.org.br\/rj\/wp-json\/wp\/v2\/pages"}],"about":[{"href":"https:\/\/ebp.org.br\/rj\/wp-json\/wp\/v2\/types\/page"}],"author":[{"embeddable":true,"href":"https:\/\/ebp.org.br\/rj\/wp-json\/wp\/v2\/users\/1"}],"replies":[{"embeddable":true,"href":"https:\/\/ebp.org.br\/rj\/wp-json\/wp\/v2\/comments?post=6007"}],"version-history":[{"count":0,"href":"https:\/\/ebp.org.br\/rj\/wp-json\/wp\/v2\/pages\/6007\/revisions"}],"up":[{"embeddable":true,"href":"https:\/\/ebp.org.br\/rj\/wp-json\/wp\/v2\/pages\/5997"}],"wp:attachment":[{"href":"https:\/\/ebp.org.br\/rj\/wp-json\/wp\/v2\/media?parent=6007"}],"curies":[{"name":"wp","href":"https:\/\/api.w.org\/{rel}","templated":true}]}}