{"id":5998,"date":"2020-08-31T15:41:41","date_gmt":"2020-08-31T18:41:41","guid":{"rendered":"http:\/\/ebp.org.br\/rj\/?page_id=2880"},"modified":"2020-08-31T15:41:41","modified_gmt":"2020-08-31T18:41:41","slug":"xxvii-jornadas-exilios-organizacao","status":"publish","type":"page","link":"https:\/\/ebp.org.br\/rj\/eventos\/eventos\/xxvii-jornadas-exilios-organizacao\/","title":{"rendered":"XXVII Jornadas &#8211; Ex\u00edlios &#8211; Organiza\u00e7\u00e3o"},"content":{"rendered":"<h3><strong>Organiza\u00e7\u00e3o das Jornadas<\/strong><\/h3>\n<p>&nbsp;<\/p>\n<p><strong>Cartel de coordena\u00e7\u00e3o: <\/strong><\/p>\n<ul>\n<li>Marcus Andr\u00e9 Vieira<\/li>\n<li>Paula Borsoi<\/li>\n<li>Paulo Vidal<\/li>\n<li>Ruth Cohen &#8211; Mais-Um<\/li>\n<li>Stella Jimenez (<em>in memoriam<\/em>)<\/li>\n<\/ul>\n<hr \/>\n<p><strong>Cartel ampliado:<\/strong><\/p>\n<ul>\n<li>Ana Tereza Groisman &#8211; Infraestrutura<\/li>\n<li>Andrea Reis Santos<\/li>\n<li>Andrea Vilanova &#8211;\u00a0 Bibliografia<\/li>\n<li>Anna Luiza de Almeida e Silva &#8211; Infraestrutura<\/li>\n<li>Cristina Frederico &#8211; Divulga\u00e7\u00e3o e M\u00eddias<\/li>\n<li>Geisa de Assis &#8211; Bibliografia<\/li>\n<li>Marina Morena Torres &#8211; Divulga\u00e7\u00e3o e M\u00eddias<\/li>\n<li>Renata Martinez &#8211; Tesouraria<\/li>\n<li>Thereza De Felice &#8211; Tesouraria<\/li>\n<\/ul>\n<hr \/>\n<p><strong>Com o apoio de:<\/strong><\/p>\n<ul>\n<li>Bruna Ara\u00fajo &#8211; Bibliografia<\/li>\n<li>Carolina Dutra &#8211; Divulga\u00e7\u00e3o e M\u00eddias<\/li>\n<li>Larissa Pinto Martha &#8211; Divulga\u00e7\u00e3o e M\u00eddias<\/li>\n<li>Louren\u00e7o Ast\u00faa de Moraes &#8211; Infraestrutura<\/li>\n<li>Madalena Cirne &#8211; Divulga\u00e7\u00e3o e M\u00eddias<\/li>\n<li>Manoela Nunes &#8211; Divulga\u00e7\u00e3o e M\u00eddias<\/li>\n<li>Mariana Pucci &#8211; Infraestrutura<\/li>\n<li>Patricia Paterson &#8211; Infraestrutura<\/li>\n<li>Paula Legey &#8211; Infraestrutura<\/li>\n<li>Priscila Segal &#8211; Infraestrutura<\/li>\n<\/ul>\n","protected":false},"excerpt":{"rendered":"<p>Organiza\u00e7\u00e3o das Jornadas &nbsp; Cartel de coordena\u00e7\u00e3o: Marcus Andr\u00e9 Vieira Paula Borsoi Paulo Vidal Ruth Cohen &#8211; Mais-Um Stella Jimenez (in memoriam) Cartel ampliado: Ana Tereza Groisman &#8211; Infraestrutura Andrea Reis Santos Andrea Vilanova &#8211;\u00a0 Bibliografia Anna Luiza de Almeida e Silva &#8211; Infraestrutura Cristina Frederico &#8211; Divulga\u00e7\u00e3o e M\u00eddias Geisa de Assis &#8211; Bibliografia&hellip;<\/p>\n","protected":false},"author":1,"featured_media":0,"parent":5993,"menu_order":0,"comment_status":"closed","ping_status":"closed","template":"","meta":{"footnotes":""},"class_list":["post-5998","page","type-page","status-publish","hentry","entry","no-media"],"_links":{"self":[{"href":"https:\/\/ebp.org.br\/rj\/wp-json\/wp\/v2\/pages\/5998","targetHints":{"allow":["GET"]}}],"collection":[{"href":"https:\/\/ebp.org.br\/rj\/wp-json\/wp\/v2\/pages"}],"about":[{"href":"https:\/\/ebp.org.br\/rj\/wp-json\/wp\/v2\/types\/page"}],"author":[{"embeddable":true,"href":"https:\/\/ebp.org.br\/rj\/wp-json\/wp\/v2\/users\/1"}],"replies":[{"embeddable":true,"href":"https:\/\/ebp.org.br\/rj\/wp-json\/wp\/v2\/comments?post=5998"}],"version-history":[{"count":0,"href":"https:\/\/ebp.org.br\/rj\/wp-json\/wp\/v2\/pages\/5998\/revisions"}],"up":[{"embeddable":true,"href":"https:\/\/ebp.org.br\/rj\/wp-json\/wp\/v2\/pages\/5993"}],"wp:attachment":[{"href":"https:\/\/ebp.org.br\/rj\/wp-json\/wp\/v2\/media?parent=5998"}],"curies":[{"name":"wp","href":"https:\/\/api.w.org\/{rel}","templated":true}]}}