{"id":5997,"date":"2020-08-31T15:41:21","date_gmt":"2020-08-31T18:41:21","guid":{"rendered":"http:\/\/ebp.org.br\/rj\/?page_id=2878"},"modified":"2020-08-31T15:41:21","modified_gmt":"2020-08-31T18:41:21","slug":"xxvii-jornadas-exilios-programa","status":"publish","type":"page","link":"https:\/\/ebp.org.br\/rj\/eventos\/eventos\/xxvii-jornadas-exilios-programa\/","title":{"rendered":"XXVII Jornadas &#8211; Ex\u00edlios &#8211; Programa"},"content":{"rendered":"<h3>Programa<\/h3>\n<h6>(clique no t\u00edtulo das atividades para saber mais informa\u00e7\u00f5es)<\/h6>\n<p>06\/11, \u00e0s 18h<\/p>\n<p><strong><span style=\"color: #993300;\">EMBARQUE: ABERTURA DAS JORNADAS<\/span><br \/>\n<\/strong><\/p>\n<ul>\n<li>Ruth Cohen EBP\/AMP &#8211; Mais um do Cartel de Coordena\u00e7\u00e3o das XVIII Jornadas EPB Rio e ICP RJ<\/li>\n<li>Paula Borsoi EBP\/AMP \u2013 Diretora Geral ICP RJ<\/li>\n<li>Ondina Machado EPB\/AMP \u2013 Presidente do Conselho EBP Rio<\/li>\n<\/ul>\n<hr \/>\n<p>06\/11, \u00e0s 18h30<\/p>\n<p><a href=\"https:\/\/ebp.org.br\/rj\/eventos\/eventos\/xxvii-jornadas-exilios-programa\/estacao-corpo-e-territorio\/\"><strong>ESTA\u00c7\u00c3O 1: CORPO E TERRIT\u00d3RIO<\/strong><\/a><\/p>\n<ul>\n<li>Mariana Fraga Pfister &#8211; psic\u00f3loga cl\u00ednica atuando em organiza\u00e7\u00f5es humanit\u00e1rias (MSF, CICV, ONU)<\/li>\n<li>Luiz Baltar &#8211; fot\u00f3grafo e documentarista<\/li>\n<li>Cristina Duba &#8211; psicanalista EBP\/AMP<\/li>\n<li>Coordena\u00e7\u00e3o: Renata Martinez EBP\/AMP<\/li>\n<li>Provoca\u00e7\u00e3o: Paulo Vidal Aderente EBP Se\u00e7\u00e3o Rio e professor da UFF<\/li>\n<\/ul>\n<hr \/>\n<p>07\/11, \u00e0s 9h<\/p>\n<p><a href=\"https:\/\/ebp.org.br\/rj\/eventos\/eventos\/xxvii-jornadas-exilios-programa\/roda-de-conversaexilios-e-extimidades\/\"><strong>Roda de conversa: &#8220;Ex\u00edlios e extimidades&#8221;<\/strong><\/a><\/p>\n<p>Cartel composto por Andr\u00e9a Reis Santos, Angela C. Bernardes, Doris Diogo, Isabel Lins (mais um) e Maria Silvia Hanna.<\/p>\n<h6>*\u00a0Ser\u00e1 poss\u00edvel assistir como ouvinte ou participar ativamente da conversa. Para entrar na roda ser\u00e1 preciso enviar um pequeno argumento.<\/h6>\n<hr \/>\n<p>07\/11, \u00e0s 11h<\/p>\n<ul>\n<li><a href=\"https:\/\/ebp.org.br\/rj\/eventos\/eventos\/xxvii-jornadas-exilios-programa\/curso-identificacao-segregante\/\"><strong>Curso: &#8220;Identifica\u00e7\u00e3o segregante: p\u00f3s-modernidade e Isl\u00e3&#8221;<br \/>\n<\/strong><\/a>Coordena\u00e7\u00e3o: Ondina Machado e Rachel Amin<\/li>\n<li><a href=\"https:\/\/ebp.org.br\/rj\/eventos\/eventos\/xxvii-jornadas-exilios-programa\/curso-o-que-a-clinica-com-criancas-ensina-sobre-o-exilio-e-o-sintoma\/\"><strong>Curso: &#8220;O que a cl\u00ednica com crian\u00e7as ensina sobre o ex\u00edlio e o sintoma?&#8221;<br \/>\n<\/strong><\/a>Coordena\u00e7\u00e3o:Sarita Gelbert e Ana Martha Wilson Maia<\/li>\n<li><a href=\"https:\/\/ebp.org.br\/rj\/eventos\/eventos\/xxvii-jornadas-exilios-programa\/curso-exilios-corpo-territorio-e-sinthoma-na-literatura-no-cinema-e-na-analise\/\"><strong>Curso: &#8220;Ex\u00edlios: corpo, territ\u00f3rio e sinthoma na literatura, no cinema e na an\u00e1lise&#8221;<br \/>\n<\/strong><\/a>Coordena\u00e7\u00e3o: Maria In\u00eas Lamy e Ana Beatriz Freire<\/li>\n<\/ul>\n<h6>*Para participar dos cursos ser\u00e1 cobrado um valor que inclui as tr\u00eas aulas. No formul\u00e1rio de inscri\u00e7\u00e3o \u00e9 poss\u00edvel saber mais informa\u00e7\u00f5es sobre o valor.<\/h6>\n<hr \/>\n<p>13\/11, \u00e0s 18h<\/p>\n<p><a href=\"https:\/\/ebp.org.br\/rj\/eventos\/eventos\/xxvii-jornadas-exilios-programa\/estacao-territorio-e-sintoma\/\"><strong>ESTA\u00c7\u00c3O 2: TERRIT\u00d3RIO E SINTOMA<\/strong><\/a><\/p>\n<ul>\n<li>Fl\u00e1vio Henrique Cardoso &#8211; historiador, professor e criador da aula \u201cHist\u00f3ria Negra Brasileira &#8211; aquela que os livros n\u00e3o contam\u201d no circuito pequena \u00c1frica<\/li>\n<li>Wallace Lino &#8211; pesquisador, ator, diretor, dramaturgo e educador<\/li>\n<li>Mar\u00edcia Ciscato &#8211; psicanalista EBP\/AMP<\/li>\n<li>Coordena\u00e7\u00e3o: Geisa de Assis &#8211; cartelizante do cartel ampliado de coordena\u00e7\u00e3o das XXVII Jornadas e mestranda (PGPSA\/UERJ) pesquisando o tema da negritude.<\/li>\n<li>Provoca\u00e7\u00e3o: Andrea Vilanova EBP\/AMP<\/li>\n<\/ul>\n<hr \/>\n<p>14\/11, \u00e0s 9h<\/p>\n<p><a href=\"https:\/\/ebp.org.br\/rj\/eventos\/eventos\/xxvii-jornadas-exilios-programa\/roda-de-conversa-exilios-estrutura-e-contingencia\/\"><strong>Roda de conversa &#8220;Ex\u00edlios: estrutura e conting\u00eancia&#8221;<\/strong><\/a><\/p>\n<p>Cartel composto por: Angela Maria Batista, Elisa Monteiro, Elza Marques Lisboa de Freitas, Heloisa Caldas, Lenita Bentes, Marcia Zucchi (mais um) e Sandra Viola<\/p>\n<h6>*\u00a0Ser\u00e1 poss\u00edvel assistir como ouvinte ou participar ativamente da conversa. Para entrar na roda ser\u00e1 preciso enviar um pequeno argumento.<\/h6>\n<hr \/>\n<p>14\/11, \u00e0s 11h<\/p>\n<p>Continua\u00e7\u00e3o dos cursos do ICP:<\/p>\n<ul>\n<li><strong>Curso: &#8220;Identifica\u00e7\u00e3o segregante: p\u00f3s-modernidade e Isl\u00e3&#8221;<\/strong><\/li>\n<li><strong>Curso: &#8220;O que a cl\u00ednica com crian\u00e7as ensina sobre o ex\u00edlio e o sintoma?&#8221;<\/strong><\/li>\n<li><strong>Curso: &#8220;Ex\u00edlios: corpo, territ\u00f3rio e sinthoma na literatura, no cinema e na an\u00e1lise&#8221;<\/strong><\/li>\n<\/ul>\n<hr \/>\n<p>27\/11 \u00e0s 18h<\/p>\n<p><strong>Lan\u00e7amento da Revista LATUSA n. 25<\/strong><\/p>\n<p>Imposs\u00edvel tirar o corpo fora:<br \/>\nEx\u00edlios e confinamentos<\/p>\n<ul>\n<li>Cristina Frederico EBP\/AMP<\/li>\n<\/ul>\n<hr \/>\n<p>27\/11, \u00e0s 18h15<\/p>\n<p><a href=\"https:\/\/ebp.org.br\/rj\/eventos\/eventos\/xxvii-jornadas-exilios-programa\/estacao-sinthoma-e-corpo\/\"><strong>ESTA\u00c7\u00c3O 3: SINTHOMA E CORPO<\/strong><\/a><\/p>\n<ul>\n<li>Marina Recalde &#8211; psicanalista EOL\/AMP, docente e diretora executiva ICdeBA<\/li>\n<li>Aline Motta &#8211; artista, combina diferentes t\u00e9cnicas e pr\u00e1ticas art\u00edsticas, mesclando fotografia, v\u00eddeo, instala\u00e7\u00e3o, performance, arte sonora, colagem, impressos e materiais t\u00eaxteis.<\/li>\n<li>Coordena\u00e7\u00e3o: Ana Tereza Groisman EBP\/AMP<\/li>\n<li>Provoca\u00e7\u00e3o: Marcus Andr\u00e9 Vieira EBP\/AMP<\/li>\n<\/ul>\n<hr \/>\n<p>27\/11, \u00e0s 20h15<\/p>\n<p><span style=\"color: #993300;\"><strong>ESTA\u00c7\u00c3O DE TRANSFER\u00caNCIA<\/strong><\/span><\/p>\n<ul>\n<li>Andr\u00e9a Reis Santos &#8211; EBP\/AMP<\/li>\n<li>Marcus Andr\u00e9 Vieira &#8211; AME da EBP\/AMP, AE 2012-2015<\/li>\n<\/ul>\n<hr \/>\n<p>28\/11, \u00e0s 9h<\/p>\n<p><a href=\"https:\/\/ebp.org.br\/rj\/eventos\/eventos\/xxvii-jornadas-exilios-programa\/roda-de-conversaexilio-exilios-abertura-a-encontros-possiveis\/\"><strong>Roda de conversa:&#8221;Ex\u00edlio, ex\u00edlios: abertura a encontros poss\u00edveis&#8221;<\/strong><\/a><\/p>\n<p>Cartel composto por: \u00c2ngela Negreiros, Ang\u00e9lica Bastos (mais um), Eliana Bentes, Maria do Ros\u00e1rio Collier do R\u00eago Barros, Ruth Cohen, Sarita Gelbert<\/p>\n<h6>*\u00a0Ser\u00e1 poss\u00edvel assistir como ouvinte ou participar ativamente da conversa. Para entrar na roda ser\u00e1 preciso enviar um pequeno argumento.<\/h6>\n<hr \/>\n<p>28\/11, \u00e0s 11h<\/p>\n<p>Continua\u00e7\u00e3o dos cursos do ICP:<\/p>\n<ul>\n<li><strong>Curso: &#8220;Identifica\u00e7\u00e3o segregante: p\u00f3s-modernidade e Isl\u00e3&#8221;<\/strong><\/li>\n<li><strong>Curso: &#8220;O que a cl\u00ednica com crian\u00e7as ensina sobre o ex\u00edlio e o sintoma?&#8221;<\/strong><\/li>\n<li><strong>Curso: &#8220;Ex\u00edlios: corpo, territ\u00f3rio e sinthoma na literatura, no cinema e na an\u00e1lise&#8221;<\/strong><\/li>\n<\/ul>\n","protected":false},"excerpt":{"rendered":"<p>Programa (clique no t\u00edtulo das atividades para saber mais informa\u00e7\u00f5es) 06\/11, \u00e0s 18h EMBARQUE: ABERTURA DAS JORNADAS Ruth Cohen EBP\/AMP &#8211; Mais um do Cartel de Coordena\u00e7\u00e3o das XVIII Jornadas EPB Rio e ICP RJ Paula Borsoi EBP\/AMP \u2013 Diretora Geral ICP RJ Ondina Machado EPB\/AMP \u2013 Presidente do Conselho EBP Rio 06\/11, \u00e0s 18h30&hellip;<\/p>\n","protected":false},"author":1,"featured_media":0,"parent":5993,"menu_order":0,"comment_status":"closed","ping_status":"closed","template":"","meta":{"footnotes":""},"class_list":["post-5997","page","type-page","status-publish","hentry","entry","no-media"],"_links":{"self":[{"href":"https:\/\/ebp.org.br\/rj\/wp-json\/wp\/v2\/pages\/5997","targetHints":{"allow":["GET"]}}],"collection":[{"href":"https:\/\/ebp.org.br\/rj\/wp-json\/wp\/v2\/pages"}],"about":[{"href":"https:\/\/ebp.org.br\/rj\/wp-json\/wp\/v2\/types\/page"}],"author":[{"embeddable":true,"href":"https:\/\/ebp.org.br\/rj\/wp-json\/wp\/v2\/users\/1"}],"replies":[{"embeddable":true,"href":"https:\/\/ebp.org.br\/rj\/wp-json\/wp\/v2\/comments?post=5997"}],"version-history":[{"count":0,"href":"https:\/\/ebp.org.br\/rj\/wp-json\/wp\/v2\/pages\/5997\/revisions"}],"up":[{"embeddable":true,"href":"https:\/\/ebp.org.br\/rj\/wp-json\/wp\/v2\/pages\/5993"}],"wp:attachment":[{"href":"https:\/\/ebp.org.br\/rj\/wp-json\/wp\/v2\/media?parent=5997"}],"curies":[{"name":"wp","href":"https:\/\/api.w.org\/{rel}","templated":true}]}}