{"id":54,"date":"2015-05-11T14:13:41","date_gmt":"2015-05-11T17:13:41","guid":{"rendered":"http:\/\/www.bitpublimedia.ro\/themes\/integrity-wp\/?page_id=54"},"modified":"2024-04-17T07:18:31","modified_gmt":"2024-04-17T10:18:31","slug":"contato","status":"publish","type":"page","link":"https:\/\/ebp.org.br\/rj\/sobre\/contato\/","title":{"rendered":"Contato"},"content":{"rendered":"<section class=\"wpb-content-wrapper\">[vc_row full_width=&#8221;stretch_row_content_no_spaces&#8221; gmbt_prlx_bg_type=&#8221;parallax&#8221; gmbt_prlx_break_parents=&#8221;0&#8243; gmbt_prlx_smooth_scrolling=&#8221;&#8221; gmbt_prlx_video_mute=&#8221;&#8221; gmbt_prlx_video_force_hd=&#8221;&#8221; gmbt_prlx_opacity=&#8221;100&#8243; gmbt_prlx_video_aspect_ratio=&#8221;16:9&#8243; gmbt_prlx_parallax=&#8221;none&#8221; gmbt_prlx_speed=&#8221;0.3&#8243; gmbt_prlx_enable_mobile=&#8221;&#8221; css=&#8221;.vc_custom_1432034865390{margin-bottom: 100px !important;}&#8221;][vc_column][vc_gmaps link=&#8221;#E-8_JTNDaWZyYW1lJTIwc3JjJTNEJTIyaHR0cHMlM0ElMkYlMkZ3d3cuZ29vZ2xlLmNvbSUyRm1hcHMlMkZlbWJlZCUzRnBiJTNEJTIxMW0xOCUyMTFtMTIlMjExbTMlMjExZDIxODQuNTAzODc1MDc4MTEzJTIxMmQtNDMuMTk2NjA5NzA3NzcyMiUyMTNkLTIyLjk1NDUzNzI4Njk5NzI0NyUyMTJtMyUyMTFmMCUyMTJmMCUyMTNmMCUyMTNtMiUyMTFpMTAyNCUyMTJpNzY4JTIxNGYxMy4xJTIxM20zJTIxMW0yJTIxMXMweDk5N2ZkZTQwNjFiMGMxJTI1M0EweDE2OWY4Y2Q5ZDU4MjVlMzYlMjEyc1IuJTJCQ2FwaXN0cmFubyUyQmRlJTJCQWJyZXUlMjUyQyUyQjE0JTJCLSUyQkJvdGFmb2dvJTI1MkMlMkJSaW8lMkJkZSUyQkphbmVpcm8lMkItJTJCUkolMjE1ZTAlMjEzbTIlMjExc3B0LUJSJTIxMnNiciUyMTR2MTUwMjIwNTAyMDM5NiUyMiUyMHdpZHRoJTNEJTIyNjAwJTIyJTIwaGVpZ2h0JTNEJTIyNDUwJTIyJTIwZnJhbWVib3JkZXIlM0QlMjIwJTIyJTIwc3R5bGUlM0QlMjJib3JkZXIlM0EwJTIyJTIwYWxsb3dmdWxsc2NyZWVuJTNFJTNDJTJGaWZyYW1lJTNF&#8221; size=&#8221;500&#8243; title=&#8221;Escola Brasileira de Psican\u00e1lise &#8211; Rio de Janeiro&#8221;][\/vc_column][\/vc_row][vc_row gmbt_prlx_bg_type=&#8221;parallax&#8221; gmbt_prlx_break_parents=&#8221;0&#8243; gmbt_prlx_smooth_scrolling=&#8221;&#8221; gmbt_prlx_video=&#8221;&#8221; gmbt_prlx_video_mute=&#8221;&#8221; gmbt_prlx_video_force_hd=&#8221;&#8221; gmbt_prlx_opacity=&#8221;100&#8243; gmbt_prlx_video_aspect_ratio=&#8221;16:9&#8243; gmbt_prlx_parallax=&#8221;none&#8221; gmbt_background_repeat=&#8221;&#8221; gmbt_background_position=&#8221;&#8221; gmbt_prlx_speed=&#8221;0.3&#8243; gmbt_prlx_enable_mobile=&#8221;&#8221;][vc_column width=&#8221;1\/2&#8243;][vc_column_text]\n<div>\n<h6><i class=\"fa fa-envelope \"><\/i>\u00a0 ebprio@ebprio.com.br<\/h6>\n<h6><i class=\"fa fa-phone \"><\/i>\u00a0 +55 (21) 2539-0960<\/h6>\n<h6><i class=\"fa fa-building \"><\/i> Rua Capistrano de Abreu, 14, Botafogo \u2013 CEP 22271-000 \u2013 Rio de Janeiro \u2013 RJ<\/h6>\n<h6>Hor\u00e1rio de Funcionamento: Segunda-feira \u00e0 ter\u00e7a-feira de 13h \u00e0s 20h e sexta-feira de 10h \u00e0s 15h.<\/h6>\n<\/div>\n[\/vc_column_text][vc_column_text]\n<div dir=\"ltr\">\n<div>\n<div dir=\"ltr\"><strong>Secretaria da EBP &#8211; Rio de Janeiro:<\/strong> Natalina<\/div>\n<div><strong>Endere\u00e7o:<\/strong> Rua Capistrano de Abreu, 16 0 Botafogo RJ\u00a0 CEP; 22271-000<\/div>\n<div><strong>Funcionamento:<\/strong>\u00a0 de segunda a quinta feira de 13:00h \u00e0s 20:00h | Sexta feira de 10:00h \u00e0s 17:00h<\/div>\n<div><strong>Contato:<\/strong> (021) 2539-0960<\/div>\n<div><strong>Email:<\/strong>\u00a0<a href=\"mailto:ebprio@ebprio.com.br\" target=\"_blank\" rel=\"nofollow noopener\" shape=\"rect\">ebprio@ebprio.com.br<\/a><\/div>\n<\/div>\n<\/div>\n<div><strong>Bibliotec\u00e1ria: <\/strong>Jessica Nogueira: segundas \u00e0s quintas-feiras de 15:00h \u00e0s 21:00h | sextas-feiras de 10:00h \u00e0s 16:00<\/div>\n<div><strong>E-mail:<\/strong>\u00a0<a href=\"mailto:biblioteca@ebprio.com.br\" target=\"_blank\" rel=\"nofollow noopener\" shape=\"rect\">biblioteca@ebprio.com.<wbr \/>br<\/a><\/div>\n<div><strong>Telefone:<\/strong> (021) 2539-2721<\/div>\n[\/vc_column_text][\/vc_column][vc_column width=&#8221;1\/2&#8243;]\n<div class=\"wpcf7 no-js\" id=\"wpcf7-f6486-o1\" lang=\"pt-BR\" dir=\"ltr\" data-wpcf7-id=\"6486\">\n<div class=\"screen-reader-response\"><p role=\"status\" aria-live=\"polite\" aria-atomic=\"true\"><\/p> <ul><\/ul><\/div>\n<form action=\"\/rj\/wp-json\/wp\/v2\/pages\/54#wpcf7-f6486-o1\" method=\"post\" class=\"wpcf7-form init\" aria-label=\"Formul\u00e1rios de contato\" novalidate=\"novalidate\" data-status=\"init\">\n<fieldset class=\"hidden-fields-container\"><input type=\"hidden\" name=\"_wpcf7\" value=\"6486\" \/><input type=\"hidden\" name=\"_wpcf7_version\" value=\"6.1.5\" \/><input type=\"hidden\" name=\"_wpcf7_locale\" value=\"pt_BR\" \/><input type=\"hidden\" name=\"_wpcf7_unit_tag\" value=\"wpcf7-f6486-o1\" \/><input type=\"hidden\" name=\"_wpcf7_container_post\" value=\"0\" \/><input type=\"hidden\" name=\"_wpcf7_posted_data_hash\" value=\"\" \/>\n<\/fieldset>\n<p><label> Seu nome<br \/>\n<span class=\"wpcf7-form-control-wrap\" data-name=\"your-name\"><input size=\"40\" maxlength=\"400\" class=\"wpcf7-form-control wpcf7-text wpcf7-validates-as-required\" autocomplete=\"name\" aria-required=\"true\" aria-invalid=\"false\" value=\"\" type=\"text\" name=\"your-name\" \/><\/span> <\/label>\n<\/p>\n<p><label> Seu e-mail<br \/>\n<span class=\"wpcf7-form-control-wrap\" data-name=\"your-email\"><input size=\"40\" maxlength=\"400\" class=\"wpcf7-form-control wpcf7-email wpcf7-validates-as-required wpcf7-text wpcf7-validates-as-email\" autocomplete=\"email\" aria-required=\"true\" aria-invalid=\"false\" value=\"\" type=\"email\" name=\"your-email\" \/><\/span> <\/label>\n<\/p>\n<p><label> Assunto<br \/>\n<span class=\"wpcf7-form-control-wrap\" data-name=\"your-subject\"><input size=\"40\" maxlength=\"400\" class=\"wpcf7-form-control wpcf7-text wpcf7-validates-as-required\" aria-required=\"true\" aria-invalid=\"false\" value=\"\" type=\"text\" name=\"your-subject\" \/><\/span> <\/label>\n<\/p>\n<p><label> Sua mensagem (opcional)<br \/>\n<span class=\"wpcf7-form-control-wrap\" data-name=\"your-message\"><textarea cols=\"40\" rows=\"10\" maxlength=\"2000\" class=\"wpcf7-form-control wpcf7-textarea\" aria-invalid=\"false\" name=\"your-message\"><\/textarea><\/span> <\/label>\n<\/p>\n<p><input class=\"wpcf7-form-control wpcf7-submit has-spinner\" type=\"submit\" value=\"Enviar\" \/>\n<\/p><p style=\"display: none !important;\" class=\"akismet-fields-container\" data-prefix=\"_wpcf7_ak_\"><label>&#916;<textarea name=\"_wpcf7_ak_hp_textarea\" cols=\"45\" rows=\"8\" maxlength=\"100\"><\/textarea><\/label><input type=\"hidden\" id=\"ak_js_1\" name=\"_wpcf7_ak_js\" value=\"188\"\/><script>document.getElementById( \"ak_js_1\" ).setAttribute( \"value\", ( new Date() ).getTime() );<\/script><\/p><div class=\"wpcf7-response-output\" aria-hidden=\"true\"><\/div>\n<\/form>\n<\/div>\n[\/vc_column][\/vc_row]\n<\/section>","protected":false},"excerpt":{"rendered":"<p>[vc_row full_width=&#8221;stretch_row_content_no_spaces&#8221; gmbt_prlx_bg_type=&#8221;parallax&#8221; gmbt_prlx_break_parents=&#8221;0&#8243; gmbt_prlx_smooth_scrolling=&#8221;&#8221; gmbt_prlx_video_mute=&#8221;&#8221; gmbt_prlx_video_force_hd=&#8221;&#8221; gmbt_prlx_opacity=&#8221;100&#8243; gmbt_prlx_video_aspect_ratio=&#8221;16:9&#8243; gmbt_prlx_parallax=&#8221;none&#8221; gmbt_prlx_speed=&#8221;0.3&#8243; gmbt_prlx_enable_mobile=&#8221;&#8221; css=&#8221;.vc_custom_1432034865390{margin-bottom: 100px !important;}&#8221;][vc_column][vc_gmaps link=&#8221;#E-8_JTNDaWZyYW1lJTIwc3JjJTNEJTIyaHR0cHMlM0ElMkYlMkZ3d3cuZ29vZ2xlLmNvbSUyRm1hcHMlMkZlbWJlZCUzRnBiJTNEJTIxMW0xOCUyMTFtMTIlMjExbTMlMjExZDIxODQuNTAzODc1MDc4MTEzJTIxMmQtNDMuMTk2NjA5NzA3NzcyMiUyMTNkLTIyLjk1NDUzNzI4Njk5NzI0NyUyMTJtMyUyMTFmMCUyMTJmMCUyMTNmMCUyMTNtMiUyMTFpMTAyNCUyMTJpNzY4JTIxNGYxMy4xJTIxM20zJTIxMW0yJTIxMXMweDk5N2ZkZTQwNjFiMGMxJTI1M0EweDE2OWY4Y2Q5ZDU4MjVlMzYlMjEyc1IuJTJCQ2FwaXN0cmFubyUyQmRlJTJCQWJyZXUlMjUyQyUyQjE0JTJCLSUyQkJvdGFmb2dvJTI1MkMlMkJSaW8lMkJkZSUyQkphbmVpcm8lMkItJTJCUkolMjE1ZTAlMjEzbTIlMjExc3B0LUJSJTIxMnNiciUyMTR2MTUwMjIwNTAyMDM5NiUyMiUyMHdpZHRoJTNEJTIyNjAwJTIyJTIwaGVpZ2h0JTNEJTIyNDUwJTIyJTIwZnJhbWVib3JkZXIlM0QlMjIwJTIyJTIwc3R5bGUlM0QlMjJib3JkZXIlM0EwJTIyJTIwYWxsb3dmdWxsc2NyZWVuJTNFJTNDJTJGaWZyYW1lJTNF&#8221; size=&#8221;500&#8243; title=&#8221;Escola Brasileira de Psican\u00e1lise &#8211; Rio de Janeiro&#8221;][\/vc_column][\/vc_row][vc_row gmbt_prlx_bg_type=&#8221;parallax&#8221; gmbt_prlx_break_parents=&#8221;0&#8243; gmbt_prlx_smooth_scrolling=&#8221;&#8221; gmbt_prlx_video=&#8221;&#8221; gmbt_prlx_video_mute=&#8221;&#8221; gmbt_prlx_video_force_hd=&#8221;&#8221; gmbt_prlx_opacity=&#8221;100&#8243; gmbt_prlx_video_aspect_ratio=&#8221;16:9&#8243; gmbt_prlx_parallax=&#8221;none&#8221; gmbt_background_repeat=&#8221;&#8221; gmbt_background_position=&#8221;&#8221; gmbt_prlx_speed=&#8221;0.3&#8243; gmbt_prlx_enable_mobile=&#8221;&#8221;][vc_column width=&#8221;1\/2&#8243;][vc_column_text] \u00a0 ebprio@ebprio.com.br \u00a0 +55 (21) 2539-0960 Rua Capistrano de Abreu, 14, Botafogo \u2013 CEP 22271-000 \u2013&hellip;<\/p>\n","protected":false},"author":1,"featured_media":0,"parent":1178,"menu_order":0,"comment_status":"closed","ping_status":"closed","template":"","meta":{"footnotes":""},"class_list":["post-54","page","type-page","status-publish","hentry","entry","no-media"],"_links":{"self":[{"href":"https:\/\/ebp.org.br\/rj\/wp-json\/wp\/v2\/pages\/54","targetHints":{"allow":["GET"]}}],"collection":[{"href":"https:\/\/ebp.org.br\/rj\/wp-json\/wp\/v2\/pages"}],"about":[{"href":"https:\/\/ebp.org.br\/rj\/wp-json\/wp\/v2\/types\/page"}],"author":[{"embeddable":true,"href":"https:\/\/ebp.org.br\/rj\/wp-json\/wp\/v2\/users\/1"}],"replies":[{"embeddable":true,"href":"https:\/\/ebp.org.br\/rj\/wp-json\/wp\/v2\/comments?post=54"}],"version-history":[{"count":3,"href":"https:\/\/ebp.org.br\/rj\/wp-json\/wp\/v2\/pages\/54\/revisions"}],"predecessor-version":[{"id":6488,"href":"https:\/\/ebp.org.br\/rj\/wp-json\/wp\/v2\/pages\/54\/revisions\/6488"}],"up":[{"embeddable":true,"href":"https:\/\/ebp.org.br\/rj\/wp-json\/wp\/v2\/pages\/1178"}],"wp:attachment":[{"href":"https:\/\/ebp.org.br\/rj\/wp-json\/wp\/v2\/media?parent=54"}],"curies":[{"name":"wp","href":"https:\/\/api.w.org\/{rel}","templated":true}]}}