{"id":40,"date":"2015-04-06T11:26:03","date_gmt":"2015-04-06T11:26:03","guid":{"rendered":"http:\/\/www.bitpublimedia.ro\/themes\/integrity-wp\/?page_id=40"},"modified":"2026-04-07T15:05:05","modified_gmt":"2026-04-07T18:05:05","slug":"home","status":"publish","type":"page","link":"https:\/\/ebp.org.br\/rj\/","title":{"rendered":"Home"},"content":{"rendered":"<section class=\"wpb-content-wrapper\">[vc_row full_width=&#8221;stretch_row&#8221;][vc_column]\n\t\t\t<!-- START home REVOLUTION SLIDER 6.6.14 --><p class=\"rs-p-wp-fix\"><\/p>\n\t\t\t<rs-module-wrap id=\"rev_slider_2_1_wrapper\" data-source=\"gallery\" style=\"visibility:hidden;background:#ffffff;padding:0;margin:0px auto;margin-top:0;margin-bottom:0;\">\n\t\t\t\t<rs-module id=\"rev_slider_2_1\" style=\"\" data-version=\"6.6.14\">\n\t\t\t\t\t<rs-slides style=\"overflow: hidden; position: absolute;\">\n\t\t\t\t\t\t<rs-slide style=\"position: absolute;\" data-key=\"rs-5\" data-title=\"BASE\" data-anim=\"d:40;p:light;f:random;\" data-in=\"o:0;x:ran(-10|100);y:ran(-50|50);r:cyc((180)|(-180)|(90)|(-90)|(270)|(-270));sx:5;sy:5;e:power2.out;row:30;col:30;\" data-out=\"o:0;x:ran(-50|50);y:ran(-50|50);r:cyc((-180)|(180)|(-90)|(90)|(-270)|(270));sx:6;sy:6;e:power2.in;row:30;col:30;\">\n\t\t\t\t\t\t\t<img decoding=\"async\" src=\"\/\/ebp.org.br\/rj\/wp-content\/plugins\/revslider\/public\/assets\/assets\/dummy.png\" alt=\"BASE\" title=\"Home\" class=\"rev-slidebg tp-rs-img rs-lazyload\" data-lazyload=\"\/\/ebp.org.br\/rj\/wp-content\/plugins\/revslider\/public\/assets\/assets\/transparent.png\" data-bg=\"c:#000000;\" data-no-retina>\n<!--\n\t\t\t\t\t\t\t--><rs-layer\n\t\t\t\t\t\t\t\tid=\"slider-2-slide-5-layer-1\" \n\t\t\t\t\t\t\t\tdata-type=\"text\"\n\t\t\t\t\t\t\t\tdata-rsp_ch=\"on\"\n\t\t\t\t\t\t\t\tdata-xy=\"x:l,l,c,c;yo:192px,192px,118px,95px;\"\n\t\t\t\t\t\t\t\tdata-text=\"w:normal;s:17,17,20,18;l:25,25,25,19;a:left,left,center,center;\"\n\t\t\t\t\t\t\t\tdata-dim=\"w:798px,798px,663px,409px;h:auto,auto,auto,62px;\"\n\t\t\t\t\t\t\t\tdata-frame_0=\"y:100%;\"\n\t\t\t\t\t\t\t\tdata-frame_1=\"e:power4.inOut;st:1710;sp:1200;sR:1710;\"\n\t\t\t\t\t\t\t\tdata-frame_999=\"o:0;st:w;sR:6090;\"\n\t\t\t\t\t\t\t\tstyle=\"z-index:8;font-family:'Roboto';\"\n\t\t\t\t\t\t\t>Base \u00e9 a plataforma da Escola Brasileira de Psican\u00e1lise \u2013 Se\u00e7\u00e3o Rio de Janeiro dedicada \u00e0s publica\u00e7\u00f5es online, que se somam \u00e0 Latusa, nossa revista impressa. \n\t\t\t\t\t\t\t<\/rs-layer><!--\n\n\t\t\t\t\t\t\t--><rs-layer\n\t\t\t\t\t\t\t\tid=\"slider-2-slide-5-layer-2\" \n\t\t\t\t\t\t\t\tdata-type=\"shape\"\n\t\t\t\t\t\t\t\tdata-rsp_ch=\"on\"\n\t\t\t\t\t\t\t\tdata-xy=\"x:l,l,c,c;y:m;yo:10px,10px,60px,37px;\"\n\t\t\t\t\t\t\t\tdata-text=\"w:normal;s:20,20,12,7;l:0,0,15,9;\"\n\t\t\t\t\t\t\t\tdata-dim=\"w:1050px,1050px,658px,405px;h:2px,2px,1px,1px;\"\n\t\t\t\t\t\t\t\tdata-frame_0=\"x:left;\"\n\t\t\t\t\t\t\t\tdata-frame_1=\"st:1240;sp:1000;sR:1240;\"\n\t\t\t\t\t\t\t\tdata-frame_999=\"o:0;st:w;sR:6760;\"\n\t\t\t\t\t\t\t\tstyle=\"z-index:9;background-color:#ffffff;\"\n\t\t\t\t\t\t\t> \n\t\t\t\t\t\t\t<\/rs-layer><!--\n\n\t\t\t\t\t\t\t--><rs-layer\n\t\t\t\t\t\t\t\tid=\"slider-2-slide-5-layer-6\" \n\t\t\t\t\t\t\t\tdata-type=\"image\"\n\t\t\t\t\t\t\t\tdata-rsp_ch=\"on\"\n\t\t\t\t\t\t\t\tdata-xy=\"x:l,l,c,c;yo:40px,40px,20px,13px;\"\n\t\t\t\t\t\t\t\tdata-text=\"w:normal;s:20,20,12,7;l:0,0,15,9;\"\n\t\t\t\t\t\t\t\tdata-dim=\"w:294px,294px,263px,198px;h:95px,95px,85px,64px;\"\n\t\t\t\t\t\t\t\tdata-frame_0=\"x:left;\"\n\t\t\t\t\t\t\t\tdata-frame_1=\"st:720;sp:1000;sR:720;\"\n\t\t\t\t\t\t\t\tdata-frame_999=\"o:0;st:w;sR:7280;\"\n\t\t\t\t\t\t\t\tstyle=\"z-index:10;\"\n\t\t\t\t\t\t\t><img decoding=\"async\" src=\"\/\/ebp.org.br\/rj\/wp-content\/plugins\/revslider\/public\/assets\/assets\/dummy.png\" alt=\"\" class=\"tp-rs-img rs-lazyload\" width=\"2009\" height=\"650\" data-lazyload=\"\/\/ebp.org.br\/rj\/wp-content\/uploads\/2025\/06\/estudo-de-marca2-02.png\" data-no-retina> \n\t\t\t\t\t\t\t<\/rs-layer><!--\n\n\t\t\t\t\t\t\t--><a\n\t\t\t\t\t\t\t\tid=\"slider-2-slide-5-layer-8\" \n\t\t\t\t\t\t\t\tclass=\"rs-layer rev-btn\"\n\t\t\t\t\t\t\t\thref=\"https:\/\/www.livrariaonlineebp.com.br\/produtos\/latusa-26\/\" target=\"_self\"\n\t\t\t\t\t\t\t\tdata-type=\"button\"\n\t\t\t\t\t\t\t\tdata-rsp_ch=\"on\"\n\t\t\t\t\t\t\t\tdata-xy=\"x:l,l,c,c;xo:1081px,1081px,0,0;y:m;yo:10px,10px,104px,114px;\"\n\t\t\t\t\t\t\t\tdata-text=\"w:normal;s:15,15,19,23;l:32,32,29,34;fw:500;\"\n\t\t\t\t\t\t\t\tdata-dim=\"minh:0px,0px,none,none;\"\n\t\t\t\t\t\t\t\tdata-padding=\"r:20,20,13,8;l:20,20,13,8;\"\n\t\t\t\t\t\t\t\tdata-border=\"bor:25px,25px,25px,25px;\"\n\t\t\t\t\t\t\t\tdata-frame_0=\"x:right;\"\n\t\t\t\t\t\t\t\tdata-frame_1=\"st:1240;sp:1000;sR:1240;\"\n\t\t\t\t\t\t\t\tdata-frame_999=\"o:0;st:w;sR:6760;\"\n\t\t\t\t\t\t\t\tdata-frame_hover=\"c:#000;bgc:#8e8e93;bor:25px,25px,25px,25px;sp:200;e:power1.inOut;\"\n\t\t\t\t\t\t\t\tstyle=\"z-index:6;background-color:#4a4a54;font-family:'Roboto';\"\n\t\t\t\t\t\t\t>VISITE O SITE <i class=\"fa-arrow-circle-right\"><\/i> \n\t\t\t\t\t\t\t<\/a><!--\n-->\t\t\t\t\t\t<\/rs-slide>\n\t\t\t\t\t\t<rs-slide style=\"position: absolute;\" data-key=\"rs-4\" data-title=\"LATUSA\" data-in=\"o:0;\" data-out=\"a:false;\">\n\t\t\t\t\t\t\t<img decoding=\"async\" src=\"\/\/ebp.org.br\/rj\/wp-content\/plugins\/revslider\/public\/assets\/assets\/dummy.png\" alt=\"LATUSA\" title=\"Home\" class=\"rev-slidebg tp-rs-img rs-lazyload\" data-lazyload=\"\/\/ebp.org.br\/rj\/wp-content\/plugins\/revslider\/public\/assets\/assets\/transparent.png\" data-bg=\"c:#bdbdbd;\" data-no-retina>\n<!--\n\t\t\t\t\t\t\t--><rs-layer\n\t\t\t\t\t\t\t\tid=\"slider-2-slide-4-layer-0\" \n\t\t\t\t\t\t\t\tdata-type=\"text\"\n\t\t\t\t\t\t\t\tdata-color=\"#575059\"\n\t\t\t\t\t\t\t\tdata-rsp_ch=\"on\"\n\t\t\t\t\t\t\t\tdata-xy=\"x:l,l,l,c;xo:0,0,0,-140px;yo:70px,70px,19px,41px;\"\n\t\t\t\t\t\t\t\tdata-text=\"w:normal;s:40,40,35,25;l:35,35,35,26;\"\n\t\t\t\t\t\t\t\tdata-frame_0=\"y:-50,-50,-31,-19;\"\n\t\t\t\t\t\t\t\tdata-frame_1=\"sp:1000;\"\n\t\t\t\t\t\t\t\tdata-frame_999=\"o:0;st:w;\"\n\t\t\t\t\t\t\t\tstyle=\"z-index:10;font-family:'Roboto';\"\n\t\t\t\t\t\t\t>TRANSFER\u00caNCIA<br \/>\nNA PR\u00c1TICA: \n\t\t\t\t\t\t\t<\/rs-layer><!--\n\n\t\t\t\t\t\t\t--><rs-layer\n\t\t\t\t\t\t\t\tid=\"slider-2-slide-4-layer-1\" \n\t\t\t\t\t\t\t\tdata-type=\"text\"\n\t\t\t\t\t\t\t\tdata-color=\"#938c8c\"\n\t\t\t\t\t\t\t\tdata-rsp_ch=\"on\"\n\t\t\t\t\t\t\t\tdata-xy=\"xo:0,0,0,1px;yo:162px,162px,101px,106px;\"\n\t\t\t\t\t\t\t\tdata-text=\"w:normal;s:28,28,23,20;l:25,25,22,19;\"\n\t\t\t\t\t\t\t\tdata-frame_0=\"y:50,50,31,19;\"\n\t\t\t\t\t\t\t\tdata-frame_1=\"sp:1000;\"\n\t\t\t\t\t\t\t\tdata-frame_999=\"o:0;st:w;\"\n\t\t\t\t\t\t\t\tstyle=\"z-index:11;font-family:'Roboto';\"\n\t\t\t\t\t\t\t>CORPOS E DISCURSOS<br \/>\nNAS PAIX\u00d5ES EM AN\u00c1LISE \n\t\t\t\t\t\t\t<\/rs-layer><!--\n\n\t\t\t\t\t\t\t--><rs-layer\n\t\t\t\t\t\t\t\tid=\"slider-2-slide-4-layer-2\" \n\t\t\t\t\t\t\t\tdata-type=\"shape\"\n\t\t\t\t\t\t\t\tdata-rsp_ch=\"on\"\n\t\t\t\t\t\t\t\tdata-xy=\"x:c;xo:-220px,-220px,-137px,-84px;y:m;\"\n\t\t\t\t\t\t\t\tdata-text=\"w:normal;s:20,20,12,7;l:0,0,15,9;\"\n\t\t\t\t\t\t\t\tdata-dim=\"w:800px,800px,501px,309px;h:2px,2px,1px,1px;\"\n\t\t\t\t\t\t\t\tdata-frame_0=\"x:left;\"\n\t\t\t\t\t\t\t\tdata-frame_1=\"sp:1000;\"\n\t\t\t\t\t\t\t\tdata-frame_999=\"o:0;st:w;\"\n\t\t\t\t\t\t\t\tstyle=\"z-index:12;background-color:rgba(0,0,0,0.5);\"\n\t\t\t\t\t\t\t> \n\t\t\t\t\t\t\t<\/rs-layer><!--\n\n\t\t\t\t\t\t\t--><rs-layer\n\t\t\t\t\t\t\t\tid=\"slider-2-slide-4-layer-3\" \n\t\t\t\t\t\t\t\tdata-type=\"image\"\n\t\t\t\t\t\t\t\tdata-rsp_ch=\"on\"\n\t\t\t\t\t\t\t\tdata-xy=\"x:r;xo:80px,80px,0,-4px;y:m;yo:0,0,0,5px;\"\n\t\t\t\t\t\t\t\tdata-text=\"w:normal;s:20,20,12,7;l:0,0,15,9;\"\n\t\t\t\t\t\t\t\tdata-dim=\"w:277px,277px,240px,199px;h:285px,285px,247px,205px;\"\n\t\t\t\t\t\t\t\tdata-frame_0=\"x:right;\"\n\t\t\t\t\t\t\t\tdata-frame_1=\"st:990;sp:1000;sR:990;\"\n\t\t\t\t\t\t\t\tdata-frame_999=\"o:0;st:w;sR:7010;\"\n\t\t\t\t\t\t\t\tstyle=\"z-index:5;\"\n\t\t\t\t\t\t\t><img decoding=\"async\" src=\"\/\/ebp.org.br\/rj\/wp-content\/plugins\/revslider\/public\/assets\/assets\/dummy.png\" alt=\"\" class=\"tp-rs-img rs-lazyload\" width=\"2426\" height=\"2497\" data-lazyload=\"\/\/ebp.org.br\/rj\/wp-content\/uploads\/2026\/03\/Free-Modern-Branding-Magazine-Mockup.png\" data-no-retina> \n\t\t\t\t\t\t\t<\/rs-layer><!--\n\n\t\t\t\t\t\t\t--><rs-layer\n\t\t\t\t\t\t\t\tid=\"slider-2-slide-4-layer-4\" \n\t\t\t\t\t\t\t\tdata-type=\"image\"\n\t\t\t\t\t\t\t\tdata-rsp_ch=\"on\"\n\t\t\t\t\t\t\t\tdata-xy=\"xo:688px,688px,416px,202px;yo:166px,166px,162px,168px;\"\n\t\t\t\t\t\t\t\tdata-text=\"w:normal;s:20,20,12,7;l:0,0,15,9;\"\n\t\t\t\t\t\t\t\tdata-dim=\"w:86px,86px,87px,63px;h:90px,90px,92px,66px;\"\n\t\t\t\t\t\t\t\tdata-frame_0=\"y:bottom;\"\n\t\t\t\t\t\t\t\tdata-frame_1=\"st:1990;sp:1000;sR:1990;\"\n\t\t\t\t\t\t\t\tdata-frame_999=\"o:0;st:w;sR:6010;\"\n\t\t\t\t\t\t\t\tstyle=\"z-index:6;\"\n\t\t\t\t\t\t\t><img decoding=\"async\" src=\"\/\/ebp.org.br\/rj\/wp-content\/plugins\/revslider\/public\/assets\/assets\/dummy.png\" alt=\"\" class=\"tp-rs-img rs-lazyload\" width=\"190\" height=\"200\" data-lazyload=\"\/\/ebp.org.br\/rj\/wp-content\/uploads\/2024\/04\/MARCA-RIO.png\" data-no-retina> \n\t\t\t\t\t\t\t<\/rs-layer><!--\n\n\t\t\t\t\t\t\t--><a\n\t\t\t\t\t\t\t\tid=\"slider-2-slide-4-layer-8\" \n\t\t\t\t\t\t\t\tclass=\"rs-layer rev-btn\"\n\t\t\t\t\t\t\t\thref=\"https:\/\/www.livrariaonlineebp.com.br\/produtos\/latusa-27-2j7gm\/\" target=\"_self\"\n\t\t\t\t\t\t\t\tdata-type=\"button\"\n\t\t\t\t\t\t\t\tdata-rsp_ch=\"on\"\n\t\t\t\t\t\t\t\tdata-xy=\"xo:665px,665px,0,-2px;yo:105px,105px,193px,183px;\"\n\t\t\t\t\t\t\t\tdata-text=\"w:normal;s:15,15,19,25;l:32,32,39,41;fw:500;\"\n\t\t\t\t\t\t\t\tdata-dim=\"minh:0px,0px,none,none;\"\n\t\t\t\t\t\t\t\tdata-padding=\"r:20,20,13,8;l:20,20,13,8;\"\n\t\t\t\t\t\t\t\tdata-border=\"bor:25px,25px,25px,25px;\"\n\t\t\t\t\t\t\t\tdata-frame_0=\"x:-50,-50,-31,-19;\"\n\t\t\t\t\t\t\t\tdata-frame_1=\"st:2520;sp:1000;sR:2520;\"\n\t\t\t\t\t\t\t\tdata-frame_999=\"o:0;st:w;sR:5480;\"\n\t\t\t\t\t\t\t\tdata-frame_hover=\"c:#000;bgc:#8e8e93;bor:25px,25px,25px,25px;sp:200;e:power1.inOut;\"\n\t\t\t\t\t\t\t\tstyle=\"z-index:9;background-color:#4a4a54;font-family:'Roboto';\"\n\t\t\t\t\t\t\t>COMPRAR <i class=\"fa-shopping-cart\"><\/i> \n\t\t\t\t\t\t\t<\/a><!--\n-->\t\t\t\t\t\t<\/rs-slide>\n\t\t\t\t\t<\/rs-slides>\n\t\t\t\t<\/rs-module>\n\t\t\t\t<script>\n\t\t\t\t\tsetREVStartSize({c: 'rev_slider_2_1',rl:[1240,1240,778,480],el:[300,300,300,300],gw:[1240,1240,778,480],gh:[300,300,300,300],type:'standard',justify:'',layout:'fullwidth',mh:\"0\"});if (window.RS_MODULES!==undefined && window.RS_MODULES.modules!==undefined && window.RS_MODULES.modules[\"revslider21\"]!==undefined) {window.RS_MODULES.modules[\"revslider21\"].once = false;window.revapi2 = undefined;if (window.RS_MODULES.checkMinimal!==undefined) window.RS_MODULES.checkMinimal()}\n\t\t\t\t<\/script>\n\t\t\t<\/rs-module-wrap>\n\t\t\t<!-- END REVOLUTION SLIDER -->\n[vc_empty_space height=&#8221;50px&#8221;][\/vc_column][\/vc_row][vc_row gmbt_prlx_bg_type=&#8221;parallax&#8221; gmbt_prlx_break_parents=&#8221;0&#8243; gmbt_prlx_smooth_scrolling=&#8221;&#8221; gmbt_prlx_video=&#8221;&#8221; gmbt_prlx_video_mute=&#8221;&#8221; gmbt_prlx_video_force_hd=&#8221;&#8221; gmbt_prlx_opacity=&#8221;100&#8243; gmbt_prlx_video_aspect_ratio=&#8221;16:9&#8243; gmbt_prlx_parallax=&#8221;none&#8221; gmbt_background_repeat=&#8221;&#8221; gmbt_background_position=&#8221;&#8221; gmbt_prlx_speed=&#8221;0.3&#8243; gmbt_prlx_enable_mobile=&#8221;&#8221;][vc_column width=&#8221;1\/2&#8243;][vc_single_image image=&#8221;4598&#8243; alignment=&#8221;center&#8221; onclick=&#8221;link_image&#8221;][\/vc_column][vc_column width=&#8221;1\/2&#8243;][vc_column_text]\n<h3><strong>ESCOLA BRASILEIRA DE PSICAN\u00c1LISE<\/strong><\/h3>\n<h3><em>SE\u00c7\u00c3O Rio de Janeiro<\/em><\/h3>\n<h4>Bem-vindos \u00e0 EBP-RIO<\/h4>\n<p><span class=\"texto\">A Escola Brasileira de Psican\u00e1lise- Se\u00e7\u00e3o Rio de Janeiro \u00e9 uma das sete Se\u00e7\u00f5es da Escola Brasileira de Psican\u00e1lise. Fundada em 1995, a EBP \u00e9 uma das Escolas da <a href=\"http:\/\/www.wapol.org\/pt\/Template.asp\">Associa\u00e7\u00e3o Mundial de Psican\u00e1lise \u2013 AMP<\/a>\u00a0e \u201cinscreve-se no movimento de reconquista do Campo Freudiano lan\u00e7ado por Jacques Lacan no dia 21 de junho de 1964, ao fundar sua Escola\u201d.<\/span><\/p>\n<p>A EBP-Rio tem por objetivo estudar, difundir e desenvolver a teoria e a pr\u00e1tica da psican\u00e1lise a partir do ensino de Lacan. A Escola de Lacan tem o compromisso de manter a descoberta freudiana viva e atualizada respondendo aos desafios dos tempos de hoje. A EBP-Rio, dentro do contexto da EBP e da AMP, d\u00e1 \u00eanfase \u00e0 forma\u00e7\u00e3o permanente de seus membros atrav\u00e9s de diversas atividades, em especial os Semin\u00e1rios de Orienta\u00e7\u00e3o Lacaniana, da an\u00e1lise pessoal e da supervis\u00e3o.[\/vc_column_text][vc_btn title=&#8221;Leia mais&#8221; link=&#8221;url:http%3A%2F%2Febp.org.br%2Frj%2Fsobre%2F|||&#8221;][\/vc_column][\/vc_row][vc_row][vc_column][vc_separator color=&#8221;juicy_pink&#8221;][\/vc_column][\/vc_row][vc_row full_width=&#8221;stretch_row&#8221; disable_element=&#8221;yes&#8221; css=&#8221;.vc_custom_1741699399100{background-color: #f2f2f2 !important;}&#8221;][vc_column][vc_column_text]\n<div class=\"rt-vc-text-title style2\">\n<h2 class=\"rtin-title\" style=\"text-align: center;\"><span style=\"color: #993300;\">Semin\u00e1rios da Se\u00e7\u00e3o Rio<\/span><\/h2>\n<\/div>\n[\/vc_column_text][vc_empty_space height=&#8221;30px&#8221;][vc_row_inner][vc_column_inner width=&#8221;1\/3&#8243;][vc_single_image image=&#8221;6715&#8243;][vc_empty_space height=&#8221;10px&#8221;][vc_column_text]\n<p style=\"text-align: center;\"><strong>SEMIN\u00c1RIO<br \/>\n<\/strong><strong>ORIENTA\u00c7\u00c3O LACANIANA<\/strong>[\/vc_column_text][vc_empty_space height=&#8221;10px&#8221;][vc_btn title=&#8221;Leia +&#8221; color=&#8221;juicy-pink&#8221; size=&#8221;xs&#8221; align=&#8221;center&#8221; link=&#8221;url:https%3A%2F%2Febp.org.br%2Frj%2Fensino%2Fseminarios-4%2Fseminario-de-orientacao-lacaniana-bienio-2023-2025%2F|title:Sobre%20o%20Semin%C3%A1rio%20de%20Orienta%C3%A7%C3%A3o%20Lacaniana&#8221;][\/vc_column_inner][vc_column_inner width=&#8221;1\/3&#8243;][vc_single_image image=&#8221;6716&#8243;][vc_empty_space height=&#8221;10px&#8221;][vc_column_text]\n<p style=\"text-align: center;\"><strong>SEMIN\u00c1RIO<br \/>\nCL\u00cdNICO<\/strong>[\/vc_column_text][vc_empty_space height=&#8221;10px&#8221;][vc_btn title=&#8221;Leia +&#8221; color=&#8221;juicy-pink&#8221; size=&#8221;xs&#8221; align=&#8221;center&#8221; link=&#8221;url:https%3A%2F%2Febp.org.br%2Frj%2Fensino%2Fseminarios-4%2Fseminario-clinico-bienio-2023-2025%2F|title:Semin%C3%A1rio%20Cl%C3%ADnico&#8221;][\/vc_column_inner][vc_column_inner width=&#8221;1\/3&#8243;][vc_single_image image=&#8221;6714&#8243;][vc_empty_space height=&#8221;10px&#8221;][vc_column_text]\n<p style=\"text-align: center;\"><strong>SEMIN\u00c1RIO<br \/>\nA POL\u00cdTICA DA PSICAN\u00c1LISE<\/strong>[\/vc_column_text][vc_empty_space height=&#8221;10px&#8221;][vc_btn title=&#8221;Leia +&#8221; color=&#8221;juicy-pink&#8221; size=&#8221;xs&#8221; align=&#8221;center&#8221; link=&#8221;url:https%3A%2F%2Febp.org.br%2Frj%2Fensino%2Fseminarios-4%2Fseminario-a-politica-da-psicanalise-bienio-2023-2025%2F|title:Semin%C3%A1rio%20Cl%C3%ADnico&#8221;][\/vc_column_inner][\/vc_row_inner][\/vc_column][\/vc_row][vc_row][vc_column width=&#8221;1\/2&#8243;][vc_empty_space height=&#8221;30px&#8221;][vc_single_image image=&#8221;6366&#8243; alignment=&#8221;center&#8221; onclick=&#8221;custom_link&#8221; link=&#8221;http:\/\/www.ebp.org.br\/rj\/blog&#8221;][\/vc_column][vc_column width=&#8221;1\/2&#8243;][vc_empty_space height=&#8221;30px&#8221;][vc_column_text]\n<div class=\"xgmjVLxjqfcXK5BV_XyN\">Nesse epis\u00f3dio do Radar, recebemos o cientista pol\u00edtico Jorge Chaloub, estudioso dos m\u00faltiplos movimentos da direita brasileira. Gravada logo ap\u00f3s as elei\u00e7\u00f5es municipais de 2024, a conversa parte da aposta de que processos pol\u00edticos e eleitorais servem como uma lupa ou uma caixa de resson\u00e2ncia para processos sociais e subjetivos que s\u00e3o, muitas vezes, dif\u00edceis de observar. Debatemos a deprecia\u00e7\u00e3o da democracia, o apelo atual das no\u00e7\u00f5es de empreendedorismo e prosperidade, as implica\u00e7\u00f5es pol\u00edticas e subjetivas dos ambientes virtuais entre outros temas. Nos termos da psican\u00e1lise, nos perguntamos: que Outro \u00e9 esse?<\/div>\n<p><a href=\"https:\/\/ebp.org.br\/rj\/blog\/index.php\/category\/radar\/\">LEIA+<\/a>[\/vc_column_text][\/vc_column][\/vc_row][vc_row][vc_column][vc_separator color=&#8221;juicy_pink&#8221;][\/vc_column][\/vc_row][vc_row][vc_column width=&#8221;1\/4&#8243;][vc_column_text]\n<p style=\"text-align: center;\"><strong><span style=\"color: #993300;\">Calend\u00e1rio 2026<\/span><\/strong><\/p>\n[\/vc_column_text][vc_empty_space height=&#8221;10px&#8221;][vc_single_image image=&#8221;6823&#8243; img_size=&#8221;150&#215;150&#8243; alignment=&#8221;center&#8221;][vc_empty_space][vc_btn title=&#8221;Leia mais&#8221; align=&#8221;center&#8221; link=&#8221;url:https%3A%2F%2Febp.org.br%2Frj%2Fagenda-2%2F|title:Agenda&#8221;][\/vc_column][vc_column width=&#8221;1\/4&#8243;][vc_column_text]\n<p style=\"text-align: center;\"><strong><span style=\"color: #993300;\">Boletim #12 &#8211; ABRIL 2026<\/span><\/strong><\/p>\n[\/vc_column_text][vc_empty_space height=&#8221;10px&#8221;][vc_single_image image=&#8221;6822&#8243; img_size=&#8221;106&#215;150&#8243; alignment=&#8221;center&#8221;][vc_empty_space][vc_btn title=&#8221;Leia mais&#8221; align=&#8221;center&#8221; link=&#8221;url:https%3A%2F%2Fmailchi.mp%2F544879597fde%2Fboletim-n-01-maro2025-18253786%3Fe%3D%5BUNIQID%5D|title:Boletim&#8221;][\/vc_column][vc_column width=&#8221;1\/4&#8243;][vc_column_text]\n<p style=\"text-align: center;\"><strong><span style=\"color: #993300;\">Latusa 27<\/span><\/strong><\/p>\n[\/vc_column_text][vc_empty_space height=&#8221;10px&#8221;][vc_single_image image=&#8221;6829&#8243; img_size=&#8221;106&#215;150&#8243; alignment=&#8221;center&#8221;][vc_empty_space][vc_btn title=&#8221;Comprar&#8221; align=&#8221;center&#8221; link=&#8221;url:https%3A%2F%2Fwww.livrariaonlineebp.com.br%2Fprodutos%2Flatusa-27-2j7gm%2F&#8221;][\/vc_column][vc_column width=&#8221;1\/4&#8243;][vc_column_text]\n<p style=\"text-align: center;\"><strong><span style=\"color: #993300;\">Arquivos da Biblioteca<\/span><\/strong><\/p>\n[\/vc_column_text][vc_empty_space height=&#8221;10px&#8221;][vc_single_image image=&#8221;4785&#8243; img_size=&#8221;106&#215;150&#8243; alignment=&#8221;center&#8221;][vc_empty_space][vc_btn title=&#8221;Leia mais&#8221; align=&#8221;center&#8221; link=&#8221;url:https%3A%2F%2Fwww.livrariaonlineebp.com.br%2Fprodutos%2Farquivos-da-biblioteca-17%2F|title:Arquivos%20da%20Biblioteca&#8221;][\/vc_column][\/vc_row]\n<\/section>","protected":false},"excerpt":{"rendered":"<p>[vc_row full_width=&#8221;stretch_row&#8221;][vc_column][vc_empty_space height=&#8221;50px&#8221;][\/vc_column][\/vc_row][vc_row gmbt_prlx_bg_type=&#8221;parallax&#8221; gmbt_prlx_break_parents=&#8221;0&#8243; gmbt_prlx_smooth_scrolling=&#8221;&#8221; gmbt_prlx_video=&#8221;&#8221; gmbt_prlx_video_mute=&#8221;&#8221; gmbt_prlx_video_force_hd=&#8221;&#8221; gmbt_prlx_opacity=&#8221;100&#8243; gmbt_prlx_video_aspect_ratio=&#8221;16:9&#8243; gmbt_prlx_parallax=&#8221;none&#8221; gmbt_background_repeat=&#8221;&#8221; gmbt_background_position=&#8221;&#8221; gmbt_prlx_speed=&#8221;0.3&#8243; gmbt_prlx_enable_mobile=&#8221;&#8221;][vc_column width=&#8221;1\/2&#8243;][vc_single_image image=&#8221;4598&#8243; alignment=&#8221;center&#8221; onclick=&#8221;link_image&#8221;][\/vc_column][vc_column width=&#8221;1\/2&#8243;][vc_column_text] ESCOLA BRASILEIRA DE PSICAN\u00c1LISE SE\u00c7\u00c3O Rio de Janeiro Bem-vindos \u00e0 EBP-RIO A Escola Brasileira de Psican\u00e1lise- Se\u00e7\u00e3o Rio de Janeiro \u00e9 uma das sete Se\u00e7\u00f5es da Escola Brasileira de Psican\u00e1lise. Fundada em 1995, a&hellip;<\/p>\n","protected":false},"author":1,"featured_media":0,"parent":0,"menu_order":0,"comment_status":"closed","ping_status":"closed","template":"","meta":{"footnotes":""},"class_list":["post-40","page","type-page","status-publish","hentry","entry","no-media"],"_links":{"self":[{"href":"https:\/\/ebp.org.br\/rj\/wp-json\/wp\/v2\/pages\/40","targetHints":{"allow":["GET"]}}],"collection":[{"href":"https:\/\/ebp.org.br\/rj\/wp-json\/wp\/v2\/pages"}],"about":[{"href":"https:\/\/ebp.org.br\/rj\/wp-json\/wp\/v2\/types\/page"}],"author":[{"embeddable":true,"href":"https:\/\/ebp.org.br\/rj\/wp-json\/wp\/v2\/users\/1"}],"replies":[{"embeddable":true,"href":"https:\/\/ebp.org.br\/rj\/wp-json\/wp\/v2\/comments?post=40"}],"version-history":[{"count":50,"href":"https:\/\/ebp.org.br\/rj\/wp-json\/wp\/v2\/pages\/40\/revisions"}],"predecessor-version":[{"id":6848,"href":"https:\/\/ebp.org.br\/rj\/wp-json\/wp\/v2\/pages\/40\/revisions\/6848"}],"wp:attachment":[{"href":"https:\/\/ebp.org.br\/rj\/wp-json\/wp\/v2\/media?parent=40"}],"curies":[{"name":"wp","href":"https:\/\/api.w.org\/{rel}","templated":true}]}}