{"id":1596,"date":"2018-02-01T12:13:41","date_gmt":"2018-02-01T14:13:41","guid":{"rendered":"http:\/\/ebp.org.br\/rj\/?page_id=1596"},"modified":"2025-03-08T09:49:59","modified_gmt":"2025-03-08T12:49:59","slug":"aderentes","status":"publish","type":"page","link":"https:\/\/ebp.org.br\/rj\/sobre\/aderentes\/","title":{"rendered":"Aderentes"},"content":{"rendered":"<section class=\"wpb-content-wrapper\">[vc_row][vc_column][vc_column_text]\n<p class=\"p1\"><span class=\"s1\">[\/vc_column_text][\/vc_column][\/vc_row][vc_row][vc_column][vc_column_text]<span style=\"color: #993300;\"><strong>ANA L\u00daCIA GARCIA DE FREITAS<\/strong><\/span><\/span><\/p>\n<ul>\n<li class=\"separate mini\">Forma\u00e7\u00e3o Universit\u00e1ria: Psic\u00f3loga<\/li>\n<li class=\"separate mini\">Titula\u00e7\u00e3o: Mestrado (Psicologia Cl\u00ednica\/PUC-RJ)<\/li>\n<li class=\"separate mini\">Cargos: Profa. FAMATh e Faculdades da Pestalozzi<\/li>\n<li class=\"separate mini\">Rua Domingues de S\u00e1, 293\/403 &#8211; Icara\u00ed &#8211; Niter\u00f3i &#8211; RJ &#8211; CEP: 24.220-090<\/li>\n<li class=\"separate mini\">21 2610 9246 \/ 2710 4407 \/<\/li>\n<\/ul>\n<hr \/>\n<p><span style=\"color: #993300;\"><strong>ISABELA FARIA NOGUEIRA<\/strong><\/span><\/p>\n<ul>\n<li>Aderente da EBP \u2013 A.P.<\/li>\n<li>Psic\u00f3loga<\/li>\n<li>Mestre em Pol\u00edticas Sociais \u2013 UENF<\/li>\n<li>Av. Nilo Pe\u00e7anha,307, Parque Santo Amaro<\/li>\n<li>CEP: 28030-035 \u2013 Campos dos Goytacazes \u2013 RJ<\/li>\n<li>Tel: (22) 2722-0193 \/98824-3330 \/ 99278-7038<\/li>\n<li>E-mail: <a href=\"mailto:isabella.nogueira.psi@gmail.com\">isabella.nogueira.psi@gmail.com<\/a><\/li>\n<\/ul>\n<hr \/>\n<p><span style=\"color: #993300;\"><strong>LUIS MOREIRA DE BARROS<\/strong><\/span><\/p>\n<ul>\n<li>Aderente da EBP \u2013 A.P<\/li>\n<li>Psic\u00f3logo<\/li>\n<li>Doutor em Teoria Psicanal\u00edtica \u2013 UFRJ<\/li>\n<li>Professor Adjunto \u2013 UFF<\/li>\n<li>Lineu de Paula Machado,850\/204<\/li>\n<li>CEP: 22470-040<\/li>\n<li>Tel:(21) 3874-0476 \/2246-1315 \/ 99436-7988<\/li>\n<li>E-mail: <a href=\"mailto:luismbarros@uol.com.br\">luismbarros@uol.com.br<\/a><\/li>\n<\/ul>\n<hr \/>\n<p><span style=\"color: #993300;\"><strong>PAULO VIDAL<\/strong><\/span><\/p>\n<ul>\n<li>in memoriam<\/li>\n<\/ul>\n<hr \/>\n<p><span style=\"color: #993300;\"><strong>REGINA MARIA DE LA ROCQUE<\/strong><\/span><\/p>\n<ul>\n<li>Aderente da EBP \u2013 A.P.<\/li>\n<li>Psic\u00f3loga<\/li>\n<li>Rua Jardim Bot\u00e2nico, 171\/308 \u2013 Jardim Bot\u00e2nico<\/li>\n<li>CEP: 22470-050 \u2013 Rio de Janeiro &#8211; RJ<\/li>\n<li>Tel (o21) 2538-1023 \/ 2226-0902<\/li>\n<li>E-mail: <a href=\"mailto:regrocquem@gmail.com\">regrocquem@gmail.com<\/a><\/li>\n<\/ul>\n<hr \/>\n<p><span style=\"color: #993300;\"><strong>SANDRA MARIA BERARDINELLI<\/strong><\/span><\/p>\n<ul>\n<li>Aderente da EBP \u2013 A.P.<\/li>\n<li>Psic\u00f3loga<\/li>\n<li>Rua Dona Mariana,182\/605 Bl2 &#8211; Botafogo<\/li>\n<li>CEP: 22280-020<\/li>\n<li>Tel (21)2538-2755 \/ 2235-3572 \/ 98669-1654<\/li>\n<li>E-mail: <a href=\"mailto:sandraberardi@terra.com.br\">sandraberardi@terra.com.br<\/a><\/li>\n<\/ul>\n[\/vc_column_text][\/vc_column][\/vc_row][vc_row][vc_column][vc_column_text]\n[\/vc_column_text][\/vc_column][\/vc_row]\n<\/section>","protected":false},"excerpt":{"rendered":"<p>[vc_row][vc_column][vc_column_text] [\/vc_column_text][\/vc_column][\/vc_row][vc_row][vc_column][vc_column_text]ANA L\u00daCIA GARCIA DE FREITAS Forma\u00e7\u00e3o Universit\u00e1ria: Psic\u00f3loga Titula\u00e7\u00e3o: Mestrado (Psicologia Cl\u00ednica\/PUC-RJ) Cargos: Profa. FAMATh e Faculdades da Pestalozzi Rua Domingues de S\u00e1, 293\/403 &#8211; Icara\u00ed &#8211; Niter\u00f3i &#8211; RJ &#8211; CEP: 24.220-090 21 2610 9246 \/ 2710 4407 \/ ISABELA FARIA NOGUEIRA Aderente da EBP \u2013 A.P. Psic\u00f3loga Mestre em Pol\u00edticas Sociais \u2013&hellip;<\/p>\n","protected":false},"author":1,"featured_media":0,"parent":1178,"menu_order":0,"comment_status":"closed","ping_status":"closed","template":"","meta":{"footnotes":""},"class_list":["post-1596","page","type-page","status-publish","hentry","entry","no-media"],"_links":{"self":[{"href":"https:\/\/ebp.org.br\/rj\/wp-json\/wp\/v2\/pages\/1596","targetHints":{"allow":["GET"]}}],"collection":[{"href":"https:\/\/ebp.org.br\/rj\/wp-json\/wp\/v2\/pages"}],"about":[{"href":"https:\/\/ebp.org.br\/rj\/wp-json\/wp\/v2\/types\/page"}],"author":[{"embeddable":true,"href":"https:\/\/ebp.org.br\/rj\/wp-json\/wp\/v2\/users\/1"}],"replies":[{"embeddable":true,"href":"https:\/\/ebp.org.br\/rj\/wp-json\/wp\/v2\/comments?post=1596"}],"version-history":[{"count":1,"href":"https:\/\/ebp.org.br\/rj\/wp-json\/wp\/v2\/pages\/1596\/revisions"}],"predecessor-version":[{"id":6711,"href":"https:\/\/ebp.org.br\/rj\/wp-json\/wp\/v2\/pages\/1596\/revisions\/6711"}],"up":[{"embeddable":true,"href":"https:\/\/ebp.org.br\/rj\/wp-json\/wp\/v2\/pages\/1178"}],"wp:attachment":[{"href":"https:\/\/ebp.org.br\/rj\/wp-json\/wp\/v2\/media?parent=1596"}],"curies":[{"name":"wp","href":"https:\/\/api.w.org\/{rel}","templated":true}]}}