{"id":1569,"date":"2017-09-04T20:49:11","date_gmt":"2017-09-04T23:49:11","guid":{"rendered":"http:\/\/ebp.org.br\/rj\/?page_id=1569"},"modified":"2025-03-31T11:44:33","modified_gmt":"2025-03-31T14:44:33","slug":"biblioteca","status":"publish","type":"page","link":"https:\/\/ebp.org.br\/rj\/biblioteca\/","title":{"rendered":"Biblioteca"},"content":{"rendered":"<section class=\"wpb-content-wrapper\">[vc_row][vc_column][vc_column_text]\n<h3>DIRETORIA DE BIBLIOTECA<\/h3>\n<h3><span style=\"color: #993300;\">Bi\u00eanio 2025-2027<\/span><\/h3>\n<p>Compor e preservar seu acervo, tanto f\u00edsico como digital, \u00e9 a fun\u00e7\u00e3o fundamental de uma biblioteca, o que implica em cuidar da conserva\u00e7\u00e3o e da documenta\u00e7\u00e3o, bem como acompanhar o que h\u00e1 de novo em termos de publica\u00e7\u00e3o. Para isso, contamos com o interc\u00e2mbio entre as bibliotecas da EBP, e com a aquisi\u00e7\u00e3o de novos t\u00edtulos, dentro do Campo Freudiano e fora dele.<\/p>\n<p>Uma biblioteca, nos dias de hoje e cada vez mais, n\u00e3o trabalha apenas com livros como objetos f\u00edsicos, mas com e-books, livros digitalizados, revistas e plataformas online e outros suportes digitais<strong>. <\/strong><\/p>\n<p>Podemos pensar na materialidade de uma biblioteca a partir de pelo menos dois aspectos. O primeiro estaria nas estantes, no local, na palavra impressa no papel do livro. O segundo aspecto, e que concerne mais diretamente \u00e0 psican\u00e1lise, refere-se \u00e0 materialidade do significante como letra. N\u00e3o uma impress\u00e3o sobre uma superf\u00edcie, nem as letras do alfabeto, mas litoral entre saber e gozo &#8211; presen\u00e7a do gozo no simb\u00f3lico, presen\u00e7a do simb\u00f3lico no gozo. O texto n\u00e3o vale apenas pelo que ele veicula no campo do sentido, mas pelo que mobiliza no corpo. Para al\u00e9m da biblioteca como templo do significante<a href=\"#_ftn1\" name=\"_ftnref1\">[1]<\/a>, interessa-nos sua vida, seu movimento, aquilo que na palavra \u00e9 gozo, que convoca o corpo. Nesse sentido, nossa biblioteca precisa estar conectada a seu tempo, e \u00e0 nossa cidade.<\/p>\n<p>As Bibliotecas do Campo Freudiano, como indicou Judith Miller, n\u00e3o devem tratar apenas de assuntos supostamente \u201cinternos\u201d \u00e0 causa anal\u00edtica, mas devem ser elos pr\u00e1ticos com a cidade. \u201cSustentar pol\u00eamicas, praticar a discuss\u00e3o e instruir-se em novas fontes<a href=\"#_ftn2\" name=\"_ftnref2\">[2]<\/a>\u201d s\u00e3o tr\u00eas dire\u00e7\u00f5es importantes. Assim, nosso trabalho n\u00e3o se restringe \u00e0 aquisi\u00e7\u00e3o e \u00e0 conserva\u00e7\u00e3o de livros e outros materiais, mas \u00e9 tamb\u00e9m organizar apresenta\u00e7\u00f5es, confer\u00eancias, debates e outras formas de ampliar o terreno das discuss\u00f5es.<\/p>\n<p>Sobre as nossas atividades, as <strong>Noites de Biblioteca<\/strong> t\u00eam como proposta promover o debate em torno de livros recentes e de eventos culturais que despertem o nosso interesse. As Noites de Biblioteca acontecem, de modo geral, \u00e0s segundas-feiras \u00e0s 20h, no hor\u00e1rio das atividades regulares da Diretoria da EBP-Rio.<\/p>\n<p>A atividade <strong>Leituras da Biblioteca<\/strong> tem como proposta o trabalho em torno de textos ligados a temas de estudo na EBP durante o ano vigente. As Leituras acontecem \u00e0s sextas-feiras de tarde e s\u00e3o conduzidas pela Comiss\u00e3o de Biblioteca.<\/p>\n<p>Nossa Biblioteca faz parte da Federa\u00e7\u00e3o Internacional de Bibliotecas de Orienta\u00e7\u00e3o Lacaniana do Campo Freudiano (FIBOL), seu acervo e suas atividades est\u00e3o abertas ao p\u00fablico!<\/p>\n<p><strong>Comiss\u00e3o de Biblioteca EBP-Rio (2025-2027)<\/strong><\/p>\n<ul>\n<li>Adriana de la Pe\u00f1a Faria<\/li>\n<li>Ana Maria Ferreira da Silva<\/li>\n<li>Angela Folly Negreiros<\/li>\n<li>Isabela Correia Machado<\/li>\n<li>Jessica Nogueira Gomes (bibliotec\u00e1ria)<\/li>\n<li>Larissa Pinto Martha<\/li>\n<li>Louren\u00e7o Ast\u00faa de Moraes<\/li>\n<li>Patricia Soares Paterson<\/li>\n<li>Paula Legey (diretora)<\/li>\n<li>Tatiana Grova Prado<\/li>\n<\/ul>\n<hr \/>\n<p><span style=\"font-size: 13px;\"><a href=\"#_ftnref1\" name=\"_ftn1\">[1]<\/a> , Miller, J-A. \u201cL\u00b4exp\u00e9rience d\u00b4une Analyse\u201d. Dispon\u00edvel em: &lt;<a href=\"https:\/\/www.youtube.com\/watch?v=JB9V3KT0Xhs\">L\u2019exp\u00e9rience d\u2019une analyse. Jacques-Alain Miller. 30-09-2010. \u2013 YouTube<\/a><br \/>\n<\/span><span style=\"font-size: 13px;\"><a href=\"#_ftnref2\" name=\"_ftn2\">[2]<\/a> Miller, J. In:\u00a0<a href=\"https:\/\/www.wapol.org\/pt\/campo_freudiano\/Template.asp?Archivo=Federation-internationale-des-Bibliotheques.html\">https:\/\/www.wapol.org\/pt\/campo_freudiano\/Template.asp?Archivo=Federation-internationale-des-Bibliotheques.html<\/a><\/span>[\/vc_column_text][\/vc_column][\/vc_row][vc_row][vc_column][vc_empty_space][vc_separator color=&#8221;juicy_pink&#8221;][vc_empty_space][\/vc_column][\/vc_row][vc_row][vc_column width=&#8221;2\/3&#8243;][vc_column_text]\n<h3>DIRETORIA DE BIBLIOTECA<\/h3>\n<h3><span style=\"color: #993300;\">Bi\u00eanio 2021-2023<\/span><\/h3>\n<h6>Por <em>Ana Beatriz Freire<\/em><\/h6>\n<blockquote><p>\u201cA Biblioteca \u00e9 ilimitada e peri\u00f3dica. Se um eterno viajante a atravessasse em qualquer dire\u00e7\u00e3o, comprovaria ao fim dos s\u00e9culos que os mesmos volumes se repetem na mesma desordem (que, reiterada, seria uma ordem: a Ordem). Minha solid\u00e3o alegra-se com essa elegante esperan\u00e7a.\u201d (A Biblioteca de Babel \u2013 Jorge Luis Borges)<\/p><\/blockquote>\n<p>Como afirmou a nova diretora da EBP-se\u00e7\u00e3o Rio, Ruth Cohen, um novo tempo se inicia e, com ele, novos desafios frente \u00e0 pandemia da Covid 19, que se imp\u00f5e em propor\u00e7\u00f5es universais, exigindo-nos novas inven\u00e7\u00f5es na nossa solid\u00e3o, no infinito particular, de cada um. Infinita solid\u00e3o que vai em dire\u00e7\u00e3o \u00e0 aposta de fazermos la\u00e7o com os colegas seguindo a orienta\u00e7\u00e3o da Escola, do Campo Freudiano, em suas tr\u00eas dimens\u00f5es sintetizadas por Laurent,<a href=\"#_ftn1\" name=\"_ftnref1\">[1]<\/a> epist\u00eamica, cl\u00ednica e pol\u00edtica. A biblioteca, ainda que no recurso virtual, ilimitada e peri\u00f3dica, seguir\u00e1 dentro do poss\u00edvel as atividades j\u00e1 realizadas pela diretora de biblioteca anterior, Andrea Vilanova:<\/p>\n<p>&#8211; Primeiramente, mantendo firme as propostas apresentadas pela FIBOL<a href=\"#_ftn2\" name=\"_ftnref2\">[2]<\/a>, em particular, dar seguimento e manter o ensino, a a\u00e7\u00e3o lacaniana, abertos aos interessados em psican\u00e1lise, no sentido mais extenso, participando na cidade.<\/p>\n<p>&#8211; Retomando a express\u00e3o de Jacques-Allan Miller, no sentido \u201cde dedicar-se \u00e0 \u2018educa\u00e7\u00e3o freudiana\u2019 da popula\u00e7\u00e3o\u201d, pretendemos continuar a abrir as portas da biblioteca, acolhendo, mesmo que de forma <em>on line<\/em><u>,<\/u> a rede poss\u00edvel entre psicanalistas, praticantes da forma\u00e7\u00e3o do inconsciente e os n\u00e3o analistas.<\/p>\n<p>&#8211; Como acolhimento da produ\u00e7\u00e3o e interlocu\u00e7\u00e3o do Campo freudiano, lugar imanente de pesquisa, intercambio e curiosidade epist\u00eamica\/cl\u00ednica, a biblioteca seguir\u00e1 com o projeto de manter firme o campo da palavra inaugurada por Freud, do retorno a este por Lacan em suas pr\u00f3prias inven\u00e7\u00f5es, da reinven\u00e7\u00e3o de Miller e comentadores, acolhendo o que de vivo se abre como publica\u00e7\u00f5es e debates na rede do Campo Freudiano com portas abertas para a cidade.<\/p>\n<p>&#8211; Pretendemos seguir, na topologia da banda de m\u00f6ebius, uma extimidade com outros saberes na interface com a psican\u00e1lise e abrir, n\u00e3o sem tor\u00e7\u00e3o, nossas inquieta\u00e7\u00f5es cl\u00ednicas e conceituais ao que se passa na pol\u00edtica de forma mais ampla.<\/p>\n<p>Nesses tempos sombrios, esperan\u00e7ar, como afirmou Paulo Freire com Stella, \u00e9 preciso para resistirmos e tratarmos a impot\u00eancia, nos orientarmos em dire\u00e7\u00e3o ao imposs\u00edvel, atrav\u00e9s do saber fazer da rede, infinita e peri\u00f3dica, necess\u00e1ria e contingente, e atrav\u00e9s do que pudermos construir como lugar de conversa\u00e7\u00e3o do que nomeamos nossa biblioteca.<\/p>\n<p><strong>Coordena\u00e7\u00e3o: Ana Beatriz Freire (diretora)<\/strong><\/p>\n<p><strong>Comiss\u00e3o:<\/strong><\/p>\n<ul>\n<li>Clarisse Boechat<\/li>\n<li>Cristina Duba Silveira<\/li>\n<li>Felipe Vianna Pinheiro<\/li>\n<li>Isabel Barata Adler<\/li>\n<li>Jeanne Marie Costa Ribeiro<\/li>\n<li>Maria Cristina Antonio Jeronimo<\/li>\n<li>Maria Elisa Delecave Monteiro<\/li>\n<li>Maria In\u00eas Lamy<\/li>\n<li>Viviane de Lamare<\/li>\n<\/ul>\n<h6><a href=\"#_ftnref1\" name=\"_ftn1\">[1]<\/a> Laurent, \u00c9. \u201cPol\u00edtica do passe e identifica\u00e7\u00e3o dessegregativa\u201d. <em>Op\u00e7\u00e3o Lacaniana,<\/em> n\u00ba 82. S\u00e3o Paulo: Eolia, 2020, p.47.<\/h6>\n<h6><a href=\"#_ftnref2\" name=\"_ftn2\">[2]<\/a> FIBOL \u2013 Federa\u00e7\u00e3o Internacional de Bibliotecas de Orienta\u00e7\u00e3o Lacaniana do Campo Freudiano (FIBOL), criada em 1990, impulsiona o desenvolvimento de Bibliotecas de psican\u00e1lise e disciplinas afins, favorecendo os interc\u00e2mbios entre elas. Associa\u00e7\u00e3o sem fins lucrativos, fundada por Judith Miller<\/h6>\n<hr \/>\n<h3><span style=\"color: #993300;\">Bi\u00eanio 2019-2021<\/span><\/h3>\n<h6><em>Andr\u00e9a Vilanova<\/em><\/h6>\n<p>A psican\u00e1lise nasce com Freud a partir da leitura e do deciframento do inconsciente, tomado como texto, como matriz que, se por um lado, universaliza-se na estrutura da linguagem, por outro, singulariza-se no relato, naquilo que cada analisante experimenta ao tentar fazer passar pela palavra o vivido em ato ou em sonho.<\/p>\n<p>Trata-se, portanto, na experi\u00eancia, de um encontro com o limite da palavra frente ao que da letra, marca viva da escrita na vida em cada um, pode ser soletrado. Como leitores que escrevem, somos convidados \u00e0 constru\u00e7\u00e3o de nossa Escola e, nisso, a Biblioteca tem um papel fundamental como acervo, lugar de registro, mas, tamb\u00e9m, de inven\u00e7\u00e3o.<\/p>\n<p>Apostamos em fazer do lugar da Biblioteca uma ocasi\u00e3o para colocar em pr\u00e1tica sua fun\u00e7\u00e3o fundamental de manter as portas abertas, recebendo tanto a comunidade de interesse dirigida ao saber da psican\u00e1lise, como tamb\u00e9m mantendo a abertura necess\u00e1ria para recolher o que encontramos, a cada vez, a cada \u00e9poca, e que pode nos instruir sobre o lugar renovado da psican\u00e1lise na cultura e da cultura na psican\u00e1lise.<\/p>\n<p>Ao longo desses dois anos, tomaremos alguns fios para tecer nosso trabalho. Interrogaremos o papel do acervo digital, com o tratamento dos registros que produzimos na Se\u00e7\u00e3o. Mergulharemos nos litorais da l\u00edngua, em uma incurs\u00e3o pelas manifesta\u00e7\u00f5es po\u00e9ticas que brotam pela cidade partida, problematizando poss\u00edveis fun\u00e7\u00f5es e efeitos, tocando nos pontos de interse\u00e7\u00e3o entre a poesia e a psican\u00e1lise. E, ainda, abrigaremos iniciativas que leiam e se permitam ler, a partir do encontro da psican\u00e1lise com a cultura, como o projeto \u201cLeituras em Cena\u201d.<\/p>\n<p>Nossa biblioteca est\u00e1 de portas abertas!<\/p>\n<p><strong>Coordena\u00e7\u00e3o: Andr\u00e9a Vilanova<\/strong><\/p>\n<p><strong>Comiss\u00e3o:<\/strong><\/p>\n<ul>\n<li>Anna Luiza de Almeida e Silva<\/li>\n<li>Carla de S\u00e1 Freire C. Cunha<\/li>\n<li>Geisa de Assis<\/li>\n<li>Heloisa Shimabukuro<\/li>\n<li>Jessica Nogueira Gomes (biblotec\u00e1ria)<\/li>\n<li>Maria Antunes Tavares<\/li>\n<li>Maria Corr\u00eaa de Oliveira<\/li>\n<li>Marina Morena Torres<\/li>\n<li>Ondina Machado<\/li>\n<li>Patricia Paterson<\/li>\n<li>Paula Legey<\/li>\n<li>Renata Estrella<\/li>\n<\/ul>\n[\/vc_column_text][vc_separator color=&#8221;juicy_pink&#8221;][vc_column_text]\n<p><strong>Secretaria da Biblioteca<\/strong><\/p>\n<p>Rua Capistrano de Abreu n\u00ba. 14\/16<\/p>\n<p>Botafogo, Rio de Janeiro\/RJ. CEP: 22.271-000<\/p>\n<p>Tel\/fax:\u00a0<strong>(21) 2539-2721<\/strong><\/p>\n<p>E-mail:\u00a0<strong>biblioteca@ebprio.com.br<\/strong><\/p>\n<p>Hor\u00e1rio de atendimento:\u00a0<strong>2\u00aa \u00e0 5\u00aa de 15:00h \u00e0s 21:00h e\u00a0<\/strong><strong>6\u00aa de 10:00h \u00e0s 16:00h.<\/strong><\/p>\n<p>&nbsp;<\/p>\n<p>Bibliotec\u00e1ria: <strong>Jessica Nogueira Gomes<\/strong>[\/vc_column_text][\/vc_column][vc_column width=&#8221;1\/3&#8243;][vc_column_text]https:\/\/youtu.be\/P4JTL4nhfKk[\/vc_column_text][\/vc_column][\/vc_row]\n<\/section>","protected":false},"excerpt":{"rendered":"<p>[vc_row][vc_column][vc_column_text] DIRETORIA DE BIBLIOTECA Bi\u00eanio 2025-2027 Compor e preservar seu acervo, tanto f\u00edsico como digital, \u00e9 a fun\u00e7\u00e3o fundamental de uma biblioteca, o que implica em cuidar da conserva\u00e7\u00e3o e da documenta\u00e7\u00e3o, bem como acompanhar o que h\u00e1 de novo em termos de publica\u00e7\u00e3o. Para isso, contamos com o interc\u00e2mbio entre as bibliotecas da EBP,&hellip;<\/p>\n","protected":false},"author":1,"featured_media":0,"parent":0,"menu_order":0,"comment_status":"closed","ping_status":"closed","template":"","meta":{"footnotes":""},"class_list":["post-1569","page","type-page","status-publish","hentry","entry","no-media"],"_links":{"self":[{"href":"https:\/\/ebp.org.br\/rj\/wp-json\/wp\/v2\/pages\/1569","targetHints":{"allow":["GET"]}}],"collection":[{"href":"https:\/\/ebp.org.br\/rj\/wp-json\/wp\/v2\/pages"}],"about":[{"href":"https:\/\/ebp.org.br\/rj\/wp-json\/wp\/v2\/types\/page"}],"author":[{"embeddable":true,"href":"https:\/\/ebp.org.br\/rj\/wp-json\/wp\/v2\/users\/1"}],"replies":[{"embeddable":true,"href":"https:\/\/ebp.org.br\/rj\/wp-json\/wp\/v2\/comments?post=1569"}],"version-history":[{"count":4,"href":"https:\/\/ebp.org.br\/rj\/wp-json\/wp\/v2\/pages\/1569\/revisions"}],"predecessor-version":[{"id":6762,"href":"https:\/\/ebp.org.br\/rj\/wp-json\/wp\/v2\/pages\/1569\/revisions\/6762"}],"wp:attachment":[{"href":"https:\/\/ebp.org.br\/rj\/wp-json\/wp\/v2\/media?parent=1569"}],"curies":[{"name":"wp","href":"https:\/\/api.w.org\/{rel}","templated":true}]}}