{"id":1188,"date":"2017-07-20T17:50:25","date_gmt":"2017-07-20T20:50:25","guid":{"rendered":"http:\/\/www.ebp.org.br\/ba\/?page_id=1188"},"modified":"2025-09-29T13:46:16","modified_gmt":"2025-09-29T16:46:16","slug":"carteis-4","status":"publish","type":"page","link":"https:\/\/ebp.org.br\/rj\/carteis-4\/","title":{"rendered":"Cart\u00e9is"},"content":{"rendered":"<section class=\"wpb-content-wrapper\">[vc_row][vc_column][vc_column_text]<strong>Diretoria de Cart\u00e9is e Interc\u00e2mbios<\/strong><\/p>\n<h3><span style=\"color: #993300;\"><strong>Bi\u00eanio 2025- 2027<\/strong><\/span><\/h3>\n<p><strong><em>F\u00e1tima Pinheiro <\/em><\/strong><\/p>\n<p>O cartel \u00e9 um dispositivo in\u00e9dito de trabalho coletivo, proposto por Lacan, e uma aposta no discurso anal\u00edtico e nas suas surpresas. Ele \u00e9 uma porta de entrada cuja dobradi\u00e7a articula o dentro e o fora da Escola, agita a intens\u00e3o e a extens\u00e3o, abre-se para um espa\u00e7o <em>\u00eaxtimo. <\/em>Se a porta se move para dentro, desde o interior do trabalho da Escola, ela descortina o tra\u00e7o mais singular de cada um, a forma\u00e7\u00e3o e a transfer\u00eancia de trabalho com a causa anal\u00edtica. Se ela se move para fora, permite algumas conex\u00f5es com outros campos de saber, onde os praticantes da psican\u00e1lise e os interessados podem recolher o vivo da experi\u00eancia a partir daquilo que faz furo em seu pr\u00f3prio saber. Em sua formula\u00e7\u00e3o original, quatro se escolhem e juntos escolhem o Mais-Um, que provocar\u00e1 a elabora\u00e7\u00e3o a partir da quest\u00e3o que cada um elegeu. Atualmente contamos com outras modalidades: cartel ampliado (mais de 4 e o Mais- Um), cartel fulgurante (com tempo mais breve) e o virtual. Embora sejam modalidades diferentes, elas mant\u00eam entre si a mesma l\u00f3gica de funcionamento. Podemos dizer, tamb\u00e9m, que o cartel \u00e9 uma maneira n\u00e3o-toda, n\u00e3o integrativa, de dar tratamento ao real por meio do coletivo, um modo de la\u00e7o libidinal que re\u00fane os participantes em torno de um tema e cujo produto heterog\u00eaneo se d\u00e1 a partir da transfer\u00eancia de cada um com a psican\u00e1lise.<\/p>\n<p>Em sua dimens\u00e3o <em>\u00eaxtima<\/em>, o cartel \u00e9 \u201cum laborat\u00f3rio de experi\u00eancia para operar um v\u00ednculo social in\u00e9dito e produzir o imprevisto no saber\u201d<a href=\"#_ftn1\" name=\"_ftnref1\">[1]<\/a>, desvelando o furo, os impasses, a impossibilidade: o real em jogo na experi\u00eancia.\u00a0 Por esta via, o cartel poder\u00e1 despertar um <em>gay s\u00e7avoir,<\/em> um saber alegre que \u201cconsiste n\u00e3o em compreender, mas ro\u00e7\u00e1-lo t\u00e3o de perto quanto se possa<a href=\"#_ftn2\" name=\"_ftnref2\">[2]<\/a>\u201d.<\/p>\n<p>Convidamos, ent\u00e3o, a todos para participarem dessa experi\u00eancia viva do cartel e se deixarem tocar por suas resson\u00e2ncias, para que elas nos provoquem ao trabalho de Escola e a sua elabora\u00e7\u00e3o!<\/p>\n<p>Nossos canais de contato s\u00e3o: <a href=\"mailto:diretoriacarteisebprio@gmail.com\">diretoriacarteisebprio@gmail.com<\/a><\/p>\n<p>Formando Cart\u00e9is: whatsapp (21) 981779494 ou (21) 991566931.<\/p>\n<ul>\n<li><em>F\u00e1tima Pinheiro &#8211; Diretoria de Cart\u00e9is e Interc\u00e2mbio da Se\u00e7\u00e3o-Rio da EBP<\/em><\/li>\n<li>Comiss\u00e3o\/ cartel ampliado:\n<ul>\n<li>F\u00e1tima Pinheiro (diretora)<\/li>\n<li>Dinah Kleve<\/li>\n<li>Marina Gomara<\/li>\n<li>Mirta Fernandes<\/li>\n<li>Sarita Olga Gelbert<\/li>\n<li>Nohemi Brown (Mais-Um)<\/li>\n<\/ul>\n<\/li>\n<\/ul>\n<hr \/>\n<p><span style=\"font-size: 13px;\"><a href=\"#_ftnref1\" name=\"_ftn1\">[1]<\/a> Bassols, M. In: <em>Radio Lacan<\/em>\/ Entrevista com Marisa Morao, gravada em 01.04.2014: .<a href=\"https:\/\/radiolacan.com\/pt\/podcast\/marisa-morao-entrevista-miquel-bassols-sobre-o-cartel-nas-escolas-da-amp\/3\">https:\/\/radiolacan.com\/pt\/podcast\/marisa-morao-entrevista-miquel-bassols-sobre-o-cartel-nas-escolas-da-amp\/3<\/a><\/span><br \/>\n<span style=\"font-size: 13px;\"><a href=\"#_ftnref2\" name=\"_ftn2\">[2] <\/a>Lacan, J. <em>Televis\u00e3o. <\/em>In: Outros Escritos. Rio de Janeiro: Ed. Zahar, 2003, p.525.<\/span>[\/vc_column_text][\/vc_column][\/vc_row][vc_row][vc_column][vc_empty_space][vc_separator color=&#8221;juicy_pink&#8221;][vc_empty_space][\/vc_column][\/vc_row][vc_row][vc_column][vc_column_text]<strong>Diretoria de Cart\u00e9is e Interc\u00e2mbios<\/strong><\/p>\n<h3><span style=\"color: #993300;\">Bi\u00eanio 2023-2025<\/span><\/h3>\n<p><em>Por Doris Rangel Diogo<\/em><\/p>\n<p>Neste primeiro n\u00famero de Boletim, saudamos todos\u00a0 os participantes das atividades da Se\u00e7\u00e3o Rio, firmando uma aposta\u00a0\u00a0 em\u00a0 efeitos in\u00e9ditos de transmiss\u00e3o da psican\u00e1lise.<\/p>\n<p>Aos que desejarem se engajar\u00a0em uma experiencia de cartel, a inscri\u00e7\u00e3o est\u00e1\u00a0continuamente aberta no site da EBP (https:www.ebp.org.br).\u00a0Lacan\u00a0<a title=\"\" href=\"#_ftn1\" name=\"_ftnref1\"><sup>1<\/sup><\/a>(1964)\u00a0 prop\u00f4s este potente dispositivo pol\u00edtico cujo princ\u00edpio \u00e9 a elabora\u00e7\u00e3o apoiada em um pequeno grupo. O ponto de partida \u00e9 que\u00a0 quatro interessados em um tema se escolhem\u00a0 e\u00a0 decidem convidar outro\u00a0 para a fun\u00e7\u00e3o de Mais um\u00a0 para,\u00a0 de modo coletivo,\u00a0 realizarem um trabalho cujo produto \u00e9\u00a0 pr\u00f3prio a cada um.<\/p>\n<p>\u00c9 importante\u00a0 que os cartelizantes, al\u00e9m do tema ao qual se dedicam, tenham um conhecimento sobre os princ\u00edpios que regem o cartel para que possam extrair consequ\u00eancias dessa inven\u00e7\u00e3o lacaniana.<\/p>\n<p>No mesmo site, h\u00e1 a possibilidade de\u00a0 preencher a ficha de inscri\u00e7\u00e3o em\u00a0<em>Procura-se cartel<\/em>, para\u00a0 encontrar outros\u00a0 interessados em trabalhar o mesmo tema.\u00a0Em breve, divulgaremos a data de um Encontro para conversarmos com os inscritos.<\/p>\n<p>Em rela\u00e7\u00e3o a \u201cInterc\u00e2mbios\u201d com outros campos de saber, aguardaremos\u00a0 a orienta\u00e7\u00e3o da Diretoria nacional. Mas, como ponto de partida, buscaremos conex\u00f5es\u00a0com as atividades realizadas\u00a0na Se\u00e7\u00e3o Rio, visando localizar e, quando poss\u00edvel, extrair\u00a0 efeitos que possam interrogar o fazer do analista.<\/p>\n<p>Equipe:<\/p>\n<ul>\n<li>Doris Rangel Diogo (diretora de Cart\u00e9is e Interc\u00e2mbio)<\/li>\n<li>Larissa Pinto Martha<\/li>\n<li>Paula Legey<\/li>\n<li>Viviane de Lamare<\/li>\n<\/ul>\n<hr \/>\n<h6><sup>1<\/sup><a title=\"\" href=\"#_ftnref1\" name=\"_ftn1\">\u00a0<\/a>LACAN, J. Ato de funda\u00e7\u00e3o. (1964) In: _____________.\u00a0<em>Outros escritos<\/em>. Rio de Janeiro: Jorge Zahar Ed., 2003, p.235.<\/h6>\n[\/vc_column_text][\/vc_column][\/vc_row][vc_row][vc_column][vc_empty_space][vc_separator color=&#8221;juicy_pink&#8221;][vc_empty_space][\/vc_column][\/vc_row][vc_row][vc_column][vc_column_text]<strong>Diretoria de Cart\u00e9is e Interc\u00e2mbios<\/strong><\/p>\n<h3><span style=\"color: #993300;\">Bi\u00eanio 2021-2023<\/span><\/h3>\n<p><strong>Diretoria de Cart\u00e9is e Interc\u00e2mbio da Se\u00e7\u00e3o-Rio da EBP \u2013 Bi\u00eanio 2021-2023<\/strong><\/p>\n<p>A passagem de uma diretoria a outra \u00e9, ao mesmo tempo, um momento de renova\u00e7\u00e3o e de continuidade. Por um lado, h\u00e1 o trabalho de extra\u00e7\u00e3o dos achados nos caminhos j\u00e1 constru\u00eddos e, por outro, h\u00e1 a necessidade de avan\u00e7armos na constru\u00e7\u00e3o de um percurso que nos ajude a desbravar os tantos desafios de nossa \u00e9poca.<\/p>\n<p>Acompanhar e estimular o trabalho em cartel na Se\u00e7\u00e3o Rio \u00e9 um desafio que se apresenta, para a equipe que comp\u00f5e esta diretoria, como um fazer alegre, vivo e instigante. Dedicamo-nos a pensar modos de os produtos e quest\u00f5es dos cart\u00e9is, formulados pelos membros e pelos cartelizantes da comunidade que envolve a EBP-Rio, serem recolhidos para seguirem alimentando o trabalho de Escola. Precisamos de uma Escola viva, e, para isso, o \u201c\u00f3rg\u00e3o de base\u201d da Escola, tal como Lacan prop\u00f5e o trabalho em cartel <a name=\"_ftnref1\"><\/a><a href=\"https:\/\/ebp.org.br\/rj\/carteis\/#_ftn1\">[1]<\/a>, \u00e9 imprescind\u00edvel.<\/p>\n<p>\u00c9 nosso desejo que os membros e que a comunidade que envolve a EBP-Rio se dediquem a um trabalho singular, apresentando no pequeno coletivo do cartel as quest\u00f5es que pulsam em torno do percurso e do momento de cada um com a cl\u00ednica, a pol\u00edtica, a institui\u00e7\u00e3o, a episteme e os la\u00e7os da Escola no mundo.<\/p>\n<p>Em rela\u00e7\u00e3o a esse \u00faltimo ponto, seguiremos tamb\u00e9m a proposta presente no site da EBP de recolhermos os \u201cmomentos de inter-c\u00e2mbio\u201d<a name=\"_ftnref2\"><\/a><a href=\"https:\/\/ebp.org.br\/rj\/carteis\/#_ftn2\">[2]<\/a>\u00a0em que os membros e demais colegas da Se\u00e7\u00e3o extraem, no encontro com outros saberes, pontos de limite em seu pr\u00f3prio saber e, com isso, no furo que a\u00ed se apresenta, alguns poss\u00edveis avan\u00e7os sobre o fazer da psican\u00e1lise na civiliza\u00e7\u00e3o.<\/p>\n<p>O Blog da EBP-Rio serve como nosso \u201cba\u00fa\u201d, onde podemos reunir tanto produtos dos cart\u00e9is quanto \u201cmomentos de inter-c\u00e2mbio\u201d. Clique aqui para acessar o blog: <a href=\"https:\/\/ebp.org.br\/rj\/blog\/\">https:\/\/ebp.org.br\/rj\/blog\/<\/a>. E para entrar em contato com a equipe da Diretoria de Cart\u00e9is e Interc\u00e2mbio, basta escrever para <u>comissaocarteisrio@gmail.com<\/u>.<\/p>\n<h6>Maricia Ciscato \u2013 pela Diretoria de Cart\u00e9is e Interc\u00e2mbio da Se\u00e7\u00e3o Rio da EBP<\/h6>\n<p><strong>Comiss\u00e3o:<\/strong><\/p>\n<ul>\n<li>Maricia Ciscato (diretora)<\/li>\n<li>Ana Luisa Rajo<\/li>\n<li>Cristina Duba<\/li>\n<li>Maria Antunes<\/li>\n<li>Renata Martinez<\/li>\n<li>Sandra Landim<\/li>\n<\/ul>\n<h6><a name=\"_ftn1\"><\/a><a href=\"https:\/\/ebp.org.br\/rj\/carteis\/#_ftnref1\">[1]<\/a>\u00a0Lacan, J. D\u2019\u00c9colage, 1980.<br \/>\n<a name=\"_ftn2\"><\/a><a href=\"https:\/\/ebp.org.br\/rj\/carteis\/#_ftnref2\">[2]<\/a>\u00a0Cf. https:\/\/www.ebp.org.br\/carteis-e-intercambios\/intercambios\/<\/h6>\n<hr \/>\n<h3><span style=\"color: #993300;\">Bi\u00eanio 2019-2021<\/span><\/h3>\n<p><em>Ana Tereza Groisman<\/em><\/p>\n<p>O Cartel \u00e9 a c\u00e9lula base da Escola de Lacan, pois re\u00fane os elementos que caracterizam um trabalho de Escola. No Cartel, cada componente, motivado por uma quest\u00e3o epist\u00eamica, pol\u00edtica ou cl\u00ednica, coloca-se a trabalho, sustentado num pequeno grupo e tendo em seu horizonte a Escola como o lugar que acolher\u00e1 o produto resultante dessa tarefa. Ao mesmo tempo em que o Cartel \u00e9 o cora\u00e7\u00e3o da Escola, ocupando seu lugar mais \u00edntimo, ele \u00e9 tamb\u00e9m sua porta de entrada, ponto de tor\u00e7\u00e3o entre o dentro e o fora, sempre aberto a qualquer um que queira se aproximar da Escola.<\/p>\n<p>A diretoria de Cart\u00e9is deve zelar pelo funcionamento dessa engrenagem em todo o seu desenvolvimento, do \u201cProcura-se Cart\u00e9is\u201d \u00e0 \u201cJornada de Cartel\u201d, cuidando do registro, no cat\u00e1logo, de cada novo Cartel, e propiciando que sua produ\u00e7\u00e3o encontre os meios de divulga\u00e7\u00e3o dispon\u00edveis. Assim, al\u00e9m de acolher os que chegam, ela deve funcionar como um elo entre os diversos Cart\u00e9is, favorecendo um interc\u00e2mbio produtivo entre eles.<\/p>\n<p>A Comiss\u00e3o de Cart\u00e9is e Interc\u00e2mbios tamb\u00e9m se organiza como um Cartel, com os quatro componentes da comiss\u00e3o e a diretora como Mais-um. Estes se re\u00fanem em torno de um estudo sobre o Cartel, retornando \u00e0s bases conceituais desse dispositivo e confrontando-o com o que encontramos em funcionamento em nossa comunidade. A partir da pergunta que anima cada integrante, visamos uma elabora\u00e7\u00e3o sobre o que se mant\u00e9m da proposta de Lacan, o que mudou e o que deve ser interrogado dessa pr\u00e1tica.<\/p>\n<p><strong>Coordena\u00e7\u00e3o: Ana Tereza de Faria Groisman<\/strong><\/p>\n<p><strong>Comiss\u00e3o:<\/strong><\/p>\n<ul>\n<li>Clarisse Boechat<\/li>\n<li>Francisca Joana Menta Soares<\/li>\n<li>Louren\u00e7o Ast\u00faa de Moraes<\/li>\n<li>Vicente Machado Gaglianone<\/li>\n<\/ul>\n[\/vc_column_text][\/vc_column][\/vc_row]\n<\/section>","protected":false},"excerpt":{"rendered":"<p>[vc_row][vc_column][vc_column_text]Diretoria de Cart\u00e9is e Interc\u00e2mbios Bi\u00eanio 2025- 2027 F\u00e1tima Pinheiro O cartel \u00e9 um dispositivo in\u00e9dito de trabalho coletivo, proposto por Lacan, e uma aposta no discurso anal\u00edtico e nas suas surpresas. Ele \u00e9 uma porta de entrada cuja dobradi\u00e7a articula o dentro e o fora da Escola, agita a intens\u00e3o e a extens\u00e3o, abre-se&hellip;<\/p>\n","protected":false},"author":1,"featured_media":0,"parent":0,"menu_order":0,"comment_status":"closed","ping_status":"closed","template":"","meta":{"footnotes":""},"class_list":["post-1188","page","type-page","status-publish","hentry","entry","no-media"],"_links":{"self":[{"href":"https:\/\/ebp.org.br\/rj\/wp-json\/wp\/v2\/pages\/1188","targetHints":{"allow":["GET"]}}],"collection":[{"href":"https:\/\/ebp.org.br\/rj\/wp-json\/wp\/v2\/pages"}],"about":[{"href":"https:\/\/ebp.org.br\/rj\/wp-json\/wp\/v2\/types\/page"}],"author":[{"embeddable":true,"href":"https:\/\/ebp.org.br\/rj\/wp-json\/wp\/v2\/users\/1"}],"replies":[{"embeddable":true,"href":"https:\/\/ebp.org.br\/rj\/wp-json\/wp\/v2\/comments?post=1188"}],"version-history":[{"count":5,"href":"https:\/\/ebp.org.br\/rj\/wp-json\/wp\/v2\/pages\/1188\/revisions"}],"predecessor-version":[{"id":6811,"href":"https:\/\/ebp.org.br\/rj\/wp-json\/wp\/v2\/pages\/1188\/revisions\/6811"}],"wp:attachment":[{"href":"https:\/\/ebp.org.br\/rj\/wp-json\/wp\/v2\/media?parent=1188"}],"curies":[{"name":"wp","href":"https:\/\/api.w.org\/{rel}","templated":true}]}}