{"id":1178,"date":"2017-07-20T17:45:51","date_gmt":"2017-07-20T20:45:51","guid":{"rendered":"http:\/\/www.ebp.org.br\/ba\/?page_id=1178"},"modified":"2026-03-03T11:36:59","modified_gmt":"2026-03-03T14:36:59","slug":"sobre","status":"publish","type":"page","link":"https:\/\/ebp.org.br\/rj\/sobre\/","title":{"rendered":"Sobre a EBP-Rio"},"content":{"rendered":"<section class=\"wpb-content-wrapper\">[vc_row][vc_column][vc_column_text]<span class=\"texto\">A Escola Brasileira de Psican\u00e1lise- Se\u00e7\u00e3o Rio de Janeiro \u00e9 uma das sete Se\u00e7\u00f5es da <a href=\"http:\/\/www.ebp.org.br\">Escola Brasileira de Psican\u00e1lise<\/a>. Fundada em 1995, a EBP \u00e9 uma das Escolas da\u00a0<a href=\"http:\/\/www.wapol.org\/pt\/Template.asp\">Associa\u00e7\u00e3o Mundial de Psican\u00e1lise \u2013 AMP<\/a>\u00a0e \u201cinscreve-se no movimento de reconquista do Campo Freudiano lan\u00e7ado por Jacques Lacan no dia 21 de junho de 1964, ao fundar sua Escola\u201d.<\/span><\/p>\n<p>A EBP-Rio tem por objetivo estudar, difundir e desenvolver a teoria e a pr\u00e1tica da psican\u00e1lise a partir do ensino de Lacan. A Escola de Lacan tem o compromisso de manter a descoberta freudiana viva e atualizada respondendo aos desafios dos tempos de hoje. A EBP-Rio, dentro do contexto da EBP e da AMP, d\u00e1 \u00eanfase \u00e0 forma\u00e7\u00e3o permanente de seus membros atrav\u00e9s de diversas atividades, em especial os Semin\u00e1rios de Orienta\u00e7\u00e3o Lacaniana, da an\u00e1lise pessoal e da supervis\u00e3o.<\/p>\n<p>As atividades da EBP-Rio, em geral, est\u00e3o endere\u00e7adas a todos aqueles que se interessem em participar e s\u00e3o sustentadas por membros e aderentes. Contamos com os pequenos grupos de trabalhos, denominados de cart\u00e9is, que servem tanto de porta de entrada na Se\u00e7\u00e3o como o lugar onde membros, aderentes e correspondentes desenvolvem suas pesquisas te\u00f3ricas e cl\u00ednicas.<\/p>\n<p>Mantemos uma Biblioteca especializada em psican\u00e1lise integrada \u00e0 Federa\u00e7\u00e3o Internacional de Bibliotecas do Campo Freudiano(FIBCF) com um acervo de mais 3500 t\u00edtulos e aberta \u00e0 comunidade. Al\u00e9m disso, mantemos uma pol\u00edtica de publica\u00e7\u00f5es e divulga\u00e7\u00e3o das atividades cient\u00edficas composta pela\u00a0<a href=\"http:\/\/ebp.org.br\/rj\/biblioteca\/publicacoes\/revista-latusa\/\">Revista Latusa<\/a>, impressa e digital, Arquivos da Biblioteca e Agenda.<\/p>\n<p>A EBP-Rio foi considerada Institui\u00e7\u00e3o de Utilidade P\u00fablica pelo PL n\u00ba 3200 de 2002 e pelo DL n\u00ba 4090 de 2003 do Governo do Estado do Rio de Janeiro.<\/p>\n<p>A EBP-Rio se organiza em duas inst\u00e2ncias: Diretoria e Conselho Deliberativo.<\/p>\n<div class=\"gmail_default\">\n<p dir=\"ltr\"><span style=\"color: #993300;\"><strong>Conselho da EBP- Se\u00e7\u00e3o-Rio\u00a0<\/strong><\/span><\/p>\n<ul>\n<li dir=\"ltr\">Cristina Duba<\/li>\n<li dir=\"ltr\">Maria do Ros\u00e1rio Collier do R\u00eago Barros<\/li>\n<li dir=\"ltr\">Maricia Ciscato (presidente)<\/li>\n<li dir=\"ltr\">Paula Borsoi<\/li>\n<li dir=\"ltr\">Renata Martinez (secret\u00e1ria)<\/li>\n<li dir=\"ltr\">Ruth Cohen<\/li>\n<\/ul>\n<p dir=\"ltr\"><span style=\"color: #993300;\"><strong>Conselho Fiscal\u00a0<\/strong><\/span><\/p>\n<ul>\n<li dir=\"ltr\">Angela Bernardes<\/li>\n<li dir=\"ltr\">Leonardo Miranda<\/li>\n<li dir=\"ltr\">V\u00e2nia de Brito Gomes<\/li>\n<\/ul>\n<p dir=\"ltr\"><span style=\"color: #993300;\"><strong>Diretoria Bi\u00eanio 2025-2026<\/strong><\/span><\/p>\n<ul>\n<li dir=\"ltr\">Rodrigo Lyra (Diretor geral)<\/li>\n<li dir=\"ltr\">F\u00e1tima Pinheiro (Diretora de Cart\u00e9is)<\/li>\n<li dir=\"ltr\">Francisca Menta (Diretora Secret\u00e1ria &#8211; tesoureira)<\/li>\n<li dir=\"ltr\">Paula Legey (Diretora de Biblioteca)<\/li>\n<\/ul>\n<\/div>\n<div class=\"gmail_default\">\n<hr \/>\n<p dir=\"ltr\"><span style=\"color: #993300;\"><strong>Diretoria de Secretaria e Tesouraria<\/strong><\/span><\/p>\n<ul>\n<li dir=\"ltr\">Francisca Menta (Diretora)<\/li>\n<li dir=\"ltr\">Ana Cl\u00e1udia Jord\u00e3o<\/li>\n<li dir=\"ltr\">Anna Luiza Almeida<\/li>\n<li dir=\"ltr\">Asp\u00e1zia Barcelos<\/li>\n<li dir=\"ltr\">Camila Drubscky<\/li>\n<li dir=\"ltr\">Daniele Menezes<\/li>\n<\/ul>\n<hr \/>\n<p dir=\"ltr\"><span style=\"color: #993300;\"><strong>Comiss\u00e3o de M\u00eddia<\/strong><\/span><\/p>\n<ul>\n<li dir=\"ltr\">Ana Cl\u00e1udia Jord\u00e3o (Coordena\u00e7\u00e3o)<\/li>\n<li dir=\"ltr\">Christiane Carpio<\/li>\n<li dir=\"ltr\">Gabriel Fr\u00f3es<\/li>\n<li dir=\"ltr\">Helena Torres<\/li>\n<li dir=\"ltr\">Isabel Bog\u00e9a<\/li>\n<li dir=\"ltr\">Juliana Serfaty<\/li>\n<li dir=\"ltr\">Rodrigo Pedalini<\/li>\n<\/ul>\n<hr \/>\n<p dir=\"ltr\"><span style=\"color: #993300;\"><strong>Diretoria de Cart\u00e9is<\/strong><\/span><\/p>\n<ul>\n<li dir=\"ltr\">F\u00e1tima Pinheiro (Diretora)<\/li>\n<li dir=\"ltr\">Dinah Kleve<\/li>\n<li dir=\"ltr\">Marina Gomara<\/li>\n<li dir=\"ltr\">Mirta Fernandes<\/li>\n<li dir=\"ltr\">Mais &#8211; Um:\u00a0 Nohemi Brown<\/li>\n<li>Sarita Olga Gelbert<\/li>\n<li dir=\"ltr\">Colaboradora: Maria L\u00eddia Arraes Alencar.<\/li>\n<\/ul>\n<hr \/>\n<p dir=\"ltr\"><span style=\"color: #993300;\"><strong>Diretoria de Biblioteca<\/strong><\/span><\/p>\n<ul>\n<li dir=\"ltr\">Paula Legey (Diretora)<\/li>\n<li dir=\"ltr\">Adriana de la Pe\u00f1a Faria<\/li>\n<li dir=\"ltr\">Ana Maria Ferreira da Silva<\/li>\n<li dir=\"ltr\">Angela Folly Negreiros<\/li>\n<li dir=\"ltr\">Isabela Correia Machado<\/li>\n<li dir=\"ltr\">Larissa Pinto Martha<\/li>\n<li dir=\"ltr\">Louren\u00e7o Ast\u00faa de Moraes<\/li>\n<li dir=\"ltr\">Patricia Soares Paterson<\/li>\n<li dir=\"ltr\">Tatiane Grova Prado<\/li>\n<\/ul>\n<hr \/>\n<p dir=\"ltr\"><span style=\"color: #993300;\"><strong>Radar<\/strong><\/span><\/p>\n<ul>\n<li dir=\"ltr\">Ana Beatriz Zimmermann Guimar\u00e3es (coordena\u00e7\u00e3o)<\/li>\n<li dir=\"ltr\">Louren\u00e7o Ast\u00faa de Moraes (coordena\u00e7\u00e3o)<\/li>\n<\/ul>\n<\/div>\n<div dir=\"ltr\"><strong>Hor\u00e1rio de Funcionamento:\u00a0<\/strong> de segunda a quinta feira de 13:00h \u00e0s 20:00h | Sexta feira de 10:00h \u00e0s 17:00h<\/div>\n[\/vc_column_text][\/vc_column][\/vc_row]\n<\/section>","protected":false},"excerpt":{"rendered":"<p>[vc_row][vc_column][vc_column_text]A Escola Brasileira de Psican\u00e1lise- Se\u00e7\u00e3o Rio de Janeiro \u00e9 uma das sete Se\u00e7\u00f5es da Escola Brasileira de Psican\u00e1lise. Fundada em 1995, a EBP \u00e9 uma das Escolas da\u00a0Associa\u00e7\u00e3o Mundial de Psican\u00e1lise \u2013 AMP\u00a0e \u201cinscreve-se no movimento de reconquista do Campo Freudiano lan\u00e7ado por Jacques Lacan no dia 21 de junho de 1964, ao fundar&hellip;<\/p>\n","protected":false},"author":1,"featured_media":0,"parent":0,"menu_order":0,"comment_status":"closed","ping_status":"closed","template":"","meta":{"footnotes":""},"class_list":["post-1178","page","type-page","status-publish","hentry","entry","no-media"],"_links":{"self":[{"href":"https:\/\/ebp.org.br\/rj\/wp-json\/wp\/v2\/pages\/1178","targetHints":{"allow":["GET"]}}],"collection":[{"href":"https:\/\/ebp.org.br\/rj\/wp-json\/wp\/v2\/pages"}],"about":[{"href":"https:\/\/ebp.org.br\/rj\/wp-json\/wp\/v2\/types\/page"}],"author":[{"embeddable":true,"href":"https:\/\/ebp.org.br\/rj\/wp-json\/wp\/v2\/users\/1"}],"replies":[{"embeddable":true,"href":"https:\/\/ebp.org.br\/rj\/wp-json\/wp\/v2\/comments?post=1178"}],"version-history":[{"count":12,"href":"https:\/\/ebp.org.br\/rj\/wp-json\/wp\/v2\/pages\/1178\/revisions"}],"predecessor-version":[{"id":6833,"href":"https:\/\/ebp.org.br\/rj\/wp-json\/wp\/v2\/pages\/1178\/revisions\/6833"}],"wp:attachment":[{"href":"https:\/\/ebp.org.br\/rj\/wp-json\/wp\/v2\/media?parent=1178"}],"curies":[{"name":"wp","href":"https:\/\/api.w.org\/{rel}","templated":true}]}}