{"id":5650119,"date":"2020-11-19T19:25:31","date_gmt":"2020-11-19T22:25:31","guid":{"rendered":"https:\/\/ebp.org.br\/rj\/latusa\/?page_id=5650119"},"modified":"2021-01-08T11:53:00","modified_gmt":"2021-01-08T14:53:00","slug":"latusa-18","status":"publish","type":"page","link":"https:\/\/ebp.org.br\/rj\/latusa\/index.php\/numeros-anteriores\/latusa-18\/","title":{"rendered":"Latusa 18"},"content":{"rendered":"[vc_row][vc_column width=&#8221;1\/2&#8243;][vc_single_image image=&#8221;5650168&#8243; img_size=&#8221;full&#8221;][\/vc_column][vc_column width=&#8221;1\/2&#8243;][vc_column_text]\n<h4>18<\/h4>\n<h3><strong><span class=\"texto_preto_12_left_bold\">O IN\u00cdCIO DE UMA AN\u00c1LISE: O FIM E O MEIO<\/span><\/strong><\/h3>\n<h4>2013<\/h4>\n<p><a href=\"#sumario\">Ver o sum\u00e1rio<\/a><br \/>\n[\/vc_column_text]<div class=\"norebro-button-sc btn-wrap text-left\" \n\tid=\"norebro-custom-69f1668484e98\"\n\t \n\t>\n\n\t<a href=\"#\" \n\t\tclass=\"btn  btn-outline btn-small\">\n\n\t\t\n\t\t<span class=\"text\">\n\t\t\tCOMPRAR\t\t<\/span>\n\n\t\t\n\t\t\t<\/a>\n\n<\/div>[vc_empty_space][vc_column_text]Editora: ANA LUCIA LUTTERBACH[\/vc_column_text][\/vc_column][\/vc_row][vc_row][vc_column width=&#8221;1\/2&#8243;][\/vc_column][vc_column width=&#8221;1\/2&#8243;][vc_separator][vc_column_text]<a name=\"sumario\"><\/a><\/p>\n<h2>SUM\u00c1RIO<\/h2>\n<p>&nbsp;<\/p>\n<h3>Editorial<\/h3>\n<p>MARIA\u00a0 IN\u00caS \u00a0LAMY<\/p>\n<h3>ARTIGOS<\/h3>\n<p>O objeto da aposta<br \/>\nRODRIGO\u00a0\u00a0 LYRA\u00a0 \u00a0CARVALHO<\/p>\n<p>Escritas em an\u00e1lise: a fantasia \u00e0 luz da <em>textualidade <\/em>de Maria Gabriela Llansol<br \/>\nMARICIA\u00a0\u00a0 A. \u00a0CISCATO<\/p>\n<p>Interpreta\u00e7\u00e3o e constru\u00e7\u00e3o: duas t\u00e9cnicas em jogo no in\u00edcio de uma an\u00e1lise<br \/>\nISABEL\u00a0 DO\u00a0 R\u00caGO\u00a0 BARROS DUARTE<\/p>\n<p>Sobre o in\u00edcio do tratamento: bem me quer mal me quer<br \/>\nSANDRA VIOLA MARCIA ZUCCHI<\/p>\n<p>O apego do analisante e a atitude do analista no in\u00edcio do tratamento<br \/>\nANGELA \u00a0BATISTA<\/p>\n<p>Os tr\u00eas tempos de uma entrada em an\u00e1lise<br \/>\nMARIA\u00a0 LIDIA\u00a0 OLIVEIRA\u00a0 DE\u00a0 ARRAES \u00a0ALENCAR<\/p>\n<p>Compulsividade: a relev\u00e2ncia de uma diferencia\u00e7\u00e3o conceitual para o in\u00edcio do tratamento e sua dire\u00e7\u00e3o<br \/>\nNELSON\u00a0 \u00a0RIEDEL<\/p>\n<p>A morte no encal\u00e7o<br \/>\nNATHALIE GEORGES-LAMBRICHS<\/p>\n<p>O estranho caso da mulher sem nariz<br \/>\nFULVIO\u00a0 \u00a0SORGE<\/p>\n<p>Um estudo de caso em torno do diagn\u00f3stico diferencial e do in\u00edcio de an\u00e1lise na toxicomania<br \/>\nADRIANA\u00a0 \u00a0LIPIANI<br \/>\nCL\u00c1UDIA\u00a0 HENSCHEL\u00a0 DE \u00a0LIMA<\/p>\n<p>Um amor disfar\u00e7ado de \u00f3dio<br \/>\nANA\u00a0\u00a0 MARTHA\u00a0\u00a0 WILSON MAIA<\/p>\n<p>Grupos de recep\u00e7\u00e3o: uma porta de entrada para a experi\u00eancia de an\u00e1lise?<br \/>\nDEBORAH \u00a0UHR<br \/>\nNURIA\u00a0\u00a0 MALAJOVICH MU\u00d1OZ<\/p>\n<h3>PASSE<\/h3>\n<p>Na boca<br \/>\nMARCUS\u00a0 ANDR\u00c9 \u00a0VIEIRA<\/p>\n<p>Inicio del an\u00e1lisis<br \/>\nANTONI VICENS<\/p>\n<h3>ENTREVISTA<\/h3>\n<p>N\u00e3o desperteis o amor (Maria Beth\u00e2nia entre vista)<br \/>\nLUCIA\u00a0\u00a0 CASTELLO \u00a0BRANCO<\/p>\n<h3>INSTITUTO\u00a0 DE\u00a0 CL\u00cdNICA PSICANAL\u00cdTICA<\/h3>\n<p>Notas sobre <em>A dire\u00e7\u00e3o do tratamento e <\/em><em>os princ\u00edpios de seu poder<\/em>, de J. Lacan<br \/>\nCRISTINA \u00a0DUBA<\/p>\n<h3>RESUMOS \/ ABSTRACTS<\/h3>\n[\/vc_column_text][\/vc_column][\/vc_row]\n","protected":false},"excerpt":{"rendered":"<p>[vc_row][vc_column width=&#8221;1\/2&#8243;][vc_single_image image=&#8221;5650168&#8243; img_size=&#8221;full&#8221;][\/vc_column][vc_column width=&#8221;1\/2&#8243;][vc_column_text] 18 O IN\u00cdCIO DE UMA AN\u00c1LISE: O FIM E&#8230;<\/p>\n","protected":false},"author":1,"featured_media":0,"parent":5650101,"menu_order":0,"comment_status":"closed","ping_status":"closed","template":"","meta":[],"_links":{"self":[{"href":"https:\/\/ebp.org.br\/rj\/latusa\/index.php\/wp-json\/wp\/v2\/pages\/5650119"}],"collection":[{"href":"https:\/\/ebp.org.br\/rj\/latusa\/index.php\/wp-json\/wp\/v2\/pages"}],"about":[{"href":"https:\/\/ebp.org.br\/rj\/latusa\/index.php\/wp-json\/wp\/v2\/types\/page"}],"author":[{"embeddable":true,"href":"https:\/\/ebp.org.br\/rj\/latusa\/index.php\/wp-json\/wp\/v2\/users\/1"}],"replies":[{"embeddable":true,"href":"https:\/\/ebp.org.br\/rj\/latusa\/index.php\/wp-json\/wp\/v2\/comments?post=5650119"}],"version-history":[{"count":13,"href":"https:\/\/ebp.org.br\/rj\/latusa\/index.php\/wp-json\/wp\/v2\/pages\/5650119\/revisions"}],"predecessor-version":[{"id":5650297,"href":"https:\/\/ebp.org.br\/rj\/latusa\/index.php\/wp-json\/wp\/v2\/pages\/5650119\/revisions\/5650297"}],"up":[{"embeddable":true,"href":"https:\/\/ebp.org.br\/rj\/latusa\/index.php\/wp-json\/wp\/v2\/pages\/5650101"}],"wp:attachment":[{"href":"https:\/\/ebp.org.br\/rj\/latusa\/index.php\/wp-json\/wp\/v2\/media?parent=5650119"}],"curies":[{"name":"wp","href":"https:\/\/api.w.org\/{rel}","templated":true}]}}