{"id":5650099,"date":"2020-11-19T18:49:59","date_gmt":"2020-11-19T21:49:59","guid":{"rendered":"https:\/\/ebp.org.br\/rj\/latusa\/?page_id=5650099"},"modified":"2020-11-19T18:57:46","modified_gmt":"2020-11-19T21:57:46","slug":"normas-de-publicacao","status":"publish","type":"page","link":"https:\/\/ebp.org.br\/rj\/latusa\/index.php\/normas-de-publicacao\/","title":{"rendered":"Normas de Publica\u00e7\u00e3o"},"content":{"rendered":"[vc_row][vc_column][vc_column_text]<span class=\"su-dropcap su-dropcap-style-simple\" style=\"font-size:2.5em\">L<\/span>atusa \u00e9 uma publica\u00e7\u00e3o peri\u00f3dica da Escola Brasileira de Psican\u00e1lise \u2013 Se\u00e7\u00e3o Rio de Janeiro. Publica textos (artigos, ensaios, semin\u00e1rios, confer\u00eancias, tradu\u00e7\u00f5es e resenhas) dedicados ao pensamento de Jacques Lacan e suas interlocu\u00e7\u00f5es de natureza cl\u00ednica, cient\u00edfica, filos\u00f3fica ou art\u00edstica. Seu objetivo \u00e9 divulgar trabalhos de autores e pesquisadores brasileiros e estrangeiros na \u00e1rea de psican\u00e1lise lacaniana para proporcionar a seus leitores produ\u00e7\u00f5es de interesse.<\/p>\n<p>Cabe ao Editor e ao Conselho Editorial o exame e a aprova\u00e7\u00e3o dos trabalhos enviados. \u00c9 reservado o direito de n\u00e3o publica\u00e7\u00e3o de trabalhos em desacordo com a orienta\u00e7\u00e3o da revista. Os trabalhos ser\u00e3o avaliados segundo seu rigor epistemol\u00f3gico e clareza, e tamb\u00e9m segundo sua pertin\u00eancia e relev\u00e2ncia ao tema proposto. Os autores ser\u00e3o notificados da aceita\u00e7\u00e3o ou recusa de seus trabalhos no per\u00edodo m\u00e1ximo de dois meses. A comiss\u00e3o editorial se reserva o direito de fazer as devidas revis\u00f5es sem passar pelo aval dos autores. O autor s\u00f3 ser\u00e1 consultado no caso de mudan\u00e7as significativas no texto.<\/p>\n<p><strong>IMPORTANTE: <\/strong>O pr\u00f3ximo n\u00famero ter\u00e1 o formato e-book (digital).<strong> N\u00e3o ser\u00e3o aceitos casos cl\u00ednicos, vinhetas ou fragmentos cl\u00ednicos, e nem testemunhos de passe.<\/strong><\/p>\n<ul>\n<li>Os pontos de vista e as opini\u00f5es emitidas pelos autores s\u00e3o de inteira responsabilidade dos mesmos.<\/li>\n<li>Os artigos aceitos ser\u00e3o publicados conforme a programa\u00e7\u00e3o da revista e os originais n\u00e3o ser\u00e3o devolvidos.<\/li>\n<li>Os temas de cada n\u00famero e o prazo final da entrega das colabora\u00e7\u00f5es ser\u00e3o divulgados com anteced\u00eancia pela EBP-Rio.<\/li>\n<li>Os trabalhos devem ser encaminhados em arquivo do programa Word for Windows, vers\u00e3o 6.0 ou superior<strong>, fonte Arial, corpo de letra 11, digitados com espa\u00e7o 1\u00bd, com at\u00e9 8 laudas ou 15.000 caracteres, incluindo os espa\u00e7os<\/strong>.<\/li>\n<li>Os artigos devem ser acompanhados de <strong>resumo (portugu\u00eas e ingl\u00eas) e 3\u00a0a 5 palavras-chave (portugu\u00eas e ingl\u00eas).<\/strong><\/li>\n<\/ul>\n<p>A apresenta\u00e7\u00e3o dos trabalhos deve conter:<\/p>\n<ul>\n<li>T\u00edtulo; nome do(s) autor(s), filia\u00e7\u00e3o cient\u00edfica, endere\u00e7o para correspond\u00eancia e e-mail;<\/li>\n<li>O autor deve tamb\u00e9m indicar se tem alguma filia\u00e7\u00e3o ao Campo Freudiano: membro da EBP\/AMP; aderente da Se\u00e7\u00e3o-Rio (ou de outra Se\u00e7\u00e3o ou Delega\u00e7\u00e3o); cartelizante; aluno do ICP-RJ (ou de outro Instituto do Campo Freudiano); participante de N\u00facleo de Pesquisa; participante do CIEN.<\/li>\n<li>As refer\u00eancias bibliogr\u00e1ficas devem ser apresentadas no final do texto. No caso de mais de uma obra do mesmo autor, as men\u00e7\u00f5es dever\u00e3o ser dispostas em ordem cronol\u00f3gica de publica\u00e7\u00e3o.<\/li>\n<li>Todos os trabalhos mencionados no texto devem constar como refer\u00eancia em nota de rodap\u00e9, que devem ser situadas no final da respectiva p\u00e1gina, respeitando os seguintes modelos:<\/li>\n<\/ul>\n<hr \/>\n<p><strong>LIVRO<br \/>\n<\/strong>LACAN, J. O Semin\u00e1rio, livro 7: a \u00e9tica da psican\u00e1lise (1959-1960). Rio de Janeiro: Jorge Zahar Editor, 1991, p. 7.<\/p>\n<p><strong>COLET\u00c2NEA<br \/>\n<\/strong>FORBES, J. (org.) Psican\u00e1lise ou psicoterapia. Campinas: Papirus, 1997, p. 58.<\/p>\n<p><strong>ARTIGO EM COLET\u00c2NEA<br \/>\n<\/strong>LAURENT, \u00c9. \u201cA luta da psican\u00e1lise contra a depress\u00e3o e o t\u00e9dio\u201d. Em: Kalimeros, A dor de existir. Rio de Janeiro: Contra Capa, 1997, p. 164.<\/p>\n<p><strong>ARTIGO EM REVISTA<br \/>\n<\/strong>MILLER, J.-A. \u201cDelenda\u201d. Em: Op\u00e7\u00e3o Lacaniana, n.\u00ba 18. S\u00e3o Paulo: Eolia, 1997, p. 5.<\/p>\n<p><strong>FONTES ELETR\u00d4NICAS<br \/>\n<\/strong>PAIVA, G. \u201cDante Moreira Leite: um pioneiro da psicologia social no Brasil\u201d. Em: Psicologia USP. Scielo Scientific Eletronic Library,\u00a0<a href=\"http:\/\/www.scielo.br\/\">http:\/\/www.scielo.br<\/a>. Acesso em 12\/03\/2009.<\/p>\n<p>\u00c9 responsabilidade do(s) autor(es) a correta apresenta\u00e7\u00e3o e exatid\u00e3o das cita\u00e7\u00f5es no texto, bem como a correta aplica\u00e7\u00e3o dos \u00edtens das regras de publica\u00e7\u00e3o. Caso contr\u00e1rio, corre-se o risco de recusa do trabalho.<\/p>\n<p>O envio implica automaticamente a autoriza\u00e7\u00e3o do autor e a cess\u00e3o \u00e0 revista Latusa dos direitos autorais patrimoniais referentes exclusivamente \u00e0 publica\u00e7\u00e3o na mesma. Cabe ao autor a responsabilidade pelo conte\u00fado do texto enviado, e \u00e0 Comiss\u00e3o de Publica\u00e7\u00e3o de Latusa a sele\u00e7\u00e3o e revis\u00e3o do mesmo.<\/p>\n<hr \/>\n<p><strong>ENVIO DOS ARTIGOS<\/strong> : Os artigos dever\u00e3o ser enviados, com o t\u00edtulo &#8220;Latusa 25&#8221;, seguido do nome do autor, para os seguintes e-mails:<br \/>\n<strong>Cristina Frederico: <\/strong><a href=\"mailto:cristinafred@gmail.com\"><strong>cristinafred@gmail.com<\/strong><\/a><br \/>\n<strong>Biblioteca da EBP-Rio: \u00a0<\/strong><a href=\"mailto:biblioteca@ebprio.com.br\"><strong>biblioteca@ebprio.com.br<\/strong><\/a><\/p>\n<ul>\n<li>Permutas de exemplares devem ser solicitadas \u00e0: Biblioteca da Escola Brasileira de Psican\u00e1lise &#8211; RJ.<br \/>\nTelefone: (021) 2539-2721<br \/>\nE-mail:\u00a0<a href=\"mailto:biblioteca@ebprio.com.br\">biblioteca@ebprio.com.br<\/a><\/li>\n<li>Pedidos de exemplares devem, da mesma forma, ser solicitados \u00e0: Biblioteca da Escola Brasileira de Psican\u00e1lise &#8211; RJ.<br \/>\nTelefone: (021) 2539-2721<br \/>\nE-mail:\u00a0<a href=\"mailto:biblioteca@ebprio.com.br\">biblioteca@ebprio.com.br<\/a><\/li>\n<\/ul>\n[\/vc_column_text][\/vc_column][\/vc_row]\n","protected":false},"excerpt":{"rendered":"<p>[vc_row][vc_column][vc_column_text]atusa \u00e9 uma publica\u00e7\u00e3o peri\u00f3dica da Escola Brasileira de Psican\u00e1lise \u2013 Se\u00e7\u00e3o Rio de&#8230;<\/p>\n","protected":false},"author":1,"featured_media":0,"parent":0,"menu_order":0,"comment_status":"closed","ping_status":"closed","template":"","meta":[],"_links":{"self":[{"href":"https:\/\/ebp.org.br\/rj\/latusa\/index.php\/wp-json\/wp\/v2\/pages\/5650099"}],"collection":[{"href":"https:\/\/ebp.org.br\/rj\/latusa\/index.php\/wp-json\/wp\/v2\/pages"}],"about":[{"href":"https:\/\/ebp.org.br\/rj\/latusa\/index.php\/wp-json\/wp\/v2\/types\/page"}],"author":[{"embeddable":true,"href":"https:\/\/ebp.org.br\/rj\/latusa\/index.php\/wp-json\/wp\/v2\/users\/1"}],"replies":[{"embeddable":true,"href":"https:\/\/ebp.org.br\/rj\/latusa\/index.php\/wp-json\/wp\/v2\/comments?post=5650099"}],"version-history":[{"count":4,"href":"https:\/\/ebp.org.br\/rj\/latusa\/index.php\/wp-json\/wp\/v2\/pages\/5650099\/revisions"}],"predecessor-version":[{"id":5650110,"href":"https:\/\/ebp.org.br\/rj\/latusa\/index.php\/wp-json\/wp\/v2\/pages\/5650099\/revisions\/5650110"}],"wp:attachment":[{"href":"https:\/\/ebp.org.br\/rj\/latusa\/index.php\/wp-json\/wp\/v2\/media?parent=5650099"}],"curies":[{"name":"wp","href":"https:\/\/api.w.org\/{rel}","templated":true}]}}