{"id":5650069,"date":"2020-11-19T18:15:43","date_gmt":"2020-11-19T21:15:43","guid":{"rendered":"https:\/\/ebp.org.br\/rj\/latusa\/?page_id=5650069"},"modified":"2020-11-19T18:16:30","modified_gmt":"2020-11-19T21:16:30","slug":"a-revista","status":"publish","type":"page","link":"https:\/\/ebp.org.br\/rj\/latusa\/index.php\/a-revista\/","title":{"rendered":"A Revista"},"content":{"rendered":"[vc_row][vc_column][vc_column_text]<span class=\"su-dropcap su-dropcap-style-simple\" style=\"font-size:2.5em\">L<\/span>atusa \u00e9 uma revista com periodicidade anual da Escola Brasileira de Psican\u00e1lise, Se\u00e7\u00e3o Rio de Janeiro. Publica artigos, ensaios, entrevistas, tradu\u00e7\u00f5es, semin\u00e1rios, confer\u00eancias e resenhas dedicados ao ensino de Jacques Lacan e suas interlocu\u00e7\u00f5es de natureza cl\u00ednica, cient\u00edfica, filos\u00f3fica ou art\u00edstica. A revista possui algumas rubricas fixas e outras que se alternam conforme a edi\u00e7\u00e3o e a conex\u00e3o com temas atuais. Seu objetivo \u00e9 a transmiss\u00e3o da psican\u00e1lise atrav\u00e9s de trabalhos de autores do Campo Freudiano, brasileiros e estrangeiros, e o acolhimento das trocas e conex\u00f5es da psican\u00e1lise com outros campos de saber para proporcionar a seus leitores produ\u00e7\u00f5es de interesse. Seu objetivo tamb\u00e9m \u00e9 permitir a cada leitor um uso pr\u00f3prio da revista, assim como \u00e9 poss\u00edvel a uma latusa.<\/p>\n<h3><strong>Quem somos?<\/strong><\/h3>\n<p>CONSELHO EDITORIAL<br \/>\n<span style=\"color: #808080;\">Ana Tereza Groisman<\/span><br \/>\n<span style=\"color: #808080;\">Angela Batista<\/span><br \/>\n<span style=\"color: #808080;\">Ang\u00e9lica Bastos<\/span><br \/>\n<span style=\"color: #808080;\">Maria Silvia Garcia Fernandes Hanna<\/span><br \/>\n<span style=\"color: #808080;\">Ondina Machado [Presidente]<\/span><br \/>\n<span style=\"color: #808080;\">Paula Borsoi<\/span><br \/>\n<span style=\"color: #808080;\">Rodrigo Lyra [Secret\u00e1rio]<\/span><\/p>\n<p>EDITORA<br \/>\n<span style=\"color: #808080;\">Cristina Frederico<\/span><\/p>\n<p>SECRET\u00c1RIA DE EDI\u00c7\u00c3O<br \/>\n<span style=\"color: #808080;\">Patr\u00edcia Paterson<\/span><\/p>\n<p>COMISS\u00c3O DE PUBLICA\u00c7\u00c3O<br \/>\n<span style=\"color: #808080;\">Anna Luiza Almeida<\/span><br \/>\n<span style=\"color: #808080;\">Ang\u00e9lica Bastos<\/span><br \/>\n<span style=\"color: #808080;\">Cristina Duba<\/span><br \/>\n<span style=\"color: #808080;\">Louren\u00e7o Ast\u00faa de Moraes<\/span><br \/>\n<span style=\"color: #808080;\">Marina Sodr\u00e9<\/span><br \/>\n<span style=\"color: #808080;\">Paula Legey<\/span><br \/>\n<span style=\"color: #808080;\">Renata Estrella<\/span><br \/>\n<span style=\"color: #808080;\">Tatiana Grenha<\/span><\/p>\n<p>IDENTIDADE VISUAL DE <strong>Latusa<\/strong> E PROJETO GR\u00c1FICO DE <strong>Latusa<\/strong> IMPRESSA<\/p>\n<p><span style=\"color: #808080;\">Paula Delecave<\/span><\/p>\n<p>PROJETO GR\u00c1FICO DE <strong>Latusa<\/strong> DO SITE<\/p>\n<p><span style=\"color: #808080;\">Louren\u00e7o Ast\u00faa de Moraes<\/span><\/p>\n<p>EDITORA\u00c7\u00c3O E ADAPTA\u00c7\u00c3O PARA O FORMATO DIGITAL<\/p>\n<p><span style=\"color: #808080;\">Bruno Senna<\/span><\/p>\n<p>INDEXA\u00c7\u00c3O<\/p>\n<p><span style=\"color: #808080;\">Lilacs\/Bireme<\/span><\/p>\n<h6><span style=\"color: #808080;\">O conte\u00fado dos artigos \u00e9 de exclusiva responsabilidade dos autores Site: ebp.org.br\/rj\/latusa<\/span><br \/>\n<span style=\"color: #808080;\">Todos os direitos reservados a: Escola Brasileira de Psican\u00e1lise \u2013 Rio de Janeiro Rua Capistrano de Abreu, 14\/16 Botafogo<\/span><br \/>\n<span style=\"color: #808080;\">CEP 22271-000 \u2013 Rio de Janeiro \u2013 Brasil<\/span><br \/>\n<span style=\"color: #808080;\">Telefone: (55 21) 2539-0960<\/span><br \/>\n<span style=\"color: #808080;\">E-mail: ebprio@ebprio.com.br <\/span><\/h6>\n[\/vc_column_text][\/vc_column][\/vc_row]\n","protected":false},"excerpt":{"rendered":"<p>[vc_row][vc_column][vc_column_text]atusa \u00e9 uma revista com periodicidade anual da Escola Brasileira de Psican\u00e1lise, Se\u00e7\u00e3o Rio&#8230;<\/p>\n","protected":false},"author":1,"featured_media":0,"parent":0,"menu_order":0,"comment_status":"closed","ping_status":"closed","template":"","meta":[],"_links":{"self":[{"href":"https:\/\/ebp.org.br\/rj\/latusa\/index.php\/wp-json\/wp\/v2\/pages\/5650069"}],"collection":[{"href":"https:\/\/ebp.org.br\/rj\/latusa\/index.php\/wp-json\/wp\/v2\/pages"}],"about":[{"href":"https:\/\/ebp.org.br\/rj\/latusa\/index.php\/wp-json\/wp\/v2\/types\/page"}],"author":[{"embeddable":true,"href":"https:\/\/ebp.org.br\/rj\/latusa\/index.php\/wp-json\/wp\/v2\/users\/1"}],"replies":[{"embeddable":true,"href":"https:\/\/ebp.org.br\/rj\/latusa\/index.php\/wp-json\/wp\/v2\/comments?post=5650069"}],"version-history":[{"count":1,"href":"https:\/\/ebp.org.br\/rj\/latusa\/index.php\/wp-json\/wp\/v2\/pages\/5650069\/revisions"}],"predecessor-version":[{"id":5650070,"href":"https:\/\/ebp.org.br\/rj\/latusa\/index.php\/wp-json\/wp\/v2\/pages\/5650069\/revisions\/5650070"}],"wp:attachment":[{"href":"https:\/\/ebp.org.br\/rj\/latusa\/index.php\/wp-json\/wp\/v2\/media?parent=5650069"}],"curies":[{"name":"wp","href":"https:\/\/api.w.org\/{rel}","templated":true}]}}