{"id":4685,"date":"2025-12-11T09:42:04","date_gmt":"2025-12-11T12:42:04","guid":{"rendered":"https:\/\/ebp.org.br\/nordeste\/?page_id=4685"},"modified":"2025-12-11T10:13:38","modified_gmt":"2025-12-11T13:13:38","slug":"ii-jornada-de-carteis-e-intercambio-da-secao-nordeste-ebp-ne","status":"publish","type":"page","link":"https:\/\/ebp.org.br\/nordeste\/carteis\/ii-jornada-de-carteis-e-intercambio-da-secao-nordeste-ebp-ne\/","title":{"rendered":"II Jornada de Cart\u00e9is e Interc\u00e2mbio da Se\u00e7\u00e3o Nordeste EBP-NE"},"content":{"rendered":"<section class=\"wpb-content-wrapper\">[vc_row][vc_column width=&#8221;1\/2&#8243;][vc_empty_space][vc_column_text]\n<h3><span style=\"color: #993300;\">II Jornada de Cart\u00e9is e Interc\u00e2mbio da Se\u00e7\u00e3o Nordeste EBP-NE<\/span><\/h3>\n<p>Data: 24 de agosto de 2024<\/p>\n<h4><span style=\"color: #993300;\">O produto do cartel: seu escrito, um estilo<\/span><\/h4>\n<p><strong>CONVIDADAS:<br \/>\n<\/strong>Marilsa Basso &#8211; EBP\/AMP &#8211; Diretora de cart\u00e9is E interc\u00e2mbio da EBP<br \/>\nCassandra Dias &#8211; EBP\/AMP &#8211; Diretora GERAL da Se\u00e7\u00e3o NE[\/vc_column_text]<div class=\"vcex-spacing wpex-w-100 wpex-clear\"><\/div><a href=\"https:\/\/ebp.org.br\/nordeste\/wp-content\/uploads\/2025\/11\/Brochura-II-Jornada-de-Carteis-da-EBP-Secao-Nordeste-1-2.pdf\" class=\"vcex-button theme-button inline\" style=\"background:var(--wpex-accent);\" data-wpex-hover='{&quot;background&quot;:&quot;var(--wpex-accent)&quot;,&quot;color&quot;:&quot;#eeee22&quot;}'><span class=\"vcex-button-inner theme-button-inner\">DOWNLOAD TEXTO PDF<\/span><\/a> <div class=\"vcex-spacing wpex-w-100 wpex-clear\"><\/div>[\/vc_column][vc_column width=&#8221;1\/2&#8243;][vc_empty_space][vc_single_image image=&#8221;4686&#8243;][vc_empty_space][\/vc_column][\/vc_row][vc_row][vc_column][vc_column_text]\n<h3><span style=\"color: #993300;\"><strong>ARGUMENTO<\/strong><\/span><\/h3>\n<p><span style=\"font-size: 13px;\">Eliane Baptista e Karynna N\u00f3brega<\/span><br \/>\n<span style=\"font-size: 13px;\">(Coordena\u00e7\u00e3o da comiss\u00e3o cient\u00edfica)<\/span><\/p>\n<p>O produto do cartel: sua escrita, um estilo \u2013 tema da jornada de cart\u00e9is da Se\u00e7\u00e3o Nordeste \u2013 problematiza o efeito de cartel em seus participantes, um a um,\u00a0provocados pelo trabalho de pesquisa, escrita e tessitura de um estilo.<\/p>\n<p>\u00d3rg\u00e3o de base da escola, o cartel promove a organiza\u00e7\u00e3o e o funcionamento voltados para a transfer\u00eancia de trabalho a partir do desejo de cada um. Tem como princ\u00edpio o discurso do analista, a dimens\u00e3o do real e o saber n\u00e3o todo, para que possa precipitar algo novo no entorno das quest\u00f5es.\u00a0 Brown,<a href=\"#_ftn1\" name=\"_ftnref1\"><sup>[1]<\/sup><\/a> retomando Lacan e Miller, esclarece que, al\u00e9m da pr\u00f3pria an\u00e1lise e supervis\u00e3o, o cartel tem efeito de forma\u00e7\u00e3o, e \u00e9 condi\u00e7\u00e3o de pertencimento \u00e0 Escola.<\/p>\n<p>Partindo desses marcadores, o produto do cartel deve ser singular, atrelado que est\u00e1 \u00e0 forma como cada falasser trata os pr\u00f3prios impasses na experi\u00eancia anal\u00edtica e corresponde ao efeito do n\u00e3o-saber naquele que escreve. O saber que se depura de um processo anal\u00edtico tem como efeito o que Lacan chamou de estilo. O trabalho em torno do objeto faltante, o objeto a.<\/p>\n<p>Lacan abre a colet\u00e2nea dos seus Escritos com o conhecido enunciado de Buffon: \u201cO estilo \u00e9 o pr\u00f3prio homem\u201d,<a href=\"#_ftn2\" name=\"_ftnref2\"><sup>[2]<\/sup><\/a> para dele tomar dist\u00e2ncia ao dizer que, a partir da descoberta do inconsciente, o homem n\u00e3o \u00e9 mais uma refer\u00eancia segura.\u00a0 \u00c0 f\u00f3rmula inicial de Buffon, Lacan acrescenta, para tratar de estilo, a dimens\u00e3o do endere\u00e7amento, incluindo nessa problem\u00e1tica o interlocutor, e o objeto, para sair da dualidade entre o sujeito e o Outro. O objeto \u00e9 causa e o estilo \u00e9 seu efeito, ou seja, \u00e9 a rela\u00e7\u00e3o de cada um com o objeto o que define um estilo.<\/p>\n<p>Se o estilo \u00e9 o objeto, ou melhor, a queda desse objeto, \u201co estilo seria o impronunci\u00e1vel que atravessa o texto, a causa que desliza entre linhas, o indecifr\u00e1vel que corre entre as palavras\u201d.<a href=\"#_ftn3\" name=\"_ftnref3\"><sup>[3]<\/sup><\/a><\/p>\n<p>Assim, os cart\u00e9is seriam a forma privilegiada para fazer a transmiss\u00e3o desse estilo, pois sua estrutura est\u00e1 montada sobre o conceito de falta. Os cart\u00e9is podem ser um dispositivo que leva seus participantes a tirar consequ\u00eancias de que eles precisam colocar algo de si no seu produto.<\/p>\n<p>A Jornada de Cart\u00e9is aposta na oferta de uma tessitura da escrita, para que cada cartelizante possa dizer sobre o percurso e a experi\u00eancia singular dos efeitos de cartel: a forma\u00e7\u00e3o, a escrita e a transmiss\u00e3o de um estilo, um saber sobre a falta. Com isso, abre a possibilidade para que cada um d\u00ea o testemunho, enuncie e ensine aquilo que n\u00e3o se ensina- um estilo.<a href=\"#_ftn4\" name=\"_ftnref4\"><sup>[4]<\/sup><\/a><\/p>\n<p>&nbsp;<\/p>\n<hr \/>\n<p><span style=\"font-size: 13px;\"><a href=\"#_ftnref1\" name=\"_ftn1\"><sup>[1]<\/sup><\/a>\u2003 BROWN, Noemi. O lugar do cartel na forma\u00e7\u00e3o do analista. <em>Correio Express<\/em>, Revista online da EBP, n. 5, set. 2018.<\/span><\/p>\n<p><span style=\"font-size: 13px;\"><a href=\"#_ftnref2\" name=\"_ftn2\"><sup>[2]<\/sup><\/a>\u2003 LACAN, Jacques. Abertura desta colet\u00e2nea. <em>In<\/em>: LACAN, Jacques. <em>Escritos<\/em>. Rio de Janeiro: J. Zahar, 1981. p. 9.<\/span><\/p>\n<p><span style=\"font-size: 13px;\"><a href=\"#_ftnref3\" name=\"_ftn3\"><sup>[3]<\/sup><\/a>\u2003 MILLER, Jacques-Alain; JIMENEZ, Stella. O cartel. <em>In<\/em>: <em>O cartel<\/em>: conceito e funcionamento na Escola de Lacan. Rio de Janeiro: Campus, 1994. p. 29.\u00a0<\/span><\/p>\n<p><span style=\"font-size: 13px;\"><a href=\"#_ftnref4\" name=\"_ftn4\"><sup>[4]<\/sup><\/a>\u2003 BRODSKY, G. <em>Los psicanalistas y el deseo de ense\u00f1ar<\/em> 1\u00aa ed. Olivos: Gama Ediciones, 2024. Libro digital, EPUB.\u00a0(Tradu\u00e7\u00e3o nossa).<\/span>[\/vc_column_text][\/vc_column][\/vc_row][vc_row][vc_column][vc_column_text]\n<h2><span style=\"color: #993300;\">PROGRAMA<\/span><\/h2>\n<h3><strong><span style=\"color: #993300;\">Manh\u00e3<\/span><\/strong><\/h3>\n<p><span style=\"color: #993300;\"><strong>9:00 \u00e0s 9:30 &#8211; Recep\u00e7\u00e3o dos participantes<\/strong><\/span><\/p>\n<p><span style=\"color: #993300;\"><strong>9h30m-10h &#8211; Abertura<\/strong><\/span><\/p>\n<p>Convidada:<\/p>\n<ul>\n<li>Marilsa Basso (EBP\/AMP-Diretora de cart\u00e9is e interc\u00e2mbio da EBP)<\/li>\n<li>Coord: Li\u00e8ge Uch\u00f4a (Diretora de Cart\u00e9is e Interc\u00e2mbio da Se\u00e7\u00e3o NE)<\/li>\n<\/ul>\n<p><span style=\"color: #993300;\"><strong>10:00 -10:40 &#8211; <\/strong><\/span><span style=\"color: #993300;\"><strong>Mesa 1: Psican\u00e1lise e Autismos<\/strong><\/span><\/p>\n<ul>\n<li style=\"list-style-type: none;\">\n<ul>\n<li>Coord: Anamaria Vasconcelos<\/li>\n<\/ul>\n<\/li>\n<li>Cartelizantes: \u00a0\u00a0\u00a0 Jeannine Narciso- A presen\u00e7a do Outro no mundo do autista<\/li>\n<li>Maria Ver\u00f4nica-Qual o uso do corpo do analista no manejo da transfer\u00eancia com autistas?<\/li>\n<li>Regina Cheli- A constitui\u00e7\u00e3o do falasser autista: um esfor\u00e7o de mostra\u00e7\u00e3o<\/li>\n<\/ul>\n<p><span style=\"color: #993300;\"><strong>10:40 -11:20 &#8211; <\/strong><\/span><span style=\"color: #993300;\"><strong>Mesa 2: A inf\u00e2ncia, o pai, os novos sintomas<\/strong><\/span><\/p>\n<ul>\n<li style=\"list-style-type: none;\">\n<ul>\n<li>Coord: Sandra Conrado<\/li>\n<\/ul>\n<\/li>\n<li>Cartelizantes: \u00a0\u00a0\u00a0 Jos\u00e9 Ronaldo de Paulo-Quanto menos tempo o tempo menos tem? Inf\u00e2ncias<\/li>\n<li>Ant\u00f4nio J\u00falio Garcia -A quem serve o pai?<\/li>\n<li>Raisa Trajano -O gozo e os novos sintomas: o caso cl\u00ednico de Dem\u00edtria<\/li>\n<\/ul>\n<p><span style=\"color: #993300;\"><strong>11:20 \u2013 11:30 &#8211; Intervalo<\/strong><\/span><\/p>\n<p><span style=\"color: #993300;\"><strong>11:30 \u2013 12:10 &#8211; <\/strong><\/span><span style=\"color: #993300;\"><strong>Mesa 3: Psican\u00e1lise na Institui\u00e7\u00e3o<\/strong><\/span><\/p>\n<ul>\n<li style=\"list-style-type: none;\">\n<ul>\n<li>Coord: Vania Ferreira<\/li>\n<\/ul>\n<\/li>\n<li>Cartelizantes: \u00a0\u00a0\u00a0 Karynna N\u00f3brega &#8211; Entre a agulha e a linha a tessitura de um lugar para o falasser na institui\u00e7\u00e3o<\/li>\n<li>Samuel Nantes- Existe psican\u00e1lise na institui\u00e7\u00e3o?<\/li>\n<li>Pauleska- N\u00f3brega Com que escrita se escreve um testemunho?<\/li>\n<\/ul>\n<p><span style=\"color: #993300;\"><strong>12:10 \u2013 12:50 &#8211; <\/strong><strong>Mesa 4: Psicose ordin\u00e1ria, arte e cl\u00ednica na atualidade<\/strong><\/span><\/p>\n<ul>\n<li style=\"list-style-type: none;\">\n<ul>\n<li>Coord: K\u00e9sia Ramos<\/li>\n<\/ul>\n<\/li>\n<li>Carlange de Castro- O olhar na arte fotogr\u00e1fica<\/li>\n<li>Sarah Ruth- Reflex\u00f5es sobre a psicose ordin\u00e1ria: da cl\u00ednica<\/li>\n<li>descontinu\u00edsta \u00e0 cl\u00ednica dos n\u00f3s<\/li>\n<li>Li\u00e8ge Uch\u00f4a &#8211; A psicose ordin\u00e1ria: seu estudo em um cartel<\/li>\n<\/ul>\n<p><span style=\"color: #993300;\"><strong>12:50 &#8211; 14:30 &#8211; Almo\u00e7o<\/strong><\/span><\/p>\n<h3><span style=\"color: #993300;\">Tarde<\/span><\/h3>\n<p><span style=\"color: #993300;\"><strong>14:30 15:00<\/strong><\/span><\/p>\n<p>Convidada:<\/p>\n<ul>\n<li>Cassandra Dias (EBP\/AMP-Diretora Geral da Se\u00e7\u00e3o NE)\n<ul>\n<li>Coord: \u00c9rick Leonardo<\/li>\n<\/ul>\n<\/li>\n<\/ul>\n<p><span style=\"color: #993300;\"><strong>15:00 &#8211; 15:40 &#8211; <\/strong><strong>Mesa 1: Psican\u00e1lise, amor e dire\u00e7\u00e3o do tratamento<\/strong><\/span><\/p>\n<ul>\n<li style=\"list-style-type: none;\">\n<ul>\n<li>Coord: Eliane Dias Batista<\/li>\n<\/ul>\n<\/li>\n<li>Cartelizantes: \u00a0\u00a0\u00a0 Marina Luna- Uma quest\u00e3o para Levi: existe amor em S\u00e3o Paulo?<\/li>\n<li>Socorro Soares -O feminino infamiliar e os destinos do amor<\/li>\n<li>Marina Fragoso- Histeria Masculina? Considera\u00e7\u00f5es sobre a dire\u00e7\u00e3o do tratamento<\/li>\n<\/ul>\n<p><span style=\"color: #993300;\"><strong>15:40 &#8211; 16:20 &#8211; <\/strong><strong>Mesa 2: Aliena\u00e7\u00e3o e separa\u00e7\u00e3o: A transfer\u00eancia<\/strong><\/span><\/p>\n<ul>\n<li style=\"list-style-type: none;\">\n<ul>\n<li>Coord: L\u00eddia Pessoa<\/li>\n<\/ul>\n<\/li>\n<li>Cartelizantes: \u00a0\u00a0\u00a0 Deise M\u00e9lo- O significante da transfer\u00eancia \u00e9 um ponto de<\/li>\n<li>partida para a constru\u00e7\u00e3o do sintoma anal\u00edtico?<\/li>\n<li>Tatianne Torres-Mais que dois um: transfer\u00eancia e interpreta\u00e7\u00e3o no Banquete<\/li>\n<li>An\u00edcia Ewerton- Entre o vel e o v\u00e9u da aliena\u00e7\u00e3o<\/li>\n<\/ul>\n<p><span style=\"color: #993300;\"><strong>16:30 &#8211; 17:10 &#8211; <\/strong><strong>Mesa 3: Os conceitos fundamentais da Psican\u00e1lise<\/strong><\/span><\/p>\n<ul>\n<li style=\"list-style-type: none;\">\n<ul>\n<li>Coord: Karynna N\u00f3brega<\/li>\n<\/ul>\n<\/li>\n<li>Cartelizantes: \u00a0\u00a0\u00a0 Rosemarie Mooneyhan &#8211; Os conceitos fundamentais da psican\u00e1lise e a forma\u00e7\u00e3o do analista<\/li>\n<li>Thailla Franco &#8211; Repeti\u00e7\u00e3o, ang\u00fastia e desejo<\/li>\n<li>Neide Medeiros &#8211; O inconsciente e a repeti\u00e7\u00e3o \u00e0 luz de Freud e Lacan<\/li>\n<\/ul>\n<p><span style=\"color: #993300;\"><strong>17:10 &#8211; 17:50 &#8211; <\/strong><strong>Mesa 4: A Escola e a escrita do real<\/strong><\/span><\/p>\n<ul>\n<li style=\"list-style-type: none;\">\n<ul>\n<li>Coord: Cleide Monteiro<\/li>\n<\/ul>\n<\/li>\n<li>Cartelizantes: \u00a0\u00a0\u00a0 Nelson Matheus &#8211; Os jovens e o saber: uma porta<\/li>\n<li>Cl\u00e1udia Formiga &#8211; Real, Grupo e Escola<\/li>\n<li>Jos\u00e9 Augusto Rocha &#8211; Os abonados do inconsciente e seus grampos<\/li>\n<\/ul>\n<p><span style=\"color: #993300;\"><strong>18:00\u00a0\u00a0\u00a0 Encerramento:<\/strong><\/span><\/p>\n<p>Li\u00e8ge Uch\u00f4a<\/p>\n[\/vc_column_text][\/vc_column][\/vc_row]\n<\/section>","protected":false},"excerpt":{"rendered":"<p>[vc_row][vc_column width=&#8221;1\/2&#8243;][vc_empty_space][vc_column_text] II Jornada de Cart\u00e9is e Interc\u00e2mbio da Se\u00e7\u00e3o Nordeste EBP-NE Data: 24 de agosto de 2024 O produto do cartel: seu escrito, um estilo CONVIDADAS: Marilsa Basso &#8211; EBP\/AMP &#8211; Diretora de cart\u00e9is E interc\u00e2mbio da EBP Cassandra Dias &#8211; EBP\/AMP &#8211; Diretora GERAL da Se\u00e7\u00e3o NE[\/vc_column_text][\/vc_column][vc_column width=&#8221;1\/2&#8243;][vc_empty_space][vc_single_image image=&#8221;4686&#8243;][vc_empty_space][\/vc_column][\/vc_row][vc_row][vc_column][vc_column_text] ARGUMENTO Eliane Baptista e&hellip;<\/p>\n","protected":false},"author":1,"featured_media":0,"parent":1188,"menu_order":0,"comment_status":"closed","ping_status":"closed","template":"","meta":{"footnotes":""},"class_list":["post-4685","page","type-page","status-publish","hentry","entry","no-media"],"_links":{"self":[{"href":"https:\/\/ebp.org.br\/nordeste\/wp-json\/wp\/v2\/pages\/4685","targetHints":{"allow":["GET"]}}],"collection":[{"href":"https:\/\/ebp.org.br\/nordeste\/wp-json\/wp\/v2\/pages"}],"about":[{"href":"https:\/\/ebp.org.br\/nordeste\/wp-json\/wp\/v2\/types\/page"}],"author":[{"embeddable":true,"href":"https:\/\/ebp.org.br\/nordeste\/wp-json\/wp\/v2\/users\/1"}],"replies":[{"embeddable":true,"href":"https:\/\/ebp.org.br\/nordeste\/wp-json\/wp\/v2\/comments?post=4685"}],"version-history":[{"count":3,"href":"https:\/\/ebp.org.br\/nordeste\/wp-json\/wp\/v2\/pages\/4685\/revisions"}],"predecessor-version":[{"id":4693,"href":"https:\/\/ebp.org.br\/nordeste\/wp-json\/wp\/v2\/pages\/4685\/revisions\/4693"}],"up":[{"embeddable":true,"href":"https:\/\/ebp.org.br\/nordeste\/wp-json\/wp\/v2\/pages\/1188"}],"wp:attachment":[{"href":"https:\/\/ebp.org.br\/nordeste\/wp-json\/wp\/v2\/media?parent=4685"}],"curies":[{"name":"wp","href":"https:\/\/api.w.org\/{rel}","templated":true}]}}