{"id":4552,"date":"2025-03-27T05:38:34","date_gmt":"2025-03-27T08:38:34","guid":{"rendered":"https:\/\/ebp.org.br\/nordeste\/?page_id=4552"},"modified":"2025-03-28T05:46:58","modified_gmt":"2025-03-28T08:46:58","slug":"boletim-litoraneo-17","status":"publish","type":"page","link":"https:\/\/ebp.org.br\/nordeste\/biblioteca\/publicacao\/boletim-litoraneo-17\/","title":{"rendered":"Boletim Litor\u00e2neo #17"},"content":{"rendered":"<section class=\"wpb-content-wrapper\">[vc_row][vc_column][vc_single_image image=&#8221;3519&#8243; alignment=&#8221;center&#8221;][vc_column_text]\n<h6 style=\"text-align: center;\">Boletim Litor\u00e2neo #17 &#8211; Mar\u00e7o 2025<\/h6>\n[\/vc_column_text][\/vc_column][\/vc_row][vc_row][vc_column][vc_column_text]\n<h3>EDITORIAL<\/h3>\n<p><span style=\"font-size: 13px;\"><em>Francisco Santos<\/em><\/span><\/p>\n<p><img loading=\"lazy\" decoding=\"async\" class=\"center\" src=\"https:\/\/ebp.org.br\/nordeste\/wp-content\/uploads\/2025\/03\/mini_Imagem-01-Editorial.jpg\" alt=\"\" width=\"700\" height=\"150\" align=\"center\" border=\"0\" \/><\/p>\n<p>Lacan escreve: \u201cPois o real n\u00e3o espera e n\u00e3o espera nomeadamente o sujeito, j\u00e1 que nada espera da fala. Mas, est\u00e1 ali, id\u00eantico \u00e0 sua exist\u00eancia, ru\u00eddo onde tudo se pode ouvir, e prestes a submergir com seus estrondos o que o \u2018princ\u00edpio de realidade\u2019 constr\u00f3i nele sob o nome de mundo externo\u201d. \u00c9 como dizer: o real est\u00e1 a\u00ed fora, emos de encontr\u00e1-lo, basta ter ouvidos atentos \u00e0 escuta, olhos abertos aos novos sintomas, a cl\u00ednica continua a nos ensinar &#8211; e al\u00e9m. Como diz Cassandra Dias em sua fala, seguimos a trilha de Lacan em dire\u00e7\u00e3o ao real.[\/vc_column_text][vc_btn title=&#8221;Leia+&#8221; style=&#8221;classic&#8221; color=&#8221;mulled-wine&#8221; size=&#8221;xs&#8221; link=&#8221;url:https%3A%2F%2Febp.org.br%2Fnordeste%2Feditorial-boletim-litoraneo-17%2F|title:Editorial%20Boletim%20Litor%C3%A2neo%20n%C2%BA11&#8243;][\/vc_column][\/vc_row][vc_row][vc_column][vc_separator border_width=&#8221;2&#8243;][\/vc_column][\/vc_row][vc_row][vc_column][vc_column_text]\n<h3>Bal\u00e9 das \u00c1guas-Vivas: O Real em Movimento<\/h3>\n<p><span style=\"font-size: 13px;\"><em>K\u00e9sia Ramos (EBP\/AMP)<\/em><\/span><\/p>\n<p><img loading=\"lazy\" decoding=\"async\" class=\"center\" src=\"https:\/\/ebp.org.br\/nordeste\/wp-content\/uploads\/2025\/03\/mini_Imagem-05-Editorial-Imagetico.jpg\" alt=\"\" width=\"700\" height=\"150\" align=\"center\" border=\"0\" \/><\/p>\n<p>Nesta edi\u00e7\u00e3o do Litor\u00e2neo #17, a constru\u00e7\u00e3o da editora\u00e7\u00e3o imag\u00e9tica nos conduz \u00e0s profundezas oce\u00e2nicas, onde as \u00e1guas-vivas flutuam em seu bal\u00e9 silencioso. Seres paradoxais, ao mesmo tempo delicados e letais, deslizam pelas correntes sem uma inten\u00e7\u00e3o pr\u00f3pria clara, mas podem provocar um encontro abrupto e doloroso.[\/vc_column_text][vc_btn title=&#8221;Leia+&#8221; style=&#8221;classic&#8221; color=&#8221;mulled-wine&#8221; size=&#8221;xs&#8221; link=&#8221;url:https%3A%2F%2Febp.org.br%2Fnordeste%2Fbale-das-aguas-vivas-o-real-em-movimento%2F|title:Tu%20Podes%20Saber&#8221;][\/vc_column][\/vc_row][vc_row][vc_column][vc_separator border_width=&#8221;2&#8243;][\/vc_column][\/vc_row][vc_row][vc_column][vc_column_text]\n<h3>Primeiras palavras<\/h3>\n<p><img loading=\"lazy\" decoding=\"async\" class=\"center\" src=\"https:\/\/ebp.org.br\/nordeste\/wp-content\/uploads\/2025\/03\/mini_Imagem-02-Primeiras-Palavras.jpg\" alt=\"\" width=\"700\" height=\"150\" align=\"center\" border=\"0\" \/><\/p>\n<div id=\"bannerL2\">\n<div id=\"div-gpt-ad-1474537762122-\" data-google-query-id=\"CJfgofS9t_ACFTIG1AodxucDgQ\">\n<div id=\"google_ads_iframe_\/15188745\/Lipsum-Unit3_0__container__2\"><span style=\"font-size: 13px;\"><em style=\"color: var(--wpex-text-2);\">Cassandra Dias (EPB\/AMP) &#8211; Diretora Geral da EPB &#8211; Se\u00e7\u00e3o NE<\/em><\/span><\/div>\n<\/div>\n<\/div>\n<p>Os acordes da guitarra de Pink Floyd, banda brit\u00e2nica que surgiu na d\u00e9cada de 60 foi a sonoridade escolhida para ambientar o universo conceitual que inspirou o trabalho da Se\u00e7\u00e3o Nordeste em dire\u00e7\u00e3o \u00e0s suas IV Jornadas.<\/p>\n<p>O rock progressivo que ocupou a cena underground de Londres nos pareceu conversar com as fotografias da americana Lois Greenfield e seu jeito \u00fanico de capturar a forma humana em movimento&#8230;<\/p>\n<hr \/>\n<p><span style=\"font-size: 13px;\"><em>Margarida Assad (EBP\/AMP) &#8211; Coordenadora geral da IV Jornada<\/em><\/span><\/p>\n<p>Gostaria de dar as boas vindas a todos os presentes, colegas da Psican\u00e1lise interessados na transmiss\u00e3o que fazemos na Escola Brasileira de Psican\u00e1lise &#8211; Se\u00e7\u00e3o Nordeste, e dizer da enorme alegria de poder dar in\u00edcio \u00e0 nossa IV Jornada.<\/p>\n<p>Temos aqui colegas de v\u00e1rios lugares do Brasil, a quem desejamos que sejam bem acolhidos nesse recanto do Nordeste, extremo oriental do pa\u00eds, onde o sol nasce primeiro, trazendo luz e calor aos que aqui chegam. O sol torna nossos dias mais curtos, come\u00e7ando muito cedo, fazendo dos paraibanos gente<em>\u00a0caliente<\/em>\u00a0e acolhedora&#8230;.<\/p>\n<hr \/>\n<p><span style=\"font-size: 13px;\"><em>Bibiana Poggi (EBP\/AMP) &#8211; Presidente do Conselho da EBP &#8211; Se\u00e7\u00e3o NE<\/em><\/span><\/p>\n<p>Boa tarde a todos!<\/p>\n<p>Em nome do Conselho da EBP-Se\u00e7\u00e3o NE, gostaria de dar boas vindas a cada um dos presentes, aos convidados da IV Jornada.<\/p>\n<p>Gostaria de igualmente cumprimentar os colegas que comp\u00f5em essa mesa de abertura, agradecendo o empenho, a dedica\u00e7\u00e3o, as trocas, enfim, a libido depositada no fazer desta Jornada. Cada um ao seu modo contribuiu para a constru\u00e7\u00e3o de um produto que acontece agora&#8230;<\/p>\n<hr \/>\n<p><span style=\"font-size: 13px;\"><em>Elizabete Siqueira (EBP\/AMP) &#8211; Coordenadora da Comiss\u00e3o Cient\u00edfica<\/em><\/span><\/p>\n<p>Lacan, com a inven\u00e7\u00e3o do conceito de Escola, subverteu o\u00a0<em>status quo<\/em>\u00a0das sociedades de Psican\u00e1lise da segunda metade do s\u00e9culo XX. Ele deu lugar a uma comunidade de trabalho e n\u00e3o de reconhecimento. Melhor dizendo, inventou uma comunidade de trabalhadores decididos, dedicados a pensar a Psican\u00e1lise a partir de sua Cl\u00ednica. Fundou uma Escola para o trabalho.[\/vc_column_text][vc_btn title=&#8221;Leia+&#8221; style=&#8221;classic&#8221; color=&#8221;mulled-wine&#8221; size=&#8221;xs&#8221; link=&#8221;url:https%3A%2F%2Febp.org.br%2Fnordeste%2Fprimeiras-palavras%2F|title:Savoir-y-faire%20avec%E2%80%A6&#8243;][\/vc_column][\/vc_row][vc_row][vc_column][vc_separator border_width=&#8221;2&#8243;][\/vc_column][\/vc_row][vc_row][vc_column][vc_column_text]\n<h3>Resson\u00e2ncias<\/h3>\n<p><img loading=\"lazy\" decoding=\"async\" class=\"center\" src=\"https:\/\/ebp.org.br\/nordeste\/wp-content\/uploads\/2025\/03\/mini_Imagem-03-Ressonancias.jpg\" alt=\"\" width=\"700\" height=\"150\" align=\"center\" border=\"0\" \/><\/p>\n<p><span style=\"font-size: 13px;\"><em>Jos\u00e9 Ronaldo de Paulo (NPJ)<\/em><\/span><\/p>\n<p>Gostaria de agradecer \u00e0 Diretoria e \u00e0 Cleide Pereira (EBP\/AMP), Diretora de Biblioteca, pelo convite para compor este n\u00famero do Boletim Litor\u00e2neo. Tr\u00eas momentos na IV Jornada da EBP Se\u00e7\u00e3o Nordeste,\u00a0<em>Respostas do Real &#8211; Conting\u00eancias na Cl\u00ednica<\/em>, tiveram em mim resson\u00e2ncias e efeitos de forma\u00e7\u00e3o. O primeiro foi o relato apresentado pela convidada da Bahia&#8230;<\/p>\n<hr \/>\n<p><span style=\"font-size: 13px;\"><em>Nelson Matheus Silva (NPJ)<\/em><\/span><\/p>\n<p>Em sua confer\u00eancia\u00a0<em>Lugar, origem e fim do meu ensino<\/em>, em Lyon, Lacan enfatizou que \u00e9 o lugar o que est\u00e1 no princ\u00edpio, e n\u00e3o a origem. A origem, ao que me parece, esbo\u00e7aria uma l\u00f3gica de progresso continuado, remetida a um ponto zero, a um\u00a0<em>big-bang<\/em>, a uma hereditariedade assegurada numa l\u00f3gica linear, a um\u00a0<em>curriculum<\/em>. O lugar, por sua vez, \u00e9 um recorte, como um acidente&#8230;<\/p>\n<hr \/>\n<p><span style=\"font-size: 13px;\"><em>Marina Fragoso (NPJ)<\/em><\/span><\/p>\n<p>Afinal, quais resson\u00e2ncias ficam da nossa Jornada?\u00a0Uma vez que como pontua Lacan o interessante desses encontros \u00e9 que produzam consequ\u00eancias. As jornadas t\u00eam uma fun\u00e7\u00e3o fundamental para a forma\u00e7\u00e3o, a qual se oferta uma oportunidade de dar algum contorno \u00e0 solid\u00e3o da cl\u00ednica. Mas qual seria a fun\u00e7\u00e3o da escola no contorno dessa solid\u00e3o?\u00a0Sobre isso, Tarrab pontua:\u00a0<span dir=\"RTL\">\u201c<\/span><span dir=\"LTR\">\u00a0<\/span>&#8230;o paradoxo da forma\u00e7\u00e3o anal\u00edtica&#8230;[\/vc_column_text][vc_btn title=&#8221;Leia+&#8221; style=&#8221;classic&#8221; color=&#8221;mulled-wine&#8221; size=&#8221;xs&#8221; link=&#8221;url:https%3A%2F%2Febp.org.br%2Fnordeste%2Fressonancias%2F|title:E%20o%20Mais%20Um%3F%5B1%5D%3E&#8221;][\/vc_column][\/vc_row][vc_row][vc_column][vc_separator border_width=&#8221;2&#8243;][\/vc_column][\/vc_row][vc_row][vc_column][vc_column_text]\n<h3>Palavras finais<\/h3>\n<p><span style=\"font-size: 13px;\"><em>Bibiana Poggi (EBP\/AMP) &#8211; Presidente do Conselho da EBP &#8211; Se\u00e7\u00e3o NE<\/em><\/span><\/p>\n<p><img loading=\"lazy\" decoding=\"async\" class=\"center\" src=\"https:\/\/ebp.org.br\/nordeste\/wp-content\/uploads\/2025\/03\/mini_Imagem-04-Palavras-Finais.jpg\" alt=\"\" width=\"700\" height=\"150\" align=\"center\" border=\"0\" \/><\/p>\n<p>Como tradi\u00e7\u00e3o, cabe ao Conselho da Se\u00e7\u00e3o NE da Escola Brasileira de Psican\u00e1lise encerrar a Jornada da Se\u00e7\u00e3o a cada ano. Para mim, que estou ocupando a fun\u00e7\u00e3o de presidente neste momento, \u00e9 uma honra e uma alegria.<br \/>\nFa\u00e7o de modo entusiasmado ap\u00f3s acompanhar os debates e as discuss\u00f5es em torno de um tema t\u00e3o atual e indagador:\u00a0<em>Respostas do Real, Conting\u00eancias na Cl\u00ednica<\/em>. E o real e suas respostas? O que fazer com elas?[\/vc_column_text][vc_btn title=&#8221;Leia+&#8221; style=&#8221;classic&#8221; color=&#8221;mulled-wine&#8221; size=&#8221;xs&#8221; link=&#8221;url:https%3A%2F%2Febp.org.br%2Fnordeste%2Fpalavras-finais%2F|title:Tu%20Podes%20Saber&#8221;][\/vc_column][\/vc_row][vc_row][vc_column][vc_separator border_width=&#8221;2&#8243;][\/vc_column][\/vc_row][vc_row css=&#8221;.vc_custom_1624132366850{background-color: #3f4649 !important;}&#8221;][vc_column][vc_single_image image=&#8221;3520&#8243; alignment=&#8221;center&#8221;][vc_column_text]\n<h6 style=\"text-align: center;\"><span style=\"color: #ffffff;\">Litor\u00e2neo &#8211; Boletim Eletr\u00f4nico da EBP Se\u00e7\u00e3o Nordeste<\/span><\/h6>\n<h6 style=\"text-align: center;\"><span style=\"color: #ffffff;\">Coordenadora da Comiss\u00e3o de Boletim: Cleide Monteiro<\/span><\/h6>\n<h6 style=\"text-align: center;\"><span style=\"color: #ffffff;\">Comiss\u00e3o de Boletim:\u00a0Bruno Senna, Cassandra Dias e K\u00e9sia Ramos<\/span><\/h6>\n<h6 style=\"text-align: center;\"><span style=\"color: #ffffff;\">Designer: Bruno Senna &#8211; sennabruno@gmail.com<\/span><\/h6>\n[\/vc_column_text][\/vc_column][\/vc_row]\n<\/section>","protected":false},"excerpt":{"rendered":"<p>[vc_row][vc_column][vc_single_image image=&#8221;3519&#8243; alignment=&#8221;center&#8221;][vc_column_text] Boletim Litor\u00e2neo #17 &#8211; Mar\u00e7o 2025 [\/vc_column_text][\/vc_column][\/vc_row][vc_row][vc_column][vc_column_text] EDITORIAL Francisco Santos Lacan escreve: \u201cPois o real n\u00e3o espera e n\u00e3o espera nomeadamente o sujeito, j\u00e1 que nada espera da fala. Mas, est\u00e1 ali, id\u00eantico \u00e0 sua exist\u00eancia, ru\u00eddo onde tudo se pode ouvir, e prestes a submergir com seus estrondos o que o&hellip;<\/p>\n","protected":false},"author":1,"featured_media":0,"parent":1231,"menu_order":0,"comment_status":"closed","ping_status":"closed","template":"templates\/no-sidebar.php","meta":{"footnotes":""},"class_list":["post-4552","page","type-page","status-publish","hentry","entry","no-media"],"_links":{"self":[{"href":"https:\/\/ebp.org.br\/nordeste\/wp-json\/wp\/v2\/pages\/4552","targetHints":{"allow":["GET"]}}],"collection":[{"href":"https:\/\/ebp.org.br\/nordeste\/wp-json\/wp\/v2\/pages"}],"about":[{"href":"https:\/\/ebp.org.br\/nordeste\/wp-json\/wp\/v2\/types\/page"}],"author":[{"embeddable":true,"href":"https:\/\/ebp.org.br\/nordeste\/wp-json\/wp\/v2\/users\/1"}],"replies":[{"embeddable":true,"href":"https:\/\/ebp.org.br\/nordeste\/wp-json\/wp\/v2\/comments?post=4552"}],"version-history":[{"count":2,"href":"https:\/\/ebp.org.br\/nordeste\/wp-json\/wp\/v2\/pages\/4552\/revisions"}],"predecessor-version":[{"id":4555,"href":"https:\/\/ebp.org.br\/nordeste\/wp-json\/wp\/v2\/pages\/4552\/revisions\/4555"}],"up":[{"embeddable":true,"href":"https:\/\/ebp.org.br\/nordeste\/wp-json\/wp\/v2\/pages\/1231"}],"wp:attachment":[{"href":"https:\/\/ebp.org.br\/nordeste\/wp-json\/wp\/v2\/media?parent=4552"}],"curies":[{"name":"wp","href":"https:\/\/api.w.org\/{rel}","templated":true}]}}