{"id":4520,"date":"2025-03-07T15:18:58","date_gmt":"2025-03-07T18:18:58","guid":{"rendered":"https:\/\/ebp.org.br\/nordeste\/?page_id=4520"},"modified":"2025-06-01T07:26:32","modified_gmt":"2025-06-01T10:26:32","slug":"a-angustia-e-seus-destinos-na-clinica-psicanalitica","status":"publish","type":"page","link":"https:\/\/ebp.org.br\/nordeste\/ensino\/seminarios\/a-angustia-e-seus-destinos-na-clinica-psicanalitica\/","title":{"rendered":"A ang\u00fastia e seus destinos na cl\u00ednica psicanal\u00edtica"},"content":{"rendered":"<section class=\"wpb-content-wrapper\">[vc_row][vc_column][vc_column_text]\n<h1><span style=\"color: #993300;\">2025<\/span><\/h1>\n[\/vc_column_text][vc_column_text]\n<ul>\n<li><strong>Coordena\u00e7\u00e3o:<\/strong> L\u00eddia Pessoa<\/li>\n<li><strong>Apoio:<\/strong> Programa de P\u00f3s-Gradua\u00e7\u00e3o em Antropologia \u2013 PPGANT\/Centro de Ci\u00eancias Humanas e Letras \u2013 CCHL<\/li>\n<li><strong>Local:<\/strong> Sala 351 &#8211; Programa de P\u00f3s-Gradua\u00e7\u00e3o em Antropologia &#8211; PPGANT\/Centro de Ci\u00eancias Humanas e Letras &#8211; CCHL &#8211; Cidade: Teresina \u2013 PI<\/li>\n<li><strong>Periodicidade:<\/strong> Atividade presencial, mensal<\/li>\n<li><strong>Dias:<\/strong> \u00e0s quartas sextas-feiras do m\u00eas<\/li>\n<li><strong>Hor\u00e1rio:<\/strong> das 10h \u00e0s 12h<\/li>\n<\/ul>\n[\/vc_column_text][\/vc_column][\/vc_row][vc_row][vc_column width=&#8221;1\/4&#8243;][vc_single_image image=&#8221;4519&#8243; img_size=&#8221;500&#215;500&#8243; onclick=&#8221;link_image&#8221;][\/vc_column][vc_column width=&#8221;1\/4&#8243;][vc_single_image image=&#8221;4562&#8243; img_size=&#8221;500&#215;500&#8243; onclick=&#8221;link_image&#8221;][\/vc_column][vc_column width=&#8221;1\/4&#8243;][vc_single_image image=&#8221;4574&#8243; img_size=&#8221;500&#215;500&#8243; onclick=&#8221;link_image&#8221;][\/vc_column][vc_column width=&#8221;1\/4&#8243;][vc_single_image image=&#8221;4586&#8243; img_size=&#8221;500&#215;500&#8243; onclick=&#8221;link_image&#8221;][\/vc_column][\/vc_row]\n<\/section>","protected":false},"excerpt":{"rendered":"<p>[vc_row][vc_column][vc_column_text] 2025 [\/vc_column_text][vc_column_text] Coordena\u00e7\u00e3o: L\u00eddia Pessoa Apoio: Programa de P\u00f3s-Gradua\u00e7\u00e3o em Antropologia \u2013 PPGANT\/Centro de Ci\u00eancias Humanas e Letras \u2013 CCHL Local: Sala 351 &#8211; Programa de P\u00f3s-Gradua\u00e7\u00e3o em Antropologia &#8211; PPGANT\/Centro de Ci\u00eancias Humanas e Letras &#8211; CCHL &#8211; Cidade: Teresina \u2013 PI Periodicidade: Atividade presencial, mensal Dias: \u00e0s quartas sextas-feiras do m\u00eas Hor\u00e1rio:&hellip;<\/p>\n","protected":false},"author":1,"featured_media":0,"parent":1531,"menu_order":0,"comment_status":"closed","ping_status":"closed","template":"","meta":{"footnotes":""},"class_list":["post-4520","page","type-page","status-publish","hentry","entry","no-media"],"_links":{"self":[{"href":"https:\/\/ebp.org.br\/nordeste\/wp-json\/wp\/v2\/pages\/4520","targetHints":{"allow":["GET"]}}],"collection":[{"href":"https:\/\/ebp.org.br\/nordeste\/wp-json\/wp\/v2\/pages"}],"about":[{"href":"https:\/\/ebp.org.br\/nordeste\/wp-json\/wp\/v2\/types\/page"}],"author":[{"embeddable":true,"href":"https:\/\/ebp.org.br\/nordeste\/wp-json\/wp\/v2\/users\/1"}],"replies":[{"embeddable":true,"href":"https:\/\/ebp.org.br\/nordeste\/wp-json\/wp\/v2\/comments?post=4520"}],"version-history":[{"count":5,"href":"https:\/\/ebp.org.br\/nordeste\/wp-json\/wp\/v2\/pages\/4520\/revisions"}],"predecessor-version":[{"id":4591,"href":"https:\/\/ebp.org.br\/nordeste\/wp-json\/wp\/v2\/pages\/4520\/revisions\/4591"}],"up":[{"embeddable":true,"href":"https:\/\/ebp.org.br\/nordeste\/wp-json\/wp\/v2\/pages\/1531"}],"wp:attachment":[{"href":"https:\/\/ebp.org.br\/nordeste\/wp-json\/wp\/v2\/media?parent=4520"}],"curies":[{"name":"wp","href":"https:\/\/api.w.org\/{rel}","templated":true}]}}