{"id":4508,"date":"2025-01-21T07:00:29","date_gmt":"2025-01-21T10:00:29","guid":{"rendered":"https:\/\/ebp.org.br\/nordeste\/?page_id=4508"},"modified":"2025-01-30T05:50:47","modified_gmt":"2025-01-30T08:50:47","slug":"boletim-litoraneo-16","status":"publish","type":"page","link":"https:\/\/ebp.org.br\/nordeste\/biblioteca\/publicacao\/boletim-litoraneo-16\/","title":{"rendered":"Boletim Litor\u00e2neo #16"},"content":{"rendered":"<section class=\"wpb-content-wrapper\">[vc_row][vc_column][vc_single_image image=&#8221;3519&#8243; alignment=&#8221;center&#8221;][vc_column_text]\n<h6 style=\"text-align: center;\">Boletim Litor\u00e2neo #16 &#8211; janeiro 2025<\/h6>\n[\/vc_column_text][\/vc_column][\/vc_row][vc_row][vc_column][vc_column_text]\n<h3><strong>EDITORIAL<\/strong><\/h3>\n<p><strong>O estilo que faz Escola<\/strong><\/p>\n<h6>K\u00e9sia Ramos &#8211; EBP\/AMP<\/h6>\n<p><img loading=\"lazy\" decoding=\"async\" class=\"alignnone size-full wp-image-4473\" src=\"https:\/\/ebp.org.br\/nordeste\/wp-content\/uploads\/2025\/01\/mini_litoraneo_016_001.png\" alt=\"\" width=\"700\" height=\"150\" srcset=\"https:\/\/ebp.org.br\/nordeste\/wp-content\/uploads\/2025\/01\/mini_litoraneo_016_001.png 700w, https:\/\/ebp.org.br\/nordeste\/wp-content\/uploads\/2025\/01\/mini_litoraneo_016_001-300x64.png 300w\" sizes=\"auto, (max-width: 700px) 100vw, 700px\" \/><\/p>\n<p style=\"padding-left: 80px;\">Esses tais artefatos que diriam minhas ang\u00fastias, tem umas que v\u00eam f\u00e1cil, tem muitas que me custa. Tem horas que \u00e9 caco de vidro, meses que \u00e9 feito um grito, tem horas que eu nem duvido, tem dias que eu acredito. Ent\u00e3o seremos todos g\u00eanios quando as privadas do mundo vomitarem de volta todos os pap\u00e9is higi\u00eanicos. (Paulo Leminski)<\/p>\n<p>Assim como na po\u00e9tica de Leminski, o trabalho do cartel \u00e9 feito de cortes, costuras e inven\u00e7\u00f5es que d\u00e3o forma ao indiz\u00edvel. \u00c9 nesse movimento que a II Jornada de Cart\u00e9is da Escola Brasileira de Psican\u00e1lise \u2013 Se\u00e7\u00e3o Nordeste se realizou, reafirmando o cartel como dispositivo essencial para a forma\u00e7\u00e3o e transmiss\u00e3o em psican\u00e1lise.[\/vc_column_text][vc_btn title=&#8221;Leia+&#8221; style=&#8221;classic&#8221; color=&#8221;mulled-wine&#8221; size=&#8221;xs&#8221; link=&#8221;url:https%3A%2F%2Febp.org.br%2Fnordeste%2Feditorial-boletim-litoraneo-16%2F|title:Editorial%20Boletim%20Litor%C3%A2neo%20n%C2%BA11&#8243;][\/vc_column][\/vc_row][vc_row][vc_column][vc_separator border_width=&#8221;2&#8243;][\/vc_column][\/vc_row][vc_row][vc_column][vc_column_text]\n<h3>Apresenta\u00e7\u00e3o da Jornada<\/h3>\n<h6>Li\u00e8ge Uch\u00f4a &#8211; EBP\/AMP<br \/>\nDiretora de Cart\u00e9is e Interc\u00e2mbio da EBP Se\u00e7\u00e3o Nordeste<\/h6>\n<p><img loading=\"lazy\" decoding=\"async\" class=\"alignnone size-full wp-image-4474\" src=\"https:\/\/ebp.org.br\/nordeste\/wp-content\/uploads\/2025\/01\/mini_litoraneo_016_002.png\" alt=\"\" width=\"700\" height=\"150\" srcset=\"https:\/\/ebp.org.br\/nordeste\/wp-content\/uploads\/2025\/01\/mini_litoraneo_016_002.png 700w, https:\/\/ebp.org.br\/nordeste\/wp-content\/uploads\/2025\/01\/mini_litoraneo_016_002-300x64.png 300w\" sizes=\"auto, (max-width: 700px) 100vw, 700px\" \/><\/p>\n<p>\u00c9 com imensa alegria que abrimos nossa jornada de cart\u00e9is!<\/p>\n<p>Come\u00e7o pelos agradecimentos.<\/p>\n<p>A Marilsa Basso, por sua inteira disponibilidade para esse momento! Aproveito para agradecer tamb\u00e9m por seu trabalho \u00e0 frente da Diretoria de Cart\u00e9is e Interc\u00e2mbio da Escola Brasileira de Psican\u00e1lise. Docilidade, constru\u00e7\u00e3o coletiva e presen\u00e7a permanente \u00e9 o que vem nos ensinando nesse per\u00edodo.[\/vc_column_text][vc_btn title=&#8221;Leia+&#8221; style=&#8221;classic&#8221; color=&#8221;mulled-wine&#8221; size=&#8221;xs&#8221; link=&#8221;url:https%3A%2F%2Febp.org.br%2Fnordeste%2Fapresentacao-da-jornada%2F|title:Savoir-y-faire%20avec%E2%80%A6&#8243;][\/vc_column][\/vc_row][vc_row][vc_column][vc_separator border_width=&#8221;2&#8243;][\/vc_column][\/vc_row][vc_row][vc_column][vc_column_text]\n<h3>O produto do cartel: seu escrito, um estilo<\/h3>\n<h6>Marilsa Basso &#8211; EBP\/AMP<br \/>\nDiretora de Cart\u00e9is e Interc\u00e2mbio da EBP<\/h6>\n<p><img loading=\"lazy\" decoding=\"async\" class=\"alignnone size-full wp-image-4475\" src=\"https:\/\/ebp.org.br\/nordeste\/wp-content\/uploads\/2025\/01\/mini_litoraneo_016_003.png\" alt=\"\" width=\"700\" height=\"150\" srcset=\"https:\/\/ebp.org.br\/nordeste\/wp-content\/uploads\/2025\/01\/mini_litoraneo_016_003.png 700w, https:\/\/ebp.org.br\/nordeste\/wp-content\/uploads\/2025\/01\/mini_litoraneo_016_003-300x64.png 300w\" sizes=\"auto, (max-width: 700px) 100vw, 700px\" \/><\/p>\n<p>Surpreendida por esse tema formulado pela Comiss\u00e3o de Cart\u00e9is e Diretoria da Se\u00e7\u00e3o Nordeste de nossa Escola Brasileira, trago uma pequena articula\u00e7\u00e3o que voc\u00eas me permitiram fazer em torno do que podemos especificar, no esfor\u00e7o de uma diferencia\u00e7\u00e3o sustentada, em torno do produto do cartel, esse dispositivo genial que Lacan inventa, bem ao seu estilo.[\/vc_column_text][vc_btn title=&#8221;Leia+&#8221; style=&#8221;classic&#8221; color=&#8221;mulled-wine&#8221; size=&#8221;xs&#8221; link=&#8221;url:https%3A%2F%2Febp.org.br%2Fnordeste%2Fo-produto-do-cartel-seu-escrito-um-estilo%2F|title:E%20o%20Mais%20Um%3F%5B1%5D%3E&#8221;][\/vc_column][\/vc_row][vc_row][vc_column][vc_separator border_width=&#8221;2&#8243;][\/vc_column][\/vc_row][vc_row][vc_column][vc_column_text]\n<h3>Aquilo que repercute<\/h3>\n<h6>Cassandra Dias Farias &#8211; EBP\/AMP<br \/>\nDiretora Geral da EBP Se\u00e7\u00e3o Nordeste<\/h6>\n<p><img loading=\"lazy\" decoding=\"async\" class=\"alignnone wp-image-4476 size-full\" src=\"https:\/\/ebp.org.br\/nordeste\/wp-content\/uploads\/2025\/01\/mini_litoraneo_016_004.png\" alt=\"\" width=\"700\" height=\"150\" srcset=\"https:\/\/ebp.org.br\/nordeste\/wp-content\/uploads\/2025\/01\/mini_litoraneo_016_004.png 700w, https:\/\/ebp.org.br\/nordeste\/wp-content\/uploads\/2025\/01\/mini_litoraneo_016_004-300x64.png 300w\" sizes=\"auto, (max-width: 700px) 100vw, 700px\" \/><\/p>\n<p>Lacan inicia sua colet\u00e2nea dos Escritos com a seguinte frase: \u201cO estilo \u00e9 o pr\u00f3prio homem\u201d.\u00a0Em outubro de 1966, entrega o compilado de uma produ\u00e7\u00e3o com estilo \u00fanico, singular. E continua:<\/p>\n<p>\u00c9 o objeto que responde \u00e0 pergunta sobre o estilo que formulamos logo de sa\u00edda. A esse lugar que, para Buffon, era marcado pelo homem, chamamos de queda desse objeto, reveladora por isol\u00e1-lo, ao mesmo tempo, como causa do desejo em que o sujeito se eclipsa e como suporte do sujeito entre verdade e saber. Queremos, com o percurso de que estes textos s\u00e3o os marcos e com o estilo que seu endere\u00e7amento imp\u00f5e, levar o leitor a uma consequ\u00eancia em que ele precise colocar algo de si.[\/vc_column_text][vc_btn title=&#8221;Leia+&#8221; style=&#8221;classic&#8221; color=&#8221;mulled-wine&#8221; size=&#8221;xs&#8221; link=&#8221;url:https%3A%2F%2Febp.org.br%2Fnordeste%2Faquilo-que-repercute%2F|title:Tu%20Podes%20Saber&#8221;][\/vc_column][\/vc_row][vc_row][vc_column][vc_separator border_width=&#8221;2&#8243;][\/vc_column][\/vc_row][vc_row][vc_column][vc_column_text]\n<h3>Quanto menos tempo o tempo menos tem? Inf\u00e2ncias<\/h3>\n<h6>Jos\u00e9 Ronaldo de Paulo<\/h6>\n<p><img loading=\"lazy\" decoding=\"async\" class=\"alignnone size-full wp-image-4477\" src=\"https:\/\/ebp.org.br\/nordeste\/wp-content\/uploads\/2025\/01\/mini_litoraneo_016_005.png\" alt=\"\" width=\"700\" height=\"150\" srcset=\"https:\/\/ebp.org.br\/nordeste\/wp-content\/uploads\/2025\/01\/mini_litoraneo_016_005.png 700w, https:\/\/ebp.org.br\/nordeste\/wp-content\/uploads\/2025\/01\/mini_litoraneo_016_005-300x64.png 300w\" sizes=\"auto, (max-width: 700px) 100vw, 700px\" \/><\/p>\n<p>O entendimento para se designar a crian\u00e7a na contemporaneidade \u00e9 impactado pelos tempos que correm, como diz Lacan, e \u00e9 na certeza antecipada pelo sujeito no tempo para compreender onde precipita o momento de concluir. Nesse contexto, pode-se perguntar se o tempo hiperativo n\u00e3o \u00e9 tamb\u00e9m um tempo fora do tempo, difratado em m\u00faltiplos sistemas de gozo que implicam objetos&#8230;[\/vc_column_text][vc_btn title=&#8221;Leia+&#8221; style=&#8221;classic&#8221; color=&#8221;mulled-wine&#8221; size=&#8221;xs&#8221; link=&#8221;url:https%3A%2F%2Febp.org.br%2Fnordeste%2Fquanto-menos-tempo-o-tempo-menos-tem-infancias1%2F|title:Tu%20Podes%20Saber&#8221;][\/vc_column][\/vc_row][vc_row][vc_column][vc_separator border_width=&#8221;2&#8243;][\/vc_column][\/vc_row][vc_row][vc_column][vc_column_text]\n<h3>Histeria Masculina? Considera\u00e7\u00f5es sobre a dire\u00e7\u00e3o do tratamento<\/h3>\n<h6>Marina Fragoso \u2013 Participante da NPJ<br \/>\nCartel: Histeria Masculina, mais-um: Jorge Assef<\/h6>\n<p><img loading=\"lazy\" decoding=\"async\" class=\"alignnone size-full wp-image-4478\" src=\"https:\/\/ebp.org.br\/nordeste\/wp-content\/uploads\/2025\/01\/mini_litoraneo_016_006.png\" alt=\"\" width=\"700\" height=\"150\" srcset=\"https:\/\/ebp.org.br\/nordeste\/wp-content\/uploads\/2025\/01\/mini_litoraneo_016_006.png 700w, https:\/\/ebp.org.br\/nordeste\/wp-content\/uploads\/2025\/01\/mini_litoraneo_016_006-300x64.png 300w\" sizes=\"auto, (max-width: 700px) 100vw, 700px\" \/><\/p>\n<p>Adicionar a terminalidade masculina para pensar a histeria seria redundante quando vamos mais al\u00e9m do \u00c9dipo em dire\u00e7\u00e3o \u00e0 sexua\u00e7\u00e3o? \u00c9 a partir dos adere\u00e7os da feminilidade que a histeria se defende do feminino atrav\u00e9s do seu padecimento \u00e0 flor da pele que tenta dar consist\u00eancia a um corpo. A respeito disso, Recalde pontua: \u201cO sujeito hist\u00e9rico faz um uso peculiar, por exemplo, da estrutura\u00e7\u00e3o de um corpo&#8230;[\/vc_column_text][vc_btn title=&#8221;Leia+&#8221; style=&#8221;classic&#8221; color=&#8221;mulled-wine&#8221; size=&#8221;xs&#8221; link=&#8221;url:https%3A%2F%2Febp.org.br%2Fnordeste%2Fhisteria-masculina-consideracoes-sobre-a-direcao-do-tratamento%2F|title:Tu%20Podes%20Saber&#8221;][\/vc_column][\/vc_row][vc_row][vc_column][vc_separator border_width=&#8221;2&#8243;][\/vc_column][\/vc_row][vc_row][vc_column][vc_column_text]\n<h3>Os jovens e o saber: uma porta<\/h3>\n<h6>Nelson Matheus Silva &#8211; Participante da NPJ<br \/>\nCartel: Nova Pol\u00edtica da Juventude &#8211; O ensino da Psican\u00e1lise e a forma\u00e7\u00e3o do analista, mais-um: S\u00e9rgio Laia AME EBP\/AMP<\/h6>\n<p><img loading=\"lazy\" decoding=\"async\" class=\"alignnone size-full wp-image-4479\" src=\"https:\/\/ebp.org.br\/nordeste\/wp-content\/uploads\/2025\/01\/mini_litoraneo_016_007.png\" alt=\"\" width=\"700\" height=\"150\" srcset=\"https:\/\/ebp.org.br\/nordeste\/wp-content\/uploads\/2025\/01\/mini_litoraneo_016_007.png 700w, https:\/\/ebp.org.br\/nordeste\/wp-content\/uploads\/2025\/01\/mini_litoraneo_016_007-300x64.png 300w\" sizes=\"auto, (max-width: 700px) 100vw, 700px\" \/><\/p>\n<p>Este trabalho \u00e9 produto de um Cartel em curso intitulado O ensino da Psican\u00e1lise e a forma\u00e7\u00e3o do analista, cujos componentes s\u00e3o Paula Noquet (colega de Joinville\/NPJ), Cristiane Barreto (EBP\/MG), Claudia Santana (EBP\/SP), Sergio Laia (AME da AMP\/EBP\/MG e +1) e eu. Nosso Cartel \u00e9 vinculado \u00e0 Nova Pol\u00edtica da Juventude, formado de um modo pr\u00f3prio, eu diria que ele entra na categoria de multi-uso&#8230;[\/vc_column_text][vc_btn title=&#8221;Leia+&#8221; style=&#8221;classic&#8221; color=&#8221;mulled-wine&#8221; size=&#8221;xs&#8221; link=&#8221;url:https%3A%2F%2Febp.org.br%2Fnordeste%2Fos-jovens-e-o-saber-uma-porta%2F|title:Tu%20Podes%20Saber&#8221;][\/vc_column][\/vc_row][vc_row][vc_column][vc_separator border_width=&#8221;2&#8243;][\/vc_column][\/vc_row][vc_row][vc_column][vc_column_text]\n<h3>Os abonados do inconsciente e seus grampos<\/h3>\n<h6>Jos\u00e9 Augusto Rocha &#8211; Participante da NPJ<br \/>\nCartel: O que h\u00e1 de novo no contempor\u00e2neo?, mais-um: Jos\u00e9 Augusto Rocha<\/h6>\n<p><strong><img loading=\"lazy\" decoding=\"async\" class=\"alignnone size-full wp-image-4480\" src=\"https:\/\/ebp.org.br\/nordeste\/wp-content\/uploads\/2025\/01\/mini_litoraneo_016_008.png\" alt=\"\" width=\"700\" height=\"150\" srcset=\"https:\/\/ebp.org.br\/nordeste\/wp-content\/uploads\/2025\/01\/mini_litoraneo_016_008.png 700w, https:\/\/ebp.org.br\/nordeste\/wp-content\/uploads\/2025\/01\/mini_litoraneo_016_008-300x64.png 300w\" sizes=\"auto, (max-width: 700px) 100vw, 700px\" \/><\/strong><\/p>\n<p><strong>Duas frases<\/strong><\/p>\n<p>Para come\u00e7ar, gostaria de contar uma breve hist\u00f3ria aned\u00f3tica. Certa vez, James Joyce e Ezra Pound encontraram-se. &#8220;&#8216;Tenho trabalhado duro em Ulisses, disse James Joyce. &#8216;Escrevendo muito?&#8217;, perguntou Ezra Pound. &#8216;Duas frases&#8217;, disse Joyce. Pound, ent\u00e3o, percebeu que Joyce n\u00e3o estava gracejando. &#8216;\u00c0 procura do mot juste?\u2019; &#8216;N\u00e3o&#8217;, respondeu Joyce. &#8216;J\u00e1 sei as palavras. O que procuro \u00e9 a ordem certa delas na frase'&#8221;.[\/vc_column_text][vc_btn title=&#8221;Leia+&#8221; style=&#8221;classic&#8221; color=&#8221;mulled-wine&#8221; size=&#8221;xs&#8221; link=&#8221;url:https%3A%2F%2Febp.org.br%2Fnordeste%2Fos-abonados-do-inconsciente-e-seus-grampos%2F|title:Tu%20Podes%20Saber&#8221;][\/vc_column][\/vc_row][vc_row][vc_column][vc_separator border_width=&#8221;2&#8243;][\/vc_column][\/vc_row][vc_row][vc_column][vc_single_image image=&#8221;4507&#8243; onclick=&#8221;custom_link&#8221; link=&#8221;https:\/\/ebp.org.br\/nordeste\/wp-content\/uploads\/2024\/08\/JORNADAS-PROGRAMA.pdf&#8221;][\/vc_column][\/vc_row][vc_row][vc_column][vc_separator border_width=&#8221;2&#8243;][\/vc_column][\/vc_row][vc_row css=&#8221;.vc_custom_1624132366850{background-color: #3f4649 !important;}&#8221;][vc_column][vc_single_image image=&#8221;3520&#8243; alignment=&#8221;center&#8221;][vc_column_text]\n<h6 style=\"text-align: center;\"><span style=\"color: #ffffff;\">Litor\u00e2neo &#8211; Boletim Eletr\u00f4nico da EBP Se\u00e7\u00e3o Nordeste<\/span><\/h6>\n<h6 style=\"text-align: center;\"><span style=\"color: #ffffff;\">Coordenadora da Comiss\u00e3o de Boletim: Cleide Monteiro<\/span><\/h6>\n<h6 style=\"text-align: center;\"><span style=\"color: #ffffff;\">Comiss\u00e3o de Boletim:\u00a0Bruno Senna, Cassandra Dias e K\u00e9sia Ramos<\/span><\/h6>\n<h6 style=\"text-align: center;\"><span style=\"color: #ffffff;\">Designer: Bruno Senna &#8211; sennabruno@gmail.com<\/span><\/h6>\n[\/vc_column_text][\/vc_column][\/vc_row]\n<\/section>","protected":false},"excerpt":{"rendered":"<p>[vc_row][vc_column][vc_single_image image=&#8221;3519&#8243; alignment=&#8221;center&#8221;][vc_column_text] Boletim Litor\u00e2neo #16 &#8211; janeiro 2025 [\/vc_column_text][\/vc_column][\/vc_row][vc_row][vc_column][vc_column_text] EDITORIAL O estilo que faz Escola K\u00e9sia Ramos &#8211; EBP\/AMP Esses tais artefatos que diriam minhas ang\u00fastias, tem umas que v\u00eam f\u00e1cil, tem muitas que me custa. Tem horas que \u00e9 caco de vidro, meses que \u00e9 feito um grito, tem horas que eu nem&hellip;<\/p>\n","protected":false},"author":1,"featured_media":0,"parent":1231,"menu_order":0,"comment_status":"closed","ping_status":"closed","template":"templates\/no-sidebar.php","meta":{"footnotes":""},"class_list":["post-4508","page","type-page","status-publish","hentry","entry","no-media"],"_links":{"self":[{"href":"https:\/\/ebp.org.br\/nordeste\/wp-json\/wp\/v2\/pages\/4508","targetHints":{"allow":["GET"]}}],"collection":[{"href":"https:\/\/ebp.org.br\/nordeste\/wp-json\/wp\/v2\/pages"}],"about":[{"href":"https:\/\/ebp.org.br\/nordeste\/wp-json\/wp\/v2\/types\/page"}],"author":[{"embeddable":true,"href":"https:\/\/ebp.org.br\/nordeste\/wp-json\/wp\/v2\/users\/1"}],"replies":[{"embeddable":true,"href":"https:\/\/ebp.org.br\/nordeste\/wp-json\/wp\/v2\/comments?post=4508"}],"version-history":[{"count":2,"href":"https:\/\/ebp.org.br\/nordeste\/wp-json\/wp\/v2\/pages\/4508\/revisions"}],"predecessor-version":[{"id":4512,"href":"https:\/\/ebp.org.br\/nordeste\/wp-json\/wp\/v2\/pages\/4508\/revisions\/4512"}],"up":[{"embeddable":true,"href":"https:\/\/ebp.org.br\/nordeste\/wp-json\/wp\/v2\/pages\/1231"}],"wp:attachment":[{"href":"https:\/\/ebp.org.br\/nordeste\/wp-json\/wp\/v2\/media?parent=4508"}],"curies":[{"name":"wp","href":"https:\/\/api.w.org\/{rel}","templated":true}]}}