{"id":4420,"date":"2024-08-06T17:30:45","date_gmt":"2024-08-06T20:30:45","guid":{"rendered":"https:\/\/ebp.org.br\/nordeste\/?page_id=4420"},"modified":"2024-08-06T17:53:58","modified_gmt":"2024-08-06T20:53:58","slug":"boletim-litoraneo-15","status":"publish","type":"page","link":"https:\/\/ebp.org.br\/nordeste\/biblioteca\/publicacao\/boletim-litoraneo-15\/","title":{"rendered":"Boletim Litor\u00e2neo #15"},"content":{"rendered":"<section class=\"wpb-content-wrapper\">[vc_row][vc_column][vc_single_image image=&#8221;3519&#8243; alignment=&#8221;center&#8221;][vc_column_text]\n<h6 style=\"text-align: center;\">Boletim Litor\u00e2neo #15 &#8211; agosto 2024<\/h6>\n[\/vc_column_text][\/vc_column][\/vc_row][vc_row][vc_column][vc_column_text]\n<h3><strong>EDITORIAL<\/strong><\/h3>\n<h6><em>Cleide Pereira Monteiro<\/em><\/h6>\n<div id=\"bannerR\">\n<div id=\"div-gpt-ad-1474537762122-3\" data-google-query-id=\"CJjgofS9t_ACFTIG1AodxucDgQ\">\n<div id=\"google_ads_iframe_\/15188745\/Lipsum-Unit4_0__container__\"><\/div>\n<\/div>\n<\/div>\n<p><img loading=\"lazy\" decoding=\"async\" class=\"center\" src=\"https:\/\/ebp.org.br\/nordeste\/wp-content\/uploads\/2024\/08\/mini_litoraneo_15_001.jpg\" alt=\"Image\" width=\"700\" height=\"150\" align=\"center\" border=\"0\" \/><\/p>\n<p>O Litor\u00e2neo, em sua fun\u00e7\u00e3o de fazer ressoar o vivo da experi\u00eancia de Escola a partir do que acontece em nossas atividades, traz, em seu 15\u00ba n\u00famero, o produto de uma atividade preparat\u00f3ria para o XXV Encontro Brasileiro do Campo Freudiano, ocorrida em Natal, no dia 23 de mar\u00e7o de 2024.<\/p>\n<p>Lacan, em um movimento de reconquista do campo aberto por Freud, aposta na funda\u00e7\u00e3o de sua Escola, a cada vez reinventada por cada um que a ela se dirige como ancoradouro da forma\u00e7\u00e3o anal\u00edtica.\u00a0<em>Uma Abertura<\/em>, assim intitulado um momento inaugural em terras natalenses&#8230;[\/vc_column_text][vc_btn title=&#8221;Leia+&#8221; style=&#8221;classic&#8221; color=&#8221;mulled-wine&#8221; size=&#8221;xs&#8221; link=&#8221;url:https%3A%2F%2Febp.org.br%2Fnordeste%2Feditorial-boletim-litoraneo-no15%2F|title:Editorial%20Boletim%20Litor%C3%A2neo%20n%C2%BA11&#8243;][\/vc_column][\/vc_row][vc_row][vc_column][vc_separator border_width=&#8221;2&#8243;][\/vc_column][\/vc_row][vc_row][vc_column][vc_column_text]\n<h3>Uma abertura<\/h3>\n<h6><em>Cassandra Dias<\/em><\/h6>\n<p><img loading=\"lazy\" decoding=\"async\" class=\"center\" src=\"https:\/\/ebp.org.br\/nordeste\/wp-content\/uploads\/2024\/08\/mini_litoraneo_15_002.jpg\" alt=\"Image\" width=\"700\" height=\"150\" align=\"center\" border=\"0\" \/><\/p>\n<div id=\"bannerL2\">\n<div id=\"div-gpt-ad-1474537762122-\" data-google-query-id=\"CJfgofS9t_ACFTIG1AodxucDgQ\">\n<div id=\"google_ads_iframe_\/15188745\/Lipsum-Unit3_0__container__2\"><\/div>\n<\/div>\n<\/div>\n<div id=\"bannerR2\">\n<div id=\"div-gpt-ad-1474537762122-4\" data-google-query-id=\"CJjgofS9t_ACFTIG1AodxucDgQ\">\n<div id=\"google_ads_iframe_\/15188745\/Lipsum-Unit4_0__container__2\"><\/div>\n<\/div>\n<\/div>\n<blockquote>\n<blockquote><p><em>Fundo\u00a0<\/em><em>\u2013 t<\/em><em>\u00e3o sozinho quanto sempre estive em minha rela\u00e7\u00e3o com a causa psicanal<\/em><em>\u00ed<\/em><em>tica\u00a0<\/em><em>\u2013\u00a0<\/em><em>a Escola Francesa de Psican<\/em><em>\u00e1<\/em><em>lise&#8230; que, no campo aberto por Freud restaure a sega cortante de sua verdade; que reconduza a pr<\/em><em>\u00e1<\/em><em>xis original que ele instituiu sob o nome de psican<\/em><em>\u00e1<\/em><em>lise ao dever que lhe compete em nosso mundo; que, por uma cr<\/em><em>\u00ed<\/em><em>tica ass<\/em><em>\u00ed<\/em><em>dua, denuncie os desvios e concess\u00f5es que amortecem seu progresso, degradando seu emprego. Este objetivo de trabalho\u00a0<\/em><em>\u00e9\u00a0<\/em><em>indissoci<\/em><em>\u00e1<\/em><em>vel de uma forma\u00e7\u00e3o a ser dispensada nesse movimento de reconquista.<\/em><\/p><\/blockquote>\n<\/blockquote>\n<p>Essas palavras de Lacan pronunciadas em 21 de junho de 1964 e conhecidas no\u00a0<em>Ato de Funda\u00e7\u00e3o da Escola Francesa de Psican<\/em><em>\u00e1lise<\/em>, logo ap\u00f3s ter sido excomungado da Associa\u00e7\u00e3o Psicanal\u00edtica Internacional \u2013 IPA,\u00a0 continuam ecoando entre n\u00f3s.[\/vc_column_text][vc_btn title=&#8221;Leia+&#8221; style=&#8221;classic&#8221; color=&#8221;mulled-wine&#8221; size=&#8221;xs&#8221; link=&#8221;url:https%3A%2F%2Febp.org.br%2Fnordeste%2Fuma-abertura%2F|title:Savoir-y-faire%20avec%E2%80%A6&#8243;][\/vc_column][\/vc_row][vc_row][vc_column][vc_separator border_width=&#8221;2&#8243;][\/vc_column][\/vc_row][vc_row][vc_column][vc_column_text]\n<h3>Corpos e discursos<\/h3>\n<h6><em>Patricia Badari<\/em><\/h6>\n<p><img loading=\"lazy\" decoding=\"async\" class=\"center\" src=\"https:\/\/ebp.org.br\/nordeste\/wp-content\/uploads\/2024\/08\/mini_litoraneo_15_003.jpg\" alt=\"Image\" width=\"700\" height=\"150\" align=\"center\" border=\"0\" \/><\/p>\n<p>\u201cQuero ficar no teu corpo feito tatuagem (&#8230;). Quero brincar no teu corpo feito bailarina (&#8230;). Quero ser a cicatriz risonha e corrosiva (&#8230;)\u201d. Escreveu, cantou Chico Buarque, em sua letra de m\u00fasica\u00a0<em>Tatuagem<\/em>, de 1973.<br \/>\nMas,\u00a0<em>mutatis mutandis<\/em>\u00a0. Multiplicidade dos g\u00eaneros, diversidade das identidades e dos objetos sexuais. Transforma\u00e7\u00f5es de um corpo em outro. Fatos que est\u00e3o dados em nossa atualidade. E as pr\u00e1ticas amorosas n\u00e3o passam ilesas.\u00a0<em>Mutatis mutandis<\/em>, tamb\u00e9m.<\/p>\n<p>Lacan, em 1960, em seu texto\u00a0<em>Diretrizes para um Congresso sobre a sexualidade feminina<\/em>\u00a0nos diz sobre as incid\u00eancias sociais da sexualidade feminina\u201d ; e Christiane Alberti, ao retomar este texto de Lacan no X ENAPOL, ressaltou que&#8230;[\/vc_column_text][vc_btn title=&#8221;Leia+&#8221; style=&#8221;classic&#8221; color=&#8221;mulled-wine&#8221; size=&#8221;xs&#8221; link=&#8221;url:https%3A%2F%2Febp.org.br%2Fnordeste%2Fcorpos-e-discursos%2F|title:E%20o%20Mais%20Um%3F%5B1%5D%3E&#8221;][\/vc_column][\/vc_row][vc_row][vc_column][vc_separator border_width=&#8221;2&#8243;][\/vc_column][\/vc_row][vc_row][vc_column][vc_column_text]\n<h3>Coment\u00e1rios sobre o texto Corpos e discursos, de Patr\u00edcia Badari<\/h3>\n<h6><em>Maria do Carmo Dias Batista<\/em><\/h6>\n<p><img loading=\"lazy\" decoding=\"async\" class=\"center\" src=\"https:\/\/ebp.org.br\/nordeste\/wp-content\/uploads\/2024\/08\/mini_litoraneo_15_004.jpg\" alt=\"Image\" width=\"700\" height=\"150\" align=\"center\" border=\"0\" \/><\/p>\n<p>O texto\u00a0<em>Corpos e discursos<\/em>, de Patr\u00edcia Badari, \u00e9 sinuoso e envolvente. Em cada curva volta \u00e0 quest\u00e3o do corpo e sua liga\u00e7\u00e3o com o discurso, tema do XXV Encontro Brasileiro do Campo Freudiano:\u00a0<em>Corpos aprisionados pelo discurso&#8230; e seus restos.<\/em><\/p>\n<p>Elege a m\u00fasica e, sobretudo, o cinema como \u00edndices para atualizar a psican\u00e1lise, \u201ccoloc\u00e1-la em ato\u201d e inseri-la no contempor\u00e2neo.<\/p>\n<p>Corpo, discurso, cinema, m\u00fasica&#8230;[\/vc_column_text][vc_btn title=&#8221;Leia+&#8221; style=&#8221;classic&#8221; color=&#8221;mulled-wine&#8221; size=&#8221;xs&#8221; link=&#8221;url:https%3A%2F%2Febp.org.br%2Fnordeste%2Fcomentarios-sobre-o-texto-corpos-e-discursos-de-patricia-badari%2F|title:Tu%20Podes%20Saber&#8221;][\/vc_column][\/vc_row][vc_row][vc_column][vc_separator border_width=&#8221;2&#8243;][\/vc_column][\/vc_row][vc_row css=&#8221;.vc_custom_1624132366850{background-color: #3f4649 !important;}&#8221;][vc_column][vc_single_image image=&#8221;3520&#8243; alignment=&#8221;center&#8221;][vc_column_text]\n<h6 style=\"text-align: center;\"><span style=\"color: #ffffff;\">Litor\u00e2neo &#8211; Boletim Eletr\u00f4nico da EBP Se\u00e7\u00e3o Nordeste<\/span><\/h6>\n<h6 style=\"text-align: center;\"><span style=\"color: #ffffff;\">Coordenadora da Comiss\u00e3o de Boletim: Cleide Monteiro<\/span><\/h6>\n<h6 style=\"text-align: center;\"><span style=\"color: #ffffff;\">Comiss\u00e3o de Boletim:\u00a0Bruno Senna, Cassandra Dias e K\u00e9sia Ramos<\/span><\/h6>\n<h6 style=\"text-align: center;\"><span style=\"color: #ffffff;\">Designer: Bruno Senna &#8211; sennabruno@gmail.com<\/span><\/h6>\n[\/vc_column_text][\/vc_column][\/vc_row]\n<\/section>","protected":false},"excerpt":{"rendered":"<p>[vc_row][vc_column][vc_single_image image=&#8221;3519&#8243; alignment=&#8221;center&#8221;][vc_column_text] Boletim Litor\u00e2neo #15 &#8211; agosto 2024 [\/vc_column_text][\/vc_column][\/vc_row][vc_row][vc_column][vc_column_text] EDITORIAL Cleide Pereira Monteiro O Litor\u00e2neo, em sua fun\u00e7\u00e3o de fazer ressoar o vivo da experi\u00eancia de Escola a partir do que acontece em nossas atividades, traz, em seu 15\u00ba n\u00famero, o produto de uma atividade preparat\u00f3ria para o XXV Encontro Brasileiro do Campo Freudiano,&hellip;<\/p>\n","protected":false},"author":1,"featured_media":0,"parent":1231,"menu_order":0,"comment_status":"closed","ping_status":"closed","template":"","meta":{"footnotes":""},"class_list":["post-4420","page","type-page","status-publish","hentry","entry","no-media"],"_links":{"self":[{"href":"https:\/\/ebp.org.br\/nordeste\/wp-json\/wp\/v2\/pages\/4420","targetHints":{"allow":["GET"]}}],"collection":[{"href":"https:\/\/ebp.org.br\/nordeste\/wp-json\/wp\/v2\/pages"}],"about":[{"href":"https:\/\/ebp.org.br\/nordeste\/wp-json\/wp\/v2\/types\/page"}],"author":[{"embeddable":true,"href":"https:\/\/ebp.org.br\/nordeste\/wp-json\/wp\/v2\/users\/1"}],"replies":[{"embeddable":true,"href":"https:\/\/ebp.org.br\/nordeste\/wp-json\/wp\/v2\/comments?post=4420"}],"version-history":[{"count":2,"href":"https:\/\/ebp.org.br\/nordeste\/wp-json\/wp\/v2\/pages\/4420\/revisions"}],"predecessor-version":[{"id":4423,"href":"https:\/\/ebp.org.br\/nordeste\/wp-json\/wp\/v2\/pages\/4420\/revisions\/4423"}],"up":[{"embeddable":true,"href":"https:\/\/ebp.org.br\/nordeste\/wp-json\/wp\/v2\/pages\/1231"}],"wp:attachment":[{"href":"https:\/\/ebp.org.br\/nordeste\/wp-json\/wp\/v2\/media?parent=4420"}],"curies":[{"name":"wp","href":"https:\/\/api.w.org\/{rel}","templated":true}]}}