{"id":4292,"date":"2024-04-12T07:13:21","date_gmt":"2024-04-12T10:13:21","guid":{"rendered":"https:\/\/ebp.org.br\/nordeste\/?page_id=4292"},"modified":"2024-04-16T17:05:42","modified_gmt":"2024-04-16T20:05:42","slug":"boletim-litoraneo-14","status":"publish","type":"page","link":"https:\/\/ebp.org.br\/nordeste\/biblioteca\/publicacao\/boletim-litoraneo-14\/","title":{"rendered":"Boletim Litor\u00e2neo #14"},"content":{"rendered":"<section class=\"wpb-content-wrapper\">[vc_row][vc_column][vc_single_image image=&#8221;3519&#8243; alignment=&#8221;center&#8221;][vc_column_text]\n<h6 style=\"text-align: center;\">Boletim Litor\u00e2neo #14 &#8211; abril 2024<\/h6>\n[\/vc_column_text][\/vc_column][\/vc_row][vc_row][vc_column][vc_column_text]\n<h3><strong>EDITORIAL<\/strong><\/h3>\n<h6><em>K\u00e9sia Ramos (Membro da EBP\/AMP)<\/em><\/h6>\n<p><img loading=\"lazy\" decoding=\"async\" class=\"center\" src=\"https:\/\/ebp.org.br\/nordeste\/wp-content\/uploads\/2023\/11\/mini_01.png\" alt=\"Image\" width=\"700\" height=\"140\" align=\"center\" border=\"0\" \/><\/p>\n<p>E eis que desponta a edi\u00e7\u00e3o do Boletim Litor\u00e2neo dedicado ao Semin\u00e1rio de Orienta\u00e7\u00e3o Lacaniana da Escola Brasileira de Psican\u00e1lise &#8211; Se\u00e7\u00e3o Nordeste.<br \/>\nPelos trilhos do tempo, Jacques-Alain Miller ministrou cursos de psican\u00e1lise dedicados ao ensino de Jacques Lacan. Os Semin\u00e1rios de Orienta\u00e7\u00e3o Lacaniana t\u00eam como objetivo promover o estudo e a investiga\u00e7\u00e3o da doutrina de Lacan desenvolvida nestes cursos de psican\u00e1lise escritos por Jacques-Alain Miller&#8230;[\/vc_column_text][vc_btn title=&#8221;Leia+&#8221; style=&#8221;classic&#8221; color=&#8221;mulled-wine&#8221; size=&#8221;xs&#8221; link=&#8221;url:https%3A%2F%2Febp.org.br%2Fnordeste%2Feditorial-boletim-litoraneo-no14%2F|title:Editorial%20Boletim%20Litor%C3%A2neo%20n%C2%BA11&#8243;][\/vc_column][\/vc_row][vc_row][vc_column][vc_separator border_width=&#8221;2&#8243;][\/vc_column][\/vc_row][vc_row][vc_column][vc_column_text]\n<h3>A a\u00e7\u00e3o do analista nos tempos que correm<\/h3>\n<h6><em>Cleide Monteiro e Li\u00e8ge Uch\u00f4a (coordenadoras)<br \/>\nAnt\u00f4nio Euniz\u00e9, \u00c9rick Leonardo, Francisco Santos, \u00cdsis Maur\u00edcio, Jos\u00e9 Ronaldo, Juliana Ribeiro, Romero Ouriques, Vania Ferreira, Zaeth Aguiar<\/em><\/h6>\n<p><img loading=\"lazy\" decoding=\"async\" class=\"center\" src=\"https:\/\/ebp.org.br\/nordeste\/wp-content\/uploads\/2023\/11\/mini_02.png\" alt=\"Image\" width=\"700\" height=\"140\" align=\"center\" border=\"0\" \/><\/p>\n<div id=\"bannerL2\">\n<div id=\"div-gpt-ad-1474537762122-\" data-google-query-id=\"CJfgofS9t_ACFTIG1AodxucDgQ\">\n<div id=\"google_ads_iframe_\/15188745\/Lipsum-Unit3_0__container__2\"><span style=\"color: var(--wpex-text-2);\">Em 2023, a Orienta\u00e7\u00e3o Lacaniana se ocupou do Curso de Jacques-Alain Miller <\/span><em style=\"color: var(--wpex-text-2);\">T<\/em><em style=\"color: var(--wpex-text-2);\">odo el mundo es loco<\/em><span style=\"color: var(--wpex-text-2);\">, atrav\u00e9s da constitui\u00e7\u00e3o de grupos de trabalho. Nosso GT foi apresentado em 11 de abril, com as li\u00e7\u00f5es 8,\u00a0<\/span><em style=\"color: var(--wpex-text-2);\">Conting\u00ea<\/em><em style=\"color: var(--wpex-text-2);\">ncia do Real<\/em><span style=\"color: var(--wpex-text-2);\">\u00a0e 9,\u00a0<\/span><em style=\"color: var(--wpex-text-2);\">Do neur\u00f4<\/em><em style=\"color: var(--wpex-text-2);\">nio ao n<\/em><em style=\"color: var(--wpex-text-2);\">\u00f3<\/em><span style=\"color: var(--wpex-text-2);\">. Uma prof\u00edcua tessitura, uma polifonia provocada por uma quest\u00e3o central: de que Real trata a psican\u00e1lise e quais consequ\u00eancias em conceber uma a\u00e7\u00e3o lacaniana?\u00a0<\/span><\/div>\n<\/div>\n<\/div>\n[\/vc_column_text][vc_btn title=&#8221;Leia+&#8221; style=&#8221;classic&#8221; color=&#8221;mulled-wine&#8221; size=&#8221;xs&#8221; link=&#8221;url:https%3A%2F%2Febp.org.br%2Fnordeste%2Fa-acao-do-analista-nos-tempos-que-correm%2F|title:Savoir-y-faire%20avec%E2%80%A6&#8243;][\/vc_column][\/vc_row][vc_row][vc_column][vc_separator border_width=&#8221;2&#8243;][\/vc_column][\/vc_row][vc_row][vc_column][vc_column_text]\n<h3>Conting\u00eancia e Determina\u00e7\u00e3o<\/h3>\n<h6><em>Anamaria Vasconcelos (coordenadora)<br \/>\nAna Paula Mota, Larissa Souto, Maria Ver\u00f4nica da Silva, Rosa Feitosa, S\u00edlvia Gusm\u00e3o (relatora), Socorro Soares, Taciana Mariz, Vivianne Lafayette, Z\u00e9lia Santos<\/em><\/h6>\n<p><img loading=\"lazy\" decoding=\"async\" class=\"center\" src=\"https:\/\/ebp.org.br\/nordeste\/wp-content\/uploads\/2023\/11\/mini_03.png\" alt=\"Image\" width=\"700\" height=\"140\" align=\"center\" border=\"0\" \/><\/p>\n<p>A partir da proposta feita pelo Conselho Deliberativo da EBP\/NE para o Semin\u00e1rio de Orienta\u00e7\u00e3o Lacaniana, em torno do curso de Miller,\u00a0<em>Todo el mundo es loco<\/em>, colegas foram convidadas pela coordena\u00e7\u00e3o que organizou um GT tomando como base a aula X &#8211;\u00a0<em>Conting\u00eancia e determina\u00e7\u00e3o<\/em>. Nesta pesquisa, exploramos um real que Miller encontrou na conting\u00eancia e o bin\u00f4mio do t\u00edtulo por diferentes perspectivas: discurso amoroso, constitui\u00e7\u00e3o subjetiva e experi\u00eancia anal\u00edtica.[\/vc_column_text][vc_btn title=&#8221;Leia+&#8221; style=&#8221;classic&#8221; color=&#8221;mulled-wine&#8221; size=&#8221;xs&#8221; link=&#8221;url:https%3A%2F%2Febp.org.br%2Fnordeste%2Fcontingencia-e-determinacao%2F|title:E%20o%20Mais%20Um%3F%5B1%5D%3E&#8221;][\/vc_column][\/vc_row][vc_row][vc_column][vc_separator border_width=&#8221;2&#8243;][\/vc_column][\/vc_row][vc_row][vc_column][vc_column_text]\n<h3>A psican\u00e1lise l\u00edquida e o n\u00f3<\/h3>\n<h6><em>Gisella Sette (coordenadora)<br \/>\n\u00c2ngela Pinto, Beatriz Pinon, Tereza Batista, Tereza Christina Lyra, Virginia Fernandes e Zaina Pereira<\/em><\/h6>\n<p><img loading=\"lazy\" decoding=\"async\" class=\"center\" src=\"https:\/\/ebp.org.br\/nordeste\/wp-content\/uploads\/2023\/11\/mini_04.png\" alt=\"Image\" width=\"700\" height=\"140\" align=\"center\" border=\"0\" \/><\/p>\n<p>Inicialmente, gostaria de expressar meu agradecimento \u00e0 Diretoria de Cart\u00e9is e Interc\u00e2mbio da Se\u00e7\u00e3o Nordeste e sua comiss\u00e3o pelo acolhimento e pela oportunidade de participar deste trabalho desenvolvido em tr\u00eas frentes de atividades: &#8220;Noite de Cart\u00e9is&#8221;, &#8220;Procura-se Cartel&#8221; e &#8220;Momentos de Interc\u00e2mbio&#8221;. Al\u00e9m das reuni\u00f5es internas, constru\u00e7\u00f5es coletivas, leituras, estudos e trocas&#8230;[\/vc_column_text][vc_btn title=&#8221;Leia+&#8221; style=&#8221;classic&#8221; color=&#8221;mulled-wine&#8221; size=&#8221;xs&#8221; link=&#8221;url:https%3A%2F%2Febp.org.br%2Fnordeste%2Fa-psicanalise-liquida-e-o-no%2F|title:Tu%20Podes%20Saber&#8221;][\/vc_column][\/vc_row][vc_row][vc_column][vc_separator border_width=&#8221;2&#8243;][\/vc_column][\/vc_row][vc_row][vc_column][vc_column_text]\n<h3>A interpreta\u00e7\u00e3o das psican\u00e1lises<\/h3>\n<h6>Elizabete Siqueira (coordenadora)<br \/>\nAna Aparecida, Carlange Castro, Karynna N\u00f3brega, K\u00e9sia Ramos, Mariana Guerra, Paulo Carvalho e Rog\u00e9rio Tomaz<\/h6>\n<p><img loading=\"lazy\" decoding=\"async\" class=\"center\" src=\"https:\/\/ebp.org.br\/nordeste\/wp-content\/uploads\/2023\/11\/mini_05.png\" alt=\"Image\" width=\"700\" height=\"140\" align=\"center\" border=\"0\" \/><\/p>\n<p>Por meio do trabalho de leitura e das reuni\u00f5es fundamentados no texto\u00a0<em>A interpreta\u00e7\u00e3o das psican<\/em><em>\u00e1lises<\/em>\u00a0do curso\u00a0<em>Todo el mundo es loco<\/em>, Miller problematiza que h\u00e1 uma demanda do poder p\u00fablico para regulamentar a psican\u00e1lise e a sua pr\u00e1tica. A li\u00e7\u00e3o 12 est\u00e1 dividida em tr\u00eas se\u00e7\u00f5es, a saber: a responsabilidade do analista, interpretar em tempos de resist\u00eancia e, por \u00faltimo, a interpreta\u00e7\u00e3o com o passe.[\/vc_column_text][vc_btn title=&#8221;Leia+&#8221; style=&#8221;classic&#8221; color=&#8221;mulled-wine&#8221; size=&#8221;xs&#8221; link=&#8221;url:https%3A%2F%2Febp.org.br%2Fnordeste%2Fa-interpretacao-das-psicanalises%2F|title:Tu%20Podes%20Saber&#8221;][\/vc_column][\/vc_row][vc_row][vc_column][vc_separator border_width=&#8221;2&#8243;][\/vc_column][\/vc_row][vc_row][vc_column][vc_column_text]\n<h3>La interpretaci\u00f3n lacaniana<\/h3>\n<h6>Glacy Gorski (coordenadora)<br \/>\nAlice Tocchetto, Aluska Cavalcanti, An\u00edcia Ewerton, Gabriella Dupim, Isadora Grego D`Andrea, Janu\u00e1rio Marques, Lia Giraldo Augusto, L\u00eddia Pessoa e Pauleska N\u00f3brega.<\/h6>\n<p><img loading=\"lazy\" decoding=\"async\" class=\"center\" src=\"https:\/\/ebp.org.br\/nordeste\/wp-content\/uploads\/2023\/11\/mini_06.png\" alt=\"Image\" width=\"700\" height=\"140\" align=\"center\" border=\"0\" \/><\/p>\n<p>O GT se dedicou ao estudo, mais especificamente, do cap\u00edtulo XIII, sem perder de vista outros cap\u00edtulos do curso de Jacques-Alain Miller,\u00a0<em>Todo el mundo es loco<\/em>. No seu curso, ele constata que, na sociedade contempor\u00e2nea, h\u00e1 um crescimento do discurso da ci\u00eancia, da tecnologia, do consumismo, da pol\u00edtica &#8211; na perda do estado de direitos &#8211; e do crescimento dos movimentos cognitivistas. Ele assinala o avan\u00e7o das pr\u00e1ticas de avalia\u00e7\u00e3o que aprisionam o sujeito em classifica\u00e7\u00f5es, afirmando que o sujeito, segundo Lacan,\u00a0<span dir=\"RTL\">\u201c<\/span>n\u00e3o \u00e9 suscept\u00edvel de categoriza\u00e7\u00e3o\u201d (tradu\u00e7\u00e3o nossa, MILLER, J-A, 2015, p. 137).[\/vc_column_text][vc_btn title=&#8221;Leia+&#8221; style=&#8221;classic&#8221; color=&#8221;mulled-wine&#8221; size=&#8221;xs&#8221; link=&#8221;url:https%3A%2F%2Febp.org.br%2Fnordeste%2Fla-interpretacion-lacaniana%2F|title:Tu%20Podes%20Saber&#8221;][\/vc_column][\/vc_row][vc_row][vc_column][vc_separator border_width=&#8221;2&#8243;][\/vc_column][\/vc_row][vc_row][vc_column][vc_column_text]\n<h3>Ideolog\u00eda TCC y pol\u00edtica de la felicidad<\/h3>\n<h6>Bibiana Poggi (coordenadora)<br \/>\nFernanda Vasconcelos, Maria Carolina Queiroz, Rejane Tito, Roberta Gusm\u00e3o, Rosa Reis e Silvia Farias<\/h6>\n<p><img loading=\"lazy\" decoding=\"async\" class=\"center\" src=\"https:\/\/ebp.org.br\/nordeste\/wp-content\/uploads\/2023\/11\/mini_07.png\" alt=\"Image\" width=\"700\" height=\"140\" align=\"center\" border=\"0\" \/><\/p>\n<p>Em 2023, o Conselho da Se\u00e7\u00e3o Nordeste sugeriu um modo de funcionamento para a Orienta\u00e7\u00e3o Lacaniana que envolvesse GTs. Proposta aceita com entusiasmo pelo nosso grupo, o qual p\u00f4s-se a trabalhar mensalmente com ricas discurs\u00f5es, que foram levadas ao p\u00fablico em forma de quest\u00f5es, proporcionando um debate importante. Tais quest\u00f5es foram sintetizadas a fim de serem publicadas, s\u00e3o elas&#8230;[\/vc_column_text][vc_btn title=&#8221;Leia+&#8221; style=&#8221;classic&#8221; color=&#8221;mulled-wine&#8221; size=&#8221;xs&#8221; link=&#8221;url:https%3A%2F%2Febp.org.br%2Fnordeste%2Fideologia-tcc-y-politica-de-la-felicidad%2F|title:Tu%20Podes%20Saber&#8221;][\/vc_column][\/vc_row][vc_row][vc_column][vc_separator border_width=&#8221;2&#8243;][\/vc_column][\/vc_row][vc_row][vc_column][vc_column_text]\n<h3>No caminho de toda fala, a opacidade do gozo<\/h3>\n<h6>Cleyton Andrade (coordenador)<br \/>\nJos\u00e9 Augusto Rocha, Melissa Barboza, Samuel Nantes<\/h6>\n<p><img loading=\"lazy\" decoding=\"async\" class=\"center\" src=\"https:\/\/ebp.org.br\/nordeste\/wp-content\/uploads\/2023\/11\/mini_08.png\" alt=\"Image\" width=\"700\" height=\"140\" align=\"center\" border=\"0\" \/><\/p>\n<p>Todo falasser, no meio do caminho da cadeia significante, esbarra em uma pedra. Uma pedra que n\u00e3o se resume a um mero obst\u00e1culo. Uma pedra que n\u00e3o se dissolve no deciframento. Uma pedra&#8230; no meio do caminho.<br \/>\nNos tempos da pol\u00edtica da felicidade, do recrudescimento da extrema-direita e do fortalecimento da metrifica\u00e7\u00e3o encampada pelas TCCs, parece n\u00e3o caber pedras no caminho. A fim de resistir aos imperativos de normatiza\u00e7\u00e3o, aos apelos da ci\u00eancia e \u00e0s pol\u00edticas segregat\u00f3rias, a psican\u00e1lise encontra seu caminho justamente\u00a0<em>no caminho das pedras<\/em>.[\/vc_column_text][vc_btn title=&#8221;Leia+&#8221; style=&#8221;classic&#8221; color=&#8221;mulled-wine&#8221; size=&#8221;xs&#8221; link=&#8221;url:https%3A%2F%2Febp.org.br%2Fnordeste%2Fno-caminho-de-toda-fala-a-opacidade-do-gozo%2F|title:Tu%20Podes%20Saber&#8221;][\/vc_column][\/vc_row][vc_row][vc_column][vc_separator border_width=&#8221;2&#8243;][\/vc_column][\/vc_row][vc_row][vc_column][vc_column_text]\n<h3>Diversificaci\u00f3n del Uno<\/h3>\n<h6>Margarida Assad (coordenadora)<br \/>\nMarina Fragoso, Nelson Matheus, Regileide Lucena, Suele Conde, Ana Ocileide, Marina Cursino, Vanessa Soares e Wilson Lima (elaborador do texto)<\/h6>\n<p><img loading=\"lazy\" decoding=\"async\" class=\"center\" src=\"https:\/\/ebp.org.br\/nordeste\/wp-content\/uploads\/2023\/11\/mini_09.png\" alt=\"Image\" width=\"700\" height=\"140\" align=\"center\" border=\"0\" \/><\/p>\n<p>As discuss\u00f5es do cap\u00edtulo 16 do curso\u00a0<span dir=\"RTL\">\u201c<\/span>Todo mundo \u00e9 louco\u201d de Miller permitiram que os participantes do GT se aprofundassem em alguns dos temas trazidos por Miller nesse cap\u00edtulo, produzindo, a cada encontro, a satisfa\u00e7\u00e3o necess\u00e1ria para que pud\u00e9ssemos extrair alguns pontos do texto que orientassem a nossa leitura.<br \/>\nInicialmente, a diferen\u00e7a entre o sotaque quebequense e o sotaque franc\u00eas animou as discuss\u00f5es. Essa especificidade que marca as l\u00ednguas se traduziu na especificidade da cl\u00ednica do 388, um\u00a0<span dir=\"RTL\">\u201c<\/span>Centro psicanal\u00edtico de atendimento integral a psic\u00f3ticos\u201d situado no Quebec.[\/vc_column_text][vc_btn title=&#8221;Leia+&#8221; style=&#8221;classic&#8221; color=&#8221;mulled-wine&#8221; size=&#8221;xs&#8221; link=&#8221;url:https%3A%2F%2Febp.org.br%2Fnordeste%2Fdiversificacion-del-uno%2F|title:Tu%20Podes%20Saber&#8221;][\/vc_column][\/vc_row][vc_row][vc_column][vc_separator border_width=&#8221;2&#8243;][\/vc_column][\/vc_row][vc_row][vc_column][vc_column_text]\n<h3>Cada um em seu mundo<\/h3>\n<h6>Cassandra Dias (coordenadora)<\/h6>\n<p><img loading=\"lazy\" decoding=\"async\" class=\"center\" src=\"https:\/\/ebp.org.br\/nordeste\/wp-content\/uploads\/2023\/11\/mini_10.png\" alt=\"Image\" width=\"700\" height=\"140\" align=\"center\" border=\"0\" \/><\/p>\n<p>O Grupo de Trabalho que discutiu o \u00faltimo cap\u00edtulo do curso\u00a0<em>Todo mundo\u00a0<\/em><em>\u00e9\u00a0<\/em><em>louco<\/em>\u00a0percorreu linhas de investiga\u00e7\u00e3o a partir do que ressoou em cada um. Recolho alguns pontos que colocaram a trabalho uma produ\u00e7\u00e3o: circunscrever o lugar de Mais-Ningu\u00e9m em que a vocifera\u00e7\u00e3o acrescenta \u00e0 palavra um novo estatuto. Em torno desse lugar, abriram-se caminhos investigativos que seguir\u00e3o interrogando as v\u00e1rias dimens\u00f5es que essa leitura permite.[\/vc_column_text][vc_btn title=&#8221;Leia+&#8221; style=&#8221;classic&#8221; color=&#8221;mulled-wine&#8221; size=&#8221;xs&#8221; link=&#8221;url:https%3A%2F%2Febp.org.br%2Fnordeste%2Fcada-um-em-seu-mundo%2F|title:Tu%20Podes%20Saber&#8221;][\/vc_column][\/vc_row][vc_row][vc_column][vc_separator border_width=&#8221;2&#8243;][\/vc_column][\/vc_row][vc_row css=&#8221;.vc_custom_1624132366850{background-color: #3f4649 !important;}&#8221;][vc_column][vc_single_image image=&#8221;3520&#8243; alignment=&#8221;center&#8221;][vc_column_text]\n<h6 style=\"text-align: center;\"><span style=\"color: #ffffff;\">Litor\u00e2neo &#8211; Boletim Eletr\u00f4nico da EBP Se\u00e7\u00e3o Nordeste<\/span><\/h6>\n<h6 style=\"text-align: center;\"><span style=\"color: #ffffff;\">Coordenadora da Comiss\u00e3o de Boletim: Cleide Monteiro<\/span><\/h6>\n<h6 style=\"text-align: center;\"><span style=\"color: #ffffff;\">Comiss\u00e3o de Boletim:\u00a0Bruno Senna, Cassandra Dias e K\u00e9sia Ramos<\/span><\/h6>\n<h6 style=\"text-align: center;\"><span style=\"color: #ffffff;\">Designer: Bruno Senna &#8211; sennabruno@gmail.com<\/span><\/h6>\n[\/vc_column_text][\/vc_column][\/vc_row]\n<\/section>","protected":false},"excerpt":{"rendered":"<p>[vc_row][vc_column][vc_single_image image=&#8221;3519&#8243; alignment=&#8221;center&#8221;][vc_column_text] Boletim Litor\u00e2neo #14 &#8211; abril 2024 [\/vc_column_text][\/vc_column][\/vc_row][vc_row][vc_column][vc_column_text] EDITORIAL K\u00e9sia Ramos (Membro da EBP\/AMP) E eis que desponta a edi\u00e7\u00e3o do Boletim Litor\u00e2neo dedicado ao Semin\u00e1rio de Orienta\u00e7\u00e3o Lacaniana da Escola Brasileira de Psican\u00e1lise &#8211; Se\u00e7\u00e3o Nordeste. Pelos trilhos do tempo, Jacques-Alain Miller ministrou cursos de psican\u00e1lise dedicados ao ensino de Jacques Lacan.&hellip;<\/p>\n","protected":false},"author":1,"featured_media":0,"parent":1231,"menu_order":0,"comment_status":"closed","ping_status":"closed","template":"","meta":{"footnotes":""},"class_list":["post-4292","page","type-page","status-publish","hentry","entry","no-media"],"_links":{"self":[{"href":"https:\/\/ebp.org.br\/nordeste\/wp-json\/wp\/v2\/pages\/4292","targetHints":{"allow":["GET"]}}],"collection":[{"href":"https:\/\/ebp.org.br\/nordeste\/wp-json\/wp\/v2\/pages"}],"about":[{"href":"https:\/\/ebp.org.br\/nordeste\/wp-json\/wp\/v2\/types\/page"}],"author":[{"embeddable":true,"href":"https:\/\/ebp.org.br\/nordeste\/wp-json\/wp\/v2\/users\/1"}],"replies":[{"embeddable":true,"href":"https:\/\/ebp.org.br\/nordeste\/wp-json\/wp\/v2\/comments?post=4292"}],"version-history":[{"count":3,"href":"https:\/\/ebp.org.br\/nordeste\/wp-json\/wp\/v2\/pages\/4292\/revisions"}],"predecessor-version":[{"id":4310,"href":"https:\/\/ebp.org.br\/nordeste\/wp-json\/wp\/v2\/pages\/4292\/revisions\/4310"}],"up":[{"embeddable":true,"href":"https:\/\/ebp.org.br\/nordeste\/wp-json\/wp\/v2\/pages\/1231"}],"wp:attachment":[{"href":"https:\/\/ebp.org.br\/nordeste\/wp-json\/wp\/v2\/media?parent=4292"}],"curies":[{"name":"wp","href":"https:\/\/api.w.org\/{rel}","templated":true}]}}