{"id":4017,"date":"2023-09-28T08:37:13","date_gmt":"2023-09-28T11:37:13","guid":{"rendered":"https:\/\/ebp.org.br\/nordeste\/?page_id=4017"},"modified":"2023-09-29T09:32:27","modified_gmt":"2023-09-29T12:32:27","slug":"boletim-litoraneo-11","status":"publish","type":"page","link":"https:\/\/ebp.org.br\/nordeste\/biblioteca\/publicacao\/boletim-litoraneo-11\/","title":{"rendered":"Boletim Litor\u00e2neo #11"},"content":{"rendered":"<section class=\"wpb-content-wrapper\">[vc_row][vc_column][vc_single_image image=&#8221;3519&#8243; alignment=&#8221;center&#8221;][vc_column_text]\n<h6 style=\"text-align: center;\">Boletim Litor\u00e2neo #11 &#8211; Setembro 2023<\/h6>\n[\/vc_column_text][\/vc_column][\/vc_row][vc_row][vc_column][vc_column_text]\n<h3>EDITORIAL<\/h3>\n<h6><em>Cleide Monteiro \u2013 Diretora de Biblioteca<\/em><\/h6>\n<p><img loading=\"lazy\" decoding=\"async\" class=\"alignnone wp-image-4033 size-full\" src=\"https:\/\/ebp.org.br\/nordeste\/wp-content\/uploads\/2023\/09\/mini_litoraneo011_001-1.jpg\" alt=\"\" width=\"700\" height=\"140\" srcset=\"https:\/\/ebp.org.br\/nordeste\/wp-content\/uploads\/2023\/09\/mini_litoraneo011_001-1.jpg 700w, https:\/\/ebp.org.br\/nordeste\/wp-content\/uploads\/2023\/09\/mini_litoraneo011_001-1-300x60.jpg 300w\" sizes=\"auto, (max-width: 700px) 100vw, 700px\" \/><\/p>\n<p>O Litor\u00e2neo, boletim que recolhe os frutos de \u201cnossa caminhadura\u201d, apresenta os primeiros brotos colhidos pela atual Comiss\u00e3o de Biblioteca, fazendo valer a dimens\u00e3o pol\u00edtica deste instrumento que leva ao leitor, neste primeiro n\u00famero da atual Diretoria, o trabalho vivo das inst\u00e2ncias (Conselho e Diretoria) de uma Se\u00e7\u00e3o ainda jovem.[\/vc_column_text][vc_btn title=&#8221;Leia+&#8221; style=&#8221;classic&#8221; color=&#8221;mulled-wine&#8221; size=&#8221;xs&#8221; link=&#8221;url:https%3A%2F%2Febp.org.br%2Fnordeste%2Feditorial-boletim-litoraneo-11%2F|title:Editorial%20Boletim%20Litor%C3%A2neo%20n%C2%BA11&#8243;][\/vc_column][\/vc_row][vc_row][vc_column][vc_separator border_width=&#8221;2&#8243;][\/vc_column][\/vc_row][vc_row][vc_column][vc_column_text]\n<h3>Uma abertura, uma carta, um Farol<\/h3>\n<h6>Anamaria Vasconcelos<\/h6>\n<p>&nbsp;<\/p>\n<div id=\"bannerL2\">\n<div id=\"div-gpt-ad-1474537762122-\" data-google-query-id=\"CJfgofS9t_ACFTIG1AodxucDgQ\">\n<div id=\"google_ads_iframe_\/15188745\/Lipsum-Unit3_0__container__2\"><img loading=\"lazy\" decoding=\"async\" class=\"alignnone wp-image-4034 size-full\" src=\"https:\/\/ebp.org.br\/nordeste\/wp-content\/uploads\/2023\/09\/mini_litoraneo011_002-1.jpg\" alt=\"\" width=\"700\" height=\"140\" srcset=\"https:\/\/ebp.org.br\/nordeste\/wp-content\/uploads\/2023\/09\/mini_litoraneo011_002-1.jpg 700w, https:\/\/ebp.org.br\/nordeste\/wp-content\/uploads\/2023\/09\/mini_litoraneo011_002-1-300x60.jpg 300w\" sizes=\"auto, (max-width: 700px) 100vw, 700px\" \/><\/div>\n<div><\/div>\n<div>\u00c9 com imensa alegria que hoje, ao lado dos colegas do Conselho, abrimos para mais um ano do <em>Semin\u00e1rio de Orienta\u00e7\u00e3o Lacaniana<\/em>. Esse semin\u00e1rio \u00e9 uma atividade que se dedica \u00e0 \u201csubsist\u00eancia do ensino de Lacan\u201d, como bem coloca Carlos Augusto Nic\u00e9as que, com sua escrita, marca viva da sua presen\u00e7a entre n\u00f3s, continua sua transmiss\u00e3o e seu ensino em nossa Escola.<\/div>\n<\/div>\n<\/div>\n[\/vc_column_text][vc_btn title=&#8221;Leia+&#8221; style=&#8221;classic&#8221; color=&#8221;mulled-wine&#8221; size=&#8221;xs&#8221; link=&#8221;url:https%3A%2F%2Febp.org.br%2Fnordeste%2Fuma-abertura-uma-carta-um-farol%2F|title:Savoir-y-faire%20avec%E2%80%A6&#8243;][\/vc_column][\/vc_row][vc_row][vc_column][vc_separator border_width=&#8221;2&#8243;][\/vc_column][\/vc_row][vc_row][vc_column][vc_column_text]\n<h3>O cartel e a a\u00e7\u00e3o lacaniana<\/h3>\n<h6>Li\u00e8ge Uch\u00f4a<\/h6>\n<p>&nbsp;<\/p>\n<p><img loading=\"lazy\" decoding=\"async\" class=\"alignnone size-full wp-image-4036\" src=\"https:\/\/ebp.org.br\/nordeste\/wp-content\/uploads\/2023\/09\/mini_litoraneo011_004-1.jpg\" alt=\"\" width=\"700\" height=\"140\" srcset=\"https:\/\/ebp.org.br\/nordeste\/wp-content\/uploads\/2023\/09\/mini_litoraneo011_004-1.jpg 700w, https:\/\/ebp.org.br\/nordeste\/wp-content\/uploads\/2023\/09\/mini_litoraneo011_004-1-300x60.jpg 300w\" sizes=\"auto, (max-width: 700px) 100vw, 700px\" \/><\/p>\n<p>Foi com alegria que constru\u00edmos a Noite de Cart\u00e9is na Se\u00e7\u00e3o NE. Agradecemos a Fernanda Otoni por aceitar nosso convite, o nosso desafio, porque nos p\u00f4s a trabalho: estudamos, pesquisamos, redescobrimos caminhos esquecidos. A a\u00e7\u00e3o lacaniana, desde que apareceu em discuss\u00e3o, chegou a mim como um horizonte de interesse, e agora, \u00e0 frente da diretoria de cart\u00e9is e interc\u00e2mbio, vislumbrei articul\u00e1-la ao dispositivo do cartel, nosso \u00f3rg\u00e3o de base que, junto com o passe, s\u00e3o considerados os pilares da forma\u00e7\u00e3o do analista na Escola de Lacan.[\/vc_column_text][vc_btn title=&#8221;Leia+&#8221; style=&#8221;classic&#8221; color=&#8221;mulled-wine&#8221; size=&#8221;xs&#8221; link=&#8221;url:https%3A%2F%2Febp.org.br%2Fnordeste%2Fo-cartel-e-a-acao-lacaniana1%2F|title:E%20o%20Mais%20Um%3F%5B1%5D%3E&#8221;][\/vc_column][\/vc_row][vc_row][vc_column][vc_separator border_width=&#8221;2&#8243;][\/vc_column][\/vc_row][vc_row][vc_column][vc_column_text]\n<h3>O cartel e a\u00e7\u00e3o lacaniana<\/h3>\n<h6>Fernanda Otoni de Barros-Brisset<\/h6>\n<p>&nbsp;<\/p>\n<p><img loading=\"lazy\" decoding=\"async\" class=\"alignnone wp-image-4037 size-full\" src=\"https:\/\/ebp.org.br\/nordeste\/wp-content\/uploads\/2023\/09\/mini_litoraneo011_005-1.jpg\" alt=\"\" width=\"700\" height=\"140\" srcset=\"https:\/\/ebp.org.br\/nordeste\/wp-content\/uploads\/2023\/09\/mini_litoraneo011_005-1.jpg 700w, https:\/\/ebp.org.br\/nordeste\/wp-content\/uploads\/2023\/09\/mini_litoraneo011_005-1-300x60.jpg 300w\" sizes=\"auto, (max-width: 700px) 100vw, 700px\" \/><\/p>\n<p>Boa noite aos colegas da Se\u00e7\u00e3o Nordeste. Li\u00e8ge Uch\u00f4a me convidou para falar sobre o cartel e a a\u00e7\u00e3o lacaniana. Fazer esse enlace exige-nos ler como a Psican\u00e1lise topologicamente, sem arredar de sua pr\u00e1tica, um por um, ou melhor, por isto mesmo, se infiltra na grande conversa\u00e7\u00e3o com a sociedade.<br \/>\nEm seu curso\u00a0<em>Un esfuerzo de poes\u00eda<\/em>, Miller coloca, lado a lado, \u201cA psican\u00e1lise e a sociedade\u201d.[\/vc_column_text][vc_btn title=&#8221;Leia+&#8221; style=&#8221;classic&#8221; color=&#8221;mulled-wine&#8221; size=&#8221;xs&#8221; link=&#8221;url:https%3A%2F%2Febp.org.br%2Fnordeste%2Fo-cartel-e-acao-lacaniana%2F|title:Tu%20Podes%20Saber&#8221;][\/vc_column][\/vc_row][vc_row][vc_column][vc_separator border_width=&#8221;2&#8243;][\/vc_column][\/vc_row][vc_row][vc_column][vc_column_text]\n<h3>Psican\u00e1lise, viol\u00eancia e um Elephant na sala<\/h3>\n<h6>K\u00e9sia Ramos<\/h6>\n<p><img loading=\"lazy\" decoding=\"async\" class=\"alignnone size-full wp-image-4035\" src=\"https:\/\/ebp.org.br\/nordeste\/wp-content\/uploads\/2023\/09\/mini_litoraneo011_003-1.jpg\" alt=\"\" width=\"700\" height=\"140\" srcset=\"https:\/\/ebp.org.br\/nordeste\/wp-content\/uploads\/2023\/09\/mini_litoraneo011_003-1.jpg 700w, https:\/\/ebp.org.br\/nordeste\/wp-content\/uploads\/2023\/09\/mini_litoraneo011_003-1-300x60.jpg 300w\" sizes=\"auto, (max-width: 700px) 100vw, 700px\" \/><\/p>\n<p>Boa noite, colegas, sejam bem-vindos a mais um encontro da conversa\u00e7\u00e3o do Cinema com a Psican\u00e1lise da Se\u00e7\u00e3o Nordeste.<br \/>\nGostaria de agradecer a diretoria da Se\u00e7\u00e3o pela oportunidade da coordena\u00e7\u00e3o, a diretora Cleide Monteiro, da qual a atividade est\u00e1 na rubrica da Diretoria de Biblioteca e aos colegas aqui presente.[\/vc_column_text][vc_btn title=&#8221;Leia+&#8221; style=&#8221;classic&#8221; color=&#8221;mulled-wine&#8221; size=&#8221;xs&#8221; link=&#8221;url:https%3A%2F%2Febp.org.br%2Fnordeste%2Fpsicanalise-violencia-e-um-elephant-na-sala%2F|title:Aposta%20no%20Passe%20Hoje&#8221;][\/vc_column][\/vc_row][vc_row][vc_column][vc_separator border_width=&#8221;2&#8243;][\/vc_column][\/vc_row][vc_row][vc_column][vc_column_text]\n<h3>Elephant<\/h3>\n<h6>Nohem\u00ed Brown<\/h6>\n<p>&nbsp;<\/p>\n<p><img loading=\"lazy\" decoding=\"async\" class=\"alignnone size-full wp-image-4038\" src=\"https:\/\/ebp.org.br\/nordeste\/wp-content\/uploads\/2023\/09\/mini_litoraneo011_006-1.jpg\" alt=\"\" width=\"700\" height=\"140\" srcset=\"https:\/\/ebp.org.br\/nordeste\/wp-content\/uploads\/2023\/09\/mini_litoraneo011_006-1.jpg 700w, https:\/\/ebp.org.br\/nordeste\/wp-content\/uploads\/2023\/09\/mini_litoraneo011_006-1-300x60.jpg 300w\" sizes=\"auto, (max-width: 700px) 100vw, 700px\" \/><\/p>\n<p>Agrade\u00e7o \u00e0 Se\u00e7\u00e3o Nordeste e \u00e0 Comiss\u00e3o de Cinema e Psican\u00e1lise da Fapol o convite realizado por K\u00e9sia Ramos, respons\u00e1vel pela EBP na dita comiss\u00e3o. Um convite desafiante para refletir a partir deste filme.<br \/>\nO filme toca em temas muito atuais, dos quais, talvez, pelo impacto dos eventos recentes no Brasil, s\u00f3 poderemos localizar algumas quest\u00f5es e esbo\u00e7ar algumas pontua\u00e7\u00f5es.[\/vc_column_text][vc_btn title=&#8221;Leia+&#8221; style=&#8221;classic&#8221; color=&#8221;mulled-wine&#8221; size=&#8221;xs&#8221; link=&#8221;url:https%3A%2F%2Febp.org.br%2Fnordeste%2Felephant%2F|title:Eleplant|rel:nofollow&#8221;][\/vc_column][\/vc_row][vc_row][vc_column][vc_separator border_width=&#8221;2&#8243;][\/vc_column][\/vc_row][vc_row css=&#8221;.vc_custom_1624132366850{background-color: #3f4649 !important;}&#8221;][vc_column][vc_single_image image=&#8221;3520&#8243; alignment=&#8221;center&#8221;][vc_column_text]\n<h6 style=\"text-align: center;\"><span style=\"color: #ffffff;\">Litor\u00e2neo &#8211; Boletim Eletr\u00f4nico da EBP Se\u00e7\u00e3o Nordeste<\/span><\/h6>\n<h6 style=\"text-align: center;\"><span style=\"color: #ffffff;\">Coordenadora da Comiss\u00e3o de Boletim: Cleide Monteiro<\/span><\/h6>\n<h6 style=\"text-align: center;\"><span style=\"color: #ffffff;\">Comiss\u00e3o de Boletim:\u00a0Bruno Senna, Cassandra Dias e K\u00e9sia Ramos<\/span><\/h6>\n<h6 style=\"text-align: center;\"><span style=\"color: #ffffff;\">Designer: Bruno Senna &#8211; <a style=\"color: #ffffff;\" href=\"mailto:sennabruno@gmail.com\">sennabruno@gmail.com<\/a><\/span><\/h6>\n[\/vc_column_text][\/vc_column][\/vc_row]\n<\/section>","protected":false},"excerpt":{"rendered":"<p>[vc_row][vc_column][vc_single_image image=&#8221;3519&#8243; alignment=&#8221;center&#8221;][vc_column_text] Boletim Litor\u00e2neo #11 &#8211; Setembro 2023 [\/vc_column_text][\/vc_column][\/vc_row][vc_row][vc_column][vc_column_text] EDITORIAL Cleide Monteiro \u2013 Diretora de Biblioteca O Litor\u00e2neo, boletim que recolhe os frutos de \u201cnossa caminhadura\u201d, apresenta os primeiros brotos colhidos pela atual Comiss\u00e3o de Biblioteca, fazendo valer a dimens\u00e3o pol\u00edtica deste instrumento que leva ao leitor, neste primeiro n\u00famero da atual Diretoria, o&hellip;<\/p>\n","protected":false},"author":1,"featured_media":0,"parent":1231,"menu_order":0,"comment_status":"closed","ping_status":"closed","template":"","meta":{"footnotes":""},"class_list":["post-4017","page","type-page","status-publish","hentry","entry","no-media"],"_links":{"self":[{"href":"https:\/\/ebp.org.br\/nordeste\/wp-json\/wp\/v2\/pages\/4017","targetHints":{"allow":["GET"]}}],"collection":[{"href":"https:\/\/ebp.org.br\/nordeste\/wp-json\/wp\/v2\/pages"}],"about":[{"href":"https:\/\/ebp.org.br\/nordeste\/wp-json\/wp\/v2\/types\/page"}],"author":[{"embeddable":true,"href":"https:\/\/ebp.org.br\/nordeste\/wp-json\/wp\/v2\/users\/1"}],"replies":[{"embeddable":true,"href":"https:\/\/ebp.org.br\/nordeste\/wp-json\/wp\/v2\/comments?post=4017"}],"version-history":[{"count":11,"href":"https:\/\/ebp.org.br\/nordeste\/wp-json\/wp\/v2\/pages\/4017\/revisions"}],"predecessor-version":[{"id":4059,"href":"https:\/\/ebp.org.br\/nordeste\/wp-json\/wp\/v2\/pages\/4017\/revisions\/4059"}],"up":[{"embeddable":true,"href":"https:\/\/ebp.org.br\/nordeste\/wp-json\/wp\/v2\/pages\/1231"}],"wp:attachment":[{"href":"https:\/\/ebp.org.br\/nordeste\/wp-json\/wp\/v2\/media?parent=4017"}],"curies":[{"name":"wp","href":"https:\/\/api.w.org\/{rel}","templated":true}]}}